{"id":9302,"date":"2016-08-01T14:09:01","date_gmt":"2016-08-01T12:09:01","guid":{"rendered":"https:\/\/www.mates.it\/prodotti\/resine-adesivi-chimici\/chimici-inerti\/additives-f\/"},"modified":"2023-12-02T11:12:01","modified_gmt":"2023-12-02T10:12:01","slug":"additifs","status":"publish","type":"page","link":"https:\/\/www.mates.it\/fr\/produits\/resines-adhesifs-chimiques\/chimiques-inertes\/additifs\/","title":{"rendered":"Additifs"},"content":{"rendered":"<div  class='flex_column av-av_three_fifth-7714eba142aeda1f8b5272a3c372b279 av_three_fifth  avia-builder-el-0  el_before_av_two_fifth  avia-builder-el-first  first flex_column_div  '     ><p>\n<style type=\"text\/css\" data-created_by=\"avia_inline_auto\" id=\"style-css-av-ljcwl61e-f475f6642786d3dd55a07ac2568e9e4b\">\n#top .av-special-heading.av-ljcwl61e-f475f6642786d3dd55a07ac2568e9e4b{\npadding-bottom:10px;\n}\nbody .av-special-heading.av-ljcwl61e-f475f6642786d3dd55a07ac2568e9e4b .av-special-heading-tag .heading-char{\nfont-size:25px;\n}\n.av-special-heading.av-ljcwl61e-f475f6642786d3dd55a07ac2568e9e4b .av-subheading{\nfont-size:15px;\n}\n<\/style>\n<div  class='av-special-heading av-ljcwl61e-f475f6642786d3dd55a07ac2568e9e4b av-special-heading-h1  avia-builder-el-1  el_before_av_textblock  avia-builder-el-first  custom-h1-title'><h1 class='av-special-heading-tag '  >Additifs<\/h1><div class=\"special-heading-border\"><div class=\"special-heading-inner-border\"><\/div><\/div><\/div><br \/>\n<section  class='av_textblock_section av-ljcwl015-105902359cf35e51e99ad479ad6f2a04 '  ><div class='avia_textblock' ><p>Cette cat\u00e9gorie comprend les additifs pour l&rsquo;acc\u00e9l\u00e9ration et le retardement des r\u00e9sines, capables de modifier la vitesse d&rsquo;un processus chimique. L&rsquo;utilisation d&rsquo;acc\u00e9l\u00e9rateurs permet de g\u00e9rer les temps de durcissement d&rsquo;un syst\u00e8me \u00e9poxy en fonction des besoins de la production, en n&rsquo;influen\u00e7ant qu&rsquo;indirectement son r\u00e9sultat qualitatif et quantitatif.\u00a0Utilis\u00e9s exclusivement dans les applications \u00e0 basses temp\u00e9ratures, ils n\u00e9cessitent des pourcentages de m\u00e9lange bien d\u00e9finis par rapport \u00e0 celles-ci. Les acc\u00e9l\u00e9rateurs entra\u00eenent une augmentation de la r\u00e9activit\u00e9 et acc\u00e9l\u00e8rent la polym\u00e9risation des syst\u00e8mes \u00e9poxy, garantissant une augmentation de la rigidit\u00e9 et de la r\u00e9silience du produit fini. En plus de ces articles, il faut \u00e9galement ajouter des additifs particuliers qui peuvent \u00eatre utilis\u00e9s pour modifier la compatibilit\u00e9 entre les diff\u00e9rentes r\u00e9sines et pour faire varier certaines de leurs propri\u00e9t\u00e9s.<\/p>\n<\/div><\/section><\/p><\/div><div  class='flex_column av-av_two_fifth-f1c518e9ff58e869f80c8f093487abc9 av_two_fifth  avia-builder-el-3  el_after_av_three_fifth  el_before_av_hr  flex_column_div  '     ><style type=\"text\/css\" data-created_by=\"avia_inline_auto\" id=\"style-css-av-ljcwlnpu-e2ae09829b15d255ce5525acf0a93529\">\n#top .togglecontainer.av-ljcwlnpu-e2ae09829b15d255ce5525acf0a93529 h4.toggler{\nfont-size:14px;\n}\n#top .togglecontainer.av-ljcwlnpu-e2ae09829b15d255ce5525acf0a93529 h4.toggler.activeTitle{\ncolor:#ffffff;\nborder-color:#ffffff;\nbackground-color:#2682d3;\n}\n<\/style>\n<div  class='togglecontainer av-ljcwlnpu-e2ae09829b15d255ce5525acf0a93529  avia-builder-el-4  avia-builder-el-no-sibling  accordion_product toggle_close_all hasCurrentStyle' >\n<section class='av_toggle_section av-ljcwlhyx-512660e99835b17d32e235754b9219d9' ><div role=\"tablist\" class=\"single_toggle\" data-tags=\"{Tout} \"  ><h4 id='toggle-toggle-id-1' data-fake-id='#toggle-id-1' class='toggler  activeTitle av-title-above '  role='tab' tabindex='0' aria-controls='toggle-id-1' data-slide-speed=\"200\" data-title=\"Catalyseurs\" data-title-open=\"\" data-aria_collapsed=\"Cliquez pour \u00e9tendre : Catalyseurs\" data-aria_expanded=\"Cliquez pour r\u00e9duire : Catalyseurs\">Catalyseurs<span class=\"toggle_icon\"><span class=\"vert_icon\"><\/span><span class=\"hor_icon\"><\/span><\/span><\/h4><div id='toggle-id-1' aria-labelledby='toggle-toggle-id-1' role='region' class='toggle_wrap  active_tc av-title-above' style='display:block;' ><div class='toggle_content invers-color ' ><ul class=\"customlist1\">\n<li><a href=\"https:\/\/fileserver.mates.it\/Prodotti\/2_Matrici\/TDS\/Additivi\/TDS%20LUPEROX%20K12G.pdf\" target=\"_blank\" rel=\"noopener\">Luperox \u00ae K12<\/a><\/li>\n<li><a href=\"https:\/\/fileserver.mates.it\/Prodotti\/2_Matrici\/TDS\/Additivi\/NOROX%C2%AEMCP-75_TDS_UP-AMB_EN.pdf\" target=\"_blank\" rel=\"noopener\">Norox \u00ae MCP-75<\/a><\/li>\n<li><a href=\"https:\/\/fileserver.mates.it\/Prodotti\/2_Matrici\/TDS\/Additivi\/TDS%20RETIC%20C%20101%20ENG.pdf\" target=\"_blank\" rel=\"noopener\">Retic \u00ae C<\/a><\/li>\n<li><a href=\"https:\/\/fileserver.mates.it\/Prodotti\/2_Matrici\/TDS\/Additivi\/TDS%20LUPEROX%20K1SN_E.pdf\" target=\"_blank\" rel=\"noopener\">Luperox \u00ae K1SN E<\/a><\/li>\n<\/ul>\n<\/div><\/div><\/div><\/section>\n<section class='av_toggle_section av-ljcwlmlz-a1a540947ed30b1e0e20a7b18a6c9aba' ><div role=\"tablist\" class=\"single_toggle\" data-tags=\"{Tout} \"  ><h4 id='toggle-toggle-id-2' data-fake-id='#toggle-id-2' class='toggler  av-title-above '  role='tab' tabindex='0' aria-controls='toggle-id-2' data-slide-speed=\"200\" data-title=\"Additifs\" data-title-open=\"\" data-aria_collapsed=\"Cliquez pour \u00e9tendre : Additifs\" data-aria_expanded=\"Cliquez pour r\u00e9duire : Additifs\">Additifs<span class=\"toggle_icon\"><span class=\"vert_icon\"><\/span><span class=\"hor_icon\"><\/span><\/span><\/h4><div id='toggle-id-2' aria-labelledby='toggle-toggle-id-2' role='region' class='toggle_wrap  av-title-above'  ><div class='toggle_content invers-color ' ><ul class=\"customlist2\">\n<li><a href=\"https:\/\/fileserver.mates.it\/Prodotti\/2_Matrici\/TDS\/Additivi\/ADD-UP2_ita-1.pdf\" target=\"_blank\" rel=\"noopener noreferrer\">ADD-UP2<\/a><\/li>\n<li><a href=\"https:\/\/fileserver.mates.it\/Prodotti\/2_Matrici\/TDS\/Additivi\/Y21_ita.pdf\" target=\"_blank\" rel=\"noopener noreferrer\">Y21<\/a><\/li>\n<li><a href=\"https:\/\/fileserver.mates.it\/Prodotti\/2_Matrici\/TDS\/Additivi\/Y72_ita.pdf\" target=\"_blank\" rel=\"noopener noreferrer\">Y72<\/a><\/li>\n<\/ul>\n<\/div><\/div><\/div><\/section>\n<\/div><\/div><div  class='hr av-av_hr-91d7ccd583a503147498e120fee2ff9b hr-default  avia-builder-el-5  el_after_av_two_fifth  avia-builder-el-last '><span class='hr-inner '><span class=\"hr-inner-style\"><\/span><\/span><\/div><\/p>\n","protected":false},"excerpt":{"rendered":"<p>Cette cat\u00e9gorie comprend les additifs d&rsquo;acc\u00e9l\u00e9ration et de retardement des r\u00e9sines, capables de modifier la vitesse d&rsquo;un processus chimique. L&rsquo;utilisation d&rsquo;acc\u00e9l\u00e9rateurs permet de g\u00e9rer les temps de durcissement.<\/p>\n","protected":false},"author":2,"featured_media":0,"parent":9220,"menu_order":2,"comment_status":"open","ping_status":"open","template":"","meta":{"footnotes":""},"class_list":["post-9302","page","type-page","status-publish","hentry"],"_links":{"self":[{"href":"https:\/\/www.mates.it\/fr\/wp-json\/wp\/v2\/pages\/9302","targetHints":{"allow":["GET"]}}],"collection":[{"href":"https:\/\/www.mates.it\/fr\/wp-json\/wp\/v2\/pages"}],"about":[{"href":"https:\/\/www.mates.it\/fr\/wp-json\/wp\/v2\/types\/page"}],"author":[{"embeddable":true,"href":"https:\/\/www.mates.it\/fr\/wp-json\/wp\/v2\/users\/2"}],"replies":[{"embeddable":true,"href":"https:\/\/www.mates.it\/fr\/wp-json\/wp\/v2\/comments?post=9302"}],"version-history":[{"count":0,"href":"https:\/\/www.mates.it\/fr\/wp-json\/wp\/v2\/pages\/9302\/revisions"}],"up":[{"embeddable":true,"href":"https:\/\/www.mates.it\/fr\/wp-json\/wp\/v2\/pages\/9220"}],"wp:attachment":[{"href":"https:\/\/www.mates.it\/fr\/wp-json\/wp\/v2\/media?parent=9302"}],"curies":[{"name":"wp","href":"https:\/\/api.w.org\/{rel}","templated":true}]}}