{"id":9303,"date":"2016-08-01T22:12:05","date_gmt":"2016-08-01T20:12:05","guid":{"rendered":"https:\/\/www.mates.it\/prodotti\/agenti-distaccanti\/semipermanenti\/scelleurs-apprets\/"},"modified":"2026-04-26T17:22:31","modified_gmt":"2026-04-26T15:22:31","slug":"scelleurs-apprets","status":"publish","type":"page","link":"https:\/\/www.mates.it\/fr\/produits\/agents-de-demoulage\/semi-permanents\/scelleurs-apprets\/","title":{"rendered":"Scelleurs \/ Appr\u00eats"},"content":{"rendered":"<div  class='flex_column av-av_three_fifth-7714eba142aeda1f8b5272a3c372b279 av_three_fifth  avia-builder-el-0  el_before_av_two_fifth  avia-builder-el-first  first flex_column_div  '     ><p>\n<style type=\"text\/css\" data-created_by=\"avia_inline_auto\" id=\"style-css-av-ljd8cisp-2b0d90553945d6028796dfe960654608\">\n#top .av-special-heading.av-ljd8cisp-2b0d90553945d6028796dfe960654608{\npadding-bottom:10px;\n}\nbody .av-special-heading.av-ljd8cisp-2b0d90553945d6028796dfe960654608 .av-special-heading-tag .heading-char{\nfont-size:25px;\n}\n.av-special-heading.av-ljd8cisp-2b0d90553945d6028796dfe960654608 .av-subheading{\nfont-size:15px;\n}\n<\/style>\n<div  class='av-special-heading av-ljd8cisp-2b0d90553945d6028796dfe960654608 av-special-heading-h1  avia-builder-el-1  el_before_av_textblock  avia-builder-el-first  custom-h1-title'><h1 class='av-special-heading-tag '  >Scelleurs \/ Appr\u00eats<\/h1><div class=\"special-heading-border\"><div class=\"special-heading-inner-border\"><\/div><\/div><\/div><br \/>\n<section  class='av_textblock_section av-ljd8c3bz-6f76a8c69b0c45aaed3f781186160c95 '  ><div class='avia_textblock' ><p>Les scellants aident \u00e0 prot\u00e9ger les moules et l&rsquo;outillage pour la fabrication de composites contre les dommages chimiques et physiques r\u00e9sultant des tendances de liaison, naturelles dans le processus de moulage. Ils consistent en un film flexible avec une adh\u00e9rence maximale au substrat qui cr\u00e9e un \u00e9cran protecteur sur la surface du moule. Con\u00e7us pour se lier physiquement et chimiquement \u00e0 toute surface de moule \u00ab\u00a0brute\u00a0\u00bb, ils fournissent la base n\u00e9cessaire pour prolonger la dur\u00e9e de vie et permettre une performance optimale de tous les agents de d\u00e9moulage semi-permanents Chem-Trend \u00ae . Les scellants donnent une finition brillante solide \u00e0 la plupart des surfaces, r\u00e9duisant le temps de rodage pour les nouveaux moules et restaurant les pi\u00e8ces us\u00e9es. Con\u00e7us pour \u00eatre utilis\u00e9s sur des moules m\u00e9talliques ou composites, ils sont compatibles avec la plupart des r\u00e9sines thermoplastiques et thermodurcissables.<\/p>\n<div style=\"width: 100%;\"><\/div>\n<\/div><\/section><\/p><\/div>\n<div  class='flex_column av-av_two_fifth-f1c518e9ff58e869f80c8f093487abc9 av_two_fifth  avia-builder-el-3  el_after_av_three_fifth  el_before_av_hr  flex_column_div  '     ><style type=\"text\/css\" data-created_by=\"avia_inline_auto\" id=\"style-css-av-ljd8eul9-7c94a020bd022bec6dde467628be35e5\">\n#top .togglecontainer.av-ljd8eul9-7c94a020bd022bec6dde467628be35e5 h4.toggler{\nfont-size:14px;\n}\n#top .togglecontainer.av-ljd8eul9-7c94a020bd022bec6dde467628be35e5 h4.toggler.activeTitle{\ncolor:#ffffff;\nborder-color:#ffffff;\nbackground-color:#2682d3;\n}\n<\/style>\n<div  class='togglecontainer av-ljd8eul9-7c94a020bd022bec6dde467628be35e5  avia-builder-el-4  avia-builder-el-no-sibling  accordion_product toggle_close_all hasCurrentStyle' >\n<section class='av_toggle_section av-ljd8en8k-b62e21a2ded6451099b6826c548dedf7' ><div role=\"tablist\" class=\"single_toggle\" data-tags=\"{Tout} \"  ><h4 id='toggle-toggle-id-1' data-fake-id='#toggle-id-1' class='toggler  activeTitle av-title-above '  role='tab' tabindex='0' aria-controls='toggle-id-1' data-slide-speed=\"200\" data-title=\"Base de solvant\" data-title-open=\"\" data-aria_collapsed=\"Cliquez pour \u00e9tendre : Base de solvant\" data-aria_expanded=\"Cliquez pour r\u00e9duire : Base de solvant\">Base de solvant<span class=\"toggle_icon\"><span class=\"vert_icon\"><\/span><span class=\"hor_icon\"><\/span><\/span><\/h4><div id='toggle-id-1' aria-labelledby='toggle-toggle-id-1' role='region' class='toggle_wrap  active_tc av-title-above' style='display:block;' ><div class='toggle_content invers-color ' ><ul class=\"customlist1\">\n<li><a href=\"https:\/\/fileserver.mates.it\/Prodotti\/3_Distaccanti\/TDS\/Chemtrend\/Turapori\/zyvax_sealer_gp_TDS.pdf\" target=\"_blank\" rel=\"noopener noreferrer\">Zyvax \u00ae Sealer GP<\/a><\/li>\n<li><a href=\"https:\/\/fileserver.mates.it\/Prodotti\/3_Distaccanti\/TDS\/Chemtrend\/Turapori\/zyvax_sealer_GP_2_EU_TDS.pdf\" target=\"_blank\" rel=\"noopener noreferrer\">Zyvax \u00ae Sealer GP 2 EU<\/a><\/li>\n<li><a href=\"https:\/\/fileserver.mates.it\/Prodotti\/3_Distaccanti\/TDS\/Chemtrend\/Turapori\/zyvax_MPP1018_TDS.pdf\" target=\"_blank\" rel=\"noopener noreferrer\">Zyvax \u00ae MPP 1018<\/a><\/li>\n<\/ul>\n<\/div><\/div><\/div><\/section>\n<section class='av_toggle_section av-ljd8esu9-d4b3e0cd78c39e61739ec67f5b26824d' ><div role=\"tablist\" class=\"single_toggle\" data-tags=\"{Tout} \"  ><h4 id='toggle-toggle-id-2' data-fake-id='#toggle-id-2' class='toggler  av-title-above '  role='tab' tabindex='0' aria-controls='toggle-id-2' data-slide-speed=\"200\" data-title=\"Base d\u2019eau \/ Sans solvants\" data-title-open=\"\" data-aria_collapsed=\"Cliquez pour \u00e9tendre : Base d\u2019eau \/ Sans solvants\" data-aria_expanded=\"Cliquez pour r\u00e9duire : Base d\u2019eau \/ Sans solvants\">Base d\u2019eau \/ Sans solvants<span class=\"toggle_icon\"><span class=\"vert_icon\"><\/span><span class=\"hor_icon\"><\/span><\/span><\/h4><div id='toggle-id-2' aria-labelledby='toggle-toggle-id-2' role='region' class='toggle_wrap  av-title-above'  ><div class='toggle_content invers-color ' ><ul class=\"customlist2\">\n<li><a href=\"https:\/\/fileserver.mates.it\/Prodotti\/3_Distaccanti\/TDS\/Chemtrend\/Turapori\/zyvax_sealer_1028W_TDS.pdf\" target=\"_blank\" rel=\"noopener noreferrer\">Zyvax \u00ae Sealer 1028W<\/a><\/li>\n<li><a href=\"https:\/\/fileserver.mates.it\/Prodotti\/3_Distaccanti\/TDS\/Chemtrend\/Turapori\/zyvax_preflight_TDS.pdf\" target=\"_blank\" rel=\"noopener noreferrer\">Zyvax \u00ae PreFlight \u2122<\/a><\/li>\n<\/ul>\n<\/div><\/div><\/div><\/section>\n<\/div><\/div><div  class='hr av-av_hr-91d7ccd583a503147498e120fee2ff9b hr-default  avia-builder-el-5  el_after_av_two_fifth  avia-builder-el-last '><span class='hr-inner '><span class=\"hr-inner-style\"><\/span><\/span><\/div><\/p>\n","protected":false},"excerpt":{"rendered":"<p>Sealers help protect molds and tooling for composite manufacturing from chemical and physical damage resulting from bonding tendencies, natural in the molding process.<\/p>\n","protected":false},"author":2,"featured_media":0,"parent":9230,"menu_order":2,"comment_status":"open","ping_status":"open","template":"","meta":{"footnotes":""},"class_list":["post-9303","page","type-page","status-publish","hentry"],"_links":{"self":[{"href":"https:\/\/www.mates.it\/fr\/wp-json\/wp\/v2\/pages\/9303","targetHints":{"allow":["GET"]}}],"collection":[{"href":"https:\/\/www.mates.it\/fr\/wp-json\/wp\/v2\/pages"}],"about":[{"href":"https:\/\/www.mates.it\/fr\/wp-json\/wp\/v2\/types\/page"}],"author":[{"embeddable":true,"href":"https:\/\/www.mates.it\/fr\/wp-json\/wp\/v2\/users\/2"}],"replies":[{"embeddable":true,"href":"https:\/\/www.mates.it\/fr\/wp-json\/wp\/v2\/comments?post=9303"}],"version-history":[{"count":1,"href":"https:\/\/www.mates.it\/fr\/wp-json\/wp\/v2\/pages\/9303\/revisions"}],"predecessor-version":[{"id":21282,"href":"https:\/\/www.mates.it\/fr\/wp-json\/wp\/v2\/pages\/9303\/revisions\/21282"}],"up":[{"embeddable":true,"href":"https:\/\/www.mates.it\/fr\/wp-json\/wp\/v2\/pages\/9230"}],"wp:attachment":[{"href":"https:\/\/www.mates.it\/fr\/wp-json\/wp\/v2\/media?parent=9303"}],"curies":[{"name":"wp","href":"https:\/\/api.w.org\/{rel}","templated":true}]}}