{"id":9304,"date":"2016-08-01T22:12:06","date_gmt":"2016-08-01T20:12:06","guid":{"rendered":"https:\/\/www.mates.it\/prodotti\/agenti-distaccanti\/semipermanenti\/agents-de-demoulage-s\/"},"modified":"2026-04-26T17:29:45","modified_gmt":"2026-04-26T15:29:45","slug":"agents-de-demoulage-s","status":"publish","type":"page","link":"https:\/\/www.mates.it\/fr\/produits\/agents-de-demoulage\/semi-permanents\/agents-de-demoulage-s\/","title":{"rendered":"Agents de d\u00e9moulage"},"content":{"rendered":"<div  class='flex_column av-6f9dyw-efdfcaa3b6d58d6c297ab6da8c680d44 av_three_fifth  avia-builder-el-0  el_before_av_two_fifth  avia-builder-el-first  first flex_column_div  '     ><p>\n<style type=\"text\/css\" data-created_by=\"avia_inline_auto\" id=\"style-css-av-ljd8zds9-823cb65cb515473e48fc9238fc097979\">\n#top .av-special-heading.av-ljd8zds9-823cb65cb515473e48fc9238fc097979{\npadding-bottom:10px;\n}\nbody .av-special-heading.av-ljd8zds9-823cb65cb515473e48fc9238fc097979 .av-special-heading-tag .heading-char{\nfont-size:25px;\n}\n.av-special-heading.av-ljd8zds9-823cb65cb515473e48fc9238fc097979 .av-subheading{\nfont-size:15px;\n}\n<\/style>\n<div  class='av-special-heading av-ljd8zds9-823cb65cb515473e48fc9238fc097979 av-special-heading-h1  avia-builder-el-1  el_before_av_textblock  avia-builder-el-first  custom-h1-title'><h1 class='av-special-heading-tag '  >Agents de d\u00e9moulage<\/h1><div class=\"special-heading-border\"><div class=\"special-heading-inner-border\"><\/div><\/div><\/div><br \/>\n<section  class='av_textblock_section av-ljd8z8xh-332d7e4a4e3b5bfa2763a68e5e7f5dad '  ><div class='avia_textblock' ><p>Une gamme de solutions de d\u00e9moulage con\u00e7ues pour les applications avanc\u00e9es de moulage de composites. Les agents de d\u00e9moulage de la marque Chem-Trend \u00ae ont \u00e9t\u00e9 d\u00e9velopp\u00e9s sp\u00e9cifiquement pour r\u00e9pondre aux besoins des principaux fabricants de l&rsquo;industrie des mat\u00e9riaux composites. Une grande vari\u00e9t\u00e9 de choix est disponible pour vous permettre d&rsquo;utiliser l&rsquo;agent de d\u00e9moulage optimal pour chaque processus. Formul\u00e9s pour contr\u00f4ler les facteurs physiques et chimiques dans les environnements de moulage polyester, vinylester et \u00e9poxy, ils r\u00e9duisent le temps de pr\u00e9paration du moule tout en offrant une lib\u00e9ration semi-permanente pr\u00e9visible sur toute la plage de performances, du glissement minimum au glissement maximum. Ce sont essentiellement des polym\u00e8res plastiques \u00e0 haute performance \u00e0 base d&rsquo;eau ou de solvant, cr\u00e9\u00e9s pour garantir de multiples versions, d\u00e9passant les exigences environnementales les plus exigeantes et dot\u00e9s de certifications a\u00e9ronautiques.<\/p>\n<\/div><\/section><\/p><\/div>\n<div  class='flex_column av-422wg8-258d179df57adb825fc0ccec32fa0794 av_two_fifth  avia-builder-el-3  el_after_av_three_fifth  el_before_av_hr  flex_column_div  '     ><style type=\"text\/css\" data-created_by=\"avia_inline_auto\" id=\"style-css-av-ljd9dniy-7807fd59bebebc904ecd7b6e2879ff46\">\n#top .togglecontainer.av-ljd9dniy-7807fd59bebebc904ecd7b6e2879ff46 h4.toggler{\nfont-size:14px;\n}\n#top .togglecontainer.av-ljd9dniy-7807fd59bebebc904ecd7b6e2879ff46 h4.toggler.activeTitle{\ncolor:#ffffff;\nborder-color:#ffffff;\nbackground-color:#2682d3;\n}\n<\/style>\n<div  class='togglecontainer av-ljd9dniy-7807fd59bebebc904ecd7b6e2879ff46  avia-builder-el-4  avia-builder-el-no-sibling  accordion_product toggle_close_all hasCurrentStyle' >\n<section class='av_toggle_section av-ljd948cj-b5bfed76777906077e6369d09da87679' ><div role=\"tablist\" class=\"single_toggle\" data-tags=\"{Tout} \"  ><h4 id='toggle-toggle-id-1' data-fake-id='#toggle-id-1' class='toggler  activeTitle av-title-above '  role='tab' tabindex='0' aria-controls='toggle-id-1' data-slide-speed=\"200\" data-title=\"Base de solvant\" data-title-open=\"\" data-aria_collapsed=\"Cliquez pour \u00e9tendre : Base de solvant\" data-aria_expanded=\"Cliquez pour r\u00e9duire : Base de solvant\">Base de solvant<span class=\"toggle_icon\"><span class=\"vert_icon\"><\/span><span class=\"hor_icon\"><\/span><\/span><\/h4><div id='toggle-id-1' aria-labelledby='toggle-toggle-id-1' role='region' class='toggle_wrap  active_tc av-title-above' style='display:block;' ><div class='toggle_content invers-color ' ><ul class=\"customlist1\">\n<li><a href=\"https:\/\/fileserver.mates.it\/Prodotti\/3_Distaccanti\/TDS\/Chemtrend\/Distaccanti\/zyvax_1101_TDS.pdf\" target=\"_blank\" rel=\"noopener\">Zyvax \u00ae 1101<\/a><\/li>\n<li><a href=\"https:\/\/fileserver.mates.it\/Prodotti\/3_Distaccanti\/TDS\/Chemtrend\/Distaccanti\/zyvax_flex_z_TDS.pdf\" target=\"_blank\" rel=\"noopener noreferrer\">Zyvax \u00ae Flex-Z\u2122<\/a><\/li>\n<\/ul>\n<\/div><\/div><\/div><\/section>\n<section class='av_toggle_section av-ljd9dkqd-43ce09c838a3270e2e4f96dbe09079f7' ><div role=\"tablist\" class=\"single_toggle\" data-tags=\"{Tout} \"  ><h4 id='toggle-toggle-id-2' data-fake-id='#toggle-id-2' class='toggler  av-title-above '  role='tab' tabindex='0' aria-controls='toggle-id-2' data-slide-speed=\"200\" data-title=\"Base d\u2019eau \/ Sans solvants\" data-title-open=\"\" data-aria_collapsed=\"Cliquez pour \u00e9tendre : Base d\u2019eau \/ Sans solvants\" data-aria_expanded=\"Cliquez pour r\u00e9duire : Base d\u2019eau \/ Sans solvants\">Base d\u2019eau \/ Sans solvants<span class=\"toggle_icon\"><span class=\"vert_icon\"><\/span><span class=\"hor_icon\"><\/span><\/span><\/h4><div id='toggle-id-2' aria-labelledby='toggle-toggle-id-2' role='region' class='toggle_wrap  av-title-above'  ><div class='toggle_content invers-color ' ><ul class=\"customlist2\">\n<li><a href=\"https:\/\/fileserver.mates.it\/Prodotti\/3_Distaccanti\/TDS\/Chemtrend\/Distaccanti\/zyvax_825WB_TDS.pdf\" target=\"_blank\" rel=\"noopener\">Zyvax \u00ae 825WB<\/a><\/li>\n<li><a href=\"https:\/\/fileserver.mates.it\/Prodotti\/3_Distaccanti\/TDS\/Chemtrend\/Distaccanti\/zyvax_watershield_TDS.pdf\" target=\"_blank\" rel=\"noopener\">Zyvax \u00ae WaterShield\u2122<\/a><\/li>\n<li><a href=\"https:\/\/fileserver.mates.it\/Prodotti\/3_Distaccanti\/TDS\/Chemtrend\/Distaccanti\/zyvax_enviroshield_TDS.pdf\" target=\"_blank\" rel=\"noopener noreferrer\">Zyvax \u00ae EnviroShield\u2122<\/a><\/li>\n<li><a href=\"https:\/\/fileserver.mates.it\/Prodotti\/3_Distaccanti\/TDS\/Chemtrend\/Distaccanti\/zyvax_departure_TDS.pdf\" target=\"_blank\" rel=\"noopener noreferrer\">Zyvax \u00ae Departure\u2122<\/a><\/li>\n<li><a href=\"https:\/\/fileserver.mates.it\/Prodotti\/3_Distaccanti\/TDS\/Chemtrend\/Distaccanti\/zyvax_1070W_TDS.pdf\" target=\"_blank\" rel=\"noopener noreferrer\">Zyvax \u00ae 1070 W<\/a><\/li>\n<\/ul>\n<\/div><\/div><\/div><\/section>\n<\/div><\/div><div  class='hr av-3815js-ac607f4148bfa88db7751a79262b6d37 hr-default  avia-builder-el-5  el_after_av_two_fifth  avia-builder-el-last '><span class='hr-inner '><span class=\"hr-inner-style\"><\/span><\/span><\/div><\/p>\n","protected":false},"excerpt":{"rendered":"<p>Une gamme de solutions techniques de d\u00e9moulage pour les applications avanc\u00e9es de moulage de composites d\u00e9velopp\u00e9es sp\u00e9cifiquement pour r\u00e9pondre aux besoins des entreprises.<\/p>\n","protected":false},"author":2,"featured_media":0,"parent":9230,"menu_order":3,"comment_status":"open","ping_status":"open","template":"","meta":{"footnotes":""},"class_list":["post-9304","page","type-page","status-publish","hentry"],"_links":{"self":[{"href":"https:\/\/www.mates.it\/fr\/wp-json\/wp\/v2\/pages\/9304","targetHints":{"allow":["GET"]}}],"collection":[{"href":"https:\/\/www.mates.it\/fr\/wp-json\/wp\/v2\/pages"}],"about":[{"href":"https:\/\/www.mates.it\/fr\/wp-json\/wp\/v2\/types\/page"}],"author":[{"embeddable":true,"href":"https:\/\/www.mates.it\/fr\/wp-json\/wp\/v2\/users\/2"}],"replies":[{"embeddable":true,"href":"https:\/\/www.mates.it\/fr\/wp-json\/wp\/v2\/comments?post=9304"}],"version-history":[{"count":2,"href":"https:\/\/www.mates.it\/fr\/wp-json\/wp\/v2\/pages\/9304\/revisions"}],"predecessor-version":[{"id":21292,"href":"https:\/\/www.mates.it\/fr\/wp-json\/wp\/v2\/pages\/9304\/revisions\/21292"}],"up":[{"embeddable":true,"href":"https:\/\/www.mates.it\/fr\/wp-json\/wp\/v2\/pages\/9230"}],"wp:attachment":[{"href":"https:\/\/www.mates.it\/fr\/wp-json\/wp\/v2\/media?parent=9304"}],"curies":[{"name":"wp","href":"https:\/\/api.w.org\/{rel}","templated":true}]}}