{"id":9305,"date":"2016-08-01T22:12:08","date_gmt":"2016-08-01T20:12:08","guid":{"rendered":"https:\/\/www.mates.it\/prodotti\/agenti-distaccanti\/semipermanenti\/nettoyeurs-de-moules\/"},"modified":"2023-06-26T21:00:28","modified_gmt":"2023-06-26T19:00:28","slug":"nettoyeurs-de-moules","status":"publish","type":"page","link":"https:\/\/www.mates.it\/fr\/produits\/agents-de-demoulage\/semi-permanents\/nettoyeurs-de-moules\/","title":{"rendered":"Nettoyeurs de moules"},"content":{"rendered":"<div  class='flex_column av-av_three_fifth-7714eba142aeda1f8b5272a3c372b279 av_three_fifth  avia-builder-el-0  el_before_av_two_fifth  avia-builder-el-first  first flex_column_div  '     ><p>\n<style type=\"text\/css\" data-created_by=\"avia_inline_auto\" id=\"style-css-av-ljd7wd6w-bb938f949b149be732b333e8daa69df7\">\n#top .av-special-heading.av-ljd7wd6w-bb938f949b149be732b333e8daa69df7{\npadding-bottom:10px;\n}\nbody .av-special-heading.av-ljd7wd6w-bb938f949b149be732b333e8daa69df7 .av-special-heading-tag .heading-char{\nfont-size:25px;\n}\n.av-special-heading.av-ljd7wd6w-bb938f949b149be732b333e8daa69df7 .av-subheading{\nfont-size:15px;\n}\n<\/style>\n<div  class='av-special-heading av-ljd7wd6w-bb938f949b149be732b333e8daa69df7 av-special-heading-h1  avia-builder-el-1  el_before_av_textblock  avia-builder-el-first  custom-h1-title'><h1 class='av-special-heading-tag '  >Nettoyeurs de moules<\/h1><div class=\"special-heading-border\"><div class=\"special-heading-inner-border\"><\/div><\/div><\/div><br \/>\n<section  class='av_textblock_section av-ljd7x27s-5a11876b94f88fe3753b51fea43e06c5 '  ><div class='avia_textblock' ><p>Les nettoyeurs de moules sont con\u00e7us pour maintenir les moules, les outils et l\u2019\u00e9quipement de moulage en composite dans les meilleures conditions de travail tout en maximisant l\u2019efficacit\u00e9 op\u00e9rationnelle, en produisant des composants de haute qualit\u00e9 et en prot\u00e9geant les ressources cl\u00e9s. Une vaste gamme de nettoyants \u00e0 base d\u2019eau ou de solvants a \u00e9t\u00e9 mise au point pour offrir une solution de rechange viable pour l\u2019\u00e9limination des contaminants de surface. Sp\u00e9cialement con\u00e7u pour aider \u00e0 la pr\u00e9paration des moules neufs et usag\u00e9s avant le traitement avec des agents de d\u00e9moulage Chem-Trend \u00ae, en \u00e9liminant le pon\u00e7age, ou pour le lavage au solvant dans la pr\u00e9paration des pi\u00e8ces pour la peinture, collage, estampage ou autres proc\u00e9d\u00e9s n\u00e9cessitant une surface enti\u00e8rement propre.<\/p>\n<div style=\"width: 100%;\"><\/div>\n<\/div><\/section><\/p><\/div>\n<div  class='flex_column av-av_two_fifth-f1c518e9ff58e869f80c8f093487abc9 av_two_fifth  avia-builder-el-3  el_after_av_three_fifth  el_before_av_hr  flex_column_div  '     ><style type=\"text\/css\" data-created_by=\"avia_inline_auto\" id=\"style-css-av-ljd7xs47-aefbc439bfe2b37f758803156561f1a7\">\n#top .togglecontainer.av-ljd7xs47-aefbc439bfe2b37f758803156561f1a7 h4.toggler{\nfont-size:14px;\n}\n#top .togglecontainer.av-ljd7xs47-aefbc439bfe2b37f758803156561f1a7 h4.toggler.activeTitle{\ncolor:#ffffff;\nborder-color:#ffffff;\nbackground-color:#2682d3;\n}\n<\/style>\n<div  class='togglecontainer av-ljd7xs47-aefbc439bfe2b37f758803156561f1a7  avia-builder-el-4  avia-builder-el-no-sibling  accordion_product toggle_close_all hasCurrentStyle' >\n<section class='av_toggle_section av-ljd7xmif-779eb60ff46d1ada686efa15a3bd6442' ><div role=\"tablist\" class=\"single_toggle\" data-tags=\"{Tout} \"  ><h4 id='toggle-toggle-id-1' data-fake-id='#toggle-id-1' class='toggler  activeTitle av-title-above '  role='tab' tabindex='0' aria-controls='toggle-id-1' data-slide-speed=\"200\" data-title=\"Base de solvant\" data-title-open=\"\" data-aria_collapsed=\"Cliquez pour \u00e9tendre : Base de solvant\" data-aria_expanded=\"Cliquez pour r\u00e9duire : Base de solvant\">Base de solvant<span class=\"toggle_icon\"><span class=\"vert_icon\"><\/span><span class=\"hor_icon\"><\/span><\/span><\/h4><div id='toggle-id-1' aria-labelledby='toggle-toggle-id-1' role='region' class='toggle_wrap  active_tc av-title-above' style='display:block;' ><div class='toggle_content invers-color ' ><ul class=\"customlist1\">\n<li><a href=\"https:\/\/fileserver.mates.it\/Prodotti\/3_Distaccanti\/TDS\/Chemtrend\/Pulitori\/zyvax_surface_cleaner_TDS.pdf\" target=\"_blank\" rel=\"noopener\">Zyvax \u00ae Surface Cleaner<\/a><\/li>\n<\/ul>\n<\/div><\/div><\/div><\/section>\n<section class='av_toggle_section av-ljd7xj7u-4905f11de5f9a5ee012e8e010df69dc9' ><div role=\"tablist\" class=\"single_toggle\" data-tags=\"{Tout} \"  ><h4 id='toggle-toggle-id-2' data-fake-id='#toggle-id-2' class='toggler  av-title-above '  role='tab' tabindex='0' aria-controls='toggle-id-2' data-slide-speed=\"200\" data-title=\"Base d\u2019eau \/ Sans solvants\" data-title-open=\"\" data-aria_collapsed=\"Cliquez pour \u00e9tendre : Base d\u2019eau \/ Sans solvants\" data-aria_expanded=\"Cliquez pour r\u00e9duire : Base d\u2019eau \/ Sans solvants\">Base d\u2019eau \/ Sans solvants<span class=\"toggle_icon\"><span class=\"vert_icon\"><\/span><span class=\"hor_icon\"><\/span><\/span><\/h4><div id='toggle-id-2' aria-labelledby='toggle-toggle-id-2' role='region' class='toggle_wrap  av-title-above'  ><div class='toggle_content invers-color ' ><ul class=\"customlist2\">\n<li><a href=\"https:\/\/fileserver.mates.it\/Prodotti\/3_Distaccanti\/TDS\/Chemtrend\/Pulitori\/zyvax_waterclean_TDS.pdf\" target=\"_blank\" rel=\"noopener\">Zyvax \u00ae Water Clean<\/a><\/li>\n<li><a href=\"https:\/\/fileserver.mates.it\/Prodotti\/3_Distaccanti\/TDS\/Chemtrend\/Pulitori\/zyvax_mold_cleaner_10W_TDS.pdf\" target=\"_blank\" rel=\"noopener\">Zyvax \u00ae Mold Cleaner 10W<\/a><\/li>\n<li><a href=\"https:\/\/fileserver.mates.it\/Prodotti\/3_Distaccanti\/TDS\/Chemtrend\/Pulitori\/zyvax_freshstart_TDS.pdf\" target=\"_blank\" rel=\"noopener\">Zyvax \u00ae FreshStart\u2122<\/a><\/li>\n<\/ul>\n<\/div><\/div><\/div><\/section>\n<\/div><\/div>\n<div  class='hr av-av_hr-91d7ccd583a503147498e120fee2ff9b hr-default  avia-builder-el-5  el_after_av_two_fifth  avia-builder-el-last '><span class='hr-inner '><span class=\"hr-inner-style\"><\/span><\/span><\/div>\n","protected":false},"excerpt":{"rendered":"<p>Les nettoyants pour moules sont con\u00e7us pour maintenir les moules, les outils et l\u2019\u00e9quipement de moulage en composite dans les meilleures conditions de travail.<\/p>\n","protected":false},"author":2,"featured_media":0,"parent":9230,"menu_order":1,"comment_status":"open","ping_status":"open","template":"","meta":{"footnotes":""},"class_list":["post-9305","page","type-page","status-publish","hentry"],"_links":{"self":[{"href":"https:\/\/www.mates.it\/fr\/wp-json\/wp\/v2\/pages\/9305","targetHints":{"allow":["GET"]}}],"collection":[{"href":"https:\/\/www.mates.it\/fr\/wp-json\/wp\/v2\/pages"}],"about":[{"href":"https:\/\/www.mates.it\/fr\/wp-json\/wp\/v2\/types\/page"}],"author":[{"embeddable":true,"href":"https:\/\/www.mates.it\/fr\/wp-json\/wp\/v2\/users\/2"}],"replies":[{"embeddable":true,"href":"https:\/\/www.mates.it\/fr\/wp-json\/wp\/v2\/comments?post=9305"}],"version-history":[{"count":0,"href":"https:\/\/www.mates.it\/fr\/wp-json\/wp\/v2\/pages\/9305\/revisions"}],"up":[{"embeddable":true,"href":"https:\/\/www.mates.it\/fr\/wp-json\/wp\/v2\/pages\/9230"}],"wp:attachment":[{"href":"https:\/\/www.mates.it\/fr\/wp-json\/wp\/v2\/media?parent=9305"}],"curies":[{"name":"wp","href":"https:\/\/api.w.org\/{rel}","templated":true}]}}