{"id":9306,"date":"2016-08-02T15:07:50","date_gmt":"2016-08-02T13:07:50","guid":{"rendered":"https:\/\/www.mates.it\/prodotti\/materiali-anima-core\/alveolari\/aramid-f\/"},"modified":"2023-06-27T14:21:45","modified_gmt":"2023-06-27T12:21:45","slug":"aramid-f","status":"publish","type":"page","link":"https:\/\/www.mates.it\/fr\/produits\/materiaux-dame\/alveolaires\/aramid-f\/","title":{"rendered":"Aramid"},"content":{"rendered":"<div  class='flex_column av-av_three_fifth-7714eba142aeda1f8b5272a3c372b279 av_three_fifth  avia-builder-el-0  el_before_av_two_fifth  avia-builder-el-first  first flex_column_div  '     ><p>\n<style type=\"text\/css\" data-created_by=\"avia_inline_auto\" id=\"style-css-av-lje9brs7-9f608c3783ed91b551e48905ee0efbee\">\n#top .av-special-heading.av-lje9brs7-9f608c3783ed91b551e48905ee0efbee{\npadding-bottom:10px;\n}\nbody .av-special-heading.av-lje9brs7-9f608c3783ed91b551e48905ee0efbee .av-special-heading-tag .heading-char{\nfont-size:25px;\n}\n.av-special-heading.av-lje9brs7-9f608c3783ed91b551e48905ee0efbee .av-subheading{\nfont-size:15px;\n}\n<\/style>\n<div  class='av-special-heading av-lje9brs7-9f608c3783ed91b551e48905ee0efbee av-special-heading-h1  avia-builder-el-1  el_before_av_textblock  avia-builder-el-first  custom-h1-title'><h1 class='av-special-heading-tag '  >Aramid<\/h1><div class=\"special-heading-border\"><div class=\"special-heading-inner-border\"><\/div><\/div><\/div><br \/>\n<section  class='av_textblock_section av-lje9bkts-70518d6b8a60bd86035d30fa704ae38d '  ><div class='avia_textblock' ><p>Le nid d&rsquo;abeille en papier aramide est un produit tr\u00e8s l\u00e9ger et r\u00e9sistant, compos\u00e9 de couches de papier aramide pr\u00e9form\u00e9es en une structure en nid d&rsquo;abeille et impr\u00e9gn\u00e9es d&rsquo;une r\u00e9sine ph\u00e9nolique r\u00e9sistante aux hautes temp\u00e9ratures. Cette \u00e2me structurelle est utilis\u00e9e comme renfort dans de nombreux secteurs tels que la marine, les transports, l&rsquo;automobile, l&rsquo;a\u00e9rospatiale et la d\u00e9fense, o\u00f9 la l\u00e9g\u00e8ret\u00e9 et la r\u00e9sistance sont n\u00e9cessaires. Il peut \u00eatre coll\u00e9, avec de la r\u00e9sine \u00e9poxy ou d&rsquo;autres adh\u00e9sifs sp\u00e9cifiques, entre deux stratifi\u00e9s pr\u00e9constitu\u00e9s par laminage manuel, sous vide ou similaire, ou peut \u00eatre ins\u00e9r\u00e9 entre les peaux externes dans des processus utilisant des pr\u00e9-impr\u00e9gn\u00e9s et des adh\u00e9sifs en film. La stabilit\u00e9 de la structure mol\u00e9culaire de l&rsquo;aramide peut garantir non seulement des propri\u00e9t\u00e9s m\u00e9caniques \u00e9lev\u00e9es, mais aussi d&rsquo;excellentes caract\u00e9ristiques d&rsquo;isolation \u00e9lectrique.<\/p>\n<div style=\"width: 100%;\"><\/div>\n<\/div><\/section><\/p><\/div><div  class='flex_column av-av_two_fifth-f1c518e9ff58e869f80c8f093487abc9 av_two_fifth  avia-builder-el-3  el_after_av_three_fifth  el_before_av_hr  flex_column_div  '     ><style type=\"text\/css\" data-created_by=\"avia_inline_auto\" id=\"style-css-av-av_toggle_container-aa303faae9b53071bb573d27bc7412b5\">\n#top .togglecontainer.av-av_toggle_container-aa303faae9b53071bb573d27bc7412b5 h4.toggler{\nfont-size:14px;\n}\n#top .togglecontainer.av-av_toggle_container-aa303faae9b53071bb573d27bc7412b5 h4.toggler.activeTitle{\ncolor:#ffffff;\nborder-color:#ffffff;\nbackground-color:#2682d3;\n}\n<\/style>\n<div  class='togglecontainer av-av_toggle_container-aa303faae9b53071bb573d27bc7412b5  avia-builder-el-4  avia-builder-el-no-sibling  accordion_product toggle_close_all hasCurrentStyle' >\n<section class='av_toggle_section av-av_toggle-b11c89ee3843c14d65d8218728852914' ><div role=\"tablist\" class=\"single_toggle\" data-tags=\"{Tout} \"  ><h4 id='toggle-toggle-id-1' data-fake-id='#toggle-id-1' class='toggler  activeTitle av-title-above '  role='tab' tabindex='0' aria-controls='toggle-id-1' data-slide-speed=\"200\" data-title=\"Actec\" data-title-open=\"\" data-aria_collapsed=\"Cliquez pour \u00e9tendre : Actec\" data-aria_expanded=\"Cliquez pour r\u00e9duire : Actec\">Actec<span class=\"toggle_icon\"><span class=\"vert_icon\"><\/span><span class=\"hor_icon\"><\/span><\/span><\/h4><div id='toggle-id-1' aria-labelledby='toggle-toggle-id-1' role='region' class='toggle_wrap  active_tc av-title-above' style='display:block;' ><div class='toggle_content invers-color ' ><ul class=\"customlist1\">\n<li><a href=\"https:\/\/fileserver.mates.it\/Prodotti\/4_Anime\/TDS\/Actec\/AT-NH_TDS.pdf\" target=\"_blank\" rel=\"noopener noreferrer\">AT-NH<\/a><\/li>\n<li><a href=\"https:\/\/fileserver.mates.it\/Prodotti\/4_Anime\/TDS\/Actec\/ATA-NH_TDS.pdf\" target=\"_blank\" rel=\"noopener noreferrer\">AT-NH-A<\/a><\/li>\n<\/ul>\n<\/div><\/div><\/div><\/section>\n<section class='av_toggle_section av-av_toggle-749c6a3b8cef8d4a7e6ae78136e4ccf4' ><div role=\"tablist\" class=\"single_toggle\" data-tags=\"{Tout} \"  ><h4 id='toggle-toggle-id-2' data-fake-id='#toggle-id-2' class='toggler  av-title-above '  role='tab' tabindex='0' aria-controls='toggle-id-2' data-slide-speed=\"200\" data-title=\"Hexcel \u00ae\" data-title-open=\"\" data-aria_collapsed=\"Cliquez pour \u00e9tendre : Hexcel \u00ae\" data-aria_expanded=\"Cliquez pour r\u00e9duire : Hexcel \u00ae\">Hexcel \u00ae<span class=\"toggle_icon\"><span class=\"vert_icon\"><\/span><span class=\"hor_icon\"><\/span><\/span><\/h4><div id='toggle-id-2' aria-labelledby='toggle-toggle-id-2' role='region' class='toggle_wrap  av-title-above'  ><div class='toggle_content invers-color ' ><ul class=\"customlist2\">\n<li><a href=\"https:\/\/fileserver.mates.it\/Prodotti\/4_Anime\/TDS\/Hexcel\/A1A10_EU_DS.pdf\" target=\"_blank\" rel=\"noopener noreferrer\">A1\/A10<\/a><\/li>\n<li><a href=\"https:\/\/fileserver.mates.it\/Prodotti\/4_Anime\/TDS\/Hexcel\/HRH_10_EU_DS.pdf\" target=\"_blank\" rel=\"noopener noreferrer\">HR10<\/a><\/li>\n<li><a href=\"https:\/\/fileserver.mates.it\/Prodotti\/4_Anime\/TDS\/Hexcel\/HRH_36_EU_DS.pdf\" target=\"_blank\" rel=\"noopener noreferrer\">HR36<\/a><\/li>\n<\/ul>\n<\/div><\/div><\/div><\/section>\n<section class='av_toggle_section av-av_toggle-16a9e9090d507f553193f0269a75cd3d' ><div role=\"tablist\" class=\"single_toggle\" data-tags=\"{Tout} \"  ><h4 id='toggle-toggle-id-3' data-fake-id='#toggle-id-3' class='toggler  av-title-above '  role='tab' tabindex='0' aria-controls='toggle-id-3' data-slide-speed=\"200\" data-title=\"Schutz\" data-title-open=\"\" data-aria_collapsed=\"Cliquez pour \u00e9tendre : Schutz\" data-aria_expanded=\"Cliquez pour r\u00e9duire : Schutz\">Schutz<span class=\"toggle_icon\"><span class=\"vert_icon\"><\/span><span class=\"hor_icon\"><\/span><\/span><\/h4><div id='toggle-id-3' aria-labelledby='toggle-toggle-id-3' role='region' class='toggle_wrap  av-title-above'  ><div class='toggle_content invers-color ' ><ul class=\"customlist2\">\n<li><a href=\"https:\/\/fileserver.mates.it\/Prodotti\/4_Anime\/TDS\/Schuetz\/C1_DS.pdf\" target=\"_blank\" rel=\"noopener noreferrer\">C1<\/a><\/li>\n<li><a href=\"https:\/\/fileserver.mates.it\/Prodotti\/4_Anime\/TDS\/Schuetz\/C2_DS.pdf\" target=\"_blank\" rel=\"noopener noreferrer\">C2<\/a><\/li>\n<\/ul>\n<\/div><\/div><\/div><\/section>\n<\/div><\/div><\/p>\n<div  class='hr av-av_hr-91d7ccd583a503147498e120fee2ff9b hr-default  avia-builder-el-5  el_after_av_two_fifth  el_before_av_one_full '><span class='hr-inner '><span class=\"hr-inner-style\"><\/span><\/span><\/div>\n<div  class='flex_column av-av_one_full-7714eba142aeda1f8b5272a3c372b279 av_one_full  avia-builder-el-6  el_after_av_hr  avia-builder-el-last  first flex_column_div  '     ><p><div  class='avia-button-wrap av-av_button-0566a513347e123b2bd4fef51731abe8-wrap avia-button-left  avia-builder-el-7  el_before_av_button  avia-builder-el-first '><a href=\"https:\/\/fileserver.mates.it\/Prodotti\/4_Anime\/Brochure\/brochure-schuetz-cormaster-en.pdf\" class=\"avia-button av-av_button-0566a513347e123b2bd4fef51731abe8 av-link-btn avia-icon_select-yes-left-icon avia-size-small avia-position-left avia-color-theme-color\" target=\"_blank\" rel=\"noopener noreferrer\" aria-label=\"  Schutz \u00ae Coremaster\"><span class='avia_button_icon avia_button_icon_left avia-iconfont avia-font-entypo-fontello' data-av_icon='\ue82d' data-av_iconfont='entypo-fontello' ><\/span><span class='avia_iconbox_title' >  Schutz \u00ae Coremaster<\/span><\/a><\/div><br \/>\n<div  class='avia-button-wrap av-av_button-ef9d134372053a7acede03b3927fcadb-wrap avia-button-left  avia-builder-el-8  el_after_av_button  el_before_av_button '><a href=\"https:\/\/fileserver.mates.it\/Prodotti\/4_Anime\/Brochure\/Hexcel\/HexWeb_EngineeredCore_Brochure.pdf\" class=\"avia-button av-av_button-ef9d134372053a7acede03b3927fcadb av-link-btn avia-icon_select-yes-left-icon avia-size-small avia-position-left avia-color-theme-color\" target=\"_blank\" rel=\"noopener noreferrer\" aria-label=\"  Hexcel \u00ae Brochure\"><span class='avia_button_icon avia_button_icon_left avia-iconfont avia-font-entypo-fontello' data-av_icon='\ue82d' data-av_iconfont='entypo-fontello' ><\/span><span class='avia_iconbox_title' >  Hexcel \u00ae Brochure<\/span><\/a><\/div><br \/>\n<div  class='avia-button-wrap av-av_button-10ac70e2579be3834da1beab8adb6a03-wrap avia-button-left  avia-builder-el-9  el_after_av_button  avia-builder-el-last '><a href=\"https:\/\/fileserver.mates.it\/Prodotti\/4_Anime\/Brochure\/Hexcel\/HexWeb_SelectorGuide_2017.pdf\" class=\"avia-button av-av_button-10ac70e2579be3834da1beab8adb6a03 av-link-btn avia-icon_select-yes-left-icon avia-size-small avia-position-left avia-color-theme-color\" target=\"_blank\" rel=\"noopener noreferrer\" aria-label=\"  Hexcel \u00ae Selector guide\"><span class='avia_button_icon avia_button_icon_left avia-iconfont avia-font-entypo-fontello' data-av_icon='\ue82d' data-av_iconfont='entypo-fontello' ><\/span><span class='avia_iconbox_title' >  Hexcel \u00ae Selector guide<\/span><\/a><\/div><\/p><\/div>\n","protected":false},"excerpt":{"rendered":"<p>Le papier aramide en nid d&rsquo;abeille est un produit tr\u00e8s l\u00e9ger et r\u00e9sistant, compos\u00e9 de couches de papier aramide pr\u00e9form\u00e9es dans une structure en nid d&rsquo;abeille et impr\u00e9gn\u00e9es d&rsquo;une r\u00e9sine ph\u00e9nolique r\u00e9sistante aux temp\u00e9ratures \u00e9lev\u00e9es.<\/p>\n","protected":false},"author":2,"featured_media":0,"parent":9234,"menu_order":1,"comment_status":"open","ping_status":"open","template":"","meta":{"footnotes":""},"class_list":["post-9306","page","type-page","status-publish","hentry"],"_links":{"self":[{"href":"https:\/\/www.mates.it\/fr\/wp-json\/wp\/v2\/pages\/9306","targetHints":{"allow":["GET"]}}],"collection":[{"href":"https:\/\/www.mates.it\/fr\/wp-json\/wp\/v2\/pages"}],"about":[{"href":"https:\/\/www.mates.it\/fr\/wp-json\/wp\/v2\/types\/page"}],"author":[{"embeddable":true,"href":"https:\/\/www.mates.it\/fr\/wp-json\/wp\/v2\/users\/2"}],"replies":[{"embeddable":true,"href":"https:\/\/www.mates.it\/fr\/wp-json\/wp\/v2\/comments?post=9306"}],"version-history":[{"count":0,"href":"https:\/\/www.mates.it\/fr\/wp-json\/wp\/v2\/pages\/9306\/revisions"}],"up":[{"embeddable":true,"href":"https:\/\/www.mates.it\/fr\/wp-json\/wp\/v2\/pages\/9234"}],"wp:attachment":[{"href":"https:\/\/www.mates.it\/fr\/wp-json\/wp\/v2\/media?parent=9306"}],"curies":[{"name":"wp","href":"https:\/\/api.w.org\/{rel}","templated":true}]}}