{"id":9307,"date":"2016-08-02T15:15:36","date_gmt":"2016-08-02T13:15:36","guid":{"rendered":"https:\/\/www.mates.it\/prodotti\/materiali-anima-core\/alveolari\/aluminium-f\/"},"modified":"2026-03-02T12:47:33","modified_gmt":"2026-03-02T11:47:33","slug":"aluminium-f","status":"publish","type":"page","link":"https:\/\/www.mates.it\/fr\/produits\/materiaux-dame\/alveolaires\/aluminium-f\/","title":{"rendered":"Aluminium"},"content":{"rendered":"<div  class='flex_column av-av_three_fifth-7714eba142aeda1f8b5272a3c372b279 av_three_fifth  avia-builder-el-0  el_before_av_two_fifth  avia-builder-el-first  first flex_column_div  '     ><p>\n<style type=\"text\/css\" data-created_by=\"avia_inline_auto\" id=\"style-css-av-lje9s3ds-345d6842aec55d14790cede5474a3e7c\">\n#top .av-special-heading.av-lje9s3ds-345d6842aec55d14790cede5474a3e7c{\npadding-bottom:10px;\n}\nbody .av-special-heading.av-lje9s3ds-345d6842aec55d14790cede5474a3e7c .av-special-heading-tag .heading-char{\nfont-size:25px;\n}\n.av-special-heading.av-lje9s3ds-345d6842aec55d14790cede5474a3e7c .av-subheading{\nfont-size:15px;\n}\n<\/style>\n<div  class='av-special-heading av-lje9s3ds-345d6842aec55d14790cede5474a3e7c av-special-heading-h1  avia-builder-el-1  el_before_av_textblock  avia-builder-el-first  custom-h1-title'><h1 class='av-special-heading-tag '  >Aluminium<\/h1><div class=\"special-heading-border\"><div class=\"special-heading-inner-border\"><\/div><\/div><\/div><br \/>\n<section  class='av_textblock_section av-lje9ruhk-3847f8821c700a1874393df9a615486a '  ><div class='avia_textblock' ><p>Le nid d&rsquo;abeille en aluminium est un produit tr\u00e8s l\u00e9ger qui r\u00e9siste \u00e0 la compression, au cisaillement, au feu et \u00e0 la corrosion. Il se compose de feuilles d&rsquo;aluminium coll\u00e9es en couches qui se dilatent pour former une structure hexagonale. Il peut parfois \u00eatre microperfor\u00e9 pour relier toutes les cellules entre elles. Ce type de nid d&rsquo;abeille est utilis\u00e9 comme \u00e2me dans de nombreux secteurs et employ\u00e9 pour tous les produits qui doivent atteindre un rapport optimal entre la rigidit\u00e9 et le poids. Dans le secteur automobile, il est utilis\u00e9 comme tampon, en compression, car il est capable d&rsquo;absorber la majeure partie de l&rsquo;\u00e9nergie cin\u00e9tique. La rigidit\u00e9 structurelle et la l\u00e9g\u00e8ret\u00e9 de l&rsquo;aluminium sont donc en mesure de garantir des produits dot\u00e9s d&rsquo;excellentes propri\u00e9t\u00e9s physico-chimiques.<\/p>\n<div style=\"width: 100%;\"><\/div>\n<\/div><\/section><\/p><\/div>\n<div  class='flex_column av-av_two_fifth-f1c518e9ff58e869f80c8f093487abc9 av_two_fifth  avia-builder-el-3  el_after_av_three_fifth  el_before_av_hr  flex_column_div  '     ><style type=\"text\/css\" data-created_by=\"avia_inline_auto\" id=\"style-css-av-mm9460rx-bc4b77584ce971cbce2acc318c12c1d7\">\n#top .togglecontainer.av-mm9460rx-bc4b77584ce971cbce2acc318c12c1d7 h4.toggler{\nfont-size:14px;\n}\n#top .togglecontainer.av-mm9460rx-bc4b77584ce971cbce2acc318c12c1d7 h4.toggler.activeTitle{\ncolor:#ffffff;\nborder-color:#ffffff;\nbackground-color:#2682d3;\n}\n<\/style>\n<div  class='togglecontainer av-mm9460rx-bc4b77584ce971cbce2acc318c12c1d7  avia-builder-el-4  avia-builder-el-no-sibling  accordion_product toggle_close_all hasCurrentStyle' >\n<section class='av_toggle_section av-av_toggle-7eac8dd882862e581d52dad518da5104' ><div role=\"tablist\" class=\"single_toggle\" data-tags=\"{Tout} \"  ><h4 id='toggle-toggle-id-1' data-fake-id='#toggle-id-1' class='toggler  activeTitle av-title-above '  role='tab' tabindex='0' aria-controls='toggle-id-1' data-slide-speed=\"200\" data-title=\"Hexcel \u00ae\" data-title-open=\"\" data-aria_collapsed=\"Cliquez pour \u00e9tendre : Hexcel \u00ae\" data-aria_expanded=\"Cliquez pour r\u00e9duire : Hexcel \u00ae\">Hexcel \u00ae<span class=\"toggle_icon\"><span class=\"vert_icon\"><\/span><span class=\"hor_icon\"><\/span><\/span><\/h4><div id='toggle-id-1' aria-labelledby='toggle-toggle-id-1' role='region' class='toggle_wrap  active_tc av-title-above' style='display:block;' ><div class='toggle_content invers-color ' ><ul class=\"customlist2\">\n<li><a href=\"https:\/\/fileserver.mates.it\/Prodotti\/4_Anime\/TDS\/Hexcel\/CRIII_US_DS.pdf\" target=\"_blank\" rel=\"noopener\">CRIII<\/a><\/li>\n<li><a href=\"https:\/\/fileserver.mates.it\/Prodotti\/4_Anime\/TDS\/Hexcel\/CR_PAA_US_DS.pdf\" target=\"_blank\" rel=\"noopener\">CR-PAA<\/a><\/li>\n<li><a href=\"https:\/\/fileserver.mates.it\/Prodotti\/4_Anime\/TDS\/Hexcel\/FlexCore_US_DS.pdf\" target=\"_blank\" rel=\"noopener\">FlexCore \u00ae<\/a><\/li>\n<li><a href=\"https:\/\/fileserver.mates.it\/Prodotti\/4_Anime\/TDS\/Hexcel\/Rigicell_US_DS.pdf\" target=\"_blank\" rel=\"noopener\">Rigicell \u00ae<\/a><\/li>\n<\/ul>\n<\/div><\/div><\/div><\/section>\n<section class='av_toggle_section av-mm94605i-2157d11dccbb4ca6346630580e707386' ><div role=\"tablist\" class=\"single_toggle\" data-tags=\"{Tout} \"  ><h4 id='toggle-toggle-id-2' data-fake-id='#toggle-id-2' class='toggler  av-title-above '  role='tab' tabindex='0' aria-controls='toggle-id-2' data-slide-speed=\"200\" data-title=\"Mates \u00ae\" data-title-open=\"\" data-aria_collapsed=\"Cliquez pour \u00e9tendre : Mates \u00ae\" data-aria_expanded=\"Cliquez pour r\u00e9duire : Mates \u00ae\">Mates \u00ae<span class=\"toggle_icon\"><span class=\"vert_icon\"><\/span><span class=\"hor_icon\"><\/span><\/span><\/h4><div id='toggle-id-2' aria-labelledby='toggle-toggle-id-2' role='region' class='toggle_wrap  av-title-above'  ><div class='toggle_content invers-color ' ><ul class=\"customlist2\">\n<li><a href=\"https:\/\/fileserver.mates.it\/Prodotti\/4_Anime\/TDS\/Mates\/HC%20Alluminio\/HC_CR_5052_mates.pdf\" target=\"_blank\" rel=\"noopener\">CR 5052<\/a><\/li>\n<li><a href=\"https:\/\/fileserver.mates.it\/Prodotti\/4_Anime\/TDS\/Mates\/HC%20Alluminio\/HC_CR_5056_mates.pdf\" target=\"_blank\" rel=\"noopener\">CR 5056<\/a><\/li>\n<\/ul>\n<\/div><\/div><\/div><\/section>\n<\/div><\/div><div  class='hr av-av_hr-91d7ccd583a503147498e120fee2ff9b hr-default  avia-builder-el-5  el_after_av_two_fifth  el_before_av_one_full '><span class='hr-inner '><span class=\"hr-inner-style\"><\/span><\/span><\/div><\/p>\n<div  class='flex_column av-av_one_full-7714eba142aeda1f8b5272a3c372b279 av_one_full  avia-builder-el-6  el_after_av_hr  avia-builder-el-last  first flex_column_div  '     ><p><div  class='avia-button-wrap av-av_button-d72878138cf1e229240dd11d5aa058a6-wrap avia-button-left  avia-builder-el-7  el_before_av_button  avia-builder-el-first '><a href=\"https:\/\/fileserver.mates.it\/Prodotti\/4_Anime\/Brochure\/Hexcel\/HexWeb_EngineeredCore_Brochure.pdf\" class=\"avia-button av-av_button-d72878138cf1e229240dd11d5aa058a6 av-link-btn avia-icon_select-yes-left-icon avia-size-small avia-position-left avia-color-theme-color\" target=\"_blank\" rel=\"noopener noreferrer\" aria-label=\" Hexcel \u00ae Brochure\"><span class='avia_button_icon avia_button_icon_left avia-iconfont avia-font-entypo-fontello' data-av_icon='\ue82d' data-av_iconfont='entypo-fontello' ><\/span><span class='avia_iconbox_title' > Hexcel \u00ae Brochure<\/span><\/a><\/div><br \/>\n<div  class='avia-button-wrap av-av_button-2ad253487d209da414b4a4997c7418b3-wrap avia-button-left  avia-builder-el-8  el_after_av_button  avia-builder-el-last '><a href=\"https:\/\/fileserver.mates.it\/Prodotti\/4_Anime\/Brochure\/Hexcel\/HexWeb_SelectorGuide_2017.pdf\" class=\"avia-button av-av_button-2ad253487d209da414b4a4997c7418b3 av-link-btn avia-icon_select-yes-left-icon avia-size-small avia-position-left avia-color-theme-color\" target=\"_blank\" rel=\"noopener noreferrer\" aria-label=\" Hexcel \u00ae Selector guide\"><span class='avia_button_icon avia_button_icon_left avia-iconfont avia-font-entypo-fontello' data-av_icon='\ue82d' data-av_iconfont='entypo-fontello' ><\/span><span class='avia_iconbox_title' > Hexcel \u00ae Selector guide<\/span><\/a><\/div><\/p><\/div>\n","protected":false},"excerpt":{"rendered":"<p>Le nid d&rsquo;abeille en aluminium est un produit tr\u00e8s l\u00e9ger qui r\u00e9siste \u00e0 la compression, au cisaillement, au feu et \u00e0 la corrosion. Il se compose de feuilles d&rsquo;aluminium coll\u00e9es en couches superpos\u00e9es qui se dilatent pour former une structure hexagonale.<\/p>\n","protected":false},"author":2,"featured_media":0,"parent":9234,"menu_order":2,"comment_status":"open","ping_status":"open","template":"","meta":{"footnotes":""},"class_list":["post-9307","page","type-page","status-publish","hentry"],"_links":{"self":[{"href":"https:\/\/www.mates.it\/fr\/wp-json\/wp\/v2\/pages\/9307","targetHints":{"allow":["GET"]}}],"collection":[{"href":"https:\/\/www.mates.it\/fr\/wp-json\/wp\/v2\/pages"}],"about":[{"href":"https:\/\/www.mates.it\/fr\/wp-json\/wp\/v2\/types\/page"}],"author":[{"embeddable":true,"href":"https:\/\/www.mates.it\/fr\/wp-json\/wp\/v2\/users\/2"}],"replies":[{"embeddable":true,"href":"https:\/\/www.mates.it\/fr\/wp-json\/wp\/v2\/comments?post=9307"}],"version-history":[{"count":2,"href":"https:\/\/www.mates.it\/fr\/wp-json\/wp\/v2\/pages\/9307\/revisions"}],"predecessor-version":[{"id":21174,"href":"https:\/\/www.mates.it\/fr\/wp-json\/wp\/v2\/pages\/9307\/revisions\/21174"}],"up":[{"embeddable":true,"href":"https:\/\/www.mates.it\/fr\/wp-json\/wp\/v2\/pages\/9234"}],"wp:attachment":[{"href":"https:\/\/www.mates.it\/fr\/wp-json\/wp\/v2\/media?parent=9307"}],"curies":[{"name":"wp","href":"https:\/\/api.w.org\/{rel}","templated":true}]}}