{"id":9309,"date":"2016-08-02T15:52:23","date_gmt":"2016-08-02T13:52:23","guid":{"rendered":"https:\/\/www.mates.it\/prodotti\/materiali-anima-core\/naturali\/cork-f\/"},"modified":"2023-06-27T17:32:24","modified_gmt":"2023-06-27T15:32:24","slug":"liege","status":"publish","type":"page","link":"https:\/\/www.mates.it\/fr\/produits\/materiaux-dame\/naturels\/liege\/","title":{"rendered":"Li\u00e8ge"},"content":{"rendered":"<div  class='flex_column av-av_three_fifth-7714eba142aeda1f8b5272a3c372b279 av_three_fifth  avia-builder-el-0  el_before_av_two_fifth  avia-builder-el-first  first flex_column_div  '     ><p>\n<style type=\"text\/css\" data-created_by=\"avia_inline_auto\" id=\"style-css-av-ljeg2918-a9f811633b22e381d5e78aecc3b52f27\">\n#top .av-special-heading.av-ljeg2918-a9f811633b22e381d5e78aecc3b52f27{\npadding-bottom:10px;\n}\nbody .av-special-heading.av-ljeg2918-a9f811633b22e381d5e78aecc3b52f27 .av-special-heading-tag .heading-char{\nfont-size:25px;\n}\n.av-special-heading.av-ljeg2918-a9f811633b22e381d5e78aecc3b52f27 .av-subheading{\nfont-size:15px;\n}\n<\/style>\n<div  class='av-special-heading av-ljeg2918-a9f811633b22e381d5e78aecc3b52f27 av-special-heading-h1  avia-builder-el-1  el_before_av_textblock  avia-builder-el-first  custom-h1-title'><h1 class='av-special-heading-tag '  >Li\u00e8ge<\/h1><div class=\"special-heading-border\"><div class=\"special-heading-inner-border\"><\/div><\/div><\/div><br \/>\n<section  class='av_textblock_section av-ljeg3jzl-2d9273e1fa5c80c30b9417edbfac63d1 '  ><div class='avia_textblock' ><p>Le li\u00e8ge est un mat\u00e9riau unique d&rsquo;origine naturelle, dot\u00e9 d&rsquo;une grande polyvalence et d&rsquo;une grande stabilit\u00e9. Il est obtenu \u00e0 partir de l&rsquo;\u00e9corce de l&rsquo;arbre \u00e0 li\u00e8ge r\u00e9duite en granul\u00e9s, surchauff\u00e9e et compact\u00e9e en blocs \u00e0 l&rsquo;aide de sa colle naturelle, ce qui permet d&rsquo;obtenir un panneau. Ce produit poss\u00e8de une structure particuli\u00e8re capable de garantir une faible absorption de r\u00e9sine tout en assurant une grande r\u00e9sistance m\u00e9canique, ainsi qu&rsquo;une stabilit\u00e9 dimensionnelle et une l\u00e9g\u00e8ret\u00e9. Une autre caract\u00e9ristique du li\u00e8ge est sa faible conductivit\u00e9 thermique, ce qui en fait un mat\u00e9riau r\u00e9sistant au feu et imperm\u00e9able \u00e0 l&rsquo;eau et \u00e0 d&rsquo;autres agents, chimiques ou autres. Utilis\u00e9 dans des secteurs tels que les transports, les loisirs et les infrastructures, il est \u00e9galement en mesure de garantir une excellente isolation thermo-acoustique et une durabilit\u00e9 pratiquement illimit\u00e9e.<\/p>\n<\/div><\/section><\/p><\/div><div  class='flex_column av-av_two_fifth-f1c518e9ff58e869f80c8f093487abc9 av_two_fifth  avia-builder-el-3  el_after_av_three_fifth  el_before_av_hr  flex_column_div  '     ><style type=\"text\/css\" data-created_by=\"avia_inline_auto\" id=\"style-css-av-ljeg4usm-be1494bfc19e09b11ba2bc82702549f2\">\n#top .togglecontainer.av-ljeg4usm-be1494bfc19e09b11ba2bc82702549f2 h4.toggler{\nfont-size:14px;\n}\n#top .togglecontainer.av-ljeg4usm-be1494bfc19e09b11ba2bc82702549f2 h4.toggler.activeTitle{\ncolor:#ffffff;\nborder-color:#ffffff;\nbackground-color:#2682d3;\n}\n<\/style>\n<div  class='togglecontainer av-ljeg4usm-be1494bfc19e09b11ba2bc82702549f2  avia-builder-el-4  avia-builder-el-no-sibling  accordion_product toggle_close_all hasCurrentStyle' >\n<section class='av_toggle_section av-ljeg4rqu-cfad4cb80c02b1399a6bc901f88af494' ><div role=\"tablist\" class=\"single_toggle\" data-tags=\"{Tout} \"  ><h4 id='toggle-toggle-id-1' data-fake-id='#toggle-id-1' class='toggler  activeTitle av-title-above '  role='tab' tabindex='0' aria-controls='toggle-id-1' data-slide-speed=\"200\" data-title=\"Avantages\" data-title-open=\"\" data-aria_collapsed=\"Cliquez pour \u00e9tendre : Avantages\" data-aria_expanded=\"Cliquez pour r\u00e9duire : Avantages\">Avantages<span class=\"toggle_icon\"><span class=\"vert_icon\"><\/span><span class=\"hor_icon\"><\/span><\/span><\/h4><div id='toggle-id-1' aria-labelledby='toggle-toggle-id-1' role='region' class='toggle_wrap  active_tc av-title-above' style='display:block;' ><div class='toggle_content invers-color ' ><ul class=\"customlist1\">\n<li>Excellente r\u00e9sistance m\u00e9canique<\/li>\n<li>Isolation thermique\/acoustique<\/li>\n<li>Faible conductivit\u00e9 thermique<\/li>\n<li>Origine naturelle \/ recyclable<\/li>\n<\/ul>\n<\/div><\/div><\/div><\/section>\n<section class='av_toggle_section av-ljeg4u6q-cdc2e2f828ec7288a24309ac3b44ad93' ><div role=\"tablist\" class=\"single_toggle\" data-tags=\"{Tout} \"  ><h4 id='toggle-toggle-id-2' data-fake-id='#toggle-id-2' class='toggler  av-title-above '  role='tab' tabindex='0' aria-controls='toggle-id-2' data-slide-speed=\"200\" data-title=\"Types de produit\" data-title-open=\"\" data-aria_collapsed=\"Cliquez pour \u00e9tendre : Types de produit\" data-aria_expanded=\"Cliquez pour r\u00e9duire : Types de produit\">Types de produit<span class=\"toggle_icon\"><span class=\"vert_icon\"><\/span><span class=\"hor_icon\"><\/span><\/span><\/h4><div id='toggle-id-2' aria-labelledby='toggle-toggle-id-2' role='region' class='toggle_wrap  av-title-above'  ><div class='toggle_content invers-color ' ><ul class=\"customlist2\">\n<li><a href=\"https:\/\/fileserver.mates.it\/Prodotti\/4_Anime\/TDS\/Mates\/Naturali_MyCork.pdf\" target=\"_blank\" rel=\"noopener\">MyCork<\/a><\/li>\n<\/ul>\n<\/div><\/div><\/div><\/section>\n<\/div><\/div><div  class='hr av-av_hr-91d7ccd583a503147498e120fee2ff9b hr-default  avia-builder-el-5  el_after_av_two_fifth  avia-builder-el-last '><span class='hr-inner '><span class=\"hr-inner-style\"><\/span><\/span><\/div><\/p>\n","protected":false},"excerpt":{"rendered":"<p>Le li\u00e8ge est un mat\u00e9riau unique d&rsquo;origine naturelle qui offre une grande polyvalence et une grande stabilit\u00e9. Il est obtenu \u00e0 partir de l&rsquo;\u00e9corce de l&rsquo;arbre \u00e0 li\u00e8ge r\u00e9duite en granul\u00e9s, surchauff\u00e9e et compact\u00e9e en blocs.<\/p>\n","protected":false},"author":2,"featured_media":0,"parent":9367,"menu_order":1,"comment_status":"open","ping_status":"open","template":"","meta":{"footnotes":""},"class_list":["post-9309","page","type-page","status-publish","hentry"],"_links":{"self":[{"href":"https:\/\/www.mates.it\/fr\/wp-json\/wp\/v2\/pages\/9309","targetHints":{"allow":["GET"]}}],"collection":[{"href":"https:\/\/www.mates.it\/fr\/wp-json\/wp\/v2\/pages"}],"about":[{"href":"https:\/\/www.mates.it\/fr\/wp-json\/wp\/v2\/types\/page"}],"author":[{"embeddable":true,"href":"https:\/\/www.mates.it\/fr\/wp-json\/wp\/v2\/users\/2"}],"replies":[{"embeddable":true,"href":"https:\/\/www.mates.it\/fr\/wp-json\/wp\/v2\/comments?post=9309"}],"version-history":[{"count":0,"href":"https:\/\/www.mates.it\/fr\/wp-json\/wp\/v2\/pages\/9309\/revisions"}],"up":[{"embeddable":true,"href":"https:\/\/www.mates.it\/fr\/wp-json\/wp\/v2\/pages\/9367"}],"wp:attachment":[{"href":"https:\/\/www.mates.it\/fr\/wp-json\/wp\/v2\/media?parent=9309"}],"curies":[{"name":"wp","href":"https:\/\/api.w.org\/{rel}","templated":true}]}}