{"id":9310,"date":"2016-08-02T15:53:02","date_gmt":"2016-08-02T13:53:02","guid":{"rendered":"https:\/\/www.mates.it\/prodotti\/materiali-anima-core\/espansi\/pvc-f\/"},"modified":"2023-06-26T22:37:05","modified_gmt":"2023-06-26T20:37:05","slug":"pvc-f","status":"publish","type":"page","link":"https:\/\/www.mates.it\/fr\/produits\/materiaux-dame\/mousses\/pvc-f\/","title":{"rendered":"PVC"},"content":{"rendered":"<div  class='flex_column av-av_three_fifth-7714eba142aeda1f8b5272a3c372b279 av_three_fifth  avia-builder-el-0  el_before_av_two_fifth  avia-builder-el-first  first flex_column_div  '     ><p>\n<style type=\"text\/css\" data-created_by=\"avia_inline_auto\" id=\"style-css-av-av_heading-ffa54644bb91a970e7d024e605fb1fce\">\n#top .av-special-heading.av-av_heading-ffa54644bb91a970e7d024e605fb1fce{\npadding-bottom:10px;\n}\nbody .av-special-heading.av-av_heading-ffa54644bb91a970e7d024e605fb1fce .av-special-heading-tag .heading-char{\nfont-size:25px;\n}\n.av-special-heading.av-av_heading-ffa54644bb91a970e7d024e605fb1fce .av-subheading{\nfont-size:15px;\n}\n<\/style>\n<div  class='av-special-heading av-av_heading-ffa54644bb91a970e7d024e605fb1fce av-special-heading-h1  avia-builder-el-1  el_before_av_textblock  avia-builder-el-first  custom-h1-title'><h1 class='av-special-heading-tag '  >PVC<\/h1><div class=\"special-heading-border\"><div class=\"special-heading-inner-border\"><\/div><\/div><\/div><br \/>\n<section  class='av_textblock_section av-ljdbkpvn-8562db695797c306ceb99f28e5c3d856 '  ><div class='avia_textblock' ><p>Le PVC est une \u00e2me en mousse structurelle \u00e0 cellules ferm\u00e9es, sous forme de mousse rigide, pr\u00e9sentant un rapport r\u00e9sistance\/poids \u00e9lev\u00e9. La mousse est en PVC r\u00e9ticul\u00e9 \u00e0 cellules et sa surface peut \u00eatre plane, perfor\u00e9e ou grav\u00e9e pour garantir le meilleur \u00e9coulement des r\u00e9sines dans les proc\u00e9d\u00e9s d&rsquo;infusion. Sa structure permet d&rsquo;obtenir une absorption minimale de r\u00e9sine garantissant une r\u00e9duction nette du poids final du stratifi\u00e9, augmentant cependant sa rigidit\u00e9 et donc ses caract\u00e9ristiques m\u00e9caniques. La compatibilit\u00e9 du PVC avec la plupart des r\u00e9sines du march\u00e9 le rend \u00e9galement adaptable \u00e0 une vaste gamme de proc\u00e9d\u00e9s de moulage (infusion, laminage, pressage m\u00e9canique). Utilis\u00e9 comme noyau de structures sandwich hautes performances, il est en mesure de garantir une grande durabilit\u00e9 et une excellente r\u00e9sistance chimique et m\u00e9canique.<\/p>\n<div style=\"width: 100%;\"><\/div>\n<\/div><\/section><\/p><\/div><div  class='flex_column av-av_two_fifth-f1c518e9ff58e869f80c8f093487abc9 av_two_fifth  avia-builder-el-3  el_after_av_three_fifth  el_before_av_hr  flex_column_div  '     ><style type=\"text\/css\" data-created_by=\"avia_inline_auto\" id=\"style-css-av-av_toggle_container-aa303faae9b53071bb573d27bc7412b5\">\n#top .togglecontainer.av-av_toggle_container-aa303faae9b53071bb573d27bc7412b5 h4.toggler{\nfont-size:14px;\n}\n#top .togglecontainer.av-av_toggle_container-aa303faae9b53071bb573d27bc7412b5 h4.toggler.activeTitle{\ncolor:#ffffff;\nborder-color:#ffffff;\nbackground-color:#2682d3;\n}\n<\/style>\n<div  class='togglecontainer av-av_toggle_container-aa303faae9b53071bb573d27bc7412b5  avia-builder-el-4  avia-builder-el-no-sibling  accordion_product toggle_close_all hasCurrentStyle' >\n<section class='av_toggle_section av-av_toggle-ef7e9dc1940cafd6791972c80afb4af7' ><div role=\"tablist\" class=\"single_toggle\" data-tags=\"{Tout} \"  ><h4 id='toggle-toggle-id-1' data-fake-id='#toggle-id-1' class='toggler  activeTitle av-title-above '  role='tab' tabindex='0' aria-controls='toggle-id-1' data-slide-speed=\"200\" data-title=\"MyCell \u00ae\" data-title-open=\"\" data-aria_collapsed=\"Cliquez pour \u00e9tendre : MyCell \u00ae\" data-aria_expanded=\"Cliquez pour r\u00e9duire : MyCell \u00ae\">MyCell \u00ae<span class=\"toggle_icon\"><span class=\"vert_icon\"><\/span><span class=\"hor_icon\"><\/span><\/span><\/h4><div id='toggle-id-1' aria-labelledby='toggle-toggle-id-1' role='region' class='toggle_wrap  active_tc av-title-above' style='display:block;' ><div class='toggle_content invers-color ' ><ul class=\"customlist1\">\n<li><a href=\"https:\/\/fileserver.mates.it\/Prodotti\/4_Anime\/TDS\/Mates\/PVC\/MC40_DS.pdf\" target=\"_blank\" rel=\"noopener\">MC40<\/a><\/li>\n<li><a href=\"https:\/\/fileserver.mates.it\/Prodotti\/4_Anime\/TDS\/Mates\/PVC\/MC48_DS.pdf\" target=\"_blank\" rel=\"noopener\">MC48<\/a><\/li>\n<li><a href=\"https:\/\/fileserver.mates.it\/Prodotti\/4_Anime\/TDS\/Mates\/PVC\/MC60_DS.pdf\" target=\"_blank\" rel=\"noopener\">MC60<\/a><\/li>\n<li><a href=\"https:\/\/fileserver.mates.it\/Prodotti\/4_Anime\/TDS\/Mates\/PVC\/MC60HT_DS.pdf\" target=\"_blank\" rel=\"noopener\">MC60HT<\/a><\/li>\n<li><a href=\"https:\/\/fileserver.mates.it\/Prodotti\/4_Anime\/TDS\/Mates\/PVC\/MC80_DS.pdf\" target=\"_blank\" rel=\"noopener\">MC80<\/a><\/li>\n<li><a href=\"https:\/\/fileserver.mates.it\/Prodotti\/4_Anime\/TDS\/Mates\/PVC\/MC80HT_DS.pdf\" target=\"_blank\" rel=\"noopener\">MC80HT<\/a><\/li>\n<li><a href=\"https:\/\/fileserver.mates.it\/Prodotti\/4_Anime\/TDS\/Mates\/PVC\/MC100_DS.pdf\" target=\"_blank\" rel=\"noopener\">MC100<\/a><\/li>\n<li><a href=\"https:\/\/fileserver.mates.it\/Prodotti\/4_Anime\/TDS\/Mates\/PVC\/MC130_DS.pdf\" target=\"_blank\" rel=\"noopener\">MC130<\/a><\/li>\n<li><a href=\"https:\/\/fileserver.mates.it\/Prodotti\/4_Anime\/TDS\/Mates\/PVC\/MC200_DS.pdf\" target=\"_blank\" rel=\"noopener\">MC200<\/a><\/li>\n<li><a href=\"https:\/\/fileserver.mates.it\/Prodotti\/4_Anime\/TDS\/Mates\/PVC\/MC250_DS.pdf\" target=\"_blank\" rel=\"noopener\">MC250<\/a><\/li>\n<\/ul>\n<\/div><\/div><\/div><\/section>\n<section class='av_toggle_section av-av_toggle-5ddc5fe56f506e773f2ba942766a73fa' ><div role=\"tablist\" class=\"single_toggle\" data-tags=\"{Tout} \"  ><h4 id='toggle-toggle-id-2' data-fake-id='#toggle-id-2' class='toggler  av-title-above '  role='tab' tabindex='0' aria-controls='toggle-id-2' data-slide-speed=\"200\" data-title=\"Airex \u00ae\" data-title-open=\"\" data-aria_collapsed=\"Cliquez pour \u00e9tendre : Airex \u00ae\" data-aria_expanded=\"Cliquez pour r\u00e9duire : Airex \u00ae\">Airex \u00ae<span class=\"toggle_icon\"><span class=\"vert_icon\"><\/span><span class=\"hor_icon\"><\/span><\/span><\/h4><div id='toggle-id-2' aria-labelledby='toggle-toggle-id-2' role='region' class='toggle_wrap  av-title-above'  ><div class='toggle_content invers-color ' ><ul class=\"customlist2\">\n<li><a href=\"https:\/\/fileserver.mates.it\/Prodotti\/4_Anime\/TDS\/Airex\/TDS-AIREX-C51.pdf\" target=\"_blank\" rel=\"noopener\">C51<\/a><\/li>\n<li><a href=\"https:\/\/fileserver.mates.it\/Prodotti\/4_Anime\/TDS\/Airex\/TDS-AIREX-C70.pdf\" target=\"_blank\" rel=\"noopener\">C70<\/a><\/li>\n<li><a href=\"https:\/\/fileserver.mates.it\/Prodotti\/4_Anime\/TDS\/Airex\/TDS-AIREX-PXc.pdf\" target=\"_blank\" rel=\"noopener\">PXc<\/a><\/li>\n<li><a href=\"https:\/\/fileserver.mates.it\/Prodotti\/4_Anime\/TDS\/Airex\/TDS-AIREX-PXw.pdf\" target=\"_blank\" rel=\"noopener\">PXw<\/a><\/li>\n<li><a href=\"https:\/\/fileserver.mates.it\/Prodotti\/4_Anime\/TDS\/Airex\/TDS-AIREX-R82.pdf\" target=\"_blank\" rel=\"noopener\">R82<\/a><\/li>\n<\/ul>\n<\/div><\/div><\/div><\/section>\n<\/div><\/div><\/p>\n<div  class='hr av-av_hr-91d7ccd583a503147498e120fee2ff9b hr-default  avia-builder-el-5  el_after_av_two_fifth  el_before_av_one_full '><span class='hr-inner '><span class=\"hr-inner-style\"><\/span><\/span><\/div>\n<div  class='flex_column av-av_one_full-7714eba142aeda1f8b5272a3c372b279 av_one_full  avia-builder-el-6  el_after_av_hr  avia-builder-el-last  first flex_column_div  '     ><div  class='avia-button-wrap av-av_button-d01602e7fe6ece0761cf0f322b5ab7de-wrap avia-button-left  avia-builder-el-7  avia-builder-el-no-sibling '><a href=\"https:\/\/fileserver.mates.it\/Prodotti\/4_Anime\/TDS\/Mates\/PVC\/pvc_confezioni.pdf\" class=\"avia-button av-av_button-d01602e7fe6ece0761cf0f322b5ab7de av-link-btn avia-icon_select-yes-left-icon avia-size-small avia-position-left avia-color-theme-color\" target=\"_blank\" rel=\"noopener noreferrer\" aria-label=\"  MyCell \u00ae boxes \"><span class='avia_button_icon avia_button_icon_left avia-iconfont avia-font-entypo-fontello' data-av_icon='\ue82d' data-av_iconfont='entypo-fontello' ><\/span><span class='avia_iconbox_title' >  MyCell \u00ae boxes <\/span><\/a><\/div><\/div>\n","protected":false},"excerpt":{"rendered":"<p>Le PVC est une \u00e2me en mousse structurelle \u00e0 cellules ferm\u00e9es, sous forme de mousse rigide, pr\u00e9sentant un rapport r\u00e9sistance\/poids \u00e9lev\u00e9. La mousse est en PVC cellulaire r\u00e9ticul\u00e9.<\/p>\n","protected":false},"author":2,"featured_media":0,"parent":9236,"menu_order":2,"comment_status":"open","ping_status":"closed","template":"","meta":{"footnotes":""},"class_list":["post-9310","page","type-page","status-publish","hentry"],"_links":{"self":[{"href":"https:\/\/www.mates.it\/fr\/wp-json\/wp\/v2\/pages\/9310","targetHints":{"allow":["GET"]}}],"collection":[{"href":"https:\/\/www.mates.it\/fr\/wp-json\/wp\/v2\/pages"}],"about":[{"href":"https:\/\/www.mates.it\/fr\/wp-json\/wp\/v2\/types\/page"}],"author":[{"embeddable":true,"href":"https:\/\/www.mates.it\/fr\/wp-json\/wp\/v2\/users\/2"}],"replies":[{"embeddable":true,"href":"https:\/\/www.mates.it\/fr\/wp-json\/wp\/v2\/comments?post=9310"}],"version-history":[{"count":0,"href":"https:\/\/www.mates.it\/fr\/wp-json\/wp\/v2\/pages\/9310\/revisions"}],"up":[{"embeddable":true,"href":"https:\/\/www.mates.it\/fr\/wp-json\/wp\/v2\/pages\/9236"}],"wp:attachment":[{"href":"https:\/\/www.mates.it\/fr\/wp-json\/wp\/v2\/media?parent=9310"}],"curies":[{"name":"wp","href":"https:\/\/api.w.org\/{rel}","templated":true}]}}