{"id":9311,"date":"2016-08-02T15:52:18","date_gmt":"2016-08-02T13:52:18","guid":{"rendered":"https:\/\/www.mates.it\/prodotti\/materiali-anima-core\/naturali\/balsa-f\/"},"modified":"2023-06-27T17:43:03","modified_gmt":"2023-06-27T15:43:03","slug":"balsa-f","status":"publish","type":"page","link":"https:\/\/www.mates.it\/fr\/produits\/materiaux-dame\/naturels\/balsa-f\/","title":{"rendered":"Balsa"},"content":{"rendered":"<div  class='flex_column av-av_three_fifth-7714eba142aeda1f8b5272a3c372b279 av_three_fifth  avia-builder-el-0  el_before_av_two_fifth  avia-builder-el-first  first flex_column_div  '     ><p>\n<style type=\"text\/css\" data-created_by=\"avia_inline_auto\" id=\"style-css-av-av_heading-859f02c0c9f98c3b86ca52072d652ac8\">\n#top .av-special-heading.av-av_heading-859f02c0c9f98c3b86ca52072d652ac8{\npadding-bottom:10px;\n}\nbody .av-special-heading.av-av_heading-859f02c0c9f98c3b86ca52072d652ac8 .av-special-heading-tag .heading-char{\nfont-size:25px;\n}\n.av-special-heading.av-av_heading-859f02c0c9f98c3b86ca52072d652ac8 .av-subheading{\nfont-size:15px;\n}\n<\/style>\n<div  class='av-special-heading av-av_heading-859f02c0c9f98c3b86ca52072d652ac8 av-special-heading-h1  avia-builder-el-1  el_before_av_textblock  avia-builder-el-first  custom-h1-title'><h1 class='av-special-heading-tag '  >Balsa<\/h1><div class=\"special-heading-border\"><div class=\"special-heading-inner-border\"><\/div><\/div><\/div><br \/>\n<section  class='av_textblock_section av-ljegibv3-e0a5ec7594d03ad24a6295707065fe20 '  ><div class='avia_textblock' ><p>Le balsa est un mat\u00e9riau d&rsquo;\u00e2me d&rsquo;origine naturelle dont le bois est obtenu en coupant le tronc perpendiculairement \u00e0 la direction des fibres afin d&rsquo;obtenir le maximum de structure disponible. Il se caract\u00e9rise par une excellente r\u00e9sistance chimique et un comportement neutre en termes de variations de temp\u00e9rature. Le bois de balsa peut \u00eatre trait\u00e9 avec tous les principaux syst\u00e8mes de r\u00e9sine et mis en \u0153uvre dans la plupart des processus de fabrication, tout en pr\u00e9sentant d&rsquo;excellentes propri\u00e9t\u00e9s d&rsquo;adh\u00e9sion aux stratifi\u00e9s. Il est d\u00e9fini comme le noyau structurel \u00e9co-durable id\u00e9al pour la production de composants renouvelables, avec une tr\u00e8s large gamme de techniques d&rsquo;application. Il est principalement utilis\u00e9 pour la construction de bateaux, pour les structures de v\u00e9hicules ferroviaires et routiers, comme noyau dans les composants industriels et m\u00eame dans l&rsquo;industrie a\u00e9rospatiale.<\/p>\n<div style=\"width: 100%;\"><\/div>\n<\/div><\/section><\/p><\/div><div  class='flex_column av-av_two_fifth-f1c518e9ff58e869f80c8f093487abc9 av_two_fifth  avia-builder-el-3  el_after_av_three_fifth  el_before_av_hr  flex_column_div  '     ><style type=\"text\/css\" data-created_by=\"avia_inline_auto\" id=\"style-css-av-av_toggle_container-aa303faae9b53071bb573d27bc7412b5\">\n#top .togglecontainer.av-av_toggle_container-aa303faae9b53071bb573d27bc7412b5 h4.toggler{\nfont-size:14px;\n}\n#top .togglecontainer.av-av_toggle_container-aa303faae9b53071bb573d27bc7412b5 h4.toggler.activeTitle{\ncolor:#ffffff;\nborder-color:#ffffff;\nbackground-color:#2682d3;\n}\n<\/style>\n<div  class='togglecontainer av-av_toggle_container-aa303faae9b53071bb573d27bc7412b5  avia-builder-el-4  avia-builder-el-no-sibling  accordion_product toggle_close_all hasCurrentStyle' >\n<section class='av_toggle_section av-av_toggle-a79e5a1ddfc1d16808596ae42fc28060' ><div role=\"tablist\" class=\"single_toggle\" data-tags=\"{Tout} \"  ><h4 id='toggle-toggle-id-1' data-fake-id='#toggle-id-1' class='toggler  activeTitle av-title-above '  role='tab' tabindex='0' aria-controls='toggle-id-1' data-slide-speed=\"200\" data-title=\"FlexoCore \u00ae\" data-title-open=\"\" data-aria_collapsed=\"Cliquez pour \u00e9tendre : FlexoCore \u00ae\" data-aria_expanded=\"Cliquez pour r\u00e9duire : FlexoCore \u00ae\">FlexoCore \u00ae<span class=\"toggle_icon\"><span class=\"vert_icon\"><\/span><span class=\"hor_icon\"><\/span><\/span><\/h4><div id='toggle-id-1' aria-labelledby='toggle-toggle-id-1' role='region' class='toggle_wrap  active_tc av-title-above' style='display:block;' ><div class='toggle_content invers-color ' ><ul class=\"customlist1\">\n<li><a href=\"https:\/\/fileserver.mates.it\/Prodotti\/4_Anime\/TDS\/Flexcore\/flexcore_FC150.pdf\" target=\"_blank\" rel=\"noopener\">FC150<\/a><\/li>\n<\/ul>\n<\/div><\/div><\/div><\/section>\n<section class='av_toggle_section av-av_toggle-dddf33495a430b1e6ea44e52f78f44b2' ><div role=\"tablist\" class=\"single_toggle\" data-tags=\"{Tout} \"  ><h4 id='toggle-toggle-id-2' data-fake-id='#toggle-id-2' class='toggler  av-title-above '  role='tab' tabindex='0' aria-controls='toggle-id-2' data-slide-speed=\"200\" data-title=\"Baltek \u00ae\" data-title-open=\"\" data-aria_collapsed=\"Cliquez pour \u00e9tendre : Baltek \u00ae\" data-aria_expanded=\"Cliquez pour r\u00e9duire : Baltek \u00ae\">Baltek \u00ae<span class=\"toggle_icon\"><span class=\"vert_icon\"><\/span><span class=\"hor_icon\"><\/span><\/span><\/h4><div id='toggle-id-2' aria-labelledby='toggle-toggle-id-2' role='region' class='toggle_wrap  av-title-above'  ><div class='toggle_content invers-color ' ><ul class=\"customlist2\">\n<li><a href=\"https:\/\/fileserver.mates.it\/Prodotti\/4_Anime\/TDS\/Baltek\/TDS-BALTEK-SB.pdf\" target=\"_blank\" rel=\"noopener\">SB<\/a><\/li>\n<li><a href=\"https:\/\/fileserver.mates.it\/Prodotti\/4_Anime\/TDS\/Baltek\/TDS-BALTEK-SB.pdf\" target=\"_blank\" rel=\"noopener\">SBC<\/a><\/li>\n<li><a href=\"https:\/\/fileserver.mates.it\/Prodotti\/4_Anime\/TDS\/Baltek\/TDS-BALTEK-VBC.pdf\" target=\"_blank\" rel=\"noopener\">VBC<\/a><\/li>\n<\/ul>\n<\/div><\/div><\/div><\/section>\n<\/div><\/div><\/p>\n<div  class='hr av-av_hr-91d7ccd583a503147498e120fee2ff9b hr-default  avia-builder-el-5  el_after_av_two_fifth  el_before_av_one_full '><span class='hr-inner '><span class=\"hr-inner-style\"><\/span><\/span><\/div>\n<div  class='flex_column av-av_one_full-7714eba142aeda1f8b5272a3c372b279 av_one_full  avia-builder-el-6  el_after_av_hr  avia-builder-el-last  first flex_column_div  '     ><p><div  class='avia-button-wrap av-av_button-9c71264d24a0ec3520d4c973f4ad95c1-wrap avia-button-left  avia-builder-el-7  el_before_av_button  avia-builder-el-first '><a href=\"https:\/\/fileserver.mates.it\/Prodotti\/4_Anime\/Brochure\/Flexcore\/flexcore_brochure_2012.pdf\" class=\"avia-button av-av_button-9c71264d24a0ec3520d4c973f4ad95c1 av-link-btn avia-icon_select-yes-left-icon avia-size-small avia-position-left avia-color-theme-color\" target=\"_blank\" rel=\"noopener noreferrer\" aria-label=\"  FlexCore \u00ae Brochure\"><span class='avia_button_icon avia_button_icon_left avia-iconfont avia-font-entypo-fontello' data-av_icon='\ue82d' data-av_iconfont='entypo-fontello' ><\/span><span class='avia_iconbox_title' >  FlexCore \u00ae Brochure<\/span><\/a><\/div><br \/>\n<div  class='avia-button-wrap av-av_button-5d2db22805afc30e32cd635ba56b8c40-wrap avia-button-left  avia-builder-el-8  el_after_av_button  el_before_av_button '><a href=\"https:\/\/fileserver.mates.it\/Prodotti\/4_Anime\/TDS\/Flexcore\/flexcore_packaging_panels.pdf\" class=\"avia-button av-av_button-5d2db22805afc30e32cd635ba56b8c40 av-link-btn avia-icon_select-yes-left-icon avia-size-small avia-position-left avia-color-theme-color\" target=\"_blank\" rel=\"noopener noreferrer\" aria-label=\"  FlexCore \u00ae Packaging\"><span class='avia_button_icon avia_button_icon_left avia-iconfont avia-font-entypo-fontello' data-av_icon='\ue82d' data-av_iconfont='entypo-fontello' ><\/span><span class='avia_iconbox_title' >  FlexCore \u00ae Packaging<\/span><\/a><\/div><br \/>\n<div  class='avia-button-wrap av-av_button-e68e252e4f938a01ca7084f50732805b-wrap avia-button-left  avia-builder-el-9  el_after_av_button  avia-builder-el-last '><a href=\"https:\/\/fileserver.mates.it\/Prodotti\/4_Anime\/Brochure\/Baltek\/BALTEK_SBC.80_WindGrade_brochure_E_05.pdf\" class=\"avia-button av-av_button-e68e252e4f938a01ca7084f50732805b av-link-btn avia-icon_select-yes-left-icon avia-size-small avia-position-left avia-color-theme-color\" target=\"_blank\" rel=\"noopener noreferrer\" aria-label=\"  Baltek \u00ae Wind grade\"><span class='avia_button_icon avia_button_icon_left avia-iconfont avia-font-entypo-fontello' data-av_icon='\ue82d' data-av_iconfont='entypo-fontello' ><\/span><span class='avia_iconbox_title' >  Baltek \u00ae Wind grade<\/span><\/a><\/div><\/p><\/div>\n","protected":false},"excerpt":{"rendered":"<p>Le balsa est un mat\u00e9riau d&rsquo;\u00e2me d&rsquo;origine naturelle dont le bois est obtenu en coupant le tronc perpendiculairement \u00e0 la direction des fibres afin d&rsquo;obtenir la structure maximale disponible.<\/p>\n","protected":false},"author":2,"featured_media":0,"parent":9367,"menu_order":2,"comment_status":"open","ping_status":"open","template":"","meta":{"footnotes":""},"class_list":["post-9311","page","type-page","status-publish","hentry"],"_links":{"self":[{"href":"https:\/\/www.mates.it\/fr\/wp-json\/wp\/v2\/pages\/9311","targetHints":{"allow":["GET"]}}],"collection":[{"href":"https:\/\/www.mates.it\/fr\/wp-json\/wp\/v2\/pages"}],"about":[{"href":"https:\/\/www.mates.it\/fr\/wp-json\/wp\/v2\/types\/page"}],"author":[{"embeddable":true,"href":"https:\/\/www.mates.it\/fr\/wp-json\/wp\/v2\/users\/2"}],"replies":[{"embeddable":true,"href":"https:\/\/www.mates.it\/fr\/wp-json\/wp\/v2\/comments?post=9311"}],"version-history":[{"count":0,"href":"https:\/\/www.mates.it\/fr\/wp-json\/wp\/v2\/pages\/9311\/revisions"}],"up":[{"embeddable":true,"href":"https:\/\/www.mates.it\/fr\/wp-json\/wp\/v2\/pages\/9367"}],"wp:attachment":[{"href":"https:\/\/www.mates.it\/fr\/wp-json\/wp\/v2\/media?parent=9311"}],"curies":[{"name":"wp","href":"https:\/\/api.w.org\/{rel}","templated":true}]}}