{"id":9312,"date":"2016-08-03T10:44:10","date_gmt":"2016-08-03T08:44:10","guid":{"rendered":"https:\/\/www.mates.it\/prodotti\/ausiliari-di-processo\/sacchi-da-vuoto\/plans-monopole\/"},"modified":"2023-06-27T23:52:09","modified_gmt":"2023-06-27T21:52:09","slug":"plats-pliage-simple","status":"publish","type":"page","link":"https:\/\/www.mates.it\/fr\/produits\/materiaux-de-procede\/sacs-sous-vide\/plats-pliage-simple\/","title":{"rendered":"Plats \/ Pliage simple"},"content":{"rendered":"<div  class='flex_column av-av_three_fifth-7714eba142aeda1f8b5272a3c372b279 av_three_fifth  avia-builder-el-0  el_before_av_two_fifth  avia-builder-el-first  first flex_column_div  '     ><p>\n<style type=\"text\/css\" data-created_by=\"avia_inline_auto\" id=\"style-css-av-ljes26ik-b97f1de7ec32f809cf4fefcc05289ce8\">\n#top .av-special-heading.av-ljes26ik-b97f1de7ec32f809cf4fefcc05289ce8{\npadding-bottom:10px;\n}\nbody .av-special-heading.av-ljes26ik-b97f1de7ec32f809cf4fefcc05289ce8 .av-special-heading-tag .heading-char{\nfont-size:25px;\n}\n.av-special-heading.av-ljes26ik-b97f1de7ec32f809cf4fefcc05289ce8 .av-subheading{\nfont-size:15px;\n}\n<\/style>\n<div  class='av-special-heading av-ljes26ik-b97f1de7ec32f809cf4fefcc05289ce8 av-special-heading-h1  avia-builder-el-1  el_before_av_textblock  avia-builder-el-first  custom-h1-title'><h1 class='av-special-heading-tag '  >Plats \/ Pliage simple<\/h1><div class=\"special-heading-border\"><div class=\"special-heading-inner-border\"><\/div><\/div><\/div><br \/>\n<section  class='av_textblock_section av-ljes2l5k-437acca1a52b6de94de0e29c4763fc7f '  ><div class='avia_textblock' ><p>Sacs sous vide multicouches \u00e0 pli unique avec diff\u00e9rents coefficients d&rsquo;\u00e9lasticit\u00e9, fabriqu\u00e9s en nylon non orient\u00e9 modifi\u00e9 pour atteindre des temp\u00e9ratures \u00e9lev\u00e9es ou par le couplage de diff\u00e9rents plastiques. Leurs principales caract\u00e9ristiques sont leur plasticit\u00e9 particuli\u00e8re et leur excellente r\u00e9sistance \u00e0 la perforation et \u00e0 l&rsquo;abrasion. Principalement utilis\u00e9s dans la production d&rsquo;articles de taille moyenne\/grande (nautiques, \u00e9oliens), ils simplifient le stockage et l&rsquo;utilisation en production ; sur demande, nous pouvons fournir d&rsquo;autres tailles en plus de celles indiqu\u00e9es. Mates a toujours s\u00e9lectionn\u00e9 une s\u00e9rie de sacs sous vide plats et monopli, dont les caract\u00e9ristiques techniques et les dimensions varient d&rsquo;un produit \u00e0 l&rsquo;autre, afin de pouvoir amener l&rsquo;utilisateur final \u00e0 la r\u00e9alisation d&rsquo;une bonne technique de traitement, avec peu de pertes d&rsquo;air et de gaspillage de mat\u00e9riaux, en garantissant d&rsquo;excellents r\u00e9sultats m\u00e9caniques et esth\u00e9tiques.<\/p>\n<\/div><\/section><\/p><\/div>\n<div  class='flex_column av-av_two_fifth-f1c518e9ff58e869f80c8f093487abc9 av_two_fifth  avia-builder-el-3  el_after_av_three_fifth  el_before_av_hr  flex_column_div  '     ><style type=\"text\/css\" data-created_by=\"avia_inline_auto\" id=\"style-css-av-ljes3cts-b7f70a58b66cacbcad49ec797694327b\">\n#top .togglecontainer.av-ljes3cts-b7f70a58b66cacbcad49ec797694327b h4.toggler{\nfont-size:14px;\n}\n#top .togglecontainer.av-ljes3cts-b7f70a58b66cacbcad49ec797694327b h4.toggler.activeTitle{\ncolor:#ffffff;\nborder-color:#ffffff;\nbackground-color:#2682d3;\n}\n<\/style>\n<div  class='togglecontainer av-ljes3cts-b7f70a58b66cacbcad49ec797694327b  avia-builder-el-4  avia-builder-el-no-sibling  accordion_product toggle_close_all hasCurrentStyle' >\n<section class='av_toggle_section av-ljes38xb-b02abbdf221800a0506b0bfe585f1451' ><div role=\"tablist\" class=\"single_toggle\" data-tags=\"{Tout} \"  ><h4 id='toggle-toggle-id-1' data-fake-id='#toggle-id-1' class='toggler  activeTitle av-title-above '  role='tab' tabindex='0' aria-controls='toggle-id-1' data-slide-speed=\"200\" data-title=\"Avantages\" data-title-open=\"\" data-aria_collapsed=\"Cliquez pour \u00e9tendre : Avantages\" data-aria_expanded=\"Cliquez pour r\u00e9duire : Avantages\">Avantages<span class=\"toggle_icon\"><span class=\"vert_icon\"><\/span><span class=\"hor_icon\"><\/span><\/span><\/h4><div id='toggle-id-1' aria-labelledby='toggle-toggle-id-1' role='region' class='toggle_wrap  active_tc av-title-above' style='display:block;' ><div class='toggle_content invers-color ' ><ul class=\"customlist1\">\n<li>Facilit\u00e9 d&rsquo;utilisation<\/li>\n<li>Excellente r\u00e9sistance \u00e0 la perforation<\/li>\n<li>\u00c9lasticit\u00e9 particuli\u00e8re<\/li>\n<li>Faible co\u00fbt de production<\/li>\n<\/ul>\n<\/div><\/div><\/div><\/section>\n<section class='av_toggle_section av-ljes3brf-13811c9e3059f44ddbd3377ae3ecc4aa' ><div role=\"tablist\" class=\"single_toggle\" data-tags=\"{Tout} \"  ><h4 id='toggle-toggle-id-2' data-fake-id='#toggle-id-2' class='toggler  av-title-above '  role='tab' tabindex='0' aria-controls='toggle-id-2' data-slide-speed=\"200\" data-title=\"Types de produit\" data-title-open=\"\" data-aria_collapsed=\"Cliquez pour \u00e9tendre : Types de produit\" data-aria_expanded=\"Cliquez pour r\u00e9duire : Types de produit\">Types de produit<span class=\"toggle_icon\"><span class=\"vert_icon\"><\/span><span class=\"hor_icon\"><\/span><\/span><\/h4><div id='toggle-id-2' aria-labelledby='toggle-toggle-id-2' role='region' class='toggle_wrap  av-title-above'  ><div class='toggle_content invers-color ' ><ul class=\"customlist1\">\n<li><a href=\"https:\/\/fileserver.mates.it\/Prodotti\/5_Ausiliari\/TDS\/Sacchi%20da%20vuoto\/MT_DS.pdf\" target=\"_blank\" rel=\"noopener\">MT<\/a><\/li>\n<li><a href=\"https:\/\/fileserver.mates.it\/Prodotti\/5_Ausiliari\/TDS\/Sacchi%20da%20vuoto\/PATS_DS.pdf\" target=\"_blank\" rel=\"noopener\">PATS<\/a><\/li>\n<li><a href=\"https:\/\/fileserver.mates.it\/Prodotti\/5_Ausiliari\/TDS\/Sacchi%20da%20vuoto\/STRETCH_DS.pdf\" target=\"_blank\" rel=\"noopener\">Stretch \u00ae<\/a><\/li>\n<\/ul>\n<\/div><\/div><\/div><\/section>\n<\/div><\/div>\n<div  class='hr av-av_hr-91d7ccd583a503147498e120fee2ff9b hr-default  avia-builder-el-5  el_after_av_two_fifth  avia-builder-el-last '><span class='hr-inner '><span class=\"hr-inner-style\"><\/span><\/span><\/div>\n","protected":false},"excerpt":{"rendered":"<p>Sacs sous vide multicouches \u00e0 pli unique avec diff\u00e9rents coefficients d&rsquo;\u00e9lasticit\u00e9, fabriqu\u00e9s en nylon non orient\u00e9 modifi\u00e9 pour atteindre des temp\u00e9ratures \u00e9lev\u00e9es.<\/p>\n","protected":false},"author":2,"featured_media":0,"parent":9248,"menu_order":3,"comment_status":"open","ping_status":"open","template":"","meta":{"footnotes":""},"class_list":["post-9312","page","type-page","status-publish","hentry"],"_links":{"self":[{"href":"https:\/\/www.mates.it\/fr\/wp-json\/wp\/v2\/pages\/9312","targetHints":{"allow":["GET"]}}],"collection":[{"href":"https:\/\/www.mates.it\/fr\/wp-json\/wp\/v2\/pages"}],"about":[{"href":"https:\/\/www.mates.it\/fr\/wp-json\/wp\/v2\/types\/page"}],"author":[{"embeddable":true,"href":"https:\/\/www.mates.it\/fr\/wp-json\/wp\/v2\/users\/2"}],"replies":[{"embeddable":true,"href":"https:\/\/www.mates.it\/fr\/wp-json\/wp\/v2\/comments?post=9312"}],"version-history":[{"count":0,"href":"https:\/\/www.mates.it\/fr\/wp-json\/wp\/v2\/pages\/9312\/revisions"}],"up":[{"embeddable":true,"href":"https:\/\/www.mates.it\/fr\/wp-json\/wp\/v2\/pages\/9248"}],"wp:attachment":[{"href":"https:\/\/www.mates.it\/fr\/wp-json\/wp\/v2\/media?parent=9312"}],"curies":[{"name":"wp","href":"https:\/\/api.w.org\/{rel}","templated":true}]}}