{"id":9313,"date":"2016-08-03T10:20:58","date_gmt":"2016-08-03T08:20:58","guid":{"rendered":"https:\/\/www.mates.it\/prodotti\/ausiliari-di-processo\/sacchi-da-vuoto\/multi-fold-f\/"},"modified":"2023-06-27T23:52:08","modified_gmt":"2023-06-27T21:52:08","slug":"multiplies","status":"publish","type":"page","link":"https:\/\/www.mates.it\/fr\/produits\/materiaux-de-procede\/sacs-sous-vide\/multiplies\/","title":{"rendered":"Multipli\u00e9s"},"content":{"rendered":"<div  class='flex_column av-av_three_fifth-7714eba142aeda1f8b5272a3c372b279 av_three_fifth  avia-builder-el-0  el_before_av_two_fifth  avia-builder-el-first  first flex_column_div  '     ><p>\n<style type=\"text\/css\" data-created_by=\"avia_inline_auto\" id=\"style-css-av-ljeqx665-f6fdc575b28d5e011a1c96095f15beba\">\n#top .av-special-heading.av-ljeqx665-f6fdc575b28d5e011a1c96095f15beba{\npadding-bottom:10px;\n}\nbody .av-special-heading.av-ljeqx665-f6fdc575b28d5e011a1c96095f15beba .av-special-heading-tag .heading-char{\nfont-size:25px;\n}\n.av-special-heading.av-ljeqx665-f6fdc575b28d5e011a1c96095f15beba .av-subheading{\nfont-size:15px;\n}\n<\/style>\n<div  class='av-special-heading av-ljeqx665-f6fdc575b28d5e011a1c96095f15beba av-special-heading-h1  avia-builder-el-1  el_before_av_textblock  avia-builder-el-first  custom-h1-title'><h1 class='av-special-heading-tag '  >Multipli\u00e9s<\/h1><div class=\"special-heading-border\"><div class=\"special-heading-inner-border\"><\/div><\/div><\/div><br \/>\n<section  class='av_textblock_section av-ljeqxrhp-64e042898d6bcd0a9bace3ce882391c4 '  ><div class='avia_textblock' ><p>La principale caract\u00e9ristique des sacs sous vide de cette cat\u00e9gorie est leur taille : Mates est en effet en mesure de fournir \u00e0 ses clients les plus grands sacs sous vide du march\u00e9, avec des dimensions sup\u00e9rieures \u00e0 24 m de largeur. Gr\u00e2ce \u00e0 l&rsquo;enroulement final sur un mandrin du film multi-pli, nous avons la garantie d&rsquo;une optimisation maximale des volumes de transport, ce qui r\u00e9duit le co\u00fbt relatif ; le diam\u00e8tre final du rouleau sera directement proportionnel \u00e0 la taille du produit. Un autre avantage est le temps gagn\u00e9 par rapport au temps n\u00e9cessaire pour sceller plusieurs sacs sous vide plus petits ensemble jusqu&rsquo;\u00e0 ce que ces dimensions soient atteintes. Nous sommes donc en mesure d&rsquo;offrir une large s\u00e9lection de sacs sous vide \u00e0 plis multiples, dont les caract\u00e9ristiques techniques et les dimensions varient d&rsquo;un produit \u00e0 l&rsquo;autre.<\/p>\n<\/div><\/section><\/p><\/div>\n<div  class='flex_column av-av_two_fifth-f1c518e9ff58e869f80c8f093487abc9 av_two_fifth  avia-builder-el-3  el_after_av_three_fifth  el_before_av_hr  flex_column_div  '     ><style type=\"text\/css\" data-created_by=\"avia_inline_auto\" id=\"style-css-av-ljeqyght-86fe84864407b6e5602beb8b30b6e89f\">\n#top .togglecontainer.av-ljeqyght-86fe84864407b6e5602beb8b30b6e89f h4.toggler{\nfont-size:14px;\n}\n#top .togglecontainer.av-ljeqyght-86fe84864407b6e5602beb8b30b6e89f h4.toggler.activeTitle{\ncolor:#ffffff;\nborder-color:#ffffff;\nbackground-color:#2682d3;\n}\n<\/style>\n<div  class='togglecontainer av-ljeqyght-86fe84864407b6e5602beb8b30b6e89f  avia-builder-el-4  avia-builder-el-no-sibling  accordion_product toggle_close_all hasCurrentStyle' >\n<section class='av_toggle_section av-ljeqycf1-fb6f9aa46b869ce8692b47b290768391' ><div role=\"tablist\" class=\"single_toggle\" data-tags=\"{Tout} \"  ><h4 id='toggle-toggle-id-1' data-fake-id='#toggle-id-1' class='toggler  activeTitle av-title-above '  role='tab' tabindex='0' aria-controls='toggle-id-1' data-slide-speed=\"200\" data-title=\"Avantages\" data-title-open=\"\" data-aria_collapsed=\"Cliquez pour \u00e9tendre : Avantages\" data-aria_expanded=\"Cliquez pour r\u00e9duire : Avantages\">Avantages<span class=\"toggle_icon\"><span class=\"vert_icon\"><\/span><span class=\"hor_icon\"><\/span><\/span><\/h4><div id='toggle-id-1' aria-labelledby='toggle-toggle-id-1' role='region' class='toggle_wrap  active_tc av-title-above' style='display:block;' ><div class='toggle_content invers-color ' ><ul class=\"customlist1\">\n<li>Les plus grands du march\u00e9<\/li>\n<li>Co\u00fbts de main-d&rsquo;\u0153uvre r\u00e9duits<\/li>\n<li>Faible co\u00fbt de transport<\/li>\n<li>Epaisseurs variables<\/li>\n<\/ul>\n<\/div><\/div><\/div><\/section>\n<section class='av_toggle_section av-ljeqyfda-ef07ffbc27f9bd7918e1f9cbe44bc419' ><div role=\"tablist\" class=\"single_toggle\" data-tags=\"{Tout} \"  ><h4 id='toggle-toggle-id-2' data-fake-id='#toggle-id-2' class='toggler  av-title-above '  role='tab' tabindex='0' aria-controls='toggle-id-2' data-slide-speed=\"200\" data-title=\"Types de produit\" data-title-open=\"\" data-aria_collapsed=\"Cliquez pour \u00e9tendre : Types de produit\" data-aria_expanded=\"Cliquez pour r\u00e9duire : Types de produit\">Types de produit<span class=\"toggle_icon\"><span class=\"vert_icon\"><\/span><span class=\"hor_icon\"><\/span><\/span><\/h4><div id='toggle-id-2' aria-labelledby='toggle-toggle-id-2' role='region' class='toggle_wrap  av-title-above'  ><div class='toggle_content invers-color ' ><ul class=\"customlist2\">\n<li><a href=\"https:\/\/fileserver.mates.it\/Prodotti\/5_Ausiliari\/TDS\/Sacchi%20da%20vuoto\/INFUBAG_80_DS.pdf\" target=\"_blank\" rel=\"noopener noreferrer\">INFU-BAG 80<\/a><\/li>\n<li><a href=\"https:\/\/fileserver.mates.it\/Prodotti\/5_Ausiliari\/TDS\/Sacchi%20da%20vuoto\/HIBAG_65_DS.pdf\" target=\"_blank\" rel=\"noopener noreferrer\">HI-BAG 65<\/a><\/li>\n<li><a href=\"https:\/\/fileserver.mates.it\/Prodotti\/5_Ausiliari\/TDS\/Sacchi%20da%20vuoto\/HIBAG_75_DS.pdf\" target=\"_blank\" rel=\"noopener noreferrer\">HI-BAG 75<\/a><\/li>\n<\/ul>\n<\/div><\/div><\/div><\/section>\n<\/div><\/div>\n<div  class='hr av-av_hr-91d7ccd583a503147498e120fee2ff9b hr-default  avia-builder-el-5  el_after_av_two_fifth  avia-builder-el-last '><span class='hr-inner '><span class=\"hr-inner-style\"><\/span><\/span><\/div>\n","protected":false},"excerpt":{"rendered":"<p>La principale caract\u00e9ristique des sacs sous vide de cette cat\u00e9gorie est leur taille : Mates est en effet en mesure de fournir \u00e0 ses clients les plus grands sacs sous vide du march\u00e9, d&rsquo;une largeur de plus de 24 m\u00e8tres.<\/p>\n","protected":false},"author":2,"featured_media":0,"parent":9248,"menu_order":2,"comment_status":"open","ping_status":"open","template":"","meta":{"footnotes":""},"class_list":["post-9313","page","type-page","status-publish","hentry"],"_links":{"self":[{"href":"https:\/\/www.mates.it\/fr\/wp-json\/wp\/v2\/pages\/9313","targetHints":{"allow":["GET"]}}],"collection":[{"href":"https:\/\/www.mates.it\/fr\/wp-json\/wp\/v2\/pages"}],"about":[{"href":"https:\/\/www.mates.it\/fr\/wp-json\/wp\/v2\/types\/page"}],"author":[{"embeddable":true,"href":"https:\/\/www.mates.it\/fr\/wp-json\/wp\/v2\/users\/2"}],"replies":[{"embeddable":true,"href":"https:\/\/www.mates.it\/fr\/wp-json\/wp\/v2\/comments?post=9313"}],"version-history":[{"count":0,"href":"https:\/\/www.mates.it\/fr\/wp-json\/wp\/v2\/pages\/9313\/revisions"}],"up":[{"embeddable":true,"href":"https:\/\/www.mates.it\/fr\/wp-json\/wp\/v2\/pages\/9248"}],"wp:attachment":[{"href":"https:\/\/www.mates.it\/fr\/wp-json\/wp\/v2\/media?parent=9313"}],"curies":[{"name":"wp","href":"https:\/\/api.w.org\/{rel}","templated":true}]}}