{"id":9314,"date":"2016-08-03T12:53:02","date_gmt":"2016-08-03T10:53:02","guid":{"rendered":"https:\/\/www.mates.it\/prodotti\/ausiliari-di-processo\/sacchi-da-vuoto\/tubulaire\/"},"modified":"2023-06-28T14:15:09","modified_gmt":"2023-06-28T12:15:09","slug":"tubulaires","status":"publish","type":"page","link":"https:\/\/www.mates.it\/fr\/produits\/materiaux-de-procede\/sacs-sous-vide\/tubulaires\/","title":{"rendered":"Tubulaires"},"content":{"rendered":"<div  class='flex_column av-av_three_fifth-7714eba142aeda1f8b5272a3c372b279 av_three_fifth  avia-builder-el-0  el_before_av_two_fifth  avia-builder-el-first  first flex_column_div  '     ><p>\n<style type=\"text\/css\" data-created_by=\"avia_inline_auto\" id=\"style-css-av-ljericua-c76a5c9baa2e7746c53e93bb68ac781d\">\n#top .av-special-heading.av-ljericua-c76a5c9baa2e7746c53e93bb68ac781d{\npadding-bottom:10px;\n}\nbody .av-special-heading.av-ljericua-c76a5c9baa2e7746c53e93bb68ac781d .av-special-heading-tag .heading-char{\nfont-size:25px;\n}\n.av-special-heading.av-ljericua-c76a5c9baa2e7746c53e93bb68ac781d .av-subheading{\nfont-size:15px;\n}\n<\/style>\n<div  class='av-special-heading av-ljericua-c76a5c9baa2e7746c53e93bb68ac781d av-special-heading-h1  avia-builder-el-1  el_before_av_textblock  avia-builder-el-first  custom-h1-title'><h1 class='av-special-heading-tag '  >Tubulaires<\/h1><div class=\"special-heading-border\"><div class=\"special-heading-inner-border\"><\/div><\/div><\/div><br \/>\n<section  class='av_textblock_section av-ljerhepn-811746eca9be02f2beb214e4dbb4605d '  ><div class='avia_textblock' ><p>Une gamme toujours plus \u00e9tendue de sacs sous vide tubulaires adapt\u00e9s aux principaux processus de production habituellement mis en \u0153uvre dans le secteur des composites avanc\u00e9s, tels que le moulage en autoclave, le moulage sous vide et le moulage par infusion. Gr\u00e2ce \u00e0 sa forme tubulaire, cette famille de produits permet de r\u00e9duire de 50 % les pertes potentielles de vide en ins\u00e9rant simplement le moule et donc le stratifi\u00e9 directement \u00e0 l&rsquo;int\u00e9rieur du sac sous vide, en le scellant sur deux c\u00f4t\u00e9s seulement. Les meilleurs articles du march\u00e9, propos\u00e9s dans des hauteurs allant de 9 cm \u00e0 5 m, et un contr\u00f4le total sur chaque lot, depuis la phase de production jusqu&rsquo;\u00e0 la livraison au client final. Toujours disponibles en stock et conditionn\u00e9s avec des mandrins internes et des noyaux externes rigides pour garantir l&rsquo;int\u00e9grit\u00e9 physique du produit pendant le stockage et le transport. Ces caract\u00e9ristiques, parmi d&rsquo;autres, font de nos sacs sous vide les plus utilis\u00e9s par les principaux acteurs de l&rsquo;industrie.<\/p>\n<\/div><\/section><\/p><\/div>\n<div  class='flex_column av-av_two_fifth-f1c518e9ff58e869f80c8f093487abc9 av_two_fifth  avia-builder-el-3  el_after_av_three_fifth  el_before_av_hr  flex_column_div  '     ><style type=\"text\/css\" data-created_by=\"avia_inline_auto\" id=\"style-css-av-ljfoj4do-395ba2c1038ea4ca7a89810f17c2b97c\">\n#top .togglecontainer.av-ljfoj4do-395ba2c1038ea4ca7a89810f17c2b97c h4.toggler{\nfont-size:14px;\n}\n#top .togglecontainer.av-ljfoj4do-395ba2c1038ea4ca7a89810f17c2b97c h4.toggler.activeTitle{\ncolor:#ffffff;\nborder-color:#ffffff;\nbackground-color:#2682d3;\n}\n<\/style>\n<div  class='togglecontainer av-ljfoj4do-395ba2c1038ea4ca7a89810f17c2b97c  avia-builder-el-4  avia-builder-el-no-sibling  accordion_product toggle_close_all hasCurrentStyle' >\n<section class='av_toggle_section av-ljfoixgw-6720905a23435df63fe86b2838d5af39' ><div role=\"tablist\" class=\"single_toggle\" data-tags=\"{Tout} \"  ><h4 id='toggle-toggle-id-1' data-fake-id='#toggle-id-1' class='toggler  activeTitle av-title-above '  role='tab' tabindex='0' aria-controls='toggle-id-1' data-slide-speed=\"200\" data-title=\"Avantages\" data-title-open=\"\" data-aria_collapsed=\"Cliquez pour \u00e9tendre : Avantages\" data-aria_expanded=\"Cliquez pour r\u00e9duire : Avantages\">Avantages<span class=\"toggle_icon\"><span class=\"vert_icon\"><\/span><span class=\"hor_icon\"><\/span><\/span><\/h4><div id='toggle-id-1' aria-labelledby='toggle-toggle-id-1' role='region' class='toggle_wrap  active_tc av-title-above' style='display:block;' ><div class='toggle_content invers-color ' ><ul class=\"customlist1\">\n<li>R\u00e9duction des co\u00fbts de main-d&rsquo;\u0153uvre<\/li>\n<li>Toujours disponible en stock<\/li>\n<li>Contr\u00f4les de haute qualit\u00e9<\/li>\n<li>Large \u00e9ventail de mesures<\/li>\n<\/ul>\n<\/div><\/div><\/div><\/section>\n<section class='av_toggle_section av-ljfoj24n-717fd6a1436dca4c9ee27eb21dcac8fb' ><div role=\"tablist\" class=\"single_toggle\" data-tags=\"{Tout} \"  ><h4 id='toggle-toggle-id-2' data-fake-id='#toggle-id-2' class='toggler  av-title-above '  role='tab' tabindex='0' aria-controls='toggle-id-2' data-slide-speed=\"200\" data-title=\"Types de produit\" data-title-open=\"\" data-aria_collapsed=\"Cliquez pour \u00e9tendre : Types de produit\" data-aria_expanded=\"Cliquez pour r\u00e9duire : Types de produit\">Types de produit<span class=\"toggle_icon\"><span class=\"vert_icon\"><\/span><span class=\"hor_icon\"><\/span><\/span><\/h4><div id='toggle-id-2' aria-labelledby='toggle-toggle-id-2' role='region' class='toggle_wrap  av-title-above'  ><div class='toggle_content invers-color ' ><ul class=\"customlist1\">\n<li><a href=\"https:\/\/fileserver.mates.it\/Prodotti\/5_Ausiliari\/TDS\/Sacchi%20da%20vuoto\/MINITUBE_70_DS.pdf\" target=\"_blank\" rel=\"noopener noreferrer\">MINI-TUBE 70 <\/a><\/li>\n<li><a href=\"https:\/\/fileserver.mates.it\/Prodotti\/5_Ausiliari\/TDS\/Sacchi%20da%20vuoto\/ECOTUBE_40_DS.pdf\" target=\"_blank\" rel=\"noopener noreferrer\">ECO-TUBE 40 <\/a><\/li>\n<li><a href=\"https:\/\/fileserver.mates.it\/Prodotti\/5_Ausiliari\/TDS\/Sacchi%20da%20vuoto\/HITUBE_50_DS.pdf\" target=\"_blank\" rel=\"noopener noreferrer\">HI-TUBE 50<\/a><\/li>\n<li><a href=\"https:\/\/fileserver.mates.it\/Prodotti\/5_Ausiliari\/TDS\/Sacchi%20da%20vuoto\/HITUBE_75_DS.pdf\" target=\"_blank\" rel=\"noopener noreferrer\">HI-TUBE 75<\/a><\/li>\n<li><a href=\"https:\/\/fileserver.mates.it\/Prodotti\/5_Ausiliari\/TDS\/Sacchi%20da%20vuoto\/ELASTOTUBE_50_DS.pdf\" target=\"_blank\" rel=\"noopener noreferrer\">ELASTO-TUBE 50<\/a><\/li>\n<li><a href=\"https:\/\/fileserver.mates.it\/Prodotti\/5_Ausiliari\/TDS\/Sacchi%20da%20vuoto\/ELASTOTUBE_75_DS.pdf\" target=\"_blank\" rel=\"noopener noreferrer\">ELASTO-TUBE 75<\/a><\/li>\n<li><a href=\"https:\/\/fileserver.mates.it\/Prodotti\/5_Ausiliari\/TDS\/Sacchi%20da%20vuoto\/FLEXITUBE_50_DS.pdf\" target=\"_blank\" rel=\"noopener noreferrer\">FLEXI-TUBE 50<\/a><\/li>\n<\/ul>\n<\/div><\/div><\/div><\/section>\n<\/div><\/div><div  class='hr av-av_hr-91d7ccd583a503147498e120fee2ff9b hr-default  avia-builder-el-5  el_after_av_two_fifth  avia-builder-el-last '><span class='hr-inner '><span class=\"hr-inner-style\"><\/span><\/span><\/div><\/p>\n","protected":false},"excerpt":{"rendered":"<p>Une gamme de sacs tubulaires sous vide adapt\u00e9s aux principaux processus habituellement mis en \u0153uvre dans l&rsquo;industrie des composites avanc\u00e9s, tels que le moulage en autoclave, le moulage sous vide et le moulage par infusion.<\/p>\n","protected":false},"author":2,"featured_media":0,"parent":9248,"menu_order":1,"comment_status":"open","ping_status":"open","template":"","meta":{"footnotes":""},"class_list":["post-9314","page","type-page","status-publish","hentry"],"_links":{"self":[{"href":"https:\/\/www.mates.it\/fr\/wp-json\/wp\/v2\/pages\/9314","targetHints":{"allow":["GET"]}}],"collection":[{"href":"https:\/\/www.mates.it\/fr\/wp-json\/wp\/v2\/pages"}],"about":[{"href":"https:\/\/www.mates.it\/fr\/wp-json\/wp\/v2\/types\/page"}],"author":[{"embeddable":true,"href":"https:\/\/www.mates.it\/fr\/wp-json\/wp\/v2\/users\/2"}],"replies":[{"embeddable":true,"href":"https:\/\/www.mates.it\/fr\/wp-json\/wp\/v2\/comments?post=9314"}],"version-history":[{"count":0,"href":"https:\/\/www.mates.it\/fr\/wp-json\/wp\/v2\/pages\/9314\/revisions"}],"up":[{"embeddable":true,"href":"https:\/\/www.mates.it\/fr\/wp-json\/wp\/v2\/pages\/9248"}],"wp:attachment":[{"href":"https:\/\/www.mates.it\/fr\/wp-json\/wp\/v2\/media?parent=9314"}],"curies":[{"name":"wp","href":"https:\/\/api.w.org\/{rel}","templated":true}]}}