{"id":9315,"date":"2016-08-03T13:37:48","date_gmt":"2016-08-03T11:37:48","guid":{"rendered":"https:\/\/www.mates.it\/prodotti\/ausiliari-di-processo\/sacchi-da-vuoto\/permanent-f\/"},"modified":"2023-11-30T16:22:04","modified_gmt":"2023-11-30T15:22:04","slug":"silicone","status":"publish","type":"page","link":"https:\/\/www.mates.it\/fr\/produits\/materiaux-de-procede\/sacs-sous-vide\/silicone\/","title":{"rendered":"Silicone"},"content":{"rendered":"<div  class='flex_column av-63iahv-c4b3a3c7df3faf2c0604b0e5e4cfc5b9 av_three_fifth  avia-builder-el-0  el_before_av_two_fifth  avia-builder-el-first  first flex_column_div  '     ><p>\n<style type=\"text\/css\" data-created_by=\"avia_inline_auto\" id=\"style-css-av-ljesqpy8-73e5fe12dcb1d98bfbd6b44a02579483\">\n#top .av-special-heading.av-ljesqpy8-73e5fe12dcb1d98bfbd6b44a02579483{\npadding-bottom:10px;\n}\nbody .av-special-heading.av-ljesqpy8-73e5fe12dcb1d98bfbd6b44a02579483 .av-special-heading-tag .heading-char{\nfont-size:25px;\n}\n.av-special-heading.av-ljesqpy8-73e5fe12dcb1d98bfbd6b44a02579483 .av-subheading{\nfont-size:15px;\n}\n<\/style>\n<div  class='av-special-heading av-ljesqpy8-73e5fe12dcb1d98bfbd6b44a02579483 av-special-heading-h1  avia-builder-el-1  el_before_av_textblock  avia-builder-el-first  custom-h1-title'><h1 class='av-special-heading-tag '  >Silicone<\/h1><div class=\"special-heading-border\"><div class=\"special-heading-inner-border\"><\/div><\/div><\/div><br \/>\n<section  class='av_textblock_section av-ljespa0m-e327b116b43bb5aa11d10668517d3dfa '  ><div class='avia_textblock' ><p>Afin de compl\u00e9ter la gamme compl\u00e8te de sacs sous vide, Mates est \u00e9galement en mesure de fournir des silicones et des machines sp\u00e9cifiques pour l&rsquo;autoconstruction de sacs sous vide permanents. De plus, gr\u00e2ce \u00e0 notre partenariat avec Piekenbrink\u00ae, une entreprise leader dans le secteur, nous pouvons offrir des solutions pr\u00eates \u00e0 l&#8217;emploi compos\u00e9es de moules et de sacs fabriqu\u00e9s selon le design\/les sp\u00e9cifications du client. Les sacs sous vide permanents remplacent les films sous vide conventionnellement scell\u00e9s avec du ruban adh\u00e9sif en butyle. Ce syst\u00e8me innovant r\u00e9duit les co\u00fbts de main-d&rsquo;\u0153uvre du processus en \u00e9liminant la phase de scellage des sacs sous vide, longue et difficile ; \u00e9tant r\u00e9utilisables, ils \u00e9liminent aussi totalement le co\u00fbt des consommables normalement utilis\u00e9s dans les processus de production de composites avanc\u00e9s. Cette famille de sacs a \u00e9t\u00e9 sp\u00e9cialement con\u00e7ue pour le traitement en autoclave, bien que leur quantit\u00e9 inh\u00e9rente et leurs exigences techniques les rendent \u00e9galement adapt\u00e9s aux techniques conventionnelles de production de pi\u00e8ces composites, telles que la stratification sous vide manuelle et l&rsquo;infusion.<\/p>\n<\/div><\/section><\/p><\/div>\n<div  class='flex_column av-4esaib-9ee9341fff14dab516e2090c32ccee9a av_two_fifth  avia-builder-el-3  el_after_av_three_fifth  el_before_av_hr  flex_column_div  '     ><style type=\"text\/css\" data-created_by=\"avia_inline_auto\" id=\"style-css-av-ljesqcbm-95c045089127eac98895497c7e2a81c5\">\n#top .togglecontainer.av-ljesqcbm-95c045089127eac98895497c7e2a81c5 h4.toggler{\nfont-size:14px;\n}\n#top .togglecontainer.av-ljesqcbm-95c045089127eac98895497c7e2a81c5 h4.toggler.activeTitle{\ncolor:#ffffff;\nborder-color:#ffffff;\nbackground-color:#2682d3;\n}\n<\/style>\n<div  class='togglecontainer av-ljesqcbm-95c045089127eac98895497c7e2a81c5  avia-builder-el-4  avia-builder-el-no-sibling  accordion_product toggle_close_all hasCurrentStyle' >\n<section class='av_toggle_section av-ljesq1wm-183bffdd8f31fb6ad5e3535a6f591529' ><div role=\"tablist\" class=\"single_toggle\" data-tags=\"{Tout} \"  ><h4 id='toggle-toggle-id-1' data-fake-id='#toggle-id-1' class='toggler  activeTitle av-title-above '  role='tab' tabindex='0' aria-controls='toggle-id-1' data-slide-speed=\"200\" data-title=\"P\u00e2tes de silicone - Mates \u00ae\" data-title-open=\"\" data-aria_collapsed=\"Cliquez pour \u00e9tendre : P\u00e2tes de silicone - Mates \u00ae\" data-aria_expanded=\"Cliquez pour r\u00e9duire : P\u00e2tes de silicone - Mates \u00ae\">P\u00e2tes de silicone - Mates \u00ae<span class=\"toggle_icon\"><span class=\"vert_icon\"><\/span><span class=\"hor_icon\"><\/span><\/span><\/h4><div id='toggle-id-1' aria-labelledby='toggle-toggle-id-1' role='region' class='toggle_wrap  active_tc av-title-above' style='display:block;' ><div class='toggle_content invers-color ' ><ul class=\"customlist1\">\n<li><a href=\"https:\/\/fileserver.mates.it\/Prodotti\/5_Ausiliari\/TDS\/Sacchi%20da%20vuoto\/I-INTENSY_DS.pdf\" target=\"_blank\" rel=\"noopener\">I-INTENSY<\/a><\/li>\n<\/ul>\n<\/div><\/div><\/div><\/section>\n<section class='av_toggle_section av-ljesq6z8-e496c88c83d3f7d5729b16f2ee40f195' ><div role=\"tablist\" class=\"single_toggle\" data-tags=\"{Tout} \"  ><h4 id='toggle-toggle-id-2' data-fake-id='#toggle-id-2' class='toggler  av-title-above '  role='tab' tabindex='0' aria-controls='toggle-id-2' data-slide-speed=\"200\" data-title=\"Films en silicone - Mates \u00ae\" data-title-open=\"\" data-aria_collapsed=\"Cliquez pour \u00e9tendre : Films en silicone - Mates \u00ae\" data-aria_expanded=\"Cliquez pour r\u00e9duire : Films en silicone - Mates \u00ae\">Films en silicone - Mates \u00ae<span class=\"toggle_icon\"><span class=\"vert_icon\"><\/span><span class=\"hor_icon\"><\/span><\/span><\/h4><div id='toggle-id-2' aria-labelledby='toggle-toggle-id-2' role='region' class='toggle_wrap  av-title-above'  ><div class='toggle_content invers-color ' ><ul class=\"customlist1\">\n<li><a href=\"https:\/\/fileserver.mates.it\/Prodotti\/5_Ausiliari\/TDS\/Sacchi%20da%20vuoto\/300SIL_FILM_DS.pdf\" target=\"_blank\" rel=\"noopener\">Film \/ 300SIL<\/a><\/li>\n<li><a href=\"https:\/\/fileserver.mates.it\/Prodotti\/5_Ausiliari\/TDS\/Sacchi%20da%20vuoto\/300SIL_FILM_UC_DS.pdf\" target=\"_blank\" rel=\"noopener\">Film UC \/ 300SIL<\/a><\/li>\n<li><a href=\"https:\/\/fileserver.mates.it\/Prodotti\/5_Ausiliari\/TDS\/Sacchi%20da%20vuoto\/300SIL_BAG_DS.pdf\" target=\"_blank\" rel=\"noopener\">Bag \/ 300SIL<\/a><\/li>\n<\/ul>\n<\/div><\/div><\/div><\/section>\n<section class='av_toggle_section av-ljesqbhz-e99c0911c93f560631dfc16557f93089' ><div role=\"tablist\" class=\"single_toggle\" data-tags=\"{Tout} \"  ><h4 id='toggle-toggle-id-3' data-fake-id='#toggle-id-3' class='toggler  av-title-above '  role='tab' tabindex='0' aria-controls='toggle-id-3' data-slide-speed=\"200\" data-title=\"Sacs r\u00e9utilisables\" data-title-open=\"\" data-aria_collapsed=\"Cliquez pour \u00e9tendre : Sacs r\u00e9utilisables\" data-aria_expanded=\"Cliquez pour r\u00e9duire : Sacs r\u00e9utilisables\">Sacs r\u00e9utilisables<span class=\"toggle_icon\"><span class=\"vert_icon\"><\/span><span class=\"hor_icon\"><\/span><\/span><\/h4><div id='toggle-id-3' aria-labelledby='toggle-toggle-id-3' role='region' class='toggle_wrap  av-title-above'  ><div class='toggle_content invers-color ' ><ul class=\"customlist2\">\n<li><a href=\"https:\/\/fileserver.mates.it\/Prodotti\/5_Ausiliari\/TDS\/Sacchi%20da%20vuoto\/LIQUIBAG_2560_DS.pdf\" target=\"_blank\" rel=\"noopener noreferrer\">LiquiBag\u2122 2560<\/a><\/li>\n<li><a href=\"https:\/\/fileserver.mates.it\/Prodotti\/5_Ausiliari\/Brochure\/piekenbrink_system.pdf\" target=\"_blank\" rel=\"noopener noreferrer\">Piekenbrink \u00ae<\/a><\/li>\n<\/ul>\n<\/div><\/div><\/div><\/section>\n<\/div><\/div><div  class='hr av-2lxz0j-6f189ae4c6deb12a0bd8bcbde57a077a hr-default  avia-builder-el-5  el_after_av_two_fifth  avia-builder-el-last '><span class='hr-inner '><span class=\"hr-inner-style\"><\/span><\/span><\/div><\/p>\n","protected":false},"excerpt":{"rendered":"<p>Afin de compl\u00e9ter la gamme compl\u00e8te de sacs sous vide, Mates est \u00e9galement en mesure de fournir des silicones et des machines sp\u00e9cifiques pour l&rsquo;auto-construction de sacs sous vide permanents.<\/p>\n","protected":false},"author":2,"featured_media":0,"parent":9248,"menu_order":4,"comment_status":"open","ping_status":"open","template":"","meta":{"footnotes":""},"class_list":["post-9315","page","type-page","status-publish","hentry"],"_links":{"self":[{"href":"https:\/\/www.mates.it\/fr\/wp-json\/wp\/v2\/pages\/9315","targetHints":{"allow":["GET"]}}],"collection":[{"href":"https:\/\/www.mates.it\/fr\/wp-json\/wp\/v2\/pages"}],"about":[{"href":"https:\/\/www.mates.it\/fr\/wp-json\/wp\/v2\/types\/page"}],"author":[{"embeddable":true,"href":"https:\/\/www.mates.it\/fr\/wp-json\/wp\/v2\/users\/2"}],"replies":[{"embeddable":true,"href":"https:\/\/www.mates.it\/fr\/wp-json\/wp\/v2\/comments?post=9315"}],"version-history":[{"count":0,"href":"https:\/\/www.mates.it\/fr\/wp-json\/wp\/v2\/pages\/9315\/revisions"}],"up":[{"embeddable":true,"href":"https:\/\/www.mates.it\/fr\/wp-json\/wp\/v2\/pages\/9248"}],"wp:attachment":[{"href":"https:\/\/www.mates.it\/fr\/wp-json\/wp\/v2\/media?parent=9315"}],"curies":[{"name":"wp","href":"https:\/\/api.w.org\/{rel}","templated":true}]}}