{"id":9318,"date":"2016-08-03T14:16:14","date_gmt":"2016-08-03T12:16:14","guid":{"rendered":"https:\/\/www.mates.it\/prodotti\/ausiliari-di-processo\/film-distaccanti\/autoadhesifs\/"},"modified":"2023-10-03T23:25:47","modified_gmt":"2023-10-03T21:25:47","slug":"auto-adhesifs","status":"publish","type":"page","link":"https:\/\/www.mates.it\/fr\/produits\/materiaux-de-procede\/films-separateurs\/auto-adhesifs\/","title":{"rendered":"Auto-adh\u00e9sifs"},"content":{"rendered":"<div  class='flex_column av-av_three_fifth-7714eba142aeda1f8b5272a3c372b279 av_three_fifth  avia-builder-el-0  el_before_av_two_fifth  avia-builder-el-first  first flex_column_div  '     ><p>\n<style type=\"text\/css\" data-created_by=\"avia_inline_auto\" id=\"style-css-av-ljevdcuf-c5616c65905db7297d19194ce4db41ff\">\n#top .av-special-heading.av-ljevdcuf-c5616c65905db7297d19194ce4db41ff{\npadding-bottom:10px;\n}\nbody .av-special-heading.av-ljevdcuf-c5616c65905db7297d19194ce4db41ff .av-special-heading-tag .heading-char{\nfont-size:25px;\n}\n.av-special-heading.av-ljevdcuf-c5616c65905db7297d19194ce4db41ff .av-subheading{\nfont-size:15px;\n}\n<\/style>\n<div  class='av-special-heading av-ljevdcuf-c5616c65905db7297d19194ce4db41ff av-special-heading-h1  avia-builder-el-1  el_before_av_textblock  avia-builder-el-first  custom-h1-title'><h1 class='av-special-heading-tag '  >Auto-adh\u00e9sifs<\/h1><div class=\"special-heading-border\"><div class=\"special-heading-inner-border\"><\/div><\/div><\/div><br \/>\n<section  class='av_textblock_section av-ljevdst0-c6cb34cbd8ff37c6ec81d8e7528f6790 '  ><div class='avia_textblock' ><p>Pour compl\u00e9ter sa gamme, Mates a d\u00e9cid\u00e9 de proposer une s\u00e9rie de films anti-adh\u00e9sifs \u00e0 base de PTFE simples ou avec un support en tissu de verre et un adh\u00e9sif silicone sur une face. La surface PTFE a d&rsquo;excellentes propri\u00e9t\u00e9s de d\u00e9tachement, et est donc indiqu\u00e9e comme traitement de surface des moules, offrant un d\u00e9tachement semi-permanent m\u00eame \u00e0 des temp\u00e9ratures \u00e9lev\u00e9es. L&rsquo;\u00e9paisseur intrins\u00e8que du film permet de le r\u00e9utiliser en fonction de la complexit\u00e9 de la forme, du type de r\u00e9sine et des temp\u00e9ratures de process. Ils peuvent \u00eatre utilis\u00e9s sur tout type de moule, plateau de presse, plaque m\u00e9tallique ou toute surface susceptible d&rsquo;entrer en contact avec des r\u00e9sines ou des adh\u00e9sifs. Disponibles sous forme de film, ils permettent \u00e0 l&rsquo;utilisateur final d&rsquo;obtenir une bonne technique de travail garantissant les meilleurs r\u00e9sultats m\u00e9caniques et esth\u00e9tiques.<\/p>\n<\/div><\/section><\/p><\/div>\n<div  class='flex_column av-av_two_fifth-f1c518e9ff58e869f80c8f093487abc9 av_two_fifth  avia-builder-el-3  el_after_av_three_fifth  el_before_av_hr  flex_column_div  '     ><style type=\"text\/css\" data-created_by=\"avia_inline_auto\" id=\"style-css-av-ljevejyq-13cf1e9560ff49c868b572a714fe7acc\">\n#top .togglecontainer.av-ljevejyq-13cf1e9560ff49c868b572a714fe7acc h4.toggler{\nfont-size:14px;\n}\n#top .togglecontainer.av-ljevejyq-13cf1e9560ff49c868b572a714fe7acc h4.toggler.activeTitle{\ncolor:#ffffff;\nborder-color:#ffffff;\nbackground-color:#2682d3;\n}\n<\/style>\n<div  class='togglecontainer av-ljevejyq-13cf1e9560ff49c868b572a714fe7acc  avia-builder-el-4  avia-builder-el-no-sibling  accordion_product toggle_close_all hasCurrentStyle' >\n<section class='av_toggle_section av-ljeveh1z-dbebe45c6a11215d4a285949e1a1be22' ><div role=\"tablist\" class=\"single_toggle\" data-tags=\"{Tout} \"  ><h4 id='toggle-toggle-id-1' data-fake-id='#toggle-id-1' class='toggler  activeTitle av-title-above '  role='tab' tabindex='0' aria-controls='toggle-id-1' data-slide-speed=\"200\" data-title=\"Avantages\" data-title-open=\"\" data-aria_collapsed=\"Cliquez pour \u00e9tendre : Avantages\" data-aria_expanded=\"Cliquez pour r\u00e9duire : Avantages\">Avantages<span class=\"toggle_icon\"><span class=\"vert_icon\"><\/span><span class=\"hor_icon\"><\/span><\/span><\/h4><div id='toggle-id-1' aria-labelledby='toggle-toggle-id-1' role='region' class='toggle_wrap  active_tc av-title-above' style='display:block;' ><div class='toggle_content invers-color ' ><ul class=\"customlist1\">\n<li>R\u00e9duction des co\u00fbts de main-d&rsquo;\u0153uvre<\/li>\n<li>Haute compatibilit\u00e9 avec les matrices<\/li>\n<li>Temp\u00e9rature de fonctionnement \u00e9lev\u00e9e<\/li>\n<li>R\u00e9utilisable pour plusieurs traitements<\/li>\n<\/ul>\n<\/div><\/div><\/div><\/section>\n<section class='av_toggle_section av-ljevej2k-af1561f99eb74cfc4000875caaf990eb' ><div role=\"tablist\" class=\"single_toggle\" data-tags=\"{Tout} \"  ><h4 id='toggle-toggle-id-2' data-fake-id='#toggle-id-2' class='toggler  av-title-above '  role='tab' tabindex='0' aria-controls='toggle-id-2' data-slide-speed=\"200\" data-title=\"Types de produit\" data-title-open=\"\" data-aria_collapsed=\"Cliquez pour \u00e9tendre : Types de produit\" data-aria_expanded=\"Cliquez pour r\u00e9duire : Types de produit\">Types de produit<span class=\"toggle_icon\"><span class=\"vert_icon\"><\/span><span class=\"hor_icon\"><\/span><\/span><\/h4><div id='toggle-id-2' aria-labelledby='toggle-toggle-id-2' role='region' class='toggle_wrap  av-title-above'  ><div class='toggle_content invers-color ' ><ul class=\"customlist2\">\n<li><a href=\"https:\/\/fileserver.mates.it\/Prodotti\/5_Ausiliari\/TDS\/Film%20distaccanti\/PTFE_DS.pdf\" target=\"_blank\" rel=\"noopener\">PTFE<\/a><\/li>\n<li><a href=\"https:\/\/fileserver.mates.it\/Prodotti\/5_Ausiliari\/TDS\/Film%20distaccanti\/PTFE_S_DS.pdf\" target=\"_blank\" rel=\"noopener\">PTFE \/ S<\/a><\/li>\n<\/ul>\n<\/div><\/div><\/div><\/section>\n<\/div><\/div><div  class='hr av-av_hr-91d7ccd583a503147498e120fee2ff9b hr-default  avia-builder-el-5  el_after_av_two_fifth  avia-builder-el-last '><span class='hr-inner '><span class=\"hr-inner-style\"><\/span><\/span><\/div><\/p>\n","protected":false},"excerpt":{"rendered":"<p>Pour compl\u00e9ter sa gamme, Mates a d\u00e9cid\u00e9 de proposer une s\u00e9rie de films anti-adh\u00e9sifs \u00e0 base de PTFE simples ou avec un support en tissu de verre et un adh\u00e9sif silicone sur une face.<\/p>\n","protected":false},"author":2,"featured_media":0,"parent":9242,"menu_order":3,"comment_status":"open","ping_status":"open","template":"","meta":{"footnotes":""},"class_list":["post-9318","page","type-page","status-publish","hentry"],"_links":{"self":[{"href":"https:\/\/www.mates.it\/fr\/wp-json\/wp\/v2\/pages\/9318","targetHints":{"allow":["GET"]}}],"collection":[{"href":"https:\/\/www.mates.it\/fr\/wp-json\/wp\/v2\/pages"}],"about":[{"href":"https:\/\/www.mates.it\/fr\/wp-json\/wp\/v2\/types\/page"}],"author":[{"embeddable":true,"href":"https:\/\/www.mates.it\/fr\/wp-json\/wp\/v2\/users\/2"}],"replies":[{"embeddable":true,"href":"https:\/\/www.mates.it\/fr\/wp-json\/wp\/v2\/comments?post=9318"}],"version-history":[{"count":0,"href":"https:\/\/www.mates.it\/fr\/wp-json\/wp\/v2\/pages\/9318\/revisions"}],"up":[{"embeddable":true,"href":"https:\/\/www.mates.it\/fr\/wp-json\/wp\/v2\/pages\/9242"}],"wp:attachment":[{"href":"https:\/\/www.mates.it\/fr\/wp-json\/wp\/v2\/media?parent=9318"}],"curies":[{"name":"wp","href":"https:\/\/api.w.org\/{rel}","templated":true}]}}