{"id":9319,"date":"2016-08-03T16:10:26","date_gmt":"2016-08-03T14:10:26","guid":{"rendered":"https:\/\/www.mates.it\/prodotti\/ausiliari-di-processo\/feltri-aeratori\/aiguillete\/"},"modified":"2023-06-28T18:41:34","modified_gmt":"2023-06-28T16:41:34","slug":"aiguille","status":"publish","type":"page","link":"https:\/\/www.mates.it\/fr\/produits\/materiaux-de-procede\/feutres-drainants\/aiguille\/","title":{"rendered":"Aiguille"},"content":{"rendered":"<div  class='flex_column av-av_three_fifth-7714eba142aeda1f8b5272a3c372b279 av_three_fifth  avia-builder-el-0  el_before_av_two_fifth  avia-builder-el-first  first flex_column_div  '     ><p>\n<style type=\"text\/css\" data-created_by=\"avia_inline_auto\" id=\"style-css-av-ljfy0g3c-32510401fefd2c0b314dcd52c40709b7\">\n#top .av-special-heading.av-ljfy0g3c-32510401fefd2c0b314dcd52c40709b7{\npadding-bottom:10px;\n}\nbody .av-special-heading.av-ljfy0g3c-32510401fefd2c0b314dcd52c40709b7 .av-special-heading-tag .heading-char{\nfont-size:25px;\n}\n.av-special-heading.av-ljfy0g3c-32510401fefd2c0b314dcd52c40709b7 .av-subheading{\nfont-size:15px;\n}\n<\/style>\n<div  class='av-special-heading av-ljfy0g3c-32510401fefd2c0b314dcd52c40709b7 av-special-heading-h1  avia-builder-el-1  el_before_av_textblock  avia-builder-el-first  custom-h1-title'><h1 class='av-special-heading-tag '  >Aiguille<\/h1><div class=\"special-heading-border\"><div class=\"special-heading-inner-border\"><\/div><\/div><\/div><br \/>\n<section  class='av_textblock_section av-ljfy0w9a-f8d1af762bab7bf71ce38a1dfb1ede71 '  ><div class='avia_textblock' ><p>La gamme de feutres aiguillet\u00e9s est compos\u00e9e de tissus non tiss\u00e9s issus de flocons de polyester de premi\u00e8re qualit\u00e9 capables de s&rsquo;adapter aux formes les plus complexes du stratifi\u00e9 et, en m\u00eame temps, de garantir une excellente r\u00e9sistance face aux temp\u00e9ratures \u00e9lev\u00e9es. Ils se distinguent des tissus compact\u00e9s par leur grande capacit\u00e9 intrins\u00e8que \u00e0 \u00e9pouser pratiquement toutes les formes (drap\u00e9abilit\u00e9), donn\u00e9e par une extraordinaire douceur au toucher. Leur grande propri\u00e9t\u00e9 de perm\u00e9abilit\u00e9 aux vapeurs de solvants leur permet d&rsquo;\u00eatre utilis\u00e9es avec les principaux syst\u00e8mes de r\u00e9sines, dans les proc\u00e9d\u00e9s sous vide et en autoclave. Puisqu&rsquo;ils ne sont pas trait\u00e9s pour le d\u00e9tachement, ils doivent \u00eatre s\u00e9par\u00e9s du stratifi\u00e9 au moyen d&rsquo;un film anti-adh\u00e9sif. Les relations \u00e9troites que nous avons consolid\u00e9es au fil des ann\u00e9es avec les principaux producteurs du secteur nous permettent de proposer les meilleurs feutres aiguillet\u00e9s au meilleur prix.<\/p>\n<\/div><\/section><\/p><\/div><div  class='flex_column av-av_two_fifth-f1c518e9ff58e869f80c8f093487abc9 av_two_fifth  avia-builder-el-3  el_after_av_three_fifth  el_before_av_hr  flex_column_div  '     ><style type=\"text\/css\" data-created_by=\"avia_inline_auto\" id=\"style-css-av-ljfy1ouv-2669dff81fe5b0e1cc8e80232b9acae1\">\n#top .togglecontainer.av-ljfy1ouv-2669dff81fe5b0e1cc8e80232b9acae1 h4.toggler{\nfont-size:14px;\n}\n#top .togglecontainer.av-ljfy1ouv-2669dff81fe5b0e1cc8e80232b9acae1 h4.toggler.activeTitle{\ncolor:#ffffff;\nborder-color:#ffffff;\nbackground-color:#2682d3;\n}\n<\/style>\n<div  class='togglecontainer av-ljfy1ouv-2669dff81fe5b0e1cc8e80232b9acae1  avia-builder-el-4  avia-builder-el-no-sibling  accordion_product toggle_close_all hasCurrentStyle' >\n<section class='av_toggle_section av-ljfy1kg9-b5a20bbef0bb2b63a01cca95530c29f9' ><div role=\"tablist\" class=\"single_toggle\" data-tags=\"{Tout} \"  ><h4 id='toggle-toggle-id-1' data-fake-id='#toggle-id-1' class='toggler  activeTitle av-title-above '  role='tab' tabindex='0' aria-controls='toggle-id-1' data-slide-speed=\"200\" data-title=\"Avantages\" data-title-open=\"\" data-aria_collapsed=\"Cliquez pour \u00e9tendre : Avantages\" data-aria_expanded=\"Cliquez pour r\u00e9duire : Avantages\">Avantages<span class=\"toggle_icon\"><span class=\"vert_icon\"><\/span><span class=\"hor_icon\"><\/span><\/span><\/h4><div id='toggle-id-1' aria-labelledby='toggle-toggle-id-1' role='region' class='toggle_wrap  active_tc av-title-above' style='display:block;' ><div class='toggle_content invers-color ' ><ul class=\"customlist1\">\n<li>Haute drapabilit\u00e9<\/li>\n<li>D\u00e9bit d&rsquo;air \u00e9lev\u00e9<\/li>\n<li>Compatible avec les principales r\u00e9sines<\/li>\n<li>R\u00e9sistance \u00e0 la temp\u00e9rature<\/li>\n<\/ul>\n<\/div><\/div><\/div><\/section>\n<section class='av_toggle_section av-ljfy1nqc-9cc30f1418e952c84e29c8e199b0bd8b' ><div role=\"tablist\" class=\"single_toggle\" data-tags=\"{Tout} \"  ><h4 id='toggle-toggle-id-2' data-fake-id='#toggle-id-2' class='toggler  av-title-above '  role='tab' tabindex='0' aria-controls='toggle-id-2' data-slide-speed=\"200\" data-title=\"Types de produit\" data-title-open=\"\" data-aria_collapsed=\"Cliquez pour \u00e9tendre : Types de produit\" data-aria_expanded=\"Cliquez pour r\u00e9duire : Types de produit\">Types de produit<span class=\"toggle_icon\"><span class=\"vert_icon\"><\/span><span class=\"hor_icon\"><\/span><\/span><\/h4><div id='toggle-id-2' aria-labelledby='toggle-toggle-id-2' role='region' class='toggle_wrap  av-title-above'  ><div class='toggle_content invers-color ' ><ul class=\"customlist2\">\n<li><a href=\"https:\/\/fileserver.mates.it\/Prodotti\/5_Ausiliari\/TDS\/Feltri%20aeratori\/AER140_DS.pdf\" target=\"_blank\" rel=\"noopener\">AER 140<\/a><\/li>\n<li><a href=\"https:\/\/fileserver.mates.it\/Prodotti\/5_Ausiliari\/TDS\/Feltri%20aeratori\/AER160_DS.pdf\" target=\"_blank\" rel=\"noopener\">AER 160<\/a><\/li>\n<li><a href=\"https:\/\/fileserver.mates.it\/Prodotti\/5_Ausiliari\/TDS\/Feltri%20aeratori\/AER230_DS.pdf\" target=\"_blank\" rel=\"noopener\">AER 230<\/a><\/li>\n<li><a href=\"https:\/\/fileserver.mates.it\/Prodotti\/5_Ausiliari\/TDS\/Feltri%20aeratori\/AER340_DS.pdf\" target=\"_blank\" rel=\"noopener\">AER 340<\/a><\/li>\n<\/ul>\n<\/div><\/div><\/div><\/section>\n<\/div><\/div><div  class='hr av-av_hr-91d7ccd583a503147498e120fee2ff9b hr-default  avia-builder-el-5  el_after_av_two_fifth  avia-builder-el-last '><span class='hr-inner '><span class=\"hr-inner-style\"><\/span><\/span><\/div><\/p>\n","protected":false},"excerpt":{"rendered":"<p>La gamme de feutres aiguillet\u00e9s est compos\u00e9e de tissus non tiss\u00e9s issus de flocs polyester de premi\u00e8re qualit\u00e9 capables de s&rsquo;adapter aux formes les plus complexes.<\/p>\n","protected":false},"author":2,"featured_media":0,"parent":9246,"menu_order":1,"comment_status":"open","ping_status":"open","template":"","meta":{"footnotes":""},"class_list":["post-9319","page","type-page","status-publish","hentry"],"_links":{"self":[{"href":"https:\/\/www.mates.it\/fr\/wp-json\/wp\/v2\/pages\/9319","targetHints":{"allow":["GET"]}}],"collection":[{"href":"https:\/\/www.mates.it\/fr\/wp-json\/wp\/v2\/pages"}],"about":[{"href":"https:\/\/www.mates.it\/fr\/wp-json\/wp\/v2\/types\/page"}],"author":[{"embeddable":true,"href":"https:\/\/www.mates.it\/fr\/wp-json\/wp\/v2\/users\/2"}],"replies":[{"embeddable":true,"href":"https:\/\/www.mates.it\/fr\/wp-json\/wp\/v2\/comments?post=9319"}],"version-history":[{"count":0,"href":"https:\/\/www.mates.it\/fr\/wp-json\/wp\/v2\/pages\/9319\/revisions"}],"up":[{"embeddable":true,"href":"https:\/\/www.mates.it\/fr\/wp-json\/wp\/v2\/pages\/9246"}],"wp:attachment":[{"href":"https:\/\/www.mates.it\/fr\/wp-json\/wp\/v2\/media?parent=9319"}],"curies":[{"name":"wp","href":"https:\/\/api.w.org\/{rel}","templated":true}]}}