{"id":9320,"date":"2016-08-03T16:13:30","date_gmt":"2016-08-03T14:13:30","guid":{"rendered":"https:\/\/www.mates.it\/prodotti\/ausiliari-di-processo\/feltri-aeratori\/compacte\/"},"modified":"2025-04-15T23:25:12","modified_gmt":"2025-04-15T21:25:12","slug":"compacte","status":"publish","type":"page","link":"https:\/\/www.mates.it\/fr\/produits\/materiaux-de-procede\/feutres-drainants\/compacte\/","title":{"rendered":"Compact\u00e9"},"content":{"rendered":"<div  class='flex_column av-av_three_fifth-7714eba142aeda1f8b5272a3c372b279 av_three_fifth  avia-builder-el-0  el_before_av_two_fifth  avia-builder-el-first  first flex_column_div  '     ><p>\n<style type=\"text\/css\" data-created_by=\"avia_inline_auto\" id=\"style-css-av-ljfyqfdg-ce2d923fe7461dc2c04b72b6b4a505f5\">\n#top .av-special-heading.av-ljfyqfdg-ce2d923fe7461dc2c04b72b6b4a505f5{\npadding-bottom:10px;\n}\nbody .av-special-heading.av-ljfyqfdg-ce2d923fe7461dc2c04b72b6b4a505f5 .av-special-heading-tag .heading-char{\nfont-size:25px;\n}\n.av-special-heading.av-ljfyqfdg-ce2d923fe7461dc2c04b72b6b4a505f5 .av-subheading{\nfont-size:15px;\n}\n<\/style>\n<div  class='av-special-heading av-ljfyqfdg-ce2d923fe7461dc2c04b72b6b4a505f5 av-special-heading-h1  avia-builder-el-1  el_before_av_textblock  avia-builder-el-first  custom-h1-title'><h1 class='av-special-heading-tag '  >Compact\u00e9<\/h1><div class=\"special-heading-border\"><div class=\"special-heading-inner-border\"><\/div><\/div><\/div><br \/>\n<section  class='av_textblock_section av-ljfypm5t-6ae9d8f6dac336e132f6a82f4c2e5519 '  ><div class='avia_textblock' ><p>Les feutres compact\u00e9s sont \u00e9galement produits par le proc\u00e9d\u00e9 d&rsquo;aiguilletage des flocons de polyester mais subissent un second traitement. Ils sont re-compact\u00e9s \u00e0 la machine sans l&rsquo;aide de colles ou de liants chimiques qui pourraient contaminer le produit. Ce processus est capable de produire des tissus non tiss\u00e9s avec une compacit\u00e9 unique en son genre, capables de d\u00e9velopper la meilleure r\u00e9sistance \u00e0 la compression donn\u00e9e par les pressions externes. Pendant la phase de travail, il est possible de trouver une meilleure propagation du flux d&rsquo;air \u00e0 l&rsquo;int\u00e9rieur de ceux-ci, \u00e9liminant ainsi le risque d&rsquo;affaissement du feutre. Cependant, la plus grande compacit\u00e9 du produit modifie sa drapabilit\u00e9, qui reste en tout cas optimale pour pratiquement tous les processus de production dans le secteur des mati\u00e8res plastiques renforc\u00e9es, dans l&rsquo;industrie du verre et dans tous les domaines dans lesquels les tissus aiguillet\u00e9s sont habituellement utilis\u00e9s.<\/p>\n<\/div><\/section><\/p><\/div>\n<div  class='flex_column av-av_two_fifth-f1c518e9ff58e869f80c8f093487abc9 av_two_fifth  avia-builder-el-3  el_after_av_three_fifth  el_before_av_hr  flex_column_div  '     ><style type=\"text\/css\" data-created_by=\"avia_inline_auto\" id=\"style-css-av-ljfyq9ko-97944021351b0ff42b893d1f5fac865e\">\n#top .togglecontainer.av-ljfyq9ko-97944021351b0ff42b893d1f5fac865e h4.toggler{\nfont-size:14px;\n}\n#top .togglecontainer.av-ljfyq9ko-97944021351b0ff42b893d1f5fac865e h4.toggler.activeTitle{\ncolor:#ffffff;\nborder-color:#ffffff;\nbackground-color:#2682d3;\n}\n<\/style>\n<div  class='togglecontainer av-ljfyq9ko-97944021351b0ff42b893d1f5fac865e  avia-builder-el-4  avia-builder-el-no-sibling  accordion_product toggle_close_all hasCurrentStyle' >\n<section class='av_toggle_section av-ljfyq49c-8b48bd74bc25bf17e333d4934d95400e' ><div role=\"tablist\" class=\"single_toggle\" data-tags=\"{Tout} \"  ><h4 id='toggle-toggle-id-1' data-fake-id='#toggle-id-1' class='toggler  activeTitle av-title-above '  role='tab' tabindex='0' aria-controls='toggle-id-1' data-slide-speed=\"200\" data-title=\"Avantages\" data-title-open=\"\" data-aria_collapsed=\"Cliquez pour \u00e9tendre : Avantages\" data-aria_expanded=\"Cliquez pour r\u00e9duire : Avantages\">Avantages<span class=\"toggle_icon\"><span class=\"vert_icon\"><\/span><span class=\"hor_icon\"><\/span><\/span><\/h4><div id='toggle-id-1' aria-labelledby='toggle-toggle-id-1' role='region' class='toggle_wrap  active_tc av-title-above' style='display:block;' ><div class='toggle_content invers-color ' ><ul class=\"customlist1\">\n<li>Compacit\u00e9 maximale<\/li>\n<li>Bonne drapabilit\u00e9<\/li>\n<li>D\u00e9bit d&rsquo;air tr\u00e8s \u00e9lev\u00e9<\/li>\n<li>R\u00e9sistance \u00e0 la temp\u00e9rature<\/li>\n<\/ul>\n<\/div><\/div><\/div><\/section>\n<section class='av_toggle_section av-ljfyq85v-dea6f87855e48893f432fc0c786d8934' ><div role=\"tablist\" class=\"single_toggle\" data-tags=\"{Tout} \"  ><h4 id='toggle-toggle-id-2' data-fake-id='#toggle-id-2' class='toggler  av-title-above '  role='tab' tabindex='0' aria-controls='toggle-id-2' data-slide-speed=\"200\" data-title=\"Types de produit\" data-title-open=\"\" data-aria_collapsed=\"Cliquez pour \u00e9tendre : Types de produit\" data-aria_expanded=\"Cliquez pour r\u00e9duire : Types de produit\">Types de produit<span class=\"toggle_icon\"><span class=\"vert_icon\"><\/span><span class=\"hor_icon\"><\/span><\/span><\/h4><div id='toggle-id-2' aria-labelledby='toggle-toggle-id-2' role='region' class='toggle_wrap  av-title-above'  ><div class='toggle_content invers-color ' ><ul class=\"customlist2\">\n<li><a href=\"https:\/\/fileserver.mates.it\/Prodotti\/5_Ausiliari\/TDS\/Feltri%20aeratori\/AER100_DS.pdf\" target=\"_blank\" rel=\"noopener\">AER 100<\/a><\/li>\n<li><a href=\"https:\/\/fileserver.mates.it\/Prodotti\/5_Ausiliari\/TDS\/Feltri%20aeratori\/AER120_DS.pdf\" target=\"_blank\" rel=\"noopener\">AER 120<\/a><\/li>\n<li><a href=\"https:\/\/fileserver.mates.it\/Prodotti\/5_Ausiliari\/TDS\/Feltri%20aeratori\/AER180_DS.pdf\" target=\"_blank\" rel=\"noopener\">AER 180<\/a><\/li>\n<li><a href=\"https:\/\/fileserver.mates.it\/Prodotti\/5_Ausiliari\/TDS\/Feltri%20aeratori\/AER300_DS.pdf\" target=\"_blank\" rel=\"noopener\">AER 300<\/a><\/li>\n<\/ul>\n<\/div><\/div><\/div><\/section>\n<\/div><\/div><div  class='hr av-av_hr-91d7ccd583a503147498e120fee2ff9b hr-default  avia-builder-el-5  el_after_av_two_fifth  avia-builder-el-last '><span class='hr-inner '><span class=\"hr-inner-style\"><\/span><\/span><\/div><\/p>\n","protected":false},"excerpt":{"rendered":"<p>Les feutres compact\u00e9s sont \u00e9galement produits par le proc\u00e9d\u00e9 d&rsquo;aiguilletage des flocons de polyester mais subissent un second traitement.<\/p>\n","protected":false},"author":2,"featured_media":0,"parent":9246,"menu_order":2,"comment_status":"open","ping_status":"open","template":"","meta":{"footnotes":""},"class_list":["post-9320","page","type-page","status-publish","hentry"],"_links":{"self":[{"href":"https:\/\/www.mates.it\/fr\/wp-json\/wp\/v2\/pages\/9320","targetHints":{"allow":["GET"]}}],"collection":[{"href":"https:\/\/www.mates.it\/fr\/wp-json\/wp\/v2\/pages"}],"about":[{"href":"https:\/\/www.mates.it\/fr\/wp-json\/wp\/v2\/types\/page"}],"author":[{"embeddable":true,"href":"https:\/\/www.mates.it\/fr\/wp-json\/wp\/v2\/users\/2"}],"replies":[{"embeddable":true,"href":"https:\/\/www.mates.it\/fr\/wp-json\/wp\/v2\/comments?post=9320"}],"version-history":[{"count":0,"href":"https:\/\/www.mates.it\/fr\/wp-json\/wp\/v2\/pages\/9320\/revisions"}],"up":[{"embeddable":true,"href":"https:\/\/www.mates.it\/fr\/wp-json\/wp\/v2\/pages\/9246"}],"wp:attachment":[{"href":"https:\/\/www.mates.it\/fr\/wp-json\/wp\/v2\/media?parent=9320"}],"curies":[{"name":"wp","href":"https:\/\/api.w.org\/{rel}","templated":true}]}}