{"id":9321,"date":"2016-08-04T10:00:58","date_gmt":"2016-08-04T08:00:58","guid":{"rendered":"https:\/\/www.mates.it\/prodotti\/ausiliari-di-processo\/mezzi-di-flusso\/grilles-de-drainage\/"},"modified":"2026-05-07T07:26:33","modified_gmt":"2026-05-07T05:26:33","slug":"filets-infusion","status":"publish","type":"page","link":"https:\/\/www.mates.it\/fr\/produits\/materiaux-de-procede\/moyens-de-flux\/filets-infusion\/","title":{"rendered":"Filets drainant"},"content":{"rendered":"<div  class='flex_column av-av_three_fifth-7714eba142aeda1f8b5272a3c372b279 av_three_fifth  avia-builder-el-0  el_before_av_two_fifth  avia-builder-el-first  first flex_column_div  '     ><p>\n<style type=\"text\/css\" data-created_by=\"avia_inline_auto\" id=\"style-css-av-ljg02sul-639eae46ed735b75448117157f83b6d2\">\n#top .av-special-heading.av-ljg02sul-639eae46ed735b75448117157f83b6d2{\npadding-bottom:10px;\n}\nbody .av-special-heading.av-ljg02sul-639eae46ed735b75448117157f83b6d2 .av-special-heading-tag .heading-char{\nfont-size:25px;\n}\n.av-special-heading.av-ljg02sul-639eae46ed735b75448117157f83b6d2 .av-subheading{\nfont-size:15px;\n}\n<\/style>\n<div  class='av-special-heading av-ljg02sul-639eae46ed735b75448117157f83b6d2 av-special-heading-h1  avia-builder-el-1  el_before_av_textblock  avia-builder-el-first  custom-h1-title'><h1 class='av-special-heading-tag '  >Filets drainant<\/h1><div class=\"special-heading-border\"><div class=\"special-heading-inner-border\"><\/div><\/div><\/div><br \/>\n<section  class='av_textblock_section av-ljg035qs-4beeae9c559e4ad27d2c6835cf93ef8f '  ><div class='avia_textblock' ><p>Le filet drainant est un produit consommable sp\u00e9cifique pour acc\u00e9l\u00e9rer l&rsquo;\u00e9coulement de la r\u00e9sine \u00e0 l&rsquo;int\u00e9rieur du sac sous vide, favorisant une impr\u00e9gnation correcte des tissus dans des proc\u00e9d\u00e9s tels que l&rsquo;infusion ou dans des proc\u00e9d\u00e9s appel\u00e9s VARTM (Vacuum Assisted Resin Transfer Moulding). Le filet est tr\u00e8s utile dans les zones \u00e0 grand nombre de couches, positionn\u00e9es sur les bords et les zones \u00e9loign\u00e9es du moule ou sur toute la surface de celui-ci, pour les grands moules et\/ou pour les infusions avec de la r\u00e9sine de viscosit\u00e9 moyenne. Nous avons s\u00e9lectionn\u00e9 les meilleurs types de filets d&rsquo;infusion, diff\u00e9rentes en drapabilit\u00e9, vitesse d&rsquo;\u00e9coulement et couplage possible avec nos films perfor\u00e9s, donc des emballages pr\u00eats \u00e0 l&#8217;emploi qui parviennent \u00e0 assurer une augmentation de la vitesse dans la production d&rsquo;un produit composite.<\/p>\n<\/div><\/section><\/p><\/div><div  class='flex_column av-av_two_fifth-f1c518e9ff58e869f80c8f093487abc9 av_two_fifth  avia-builder-el-3  el_after_av_three_fifth  el_before_av_hr  flex_column_div  '     ><style type=\"text\/css\" data-created_by=\"avia_inline_auto\" id=\"style-css-av-ljg04t8m-1f7bfee7973495bf867f6b719df3e756\">\n#top .togglecontainer.av-ljg04t8m-1f7bfee7973495bf867f6b719df3e756 h4.toggler{\nfont-size:14px;\n}\n#top .togglecontainer.av-ljg04t8m-1f7bfee7973495bf867f6b719df3e756 h4.toggler.activeTitle{\ncolor:#ffffff;\nborder-color:#ffffff;\nbackground-color:#2682d3;\n}\n<\/style>\n<div  class='togglecontainer av-ljg04t8m-1f7bfee7973495bf867f6b719df3e756  avia-builder-el-4  avia-builder-el-no-sibling  accordion_product toggle_close_all hasCurrentStyle' >\n<section class='av_toggle_section av-ljg04oqs-22405a3e898d240f9da9f7ed1e881805' ><div role=\"tablist\" class=\"single_toggle\" data-tags=\"{Tout} \"  ><h4 id='toggle-toggle-id-1' data-fake-id='#toggle-id-1' class='toggler  activeTitle av-title-above '  role='tab' tabindex='0' aria-controls='toggle-id-1' data-slide-speed=\"200\" data-title=\"Avantages\" data-title-open=\"\" data-aria_collapsed=\"Cliquez pour \u00e9tendre : Avantages\" data-aria_expanded=\"Cliquez pour r\u00e9duire : Avantages\">Avantages<span class=\"toggle_icon\"><span class=\"vert_icon\"><\/span><span class=\"hor_icon\"><\/span><\/span><\/h4><div id='toggle-id-1' aria-labelledby='toggle-toggle-id-1' role='region' class='toggle_wrap  active_tc av-title-above' style='display:block;' ><div class='toggle_content invers-color ' ><ul class=\"customlist1\">\n<li>Acc\u00e9l\u00e9rez votre flux<\/li>\n<li>Sp\u00e9cifications des injections \/ perfusions<\/li>\n<li>Diff\u00e9rents types<\/li>\n<li>Modularit\u00e9 maximale<\/li>\n<\/ul>\n<\/div><\/div><\/div><\/section>\n<section class='av_toggle_section av-ljg04s7v-541fc546d55a9658b3c2ec9221792004' ><div role=\"tablist\" class=\"single_toggle\" data-tags=\"{Tout} \"  ><h4 id='toggle-toggle-id-2' data-fake-id='#toggle-id-2' class='toggler  av-title-above '  role='tab' tabindex='0' aria-controls='toggle-id-2' data-slide-speed=\"200\" data-title=\"Types de produit\" data-title-open=\"\" data-aria_collapsed=\"Cliquez pour \u00e9tendre : Types de produit\" data-aria_expanded=\"Cliquez pour r\u00e9duire : Types de produit\">Types de produit<span class=\"toggle_icon\"><span class=\"vert_icon\"><\/span><span class=\"hor_icon\"><\/span><\/span><\/h4><div id='toggle-id-2' aria-labelledby='toggle-toggle-id-2' role='region' class='toggle_wrap  av-title-above'  ><div class='toggle_content invers-color ' ><ul class=\"customlist2\">\n<li><a href=\"https:\/\/fileserver.mates.it\/Prodotti\/5_Ausiliari\/TDS\/Mezzi%20di%20flusso\/RD100_DS.pdf\" target=\"_blank\" rel=\"noopener noreferrer\">RD 100<\/a><\/li>\n<li><a href=\"https:\/\/fileserver.mates.it\/Prodotti\/5_Ausiliari\/TDS\/Mezzi%20di%20flusso\/RD105_DS.pdf\" target=\"_blank\" rel=\"noopener noreferrer\">RD 105<\/a><\/li>\n<li><a href=\"https:\/\/fileserver.mates.it\/Prodotti\/5_Ausiliari\/TDS\/Mezzi%20di%20flusso\/RD130_DS.pdf\" target=\"_blank\" rel=\"noopener noreferrer\">RD 130<\/a><\/li>\n<li><a href=\"https:\/\/fileserver.mates.it\/Prodotti\/5_Ausiliari\/TDS\/Mezzi%20di%20flusso\/RD140_DS.pdf\" target=\"_blank\" rel=\"noopener noreferrer\">RD 140<\/a><\/li>\n<\/ul>\n<\/div><\/div><\/div><\/section>\n<\/div><\/div><div  class='hr av-av_hr-91d7ccd583a503147498e120fee2ff9b hr-default  avia-builder-el-5  el_after_av_two_fifth  avia-builder-el-last '><span class='hr-inner '><span class=\"hr-inner-style\"><\/span><\/span><\/div><\/p>\n","protected":false},"excerpt":{"rendered":"<p>Le filet drainant est un produit consommable sp\u00e9cifique pour acc\u00e9l\u00e9rer l&rsquo;\u00e9coulement de la r\u00e9sine \u00e0 l&rsquo;int\u00e9rieur du sac sous vide, favorisant une impr\u00e9gnation correcte des fibres.<\/p>\n","protected":false},"author":2,"featured_media":0,"parent":9244,"menu_order":1,"comment_status":"open","ping_status":"open","template":"","meta":{"footnotes":""},"class_list":["post-9321","page","type-page","status-publish","hentry"],"_links":{"self":[{"href":"https:\/\/www.mates.it\/fr\/wp-json\/wp\/v2\/pages\/9321","targetHints":{"allow":["GET"]}}],"collection":[{"href":"https:\/\/www.mates.it\/fr\/wp-json\/wp\/v2\/pages"}],"about":[{"href":"https:\/\/www.mates.it\/fr\/wp-json\/wp\/v2\/types\/page"}],"author":[{"embeddable":true,"href":"https:\/\/www.mates.it\/fr\/wp-json\/wp\/v2\/users\/2"}],"replies":[{"embeddable":true,"href":"https:\/\/www.mates.it\/fr\/wp-json\/wp\/v2\/comments?post=9321"}],"version-history":[{"count":1,"href":"https:\/\/www.mates.it\/fr\/wp-json\/wp\/v2\/pages\/9321\/revisions"}],"predecessor-version":[{"id":21309,"href":"https:\/\/www.mates.it\/fr\/wp-json\/wp\/v2\/pages\/9321\/revisions\/21309"}],"up":[{"embeddable":true,"href":"https:\/\/www.mates.it\/fr\/wp-json\/wp\/v2\/pages\/9244"}],"wp:attachment":[{"href":"https:\/\/www.mates.it\/fr\/wp-json\/wp\/v2\/media?parent=9321"}],"curies":[{"name":"wp","href":"https:\/\/api.w.org\/{rel}","templated":true}]}}