{"id":9322,"date":"2016-08-04T10:19:23","date_gmt":"2016-08-04T08:19:23","guid":{"rendered":"https:\/\/www.mates.it\/prodotti\/ausiliari-di-processo\/mezzi-di-flusso\/tresses-de-flux\/"},"modified":"2026-02-07T18:25:14","modified_gmt":"2026-02-07T17:25:14","slug":"tresses-de-flux","status":"publish","type":"page","link":"https:\/\/www.mates.it\/fr\/produits\/materiaux-de-procede\/moyens-de-flux\/tresses-de-flux\/","title":{"rendered":"Tresses de flux"},"content":{"rendered":"<div  class='flex_column av-av_three_fifth-7714eba142aeda1f8b5272a3c372b279 av_three_fifth  avia-builder-el-0  el_before_av_two_fifth  avia-builder-el-first  first flex_column_div  '     ><p>\n<style type=\"text\/css\" data-created_by=\"avia_inline_auto\" id=\"style-css-av-ljg1d0ht-78ec0c8c9b12008dbf2fa1cbadceada6\">\n#top .av-special-heading.av-ljg1d0ht-78ec0c8c9b12008dbf2fa1cbadceada6{\npadding-bottom:10px;\n}\nbody .av-special-heading.av-ljg1d0ht-78ec0c8c9b12008dbf2fa1cbadceada6 .av-special-heading-tag .heading-char{\nfont-size:25px;\n}\n.av-special-heading.av-ljg1d0ht-78ec0c8c9b12008dbf2fa1cbadceada6 .av-subheading{\nfont-size:15px;\n}\n<\/style>\n<div  class='av-special-heading av-ljg1d0ht-78ec0c8c9b12008dbf2fa1cbadceada6 av-special-heading-h1  avia-builder-el-1  el_before_av_textblock  avia-builder-el-first  custom-h1-title'><h1 class='av-special-heading-tag '  >Tresses de flux<\/h1><div class=\"special-heading-border\"><div class=\"special-heading-inner-border\"><\/div><\/div><\/div><br \/>\n<section  class='av_textblock_section av-ljg19fz2-3e0f5d587684b60d76a6246b525a15d6 '  ><div class='avia_textblock' ><p>Les tresses de flux sont utilis\u00e9es pour acc\u00e9l\u00e9rer l&rsquo;\u00e9coulement de la r\u00e9sine \u00e0 l&rsquo;int\u00e9rieur du sac sous vide, permettant au m\u00e9lange d&rsquo;atteindre les points les plus externes du moule dans des processus tels que l&rsquo;infusion ou dans des processus appel\u00e9s VARTM (Vacuum Assisted Resin Transfer Moulding) et extension RTM. La structure et la douceur de cette famille de produits permettent d&rsquo;optimiser le flux de r\u00e9sine vers le p\u00e9rim\u00e8tre ou dans les zones sensibles du moule, sans toutefois aller marquer le stratifi\u00e9 sous-jacent, comme cela se produit normalement \u00e0 l&rsquo;aide de spirales rigides. La vitesse d&rsquo;\u00e9coulement de la r\u00e9sine doit \u00eatre proportionnelle aux dimensions du stratifi\u00e9 et doit assurer une impr\u00e9gnation correcte de tous les tissus qu&rsquo;il contient.<\/p>\n<\/div><\/section><\/p><\/div>\n<div  class='flex_column av-av_two_fifth-f1c518e9ff58e869f80c8f093487abc9 av_two_fifth  avia-builder-el-3  el_after_av_three_fifth  el_before_av_hr  flex_column_div  '     ><style type=\"text\/css\" data-created_by=\"avia_inline_auto\" id=\"style-css-av-ljg1cvxi-d2c823cdef3c51e4dc19a2227cc930ed\">\n#top .togglecontainer.av-ljg1cvxi-d2c823cdef3c51e4dc19a2227cc930ed h4.toggler{\nfont-size:14px;\n}\n#top .togglecontainer.av-ljg1cvxi-d2c823cdef3c51e4dc19a2227cc930ed h4.toggler.activeTitle{\ncolor:#ffffff;\nborder-color:#ffffff;\nbackground-color:#2682d3;\n}\n<\/style>\n<div  class='togglecontainer av-ljg1cvxi-d2c823cdef3c51e4dc19a2227cc930ed  avia-builder-el-4  avia-builder-el-no-sibling  accordion_product toggle_close_all hasCurrentStyle' >\n<section class='av_toggle_section av-ljg1crkj-fe47f1d832ff88a8282a5bbba3648193' ><div role=\"tablist\" class=\"single_toggle\" data-tags=\"{Tout} \"  ><h4 id='toggle-toggle-id-1' data-fake-id='#toggle-id-1' class='toggler  activeTitle av-title-above '  role='tab' tabindex='0' aria-controls='toggle-id-1' data-slide-speed=\"200\" data-title=\"Avantages\" data-title-open=\"\" data-aria_collapsed=\"Cliquez pour \u00e9tendre : Avantages\" data-aria_expanded=\"Cliquez pour r\u00e9duire : Avantages\">Avantages<span class=\"toggle_icon\"><span class=\"vert_icon\"><\/span><span class=\"hor_icon\"><\/span><\/span><\/h4><div id='toggle-id-1' aria-labelledby='toggle-toggle-id-1' role='region' class='toggle_wrap  active_tc av-title-above' style='display:block;' ><div class='toggle_content invers-color ' ><ul class=\"customlist1\">\n<li>Hautement conformable<\/li>\n<li>Augmentation de la vitesse d&rsquo;\u00e9coulement<\/li>\n<li>Ils ne marquent pas le stratifi\u00e9<\/li>\n<li>Diff\u00e9rents types<\/li>\n<\/ul>\n<\/div><\/div><\/div><\/section>\n<section class='av_toggle_section av-ljg1cuta-a84a03870881ec8c54f949ed436a7599' ><div role=\"tablist\" class=\"single_toggle\" data-tags=\"{Tout} \"  ><h4 id='toggle-toggle-id-2' data-fake-id='#toggle-id-2' class='toggler  av-title-above '  role='tab' tabindex='0' aria-controls='toggle-id-2' data-slide-speed=\"200\" data-title=\"Types de produit\" data-title-open=\"\" data-aria_collapsed=\"Cliquez pour \u00e9tendre : Types de produit\" data-aria_expanded=\"Cliquez pour r\u00e9duire : Types de produit\">Types de produit<span class=\"toggle_icon\"><span class=\"vert_icon\"><\/span><span class=\"hor_icon\"><\/span><\/span><\/h4><div id='toggle-id-2' aria-labelledby='toggle-toggle-id-2' role='region' class='toggle_wrap  av-title-above'  ><div class='toggle_content invers-color ' ><ul class=\"customlist2\">\n<li><a href=\"https:\/\/fileserver.mates.it\/Prodotti\/5_Ausiliari\/TDS\/Mezzi%20di%20flusso\/TD_DS.pdf\" target=\"_blank\" rel=\"noopener noreferrer\">TD Series<\/a><\/li>\n<\/ul>\n<\/div><\/div><\/div><\/section>\n<\/div><\/div><div  class='hr av-av_hr-91d7ccd583a503147498e120fee2ff9b hr-default  avia-builder-el-5  el_after_av_two_fifth  avia-builder-el-last '><span class='hr-inner '><span class=\"hr-inner-style\"><\/span><\/span><\/div><\/p>\n","protected":false},"excerpt":{"rendered":"<p>Les tresses de flux sont utilis\u00e9es pour acc\u00e9l\u00e9rer l&rsquo;\u00e9coulement de la r\u00e9sine permettant au m\u00e9lange d&rsquo;atteindre les points les plus ext\u00e9rieurs du moule.<\/p>\n","protected":false},"author":2,"featured_media":0,"parent":9244,"menu_order":2,"comment_status":"open","ping_status":"open","template":"","meta":{"footnotes":""},"class_list":["post-9322","page","type-page","status-publish","hentry"],"_links":{"self":[{"href":"https:\/\/www.mates.it\/fr\/wp-json\/wp\/v2\/pages\/9322","targetHints":{"allow":["GET"]}}],"collection":[{"href":"https:\/\/www.mates.it\/fr\/wp-json\/wp\/v2\/pages"}],"about":[{"href":"https:\/\/www.mates.it\/fr\/wp-json\/wp\/v2\/types\/page"}],"author":[{"embeddable":true,"href":"https:\/\/www.mates.it\/fr\/wp-json\/wp\/v2\/users\/2"}],"replies":[{"embeddable":true,"href":"https:\/\/www.mates.it\/fr\/wp-json\/wp\/v2\/comments?post=9322"}],"version-history":[{"count":1,"href":"https:\/\/www.mates.it\/fr\/wp-json\/wp\/v2\/pages\/9322\/revisions"}],"predecessor-version":[{"id":21158,"href":"https:\/\/www.mates.it\/fr\/wp-json\/wp\/v2\/pages\/9322\/revisions\/21158"}],"up":[{"embeddable":true,"href":"https:\/\/www.mates.it\/fr\/wp-json\/wp\/v2\/pages\/9244"}],"wp:attachment":[{"href":"https:\/\/www.mates.it\/fr\/wp-json\/wp\/v2\/media?parent=9322"}],"curies":[{"name":"wp","href":"https:\/\/api.w.org\/{rel}","templated":true}]}}