{"id":9323,"date":"2016-08-04T10:19:29","date_gmt":"2016-08-04T08:19:29","guid":{"rendered":"https:\/\/www.mates.it\/prodotti\/ausiliari-di-processo\/mezzi-di-flusso\/tube-spirales\/"},"modified":"2023-10-14T14:39:48","modified_gmt":"2023-10-14T12:39:48","slug":"gaine-spiralee","status":"publish","type":"page","link":"https:\/\/www.mates.it\/fr\/produits\/materiaux-de-procede\/moyens-de-flux\/gaine-spiralee\/","title":{"rendered":"Gaine spiral\u00e9e"},"content":{"rendered":"<\/p>\n<div  class='flex_column av-av_three_fifth-7714eba142aeda1f8b5272a3c372b279 av_three_fifth  avia-builder-el-0  el_before_av_two_fifth  avia-builder-el-first  first flex_column_div  '     ><p>\n<style type=\"text\/css\" data-created_by=\"avia_inline_auto\" id=\"style-css-av-ljg2a1we-45696f08be809034865c55e073452744\">\n#top .av-special-heading.av-ljg2a1we-45696f08be809034865c55e073452744{\npadding-bottom:10px;\n}\nbody .av-special-heading.av-ljg2a1we-45696f08be809034865c55e073452744 .av-special-heading-tag .heading-char{\nfont-size:25px;\n}\n.av-special-heading.av-ljg2a1we-45696f08be809034865c55e073452744 .av-subheading{\nfont-size:15px;\n}\n<\/style>\n<div  class='av-special-heading av-ljg2a1we-45696f08be809034865c55e073452744 av-special-heading-h1  avia-builder-el-1  el_before_av_textblock  avia-builder-el-first  custom-h1-title'><h1 class='av-special-heading-tag '  >Gaine spiral\u00e9e<\/h1><div class=\"special-heading-border\"><div class=\"special-heading-inner-border\"><\/div><\/div><\/div><br \/>\n<section  class='av_textblock_section av-ljg2aplj-b9749a6cd340211262d6ddbd8f52dd41 '  ><div class='avia_textblock' ><p>Les gaines de drainage spiral\u00e9es sont normalement utilis\u00e9es dans les proc\u00e9d\u00e9s d&rsquo;infusion sous vide. La structure de ce produit permet d&rsquo;optimiser l&rsquo;\u00e9coulement de la r\u00e9sine vers le pourtour et les points difficiles du moule, en orientant la d\u00e9pression qui sera ensuite combl\u00e9e et remplac\u00e9e par le fluide. Ce type de drainage pourrait marquer l\u00e9g\u00e8rement la surface interne du produit dans les stratifi\u00e9s \u00e0 grand nombre de peaux. Nous avons s\u00e9lectionn\u00e9 les meilleurs types de gaines spiral\u00e9es, diff\u00e9rentes en taille et en diam\u00e8tre final (donc en terme de contenance), des emballages pr\u00eats \u00e0 l&#8217;emploi capables d&rsquo;assurer une mont\u00e9e en cadence dans la fabrication d&rsquo;un produit composite, adaptables aux dimensions du moule et aux besoins du processus.<\/p>\n<\/div><\/section><\/p><\/div><div  class='flex_column av-av_two_fifth-f1c518e9ff58e869f80c8f093487abc9 av_two_fifth  avia-builder-el-3  el_after_av_three_fifth  el_before_av_hr  flex_column_div  '     ><style type=\"text\/css\" data-created_by=\"avia_inline_auto\" id=\"style-css-av-ljg2bk5i-ab66c62b569bcdd6aa365fc77cf4d57f\">\n#top .togglecontainer.av-ljg2bk5i-ab66c62b569bcdd6aa365fc77cf4d57f h4.toggler{\nfont-size:14px;\n}\n#top .togglecontainer.av-ljg2bk5i-ab66c62b569bcdd6aa365fc77cf4d57f h4.toggler.activeTitle{\ncolor:#ffffff;\nborder-color:#ffffff;\nbackground-color:#2682d3;\n}\n<\/style>\n<div  class='togglecontainer av-ljg2bk5i-ab66c62b569bcdd6aa365fc77cf4d57f  avia-builder-el-4  avia-builder-el-no-sibling  accordion_product toggle_close_all hasCurrentStyle' >\n<section class='av_toggle_section av-ljg2bf0n-4eb204ded41122d959c22597554da57e' ><div role=\"tablist\" class=\"single_toggle\" data-tags=\"{Tout} \"  ><h4 id='toggle-toggle-id-1' data-fake-id='#toggle-id-1' class='toggler  activeTitle av-title-above '  role='tab' tabindex='0' aria-controls='toggle-id-1' data-slide-speed=\"200\" data-title=\"Avantages\" data-title-open=\"\" data-aria_collapsed=\"Cliquez pour \u00e9tendre : Avantages\" data-aria_expanded=\"Cliquez pour r\u00e9duire : Avantages\">Avantages<span class=\"toggle_icon\"><span class=\"vert_icon\"><\/span><span class=\"hor_icon\"><\/span><\/span><\/h4><div id='toggle-id-1' aria-labelledby='toggle-toggle-id-1' role='region' class='toggle_wrap  active_tc av-title-above' style='display:block;' ><div class='toggle_content invers-color ' ><ul class=\"customlist1\">\n<li>Augmentation du d\u00e9bit<\/li>\n<li>D\u00e9filement \u00e0 grande vitesse<\/li>\n<li>Diff\u00e9rents types<\/li>\n<li>Compatible avec toutes les r\u00e9sines<\/li>\n<\/ul>\n<\/div><\/div><\/div><\/section>\n<section class='av_toggle_section av-ljg2bjht-c84e4adb5a0338f853ffa8ca244f19d1' ><div role=\"tablist\" class=\"single_toggle\" data-tags=\"{Tout} \"  ><h4 id='toggle-toggle-id-2' data-fake-id='#toggle-id-2' class='toggler  av-title-above '  role='tab' tabindex='0' aria-controls='toggle-id-2' data-slide-speed=\"200\" data-title=\"Types de produit\" data-title-open=\"\" data-aria_collapsed=\"Cliquez pour \u00e9tendre : Types de produit\" data-aria_expanded=\"Cliquez pour r\u00e9duire : Types de produit\">Types de produit<span class=\"toggle_icon\"><span class=\"vert_icon\"><\/span><span class=\"hor_icon\"><\/span><\/span><\/h4><div id='toggle-id-2' aria-labelledby='toggle-toggle-id-2' role='region' class='toggle_wrap  av-title-above'  ><div class='toggle_content invers-color ' ><ul class=\"customlist2\">\n<li><a href=\"https:\/\/fileserver.mates.it\/Prodotti\/5_Ausiliari\/TDS\/Mezzi%20di%20flusso\/SD_DS.pdf\" target=\"_blank\" rel=\"noopener\">SD Series<\/a><\/li>\n<\/ul>\n<\/div><\/div><\/div><\/section>\n<\/div><\/div><div  class='hr av-av_hr-91d7ccd583a503147498e120fee2ff9b hr-default  avia-builder-el-5  el_after_av_two_fifth  avia-builder-el-last '><span class='hr-inner '><span class=\"hr-inner-style\"><\/span><\/span><\/div><\/p>\n","protected":false},"excerpt":{"rendered":"<p>Les gaines de drainage spiral\u00e9es sont normalement utilis\u00e9es dans les proc\u00e9d\u00e9s d&rsquo;infusion sous vide, elles permettent d&rsquo;optimiser l&rsquo;\u00e9coulement de la r\u00e9sine vers le p\u00e9rim\u00e8tre et les points difficiles.<\/p>\n","protected":false},"author":2,"featured_media":0,"parent":9244,"menu_order":3,"comment_status":"open","ping_status":"open","template":"","meta":{"footnotes":""},"class_list":["post-9323","page","type-page","status-publish","hentry"],"_links":{"self":[{"href":"https:\/\/www.mates.it\/fr\/wp-json\/wp\/v2\/pages\/9323","targetHints":{"allow":["GET"]}}],"collection":[{"href":"https:\/\/www.mates.it\/fr\/wp-json\/wp\/v2\/pages"}],"about":[{"href":"https:\/\/www.mates.it\/fr\/wp-json\/wp\/v2\/types\/page"}],"author":[{"embeddable":true,"href":"https:\/\/www.mates.it\/fr\/wp-json\/wp\/v2\/users\/2"}],"replies":[{"embeddable":true,"href":"https:\/\/www.mates.it\/fr\/wp-json\/wp\/v2\/comments?post=9323"}],"version-history":[{"count":0,"href":"https:\/\/www.mates.it\/fr\/wp-json\/wp\/v2\/pages\/9323\/revisions"}],"up":[{"embeddable":true,"href":"https:\/\/www.mates.it\/fr\/wp-json\/wp\/v2\/pages\/9244"}],"wp:attachment":[{"href":"https:\/\/www.mates.it\/fr\/wp-json\/wp\/v2\/media?parent=9323"}],"curies":[{"name":"wp","href":"https:\/\/api.w.org\/{rel}","templated":true}]}}