{"id":9324,"date":"2016-08-04T12:10:50","date_gmt":"2016-08-04T10:10:50","guid":{"rendered":"https:\/\/www.mates.it\/prodotti\/ausiliari-di-processo\/sigillanti-nastri\/mastics-de-butyle\/"},"modified":"2023-10-03T23:32:06","modified_gmt":"2023-10-03T21:32:06","slug":"mastics-etancheite","status":"publish","type":"page","link":"https:\/\/www.mates.it\/fr\/produits\/materiaux-de-procede\/scellants-rubans\/mastics-etancheite\/","title":{"rendered":"Mastics d&rsquo;\u00e9tanch\u00e9it\u00e9"},"content":{"rendered":"<div  class='flex_column av-av_three_fifth-7714eba142aeda1f8b5272a3c372b279 av_three_fifth  avia-builder-el-0  el_before_av_two_fifth  avia-builder-el-first  first flex_column_div  '     ><p>\n<style type=\"text\/css\" data-created_by=\"avia_inline_auto\" id=\"style-css-av-ljg3nq4y-b33c44c671a41ef8bcdd7a11cef46b26\">\n#top .av-special-heading.av-ljg3nq4y-b33c44c671a41ef8bcdd7a11cef46b26{\npadding-bottom:10px;\n}\nbody .av-special-heading.av-ljg3nq4y-b33c44c671a41ef8bcdd7a11cef46b26 .av-special-heading-tag .heading-char{\nfont-size:25px;\n}\n.av-special-heading.av-ljg3nq4y-b33c44c671a41ef8bcdd7a11cef46b26 .av-subheading{\nfont-size:15px;\n}\n<\/style>\n<div  class='av-special-heading av-ljg3nq4y-b33c44c671a41ef8bcdd7a11cef46b26 av-special-heading-h1  avia-builder-el-1  el_before_av_textblock  avia-builder-el-first  custom-h1-title'><h1 class='av-special-heading-tag '  >Mastics d\u2019\u00e9tanch\u00e9it\u00e9<\/h1><div class=\"special-heading-border\"><div class=\"special-heading-inner-border\"><\/div><\/div><\/div><br \/>\n<section  class='av_textblock_section av-ljg3pf4b-b78b12cdd39b1f60356002a10d232a20 '  ><div class='avia_textblock' ><p>Une large gamme des meilleurs mastics d&rsquo;\u00e9tanch\u00e9it\u00e9 au butyle en version pr\u00e9form\u00e9e, sp\u00e9cialement con\u00e7ue pour fermer facilement tout type de sac sous vide, en fonction des besoins individuels des principales entreprises du secteur. Utilisables, selon le type, dans tous les principaux processus de production mis en \u0153uvre dans le monde des mat\u00e9riaux composites avanc\u00e9s, ils se caract\u00e9risent par un module \u00e9lev\u00e9, une r\u00e9sistance \u00e0 la traction \u00e9lev\u00e9e et une adh\u00e9rence \u00e9lev\u00e9e \u00e0 toute surface. Ils peuvent \u00e9galement \u00eatre utilis\u00e9s pour cr\u00e9er des joints temporaires. La grande versatilit\u00e9 de cette famille de produits simplifie consid\u00e9rablement le travail de l&rsquo;op\u00e9rateur \u00e9galement gr\u00e2ce \u00e0 sa facilit\u00e9 d&rsquo;application et de retrait \u00e0 temp\u00e9rature ambiante, laissant les surfaces des moules propres. Les mastics d&rsquo;\u00e9tanch\u00e9it\u00e9 sont principalement class\u00e9s par \u00e9paisseur, largeur, pouvoir adh\u00e9sif et temp\u00e9rature maximale d&rsquo;utilisation.<\/p>\n<\/div><\/section><\/p><\/div>\n<div  class='flex_column av-av_two_fifth-f1c518e9ff58e869f80c8f093487abc9 av_two_fifth  avia-builder-el-3  el_after_av_three_fifth  el_before_av_hr  flex_column_div  '     ><style type=\"text\/css\" data-created_by=\"avia_inline_auto\" id=\"style-css-av-ljg3qo5m-9dacd5863eda024450628e57a46e7697\">\n#top .togglecontainer.av-ljg3qo5m-9dacd5863eda024450628e57a46e7697 h4.toggler{\nfont-size:14px;\n}\n#top .togglecontainer.av-ljg3qo5m-9dacd5863eda024450628e57a46e7697 h4.toggler.activeTitle{\ncolor:#ffffff;\nborder-color:#ffffff;\nbackground-color:#2682d3;\n}\n<\/style>\n<div  class='togglecontainer av-ljg3qo5m-9dacd5863eda024450628e57a46e7697  avia-builder-el-4  avia-builder-el-no-sibling  accordion_product toggle_close_all hasCurrentStyle' >\n<section class='av_toggle_section av-ljg3q3k9-d34b260587b4ea23514f0d2d7a38cec3' ><div role=\"tablist\" class=\"single_toggle\" data-tags=\"{Tout} \"  ><h4 id='toggle-toggle-id-1' data-fake-id='#toggle-id-1' class='toggler  activeTitle av-title-above '  role='tab' tabindex='0' aria-controls='toggle-id-1' data-slide-speed=\"200\" data-title=\"M-SEAL\" data-title-open=\"\" data-aria_collapsed=\"Cliquez pour \u00e9tendre : M-SEAL\" data-aria_expanded=\"Cliquez pour r\u00e9duire : M-SEAL\">M-SEAL<span class=\"toggle_icon\"><span class=\"vert_icon\"><\/span><span class=\"hor_icon\"><\/span><\/span><\/h4><div id='toggle-id-1' aria-labelledby='toggle-toggle-id-1' role='region' class='toggle_wrap  active_tc av-title-above' style='display:block;' ><div class='toggle_content invers-color ' ><ul class=\"customlist1\">\n<li><a href=\"https:\/\/fileserver.mates.it\/Prodotti\/5_Ausiliari\/TDS\/Sigillanti_Nastri\/MS_NERO_DS.pdf\" target=\"_blank\" rel=\"noopener noreferrer\">Noir<\/a><\/li>\n<li><a href=\"https:\/\/fileserver.mates.it\/Prodotti\/5_Ausiliari\/TDS\/Sigillanti_Nastri\/MS_BIANCO_DS.pdf\" target=\"_blank\" rel=\"noopener noreferrer\">Blanc<\/a><\/li>\n<\/ul>\n<\/div><\/div><\/div><\/section>\n<section class='av_toggle_section av-ljg3qeq1-4b6b37cefa8b17485306b51a51795372' ><div role=\"tablist\" class=\"single_toggle\" data-tags=\"{Tout} \"  ><h4 id='toggle-toggle-id-2' data-fake-id='#toggle-id-2' class='toggler  av-title-above '  role='tab' tabindex='0' aria-controls='toggle-id-2' data-slide-speed=\"200\" data-title=\"M-SEAL ECO\" data-title-open=\"\" data-aria_collapsed=\"Cliquez pour \u00e9tendre : M-SEAL ECO\" data-aria_expanded=\"Cliquez pour r\u00e9duire : M-SEAL ECO\">M-SEAL ECO<span class=\"toggle_icon\"><span class=\"vert_icon\"><\/span><span class=\"hor_icon\"><\/span><\/span><\/h4><div id='toggle-id-2' aria-labelledby='toggle-toggle-id-2' role='region' class='toggle_wrap  av-title-above'  ><div class='toggle_content invers-color ' ><ul class=\"customlist2\">\n<li><a href=\"https:\/\/fileserver.mates.it\/Prodotti\/5_Ausiliari\/TDS\/Sigillanti_Nastri\/MS_ECO_NERO_DS.pdf\" target=\"_blank\" rel=\"noopener noreferrer\">Noir<\/a><\/li>\n<li><a href=\"https:\/\/fileserver.mates.it\/Prodotti\/5_Ausiliari\/TDS\/Sigillanti_Nastri\/MS_ECO_GRIGIO_DS.pdf\" target=\"_blank\" rel=\"noopener noreferrer\">Gris<\/a><\/li>\n<\/ul>\n<\/div><\/div><\/div><\/section>\n<section class='av_toggle_section av-ljg3qnal-79a121ba69b33230e82c9fec8bd5f82c' ><div role=\"tablist\" class=\"single_toggle\" data-tags=\"{Tout} \"  ><h4 id='toggle-toggle-id-3' data-fake-id='#toggle-id-3' class='toggler  av-title-above '  role='tab' tabindex='0' aria-controls='toggle-id-3' data-slide-speed=\"200\" data-title=\"M-SEAL HT\" data-title-open=\"\" data-aria_collapsed=\"Cliquez pour \u00e9tendre : M-SEAL HT\" data-aria_expanded=\"Cliquez pour r\u00e9duire : M-SEAL HT\">M-SEAL HT<span class=\"toggle_icon\"><span class=\"vert_icon\"><\/span><span class=\"hor_icon\"><\/span><\/span><\/h4><div id='toggle-id-3' aria-labelledby='toggle-toggle-id-3' role='region' class='toggle_wrap  av-title-above'  ><div class='toggle_content invers-color ' ><ul>\n<li><a href=\"https:\/\/fileserver.mates.it\/Prodotti\/5_Ausiliari\/TDS\/Sigillanti_Nastri\/MS_HT_NERO_DS.pdf\" target=\"_blank\" rel=\"noopener noreferrer\">Noir<\/a><\/li>\n<li><a href=\"https:\/\/fileserver.mates.it\/Prodotti\/5_Ausiliari\/TDS\/Sigillanti_Nastri\/MS_HT_GIALLO_DS.pdf\" target=\"_blank\" rel=\"noopener noreferrer\">Jaune<\/a><\/li>\n<\/ul>\n<\/div><\/div><\/div><\/section>\n<\/div><\/div><div  class='hr av-av_hr-91d7ccd583a503147498e120fee2ff9b hr-default  avia-builder-el-5  el_after_av_two_fifth  avia-builder-el-last '><span class='hr-inner '><span class=\"hr-inner-style\"><\/span><\/span><\/div><\/p>\n","protected":false},"excerpt":{"rendered":"<p>Une large gamme des meilleurs mastics d&rsquo;\u00e9tanch\u00e9it\u00e9 au butyle en version pr\u00e9form\u00e9e, sp\u00e9cialement con\u00e7us pour fermer facilement tout type de sac sous vide, en fonction des besoins individuels.<\/p>\n","protected":false},"author":2,"featured_media":0,"parent":9250,"menu_order":1,"comment_status":"open","ping_status":"open","template":"","meta":{"footnotes":""},"class_list":["post-9324","page","type-page","status-publish","hentry"],"_links":{"self":[{"href":"https:\/\/www.mates.it\/fr\/wp-json\/wp\/v2\/pages\/9324","targetHints":{"allow":["GET"]}}],"collection":[{"href":"https:\/\/www.mates.it\/fr\/wp-json\/wp\/v2\/pages"}],"about":[{"href":"https:\/\/www.mates.it\/fr\/wp-json\/wp\/v2\/types\/page"}],"author":[{"embeddable":true,"href":"https:\/\/www.mates.it\/fr\/wp-json\/wp\/v2\/users\/2"}],"replies":[{"embeddable":true,"href":"https:\/\/www.mates.it\/fr\/wp-json\/wp\/v2\/comments?post=9324"}],"version-history":[{"count":0,"href":"https:\/\/www.mates.it\/fr\/wp-json\/wp\/v2\/pages\/9324\/revisions"}],"up":[{"embeddable":true,"href":"https:\/\/www.mates.it\/fr\/wp-json\/wp\/v2\/pages\/9250"}],"wp:attachment":[{"href":"https:\/\/www.mates.it\/fr\/wp-json\/wp\/v2\/media?parent=9324"}],"curies":[{"name":"wp","href":"https:\/\/api.w.org\/{rel}","templated":true}]}}