{"id":9329,"date":"2016-08-05T12:53:21","date_gmt":"2016-08-05T10:53:21","guid":{"rendered":"https:\/\/www.mates.it\/prodotti\/strumenti-attrezzature\/tubi-raccordi-attacchi\/connecteurs-robinets\/"},"modified":"2023-06-30T23:42:47","modified_gmt":"2023-06-30T21:42:47","slug":"coupleurs-robinets","status":"publish","type":"page","link":"https:\/\/www.mates.it\/fr\/produits\/outillage-accessoires\/tubes-raccords-connexions\/coupleurs-robinets\/","title":{"rendered":"Coupleurs \/ Robinets"},"content":{"rendered":"<div  class='flex_column av-av_three_fifth-7714eba142aeda1f8b5272a3c372b279 av_three_fifth  avia-builder-el-0  el_before_av_two_fifth  avia-builder-el-first  first flex_column_div  '     ><p>\n<style type=\"text\/css\" data-created_by=\"avia_inline_auto\" id=\"style-css-av-ljj3orok-1e96b4d8ed3496c719e39daa670155ed\">\n#top .av-special-heading.av-ljj3orok-1e96b4d8ed3496c719e39daa670155ed{\npadding-bottom:10px;\n}\nbody .av-special-heading.av-ljj3orok-1e96b4d8ed3496c719e39daa670155ed .av-special-heading-tag .heading-char{\nfont-size:25px;\n}\n.av-special-heading.av-ljj3orok-1e96b4d8ed3496c719e39daa670155ed .av-subheading{\nfont-size:15px;\n}\n<\/style>\n<div  class='av-special-heading av-ljj3orok-1e96b4d8ed3496c719e39daa670155ed av-special-heading-h1  avia-builder-el-1  el_before_av_textblock  avia-builder-el-first  custom-h1-title'><h1 class='av-special-heading-tag '  >Coupleurs \/ Robinets<\/h1><div class=\"special-heading-border\"><div class=\"special-heading-inner-border\"><\/div><\/div><\/div><br \/>\n<section  class='av_textblock_section av-ljj3nq2g-5f14149de5288e60e891fcb0ddc211d5 '  ><div class='avia_textblock' ><p>Coupleurs et r\u00e9ducteurs utiles pour raccorder des tuyaux, des raccords ou d&rsquo;autres accessoires qui composent la ligne de vide et caract\u00e9risent le processus. Une s\u00e9rie de raccords pour les processus de production de composants composites les plus divers, parfaitement compatibles entre eux et avec tous les autres auxiliaires. Afin d&rsquo;offrir un ensemble complet, Mates a d\u00e9cid\u00e9 de s\u00e9lectionner une gamme de robinets et de vannes \u00e0 bille utiles pour r\u00e9guler ou interrompre compl\u00e8tement le flux des fluides. Disponibles en plastique et en laiton, ils peuvent \u00eatre utilis\u00e9s dans diff\u00e9rents secteurs. Parfaitement compatibles entre eux et avec tous les autres auxiliaires propos\u00e9s, ces articles compl\u00e8tent notre gamme d&rsquo;accessoires pour les processus de fabrication de mat\u00e9riaux composites.<\/p>\n<div style=\"width: 100%;\"><\/div>\n<\/div><\/section><\/p><\/div><div  class='flex_column av-av_two_fifth-f1c518e9ff58e869f80c8f093487abc9 av_two_fifth  avia-builder-el-3  el_after_av_three_fifth  el_before_av_hr  flex_column_div  '     ><style type=\"text\/css\" data-created_by=\"avia_inline_auto\" id=\"style-css-av-ljj3om6t-50e0af41a5d7b32698f143a54031295c\">\n#top .togglecontainer.av-ljj3om6t-50e0af41a5d7b32698f143a54031295c h4.toggler{\nfont-size:14px;\n}\n#top .togglecontainer.av-ljj3om6t-50e0af41a5d7b32698f143a54031295c h4.toggler.activeTitle{\ncolor:#ffffff;\nborder-color:#ffffff;\nbackground-color:#2682d3;\n}\n<\/style>\n<div  class='togglecontainer av-ljj3om6t-50e0af41a5d7b32698f143a54031295c  avia-builder-el-4  avia-builder-el-no-sibling  accordion_product toggle_close_all hasCurrentStyle' >\n<section class='av_toggle_section av-ljj3o35o-95ddfa43124161fadc945867486a16ae' ><div role=\"tablist\" class=\"single_toggle\" data-tags=\"{Tout} \"  ><h4 id='toggle-toggle-id-1' data-fake-id='#toggle-id-1' class='toggler  activeTitle av-title-above '  role='tab' tabindex='0' aria-controls='toggle-id-1' data-slide-speed=\"200\" data-title=\"Avantages\" data-title-open=\"\" data-aria_collapsed=\"Cliquez pour \u00e9tendre : Avantages\" data-aria_expanded=\"Cliquez pour r\u00e9duire : Avantages\">Avantages<span class=\"toggle_icon\"><span class=\"vert_icon\"><\/span><span class=\"hor_icon\"><\/span><\/span><\/h4><div id='toggle-id-1' aria-labelledby='toggle-toggle-id-1' role='region' class='toggle_wrap  active_tc av-title-above' style='display:block;' ><div class='toggle_content invers-color ' ><ul class=\"customlist1\">\n<li>Large gamme de produits<\/li>\n<li>Utile pour tous les processus de production<\/li>\n<li>Compatibilit\u00e9 parfaite<\/li>\n<li>Utilisable dans diff\u00e9rents secteurs<\/li>\n<\/ul>\n<\/div><\/div><\/div><\/section>\n<section class='av_toggle_section av-ljj3ol5n-b563bfcf303045beb20985e048a37985' ><div role=\"tablist\" class=\"single_toggle\" data-tags=\"{Tout} \"  ><h4 id='toggle-toggle-id-2' data-fake-id='#toggle-id-2' class='toggler  av-title-above '  role='tab' tabindex='0' aria-controls='toggle-id-2' data-slide-speed=\"200\" data-title=\"Types de produit\" data-title-open=\"\" data-aria_collapsed=\"Cliquez pour \u00e9tendre : Types de produit\" data-aria_expanded=\"Cliquez pour r\u00e9duire : Types de produit\">Types de produit<span class=\"toggle_icon\"><span class=\"vert_icon\"><\/span><span class=\"hor_icon\"><\/span><\/span><\/h4><div id='toggle-id-2' aria-labelledby='toggle-toggle-id-2' role='region' class='toggle_wrap  av-title-above'  ><div class='toggle_content invers-color ' ><ul class=\"customlist2\">\n<li><a href=\"https:\/\/fileserver.mates.it\/Prodotti\/7_Attrezzature\/TDS\/Mates\/Tubi_Raccordi_Attacchi\/FIT-HDPE.pdf\" target=\"_blank\" rel=\"noopener\">Raccords infusion<\/a><\/li>\n<li><a href=\"https:\/\/fileserver.mates.it\/Prodotti\/7_Attrezzature\/TDS\/Mates\/Tubi_Raccordi_Attacchi\/TAP-HDPE.pdf\" target=\"_blank\" rel=\"noopener\">Robinets<\/a><\/li>\n<\/ul>\n<\/div><\/div><\/div><\/section>\n<\/div><\/div><div  class='hr av-av_hr-91d7ccd583a503147498e120fee2ff9b hr-default  avia-builder-el-5  el_after_av_two_fifth  avia-builder-el-last '><span class='hr-inner '><span class=\"hr-inner-style\"><\/span><\/span><\/div><\/p>\n","protected":false},"excerpt":{"rendered":"<p>Coupleurs et r\u00e9ductions utiles pour raccorder des tuyaux, des raccords ou d&rsquo;autres accessoires qui composent la ligne de vide et caract\u00e9risent le processus de production de composants composites.<\/p>\n","protected":false},"author":2,"featured_media":0,"parent":9269,"menu_order":3,"comment_status":"open","ping_status":"open","template":"","meta":{"footnotes":""},"class_list":["post-9329","page","type-page","status-publish","hentry"],"_links":{"self":[{"href":"https:\/\/www.mates.it\/fr\/wp-json\/wp\/v2\/pages\/9329","targetHints":{"allow":["GET"]}}],"collection":[{"href":"https:\/\/www.mates.it\/fr\/wp-json\/wp\/v2\/pages"}],"about":[{"href":"https:\/\/www.mates.it\/fr\/wp-json\/wp\/v2\/types\/page"}],"author":[{"embeddable":true,"href":"https:\/\/www.mates.it\/fr\/wp-json\/wp\/v2\/users\/2"}],"replies":[{"embeddable":true,"href":"https:\/\/www.mates.it\/fr\/wp-json\/wp\/v2\/comments?post=9329"}],"version-history":[{"count":0,"href":"https:\/\/www.mates.it\/fr\/wp-json\/wp\/v2\/pages\/9329\/revisions"}],"up":[{"embeddable":true,"href":"https:\/\/www.mates.it\/fr\/wp-json\/wp\/v2\/pages\/9269"}],"wp:attachment":[{"href":"https:\/\/www.mates.it\/fr\/wp-json\/wp\/v2\/media?parent=9329"}],"curies":[{"name":"wp","href":"https:\/\/api.w.org\/{rel}","templated":true}]}}