{"id":9330,"date":"2016-08-05T12:53:50","date_gmt":"2016-08-05T10:53:50","guid":{"rendered":"https:\/\/www.mates.it\/prodotti\/strumenti-attrezzature\/tubi-raccordi-attacchi\/connexions-et-liens\/"},"modified":"2023-06-30T23:04:50","modified_gmt":"2023-06-30T21:04:50","slug":"raccords-connecteurs","status":"publish","type":"page","link":"https:\/\/www.mates.it\/fr\/produits\/outillage-accessoires\/tubes-raccords-connexions\/raccords-connecteurs\/","title":{"rendered":"Raccords \/ Connecteurs"},"content":{"rendered":"<div  class='flex_column av-av_three_fifth-7714eba142aeda1f8b5272a3c372b279 av_three_fifth  avia-builder-el-0  el_before_av_two_fifth  avia-builder-el-first  first flex_column_div  '     ><p>\n<style type=\"text\/css\" data-created_by=\"avia_inline_auto\" id=\"style-css-av-ljj2bzah-ee0aae56aa9aa1e3ed8d4e3d22ea583c\">\n#top .av-special-heading.av-ljj2bzah-ee0aae56aa9aa1e3ed8d4e3d22ea583c{\npadding-bottom:10px;\n}\nbody .av-special-heading.av-ljj2bzah-ee0aae56aa9aa1e3ed8d4e3d22ea583c .av-special-heading-tag .heading-char{\nfont-size:25px;\n}\n.av-special-heading.av-ljj2bzah-ee0aae56aa9aa1e3ed8d4e3d22ea583c .av-subheading{\nfont-size:15px;\n}\n<\/style>\n<div  class='av-special-heading av-ljj2bzah-ee0aae56aa9aa1e3ed8d4e3d22ea583c av-special-heading-h1  avia-builder-el-1  el_before_av_textblock  avia-builder-el-first  custom-h1-title'><h1 class='av-special-heading-tag '  >Raccords \/ Connecteurs<\/h1><div class=\"special-heading-border\"><div class=\"special-heading-inner-border\"><\/div><\/div><\/div><br \/>\n<section  class='av_textblock_section av-ljj2au7n-8c23235c478185feaf06c8ea238bca94 '  ><div class='avia_textblock' ><p>Depuis toujours, Mates commercialise tous les meilleurs types de connexion entre un sac sous vide, tubulaire ou \u00e0 feuilles, et les valves \u00e0 vide ou autres auxiliaires \u00e0 y appliquer. Une s\u00e9rie de raccords pour les processus de production de composites les plus divers, parfaitement compatibles entre eux et adaptables gr\u00e2ce \u00e0 notre gamme de connecteurs et de bouchons. En outre, nous avons s\u00e9lectionn\u00e9 les meilleurs raccords rapides, \u00e9galement connus sous le nom de connecteurs \u00e0 bille, largement utilis\u00e9s dans les principaux processus de production de composites renforc\u00e9s de fibres ainsi que dans d&rsquo;autres types d&rsquo;installations, telles que l&rsquo;industrie chimique, pour le passage de fluides allant de l&rsquo;air et de l&rsquo;eau \u00e0 des fluides tr\u00e8s agressifs. Sont \u00e9galement disponibles des raccords \u00e0 passage libre, des raccords rapides et d&rsquo;autres encore qui peuvent r\u00e9pondre aux besoins de n&rsquo;importe quelle industrie.<\/p>\n<div style=\"width: 100%;\"><\/div>\n<\/div><\/section><\/p><\/div><div  class='flex_column av-av_two_fifth-f1c518e9ff58e869f80c8f093487abc9 av_two_fifth  avia-builder-el-3  el_after_av_three_fifth  el_before_av_hr  flex_column_div  '     ><style type=\"text\/css\" data-created_by=\"avia_inline_auto\" id=\"style-css-av-ljj2bunv-1ccfeb0103b6b46e0f45780eb7574f14\">\n#top .togglecontainer.av-ljj2bunv-1ccfeb0103b6b46e0f45780eb7574f14 h4.toggler{\nfont-size:14px;\n}\n#top .togglecontainer.av-ljj2bunv-1ccfeb0103b6b46e0f45780eb7574f14 h4.toggler.activeTitle{\ncolor:#ffffff;\nborder-color:#ffffff;\nbackground-color:#2682d3;\n}\n<\/style>\n<div  class='togglecontainer av-ljj2bunv-1ccfeb0103b6b46e0f45780eb7574f14  avia-builder-el-4  avia-builder-el-no-sibling  accordion_product toggle_close_all hasCurrentStyle' >\n<section class='av_toggle_section av-ljj2b7ew-fb8d0a9c94a9ead04e3b501e5a150c78' ><div role=\"tablist\" class=\"single_toggle\" data-tags=\"{Tout} \"  ><h4 id='toggle-toggle-id-1' data-fake-id='#toggle-id-1' class='toggler  activeTitle av-title-above '  role='tab' tabindex='0' aria-controls='toggle-id-1' data-slide-speed=\"200\" data-title=\"Avantages\" data-title-open=\"\" data-aria_collapsed=\"Cliquez pour \u00e9tendre : Avantages\" data-aria_expanded=\"Cliquez pour r\u00e9duire : Avantages\">Avantages<span class=\"toggle_icon\"><span class=\"vert_icon\"><\/span><span class=\"hor_icon\"><\/span><\/span><\/h4><div id='toggle-id-1' aria-labelledby='toggle-toggle-id-1' role='region' class='toggle_wrap  active_tc av-title-above' style='display:block;' ><div class='toggle_content invers-color ' ><ul class=\"customlist1\">\n<li>Contr\u00f4les de qualit\u00e9 p\u00e9riodiques<\/li>\n<li>Impl\u00e9mentation dans les principaux processus<\/li>\n<li>S\u00e9lection des leaders de l&rsquo;industrie<\/li>\n<li>Gamme en constante \u00e9volution<\/li>\n<\/ul>\n<\/div><\/div><\/div><\/section>\n<section class='av_toggle_section av-ljj2bt3y-3c448e14c14d8c70c2af668bbf00b296' ><div role=\"tablist\" class=\"single_toggle\" data-tags=\"{Tout} \"  ><h4 id='toggle-toggle-id-2' data-fake-id='#toggle-id-2' class='toggler  av-title-above '  role='tab' tabindex='0' aria-controls='toggle-id-2' data-slide-speed=\"200\" data-title=\"Types de produit\" data-title-open=\"\" data-aria_collapsed=\"Cliquez pour \u00e9tendre : Types de produit\" data-aria_expanded=\"Cliquez pour r\u00e9duire : Types de produit\">Types de produit<span class=\"toggle_icon\"><span class=\"vert_icon\"><\/span><span class=\"hor_icon\"><\/span><\/span><\/h4><div id='toggle-id-2' aria-labelledby='toggle-toggle-id-2' role='region' class='toggle_wrap  av-title-above'  ><div class='toggle_content invers-color ' ><ul class=\"customlist2\">\n<li><a href=\"https:\/\/fileserver.mates.it\/Prodotti\/7_Attrezzature\/TDS\/Mates\/Tubi_Raccordi_Attacchi\/V-CON.pdf\" target=\"_blank\" rel=\"noopener noreferrer\">Connecteurs \u00e0 vide<\/a><\/li>\n<li><a href=\"https:\/\/fileserver.mates.it\/Prodotti\/7_Attrezzature\/TDS\/Mates\/Tubi_Raccordi_Attacchi\/I-CON.pdf\" target=\"_blank\" rel=\"noopener\">Plots infusion<\/a><\/li>\n<li><a href=\"https:\/\/fileserver.mates.it\/Prodotti\/7_Attrezzature\/TDS\/Mates\/Tubi_Raccordi_Attacchi\/Q-LINK.pdf\" target=\"_blank\" rel=\"noopener noreferrer\">Raccords rapides<\/a><\/li>\n<\/ul>\n<\/div><\/div><\/div><\/section>\n<\/div><\/div><div  class='hr av-av_hr-91d7ccd583a503147498e120fee2ff9b hr-default  avia-builder-el-5  el_after_av_two_fifth  avia-builder-el-last '><span class='hr-inner '><span class=\"hr-inner-style\"><\/span><\/span><\/div><\/p>\n","protected":false},"excerpt":{"rendered":"<p>Mates a toujours vendu tous les meilleurs types de connexion entre un sac \u00e0 vide et des valves \u00e0 vide ou d&rsquo;autres auxiliaires \u00e0 y appliquer, des connexions pour les types de processus les plus divers.<\/p>\n","protected":false},"author":2,"featured_media":0,"parent":9269,"menu_order":2,"comment_status":"open","ping_status":"open","template":"","meta":{"footnotes":""},"class_list":["post-9330","page","type-page","status-publish","hentry"],"_links":{"self":[{"href":"https:\/\/www.mates.it\/fr\/wp-json\/wp\/v2\/pages\/9330","targetHints":{"allow":["GET"]}}],"collection":[{"href":"https:\/\/www.mates.it\/fr\/wp-json\/wp\/v2\/pages"}],"about":[{"href":"https:\/\/www.mates.it\/fr\/wp-json\/wp\/v2\/types\/page"}],"author":[{"embeddable":true,"href":"https:\/\/www.mates.it\/fr\/wp-json\/wp\/v2\/users\/2"}],"replies":[{"embeddable":true,"href":"https:\/\/www.mates.it\/fr\/wp-json\/wp\/v2\/comments?post=9330"}],"version-history":[{"count":0,"href":"https:\/\/www.mates.it\/fr\/wp-json\/wp\/v2\/pages\/9330\/revisions"}],"up":[{"embeddable":true,"href":"https:\/\/www.mates.it\/fr\/wp-json\/wp\/v2\/pages\/9269"}],"wp:attachment":[{"href":"https:\/\/www.mates.it\/fr\/wp-json\/wp\/v2\/media?parent=9330"}],"curies":[{"name":"wp","href":"https:\/\/api.w.org\/{rel}","templated":true}]}}