{"id":9334,"date":"2016-09-11T16:23:59","date_gmt":"2016-09-11T14:23:59","guid":{"rendered":"https:\/\/www.mates.it\/prodotti\/resine-adesivi-chimici\/adesivi-collanti\/strutturali\/methacrylates-f\/"},"modified":"2026-02-01T09:27:14","modified_gmt":"2026-02-01T08:27:14","slug":"methacrylates-f","status":"publish","type":"page","link":"https:\/\/www.mates.it\/fr\/produits\/resines-adhesifs-chimiques\/adhesifs-colles\/methacrylates-f\/","title":{"rendered":"M\u00e9thacrylates"},"content":{"rendered":"<div  class='flex_column av-av_three_fifth-7714eba142aeda1f8b5272a3c372b279 av_three_fifth  avia-builder-el-0  el_before_av_two_fifth  avia-builder-el-first  first flex_column_div  '     ><p>\n<style type=\"text\/css\" data-created_by=\"avia_inline_auto\" id=\"style-css-av-ljbqkn9q-d91e04e0d0fccd9c417ff0fdf989fb4c\">\n#top .av-special-heading.av-ljbqkn9q-d91e04e0d0fccd9c417ff0fdf989fb4c{\npadding-bottom:10px;\n}\nbody .av-special-heading.av-ljbqkn9q-d91e04e0d0fccd9c417ff0fdf989fb4c .av-special-heading-tag .heading-char{\nfont-size:25px;\n}\n.av-special-heading.av-ljbqkn9q-d91e04e0d0fccd9c417ff0fdf989fb4c .av-subheading{\nfont-size:15px;\n}\n<\/style>\n<div  class='av-special-heading av-ljbqkn9q-d91e04e0d0fccd9c417ff0fdf989fb4c av-special-heading-h1  avia-builder-el-1  el_before_av_textblock  avia-builder-el-first  custom-h1-title'><h1 class='av-special-heading-tag '  >M\u00e9thacrylates<\/h1><div class=\"special-heading-border\"><div class=\"special-heading-inner-border\"><\/div><\/div><\/div><br \/>\n<section  class='av_textblock_section av-ljbqkifx-8754e1303aefef494a407a83ade317dd '  ><div class='avia_textblock' ><p>Les adh\u00e9sifs m\u00e9thacrylates sont le produit id\u00e9al pour r\u00e9aliser des joints structurels sur l&rsquo;acier inoxydable, l&rsquo;aluminium, les m\u00e9taux en g\u00e9n\u00e9ral, les mat\u00e9riaux composites (bases \u00e9poxy, polyesters, vinylesters), le polycarbonate et la plupart des plastiques industriels, y compris les acryliques, l&rsquo;ABS, le PVC, le PET. Ils sont normalement disponibles avec diff\u00e9rents temps de durcissement et ne n\u00e9cessitent pas l&rsquo;utilisation d&rsquo;appr\u00eats, ce qui garantit un collage durable, m\u00eame pour des \u00e9paisseurs \u00e9lev\u00e9es. Ils pr\u00e9sentent les m\u00eames caract\u00e9ristiques d&rsquo;\u00e9tanch\u00e9it\u00e9 qu&rsquo;une soudure classique, mais sans risque de br\u00fblure, de d\u00e9formation ou de distorsion. De plus, elles ont une densit\u00e9 telle qu&rsquo;elles peuvent \u00eatre utilis\u00e9es dans des \u00e9paisseurs \u00e9lev\u00e9es ainsi que sur des pi\u00e8ces verticales. Apr\u00e8s durcissement complet, ils garantissent une excellente r\u00e9sistance aux solvants, aux hydrocarbures, aux lubrifiants, aux d\u00e9tergents chimiques, au sel, aux acides et bases faibles et aux liquides en g\u00e9n\u00e9ral, et deviennent chimiquement inertes et non conducteurs.<\/p>\n<div style=\"width: 100%;\"><\/div>\n<\/div><\/section><\/p><\/div>\n<div  class='flex_column av-av_two_fifth-f1c518e9ff58e869f80c8f093487abc9 av_two_fifth  avia-builder-el-3  el_after_av_three_fifth  el_before_av_hr  flex_column_div  '     ><style type=\"text\/css\" data-created_by=\"avia_inline_auto\" id=\"style-css-av-av_toggle_container-aa303faae9b53071bb573d27bc7412b5\">\n#top .togglecontainer.av-av_toggle_container-aa303faae9b53071bb573d27bc7412b5 h4.toggler{\nfont-size:14px;\n}\n#top .togglecontainer.av-av_toggle_container-aa303faae9b53071bb573d27bc7412b5 h4.toggler.activeTitle{\ncolor:#ffffff;\nborder-color:#ffffff;\nbackground-color:#2682d3;\n}\n<\/style>\n<div  class='togglecontainer av-av_toggle_container-aa303faae9b53071bb573d27bc7412b5  avia-builder-el-4  avia-builder-el-no-sibling  accordion_product toggle_close_all hasCurrentStyle' >\n<section class='av_toggle_section av-av_toggle-a23b4d13783cd7455e1655b387c955cd' ><div role=\"tablist\" class=\"single_toggle\" data-tags=\"{Tout} \"  ><h4 id='toggle-toggle-id-1' data-fake-id='#toggle-id-1' class='toggler  activeTitle av-title-above '  role='tab' tabindex='0' aria-controls='toggle-id-1' data-slide-speed=\"200\" data-title=\"Acralock \u00ae 10:1\" data-title-open=\"\" data-aria_collapsed=\"Cliquez pour \u00e9tendre : Acralock \u00ae 10:1\" data-aria_expanded=\"Cliquez pour r\u00e9duire : Acralock \u00ae 10:1\">Acralock \u00ae 10:1<span class=\"toggle_icon\"><span class=\"vert_icon\"><\/span><span class=\"hor_icon\"><\/span><\/span><\/h4><div id='toggle-id-1' aria-labelledby='toggle-toggle-id-1' role='region' class='toggle_wrap  active_tc av-title-above' style='display:block;' ><div class='toggle_content invers-color ' ><ul class=\"customlist1\">\n<li><a href=\"https:\/\/fileserver.mates.it\/Prodotti\/2_Matrici\/TDS\/Adesivi\/Acralock\/TDS_SA10%20LV-Series.pdf\" target=\"_blank\" rel=\"noopener\">SA10-LV<\/a><\/li>\n<li><a href=\"https:\/\/fileserver.mates.it\/Prodotti\/2_Matrici\/TDS\/Adesivi\/Acralock\/TDS_SA10%20HV-Series.pdf\" target=\"_blank\" rel=\"noopener\">SA10-HV<\/a><\/li>\n<li><a href=\"https:\/\/fileserver.mates.it\/Prodotti\/2_Matrici\/TDS\/Adesivi\/Acralock\/TDS_SA10%20UV-Series.pdf\" target=\"_blank\" rel=\"noopener\">SA10-UV<\/a><\/li>\n<li><a href=\"https:\/\/fileserver.mates.it\/Prodotti\/2_Matrici\/TDS\/Adesivi\/Acralock\/TDS_SF10-Series.pdf\" target=\"_blank\" rel=\"noopener\">SF10<\/a><\/li>\n<li><a href=\"https:\/\/fileserver.mates.it\/Prodotti\/2_Matrici\/TDS\/Adesivi\/Acralock\/TDS_FA10-Series.pdf\" target=\"_blank\" rel=\"noopener\">FA10<\/a><\/li>\n<li><a href=\"https:\/\/fileserver.mates.it\/Prodotti\/2_Matrici\/TDS\/Adesivi\/Acralock\/TDS_GB10-Series.pdf\" target=\"_blank\" rel=\"noopener\">GB10<\/a><\/li>\n<li><a href=\"https:\/\/fileserver.mates.it\/Prodotti\/2_Matrici\/TDS\/Adesivi\/Acralock\/TDS_CC%2010_10%20CLR.pdf\" target=\"_blank\" rel=\"noopener\">CC10<\/a><\/li>\n<\/ul>\n<\/div><\/div><\/div><\/section>\n<section class='av_toggle_section av-av_toggle-99452b5c1003d423c8a29cdea62514c1' ><div role=\"tablist\" class=\"single_toggle\" data-tags=\"{Tout} \"  ><h4 id='toggle-toggle-id-2' data-fake-id='#toggle-id-2' class='toggler  av-title-above '  role='tab' tabindex='0' aria-controls='toggle-id-2' data-slide-speed=\"200\" data-title=\"Acralock \u00ae 1:1\" data-title-open=\"\" data-aria_collapsed=\"Cliquez pour \u00e9tendre : Acralock \u00ae 1:1\" data-aria_expanded=\"Cliquez pour r\u00e9duire : Acralock \u00ae 1:1\">Acralock \u00ae 1:1<span class=\"toggle_icon\"><span class=\"vert_icon\"><\/span><span class=\"hor_icon\"><\/span><\/span><\/h4><div id='toggle-id-2' aria-labelledby='toggle-toggle-id-2' role='region' class='toggle_wrap  av-title-above'  ><div class='toggle_content invers-color ' ><ul>\n<li><a href=\"https:\/\/fileserver.mates.it\/Prodotti\/2_Matrici\/TDS\/Adesivi\/Acralock\/TDS_SA1-Series.pdf\" target=\"_blank\" rel=\"noopener\">SA1<\/a><\/li>\n<li><a href=\"https:\/\/fileserver.mates.it\/Prodotti\/2_Matrici\/TDS\/Adesivi\/Acralock\/TDS_HS1.pdf\" target=\"_blank\" rel=\"noopener\">HS1<\/a><\/li>\n<li><a href=\"https:\/\/fileserver.mates.it\/Prodotti\/2_Matrici\/TDS\/Adesivi\/Acralock\/TDS_PP1-Series.pdf\" target=\"_blank\" rel=\"noopener\">PP1<\/a><\/li>\n<li><a href=\"https:\/\/fileserver.mates.it\/Prodotti\/2_Matrici\/TDS\/Adesivi\/Acralock\/TDS_SA1-300A.pdf\" target=\"_blank\" rel=\"noopener\">SA1-300<\/a><\/li>\n<li><a href=\"https:\/\/fileserver.mates.it\/Prodotti\/2_Matrici\/TDS\/Adesivi\/Acralock\/TDS_SA1-500A.pdf\" target=\"_blank\" rel=\"noopener\">SA1-500<\/a><\/li>\n<\/ul>\n<\/div><\/div><\/div><\/section>\n<\/div><\/div>\n<div  class='hr av-av_hr-91d7ccd583a503147498e120fee2ff9b hr-default  avia-builder-el-5  el_after_av_two_fifth  el_before_av_one_full '><span class='hr-inner '><span class=\"hr-inner-style\"><\/span><\/span><\/div>\n<div  class='flex_column av-av_one_full-7714eba142aeda1f8b5272a3c372b279 av_one_full  avia-builder-el-6  el_after_av_hr  avia-builder-el-last  first flex_column_div  '     ><p><div  class='avia-button-wrap av-av_button-2849ae82ed16283a28fc2c2559f895cb-wrap avia-button-left  avia-builder-el-7  el_before_av_button  avia-builder-el-first '><a href=\"https:\/\/fileserver.mates.it\/Prodotti\/2_Matrici\/Certificazioni\/Acralock\/RINA_DCMTVL_1005538_260304330.pdf\" class=\"avia-button av-av_button-2849ae82ed16283a28fc2c2559f895cb av-link-btn avia-icon_select-yes-left-icon avia-size-small avia-position-left avia-color-theme-color\" target=\"_blank\" rel=\"noopener noreferrer\" aria-label=\" Acralock \u00ae RINA\"><span class='avia_button_icon avia_button_icon_left avia-iconfont avia-font-entypo-fontello' data-av_icon='\ue82d' data-av_iconfont='entypo-fontello' ><\/span><span class='avia_iconbox_title' > Acralock \u00ae RINA<\/span><\/a><\/div><br \/>\n<div  class='avia-button-wrap av-ml3h9dko-788e321e60db619d721cf4f95cdd6332-wrap avia-button-left  avia-builder-el-8  el_after_av_button  avia-builder-el-last '><a href=\"https:\/\/fileserver.mates.it\/Prodotti\/2_Matrici\/Certificazioni\/Acralock\/EN45545\/\" class=\"avia-button av-ml3h9dko-788e321e60db619d721cf4f95cdd6332 av-link-btn avia-icon_select-yes-left-icon avia-size-small avia-position-left avia-color-theme-color\" target=\"_blank\" rel=\"noopener noreferrer\" aria-label=\" Acralock \u00ae EN 45545-2\"><span class='avia_button_icon avia_button_icon_left avia-iconfont avia-font-entypo-fontello' data-av_icon='\ue82d' data-av_iconfont='entypo-fontello' ><\/span><span class='avia_iconbox_title' > Acralock \u00ae EN 45545-2<\/span><\/a><\/div><\/p><\/div>\n","protected":false},"excerpt":{"rendered":"<p>Les adh\u00e9sifs m\u00e9thacrylates sont le produit id\u00e9al pour r\u00e9aliser des joints structurels sur l&rsquo;acier inoxydable, l&rsquo;aluminium, les m\u00e9taux en g\u00e9n\u00e9ral, les mat\u00e9riaux composites (bases \u00e9poxy, polyesters, vinylesters), le polycarbonate et la plupart des plastiques industriels, y compris les acryliques, l&rsquo;ABS, le PVC, le PET.<\/p>\n","protected":false},"author":2,"featured_media":0,"parent":9222,"menu_order":1,"comment_status":"open","ping_status":"open","template":"","meta":{"footnotes":""},"class_list":["post-9334","page","type-page","status-publish","hentry"],"_links":{"self":[{"href":"https:\/\/www.mates.it\/fr\/wp-json\/wp\/v2\/pages\/9334","targetHints":{"allow":["GET"]}}],"collection":[{"href":"https:\/\/www.mates.it\/fr\/wp-json\/wp\/v2\/pages"}],"about":[{"href":"https:\/\/www.mates.it\/fr\/wp-json\/wp\/v2\/types\/page"}],"author":[{"embeddable":true,"href":"https:\/\/www.mates.it\/fr\/wp-json\/wp\/v2\/users\/2"}],"replies":[{"embeddable":true,"href":"https:\/\/www.mates.it\/fr\/wp-json\/wp\/v2\/comments?post=9334"}],"version-history":[{"count":0,"href":"https:\/\/www.mates.it\/fr\/wp-json\/wp\/v2\/pages\/9334\/revisions"}],"up":[{"embeddable":true,"href":"https:\/\/www.mates.it\/fr\/wp-json\/wp\/v2\/pages\/9222"}],"wp:attachment":[{"href":"https:\/\/www.mates.it\/fr\/wp-json\/wp\/v2\/media?parent=9334"}],"curies":[{"name":"wp","href":"https:\/\/api.w.org\/{rel}","templated":true}]}}