{"id":9338,"date":"2016-09-18T16:08:48","date_gmt":"2016-09-18T14:08:48","guid":{"rendered":"https:\/\/www.mates.it\/prodotti\/strumenti-attrezzature\/machines-equipements\/"},"modified":"2023-06-30T23:59:54","modified_gmt":"2023-06-30T21:59:54","slug":"machines-equipements","status":"publish","type":"page","link":"https:\/\/www.mates.it\/fr\/produits\/outillage-accessoires\/machines-equipements\/","title":{"rendered":"Machines \/ Equipements"},"content":{"rendered":"\n<style type=\"text\/css\" data-created_by=\"avia_inline_auto\" id=\"style-css-av-av_image-160996b0f4039265c05dbcc7d6e95b66\">\n.avia-image-container.av-av_image-160996b0f4039265c05dbcc7d6e95b66 img.avia_image{\nbox-shadow:none;\n}\n.avia-image-container.av-av_image-160996b0f4039265c05dbcc7d6e95b66 .av-image-caption-overlay-center{\ncolor:#ffffff;\n}\n<\/style>\n<div  class='avia-image-container av-av_image-160996b0f4039265c05dbcc7d6e95b66 av-styling- avia-align-center  avia-builder-el-0  el_before_av_hr  avia-builder-el-first '  ><div class=\"avia-image-container-inner\"><div class=\"avia-image-overlay-wrap\"><img decoding=\"async\" fetchpriority=\"high\" class=\"wp-image- avia-img-lazy-loading-not- avia_image \" src=\"https:\/\/www.mates.it\/wp-content\/uploads\/Macchinari-Impianti.jpg\" alt=\"\" title=\"\"><\/div><\/div><\/div>\n<div  class='hr av-av_hr-91d7ccd583a503147498e120fee2ff9b hr-default  avia-builder-el-1  el_after_av_image  el_before_av_three_fifth '><span class='hr-inner '><span class=\"hr-inner-style\"><\/span><\/span><\/div>\n<div  class='flex_column av-av_three_fifth-7714eba142aeda1f8b5272a3c372b279 av_three_fifth  avia-builder-el-2  el_after_av_hr  el_before_av_two_fifth  first flex_column_div  '     ><p>\n<style type=\"text\/css\" data-created_by=\"avia_inline_auto\" id=\"style-css-av-ljj4arjk-b2b4a4ae9945fa18a360a07dba7b07d3\">\n#top .av-special-heading.av-ljj4arjk-b2b4a4ae9945fa18a360a07dba7b07d3{\npadding-bottom:10px;\n}\nbody .av-special-heading.av-ljj4arjk-b2b4a4ae9945fa18a360a07dba7b07d3 .av-special-heading-tag .heading-char{\nfont-size:25px;\n}\n.av-special-heading.av-ljj4arjk-b2b4a4ae9945fa18a360a07dba7b07d3 .av-subheading{\nfont-size:15px;\n}\n<\/style>\n<div  class='av-special-heading av-ljj4arjk-b2b4a4ae9945fa18a360a07dba7b07d3 av-special-heading-h1  avia-builder-el-3  el_before_av_textblock  avia-builder-el-first  custom-h1-title'><h1 class='av-special-heading-tag '  >Machines \/ Equipements<\/h1><div class=\"special-heading-border\"><div class=\"special-heading-inner-border\"><\/div><\/div><\/div><br \/>\n<section  class='av_textblock_section av-ljj49zxd-28cb5f4c59ab28f37057e2bb1fab58e7 '  ><div class='avia_textblock' ><p>Notre ambition premi\u00e8re n&rsquo;est pas d&rsquo;\u00eatre un fournisseur g\u00e9n\u00e9rique mais plut\u00f4t d&rsquo;\u00eatre un partenaire fiable capable d&rsquo;offrir un service complet avant, pendant et apr\u00e8s la fourniture de nos produits. Conscients qu&rsquo;une offre g\u00e9n\u00e9rique et peu personnalis\u00e9e n&rsquo;est jamais en mesure de r\u00e9soudre au mieux un probl\u00e8me sp\u00e9cifique, nous structurons chaque projet \u00e0 partir des sp\u00e9cifications du client afin de satisfaire au mieux ses ambitions et ses attentes individuelles. C&rsquo;est pourquoi nous avons s\u00e9lectionn\u00e9 les meilleurs syst\u00e8mes technologiques et solutions industrielles propos\u00e9s sur le march\u00e9 national et international : des machines et des \u00e9quipements capables de transformer au mieux le mat\u00e9riau \u00e0 traiter. En outre, pour que les installations les plus anciennes restent efficaces et \u00e0 jour dans le temps, nous proposons des r\u00e9visions globales ou des r\u00e9visions de zones sp\u00e9cifiques (\u00e9lectriques, pneumatiques, hydrauliques).<\/p>\n<\/div><\/section><\/p><\/div><div  class='flex_column av-av_two_fifth-f1c518e9ff58e869f80c8f093487abc9 av_two_fifth  avia-builder-el-5  el_after_av_three_fifth  el_before_av_hr  flex_column_div  '     ><style type=\"text\/css\" data-created_by=\"avia_inline_auto\" id=\"style-css-av-ljj4alro-5c559104fe5dba25effa8130ac00f89c\">\n#top .togglecontainer.av-ljj4alro-5c559104fe5dba25effa8130ac00f89c h4.toggler{\nfont-size:14px;\n}\n#top .togglecontainer.av-ljj4alro-5c559104fe5dba25effa8130ac00f89c h4.toggler.activeTitle{\ncolor:#ffffff;\nborder-color:#ffffff;\nbackground-color:#2682d3;\n}\n<\/style>\n<div  class='togglecontainer av-ljj4alro-5c559104fe5dba25effa8130ac00f89c  avia-builder-el-6  avia-builder-el-no-sibling  accordion_product toggle_close_all hasCurrentStyle' >\n<section class='av_toggle_section av-ljj4ai2v-99bf74bee6a477bf273c82445f51cfaa' ><div role=\"tablist\" class=\"single_toggle\" data-tags=\"{Tout} \"  ><h4 id='toggle-toggle-id-1' data-fake-id='#toggle-id-1' class='toggler  activeTitle av-title-above '  role='tab' tabindex='0' aria-controls='toggle-id-1' data-slide-speed=\"200\" data-title=\"Avantages\" data-title-open=\"\" data-aria_collapsed=\"Cliquez pour \u00e9tendre : Avantages\" data-aria_expanded=\"Cliquez pour r\u00e9duire : Avantages\">Avantages<span class=\"toggle_icon\"><span class=\"vert_icon\"><\/span><span class=\"hor_icon\"><\/span><\/span><\/h4><div id='toggle-id-1' aria-labelledby='toggle-toggle-id-1' role='region' class='toggle_wrap  active_tc av-title-above' style='display:block;' ><div class='toggle_content invers-color ' ><ul class=\"customlist1\">\n<li>R\u00e9p\u00e9tabilit\u00e9 maximale des processus<\/li>\n<li>Applicable \u00e0 tous les processus<\/li>\n<li>Analyse pr\u00e9liminaire du projet<\/li>\n<li>Maintenance programm\u00e9e<\/li>\n<\/ul>\n<\/div><\/div><\/div><\/section>\n<section class='av_toggle_section av-ljj4akiy-f147fc67a3aa00fb07bf403d3d6f46df' ><div role=\"tablist\" class=\"single_toggle\" data-tags=\"{Tout} \"  ><h4 id='toggle-toggle-id-2' data-fake-id='#toggle-id-2' class='toggler  av-title-above '  role='tab' tabindex='0' aria-controls='toggle-id-2' data-slide-speed=\"200\" data-title=\"Types de produit\" data-title-open=\"\" data-aria_collapsed=\"Cliquez pour \u00e9tendre : Types de produit\" data-aria_expanded=\"Cliquez pour r\u00e9duire : Types de produit\">Types de produit<span class=\"toggle_icon\"><span class=\"vert_icon\"><\/span><span class=\"hor_icon\"><\/span><\/span><\/h4><div id='toggle-id-2' aria-labelledby='toggle-toggle-id-2' role='region' class='toggle_wrap  av-title-above'  ><div class='toggle_content invers-color ' ><li class=\"page_item page-item-9265\"><a href=\"https:\/\/www.mates.it\/fr\/produits\/outillage-accessoires\/machines-equipements\/technologies-du-vide\/\">Technologies du vide<\/a><\/li>\n<li class=\"page_item page-item-9264\"><a href=\"https:\/\/www.mates.it\/fr\/produits\/outillage-accessoires\/machines-equipements\/autoclaves-fours\/\">Autoclaves \/ Fours<\/a><\/li>\n<li class=\"page_item page-item-9340\"><a href=\"https:\/\/www.mates.it\/fr\/produits\/outillage-accessoires\/machines-equipements\/machines-dimpregnation\/\">Machines d&rsquo;impr\u00e9gnation<\/a><\/li>\n<li class=\"page_item page-item-9341\"><a href=\"https:\/\/www.mates.it\/fr\/produits\/outillage-accessoires\/machines-equipements\/systemes-de-distribution\/\">Syst\u00e8mes de distribution<\/a><\/li>\n\n<\/div><\/div><\/div><\/section>\n<\/div><\/div><div  class='hr av-av_hr-91d7ccd583a503147498e120fee2ff9b hr-default  avia-builder-el-7  el_after_av_two_fifth  avia-builder-el-last '><span class='hr-inner '><span class=\"hr-inner-style\"><\/span><\/span><\/div><\/p>\n","protected":false},"excerpt":{"rendered":"<p>Notre ambition premi\u00e8re n&rsquo;est pas d&rsquo;\u00eatre un fournisseur g\u00e9n\u00e9rique mais d&rsquo;\u00eatre un partenaire fiable capable d&rsquo;offrir le meilleur service avant, pendant et apr\u00e8s la livraison.<\/p>\n","protected":false},"author":2,"featured_media":7657,"parent":9149,"menu_order":3,"comment_status":"open","ping_status":"open","template":"","meta":{"footnotes":""},"class_list":["post-9338","page","type-page","status-publish","has-post-thumbnail","hentry"],"_links":{"self":[{"href":"https:\/\/www.mates.it\/fr\/wp-json\/wp\/v2\/pages\/9338","targetHints":{"allow":["GET"]}}],"collection":[{"href":"https:\/\/www.mates.it\/fr\/wp-json\/wp\/v2\/pages"}],"about":[{"href":"https:\/\/www.mates.it\/fr\/wp-json\/wp\/v2\/types\/page"}],"author":[{"embeddable":true,"href":"https:\/\/www.mates.it\/fr\/wp-json\/wp\/v2\/users\/2"}],"replies":[{"embeddable":true,"href":"https:\/\/www.mates.it\/fr\/wp-json\/wp\/v2\/comments?post=9338"}],"version-history":[{"count":0,"href":"https:\/\/www.mates.it\/fr\/wp-json\/wp\/v2\/pages\/9338\/revisions"}],"up":[{"embeddable":true,"href":"https:\/\/www.mates.it\/fr\/wp-json\/wp\/v2\/pages\/9149"}],"wp:featuredmedia":[{"embeddable":true,"href":"https:\/\/www.mates.it\/fr\/wp-json\/wp\/v2\/media\/7657"}],"wp:attachment":[{"href":"https:\/\/www.mates.it\/fr\/wp-json\/wp\/v2\/media?parent=9338"}],"curies":[{"name":"wp","href":"https:\/\/api.w.org\/{rel}","templated":true}]}}