{"id":9340,"date":"2016-09-18T16:33:06","date_gmt":"2016-09-18T14:33:06","guid":{"rendered":"https:\/\/www.mates.it\/prodotti\/strumenti-attrezzature\/macchinari-impianti\/machines-dimpregnation\/"},"modified":"2023-07-01T21:43:23","modified_gmt":"2023-07-01T19:43:23","slug":"machines-dimpregnation","status":"publish","type":"page","link":"https:\/\/www.mates.it\/fr\/produits\/outillage-accessoires\/machines-equipements\/machines-dimpregnation\/","title":{"rendered":"Machines d&rsquo;impr\u00e9gnation"},"content":{"rendered":"<div  class='flex_column av-av_three_fifth-7714eba142aeda1f8b5272a3c372b279 av_three_fifth  avia-builder-el-0  el_before_av_two_fifth  avia-builder-el-first  first flex_column_div  '     ><p>\n<style type=\"text\/css\" data-created_by=\"avia_inline_auto\" id=\"style-css-av-ljkev34c-ef8077fc8c44e30ab37b8a69dbb79e0f\">\n#top .av-special-heading.av-ljkev34c-ef8077fc8c44e30ab37b8a69dbb79e0f{\npadding-bottom:10px;\n}\nbody .av-special-heading.av-ljkev34c-ef8077fc8c44e30ab37b8a69dbb79e0f .av-special-heading-tag .heading-char{\nfont-size:25px;\n}\n.av-special-heading.av-ljkev34c-ef8077fc8c44e30ab37b8a69dbb79e0f .av-subheading{\nfont-size:15px;\n}\n<\/style>\n<div  class='av-special-heading av-ljkev34c-ef8077fc8c44e30ab37b8a69dbb79e0f av-special-heading-h1  avia-builder-el-1  el_before_av_textblock  avia-builder-el-first  custom-h1-title'><h1 class='av-special-heading-tag '  >Machines d\u2019impr\u00e9gnation<\/h1><div class=\"special-heading-border\"><div class=\"special-heading-inner-border\"><\/div><\/div><\/div><br \/>\n<section  class='av_textblock_section av-ljkeu3jb-e9a513cc789113f8da03a929a656be4b '  ><div class='avia_textblock' ><p>La pr\u00e9-impr\u00e9gnation des renforts est une technique souvent utilis\u00e9e pour la transformation de tissus complexes et de grandes fibres pour l&rsquo;industrie maritime, pour la production de feuilles plates ou pour la transformation dans l&rsquo;industrie de la construction. \u00c0 l&rsquo;aide d&rsquo;une machine d&rsquo;impr\u00e9gnation, de la r\u00e9sine est appliqu\u00e9e sur le tissu, qui passe dans un bain de r\u00e9sine et est ensuite press\u00e9 par des rouleaux r\u00e9glables qui contr\u00f4lent la teneur en r\u00e9sine du stratifi\u00e9. Le contr\u00f4le de la teneur en r\u00e9sine \u00e0 l&rsquo;aide de ces impr\u00e9gnateurs permet de r\u00e9duire les d\u00e9chets de r\u00e9sine et d&rsquo;acc\u00e9l\u00e9rer le processus de stratification. Disponibles en diff\u00e9rentes hauteurs et configurations, en version automatique ou manuelle. Gr\u00e2ce \u00e0 des s\u00e9parateurs sp\u00e9ciaux, il est \u00e9galement possible d&rsquo;utiliser de petites bandes mont\u00e9es sur de grandes machines d&rsquo;impr\u00e9gnation.<\/p>\n<div style=\"width: 100%;\"><\/div>\n<\/div><\/section><\/p><\/div><div  class='flex_column av-av_two_fifth-f1c518e9ff58e869f80c8f093487abc9 av_two_fifth  avia-builder-el-3  el_after_av_three_fifth  el_before_av_hr  flex_column_div  '     ><style type=\"text\/css\" data-created_by=\"avia_inline_auto\" id=\"style-css-av-ljkeuy3g-5658f363bd4c0c83d568f8f9b955f998\">\n#top .togglecontainer.av-ljkeuy3g-5658f363bd4c0c83d568f8f9b955f998 h4.toggler{\nfont-size:14px;\n}\n#top .togglecontainer.av-ljkeuy3g-5658f363bd4c0c83d568f8f9b955f998 h4.toggler.activeTitle{\ncolor:#ffffff;\nborder-color:#ffffff;\nbackground-color:#2682d3;\n}\n<\/style>\n<div  class='togglecontainer av-ljkeuy3g-5658f363bd4c0c83d568f8f9b955f998  avia-builder-el-4  avia-builder-el-no-sibling  accordion_product toggle_close_all hasCurrentStyle' >\n<section class='av_toggle_section av-ljkeuimw-66df4dc1810cade19963a83c01db0562' ><div role=\"tablist\" class=\"single_toggle\" data-tags=\"{Tout} \"  ><h4 id='toggle-toggle-id-1' data-fake-id='#toggle-id-1' class='toggler  activeTitle av-title-above '  role='tab' tabindex='0' aria-controls='toggle-id-1' data-slide-speed=\"200\" data-title=\"Avantages\" data-title-open=\"\" data-aria_collapsed=\"Cliquez pour \u00e9tendre : Avantages\" data-aria_expanded=\"Cliquez pour r\u00e9duire : Avantages\">Avantages<span class=\"toggle_icon\"><span class=\"vert_icon\"><\/span><span class=\"hor_icon\"><\/span><\/span><\/h4><div id='toggle-id-1' aria-labelledby='toggle-toggle-id-1' role='region' class='toggle_wrap  active_tc av-title-above' style='display:block;' ><div class='toggle_content invers-color ' ><ul>\n<li>R\u00e9duction des d\u00e9chets de mati\u00e8res premi\u00e8res<\/li>\n<li>Augmentation de la vitesse du processus<\/li>\n<li>Acc\u00e8s \u00e0 des listes de prix favorables<\/li>\n<li>Garantie du produit<\/li>\n<\/ul>\n<\/div><\/div><\/div><\/section>\n<section class='av_toggle_section av-ljkeuwit-99f2667e7b30aac7add08dd290029be2' ><div role=\"tablist\" class=\"single_toggle\" data-tags=\"{Tout} \"  ><h4 id='toggle-toggle-id-2' data-fake-id='#toggle-id-2' class='toggler  av-title-above '  role='tab' tabindex='0' aria-controls='toggle-id-2' data-slide-speed=\"200\" data-title=\"Types de produit\" data-title-open=\"\" data-aria_collapsed=\"Cliquez pour \u00e9tendre : Types de produit\" data-aria_expanded=\"Cliquez pour r\u00e9duire : Types de produit\">Types de produit<span class=\"toggle_icon\"><span class=\"vert_icon\"><\/span><span class=\"hor_icon\"><\/span><\/span><\/h4><div id='toggle-id-2' aria-labelledby='toggle-toggle-id-2' role='region' class='toggle_wrap  av-title-above'  ><div class='toggle_content invers-color ' ><ul class=\"customlist2\">\n<li>Manuels<\/li>\n<li>Automatique<\/li>\n<\/ul>\n<\/div><\/div><\/div><\/section>\n<\/div><\/div><div  class='hr av-av_hr-91d7ccd583a503147498e120fee2ff9b hr-default  avia-builder-el-5  el_after_av_two_fifth  avia-builder-el-last '><span class='hr-inner '><span class=\"hr-inner-style\"><\/span><\/span><\/div><\/p>\n","protected":false},"excerpt":{"rendered":"<p>La pr\u00e9-impr\u00e9gnation des renforts est une technique souvent utilis\u00e9e pour le traitement de tissus complexes et de grandes fibres pour l&rsquo;industrie navale.<\/p>\n","protected":false},"author":2,"featured_media":0,"parent":9338,"menu_order":3,"comment_status":"open","ping_status":"open","template":"","meta":{"footnotes":""},"class_list":["post-9340","page","type-page","status-publish","hentry"],"_links":{"self":[{"href":"https:\/\/www.mates.it\/fr\/wp-json\/wp\/v2\/pages\/9340","targetHints":{"allow":["GET"]}}],"collection":[{"href":"https:\/\/www.mates.it\/fr\/wp-json\/wp\/v2\/pages"}],"about":[{"href":"https:\/\/www.mates.it\/fr\/wp-json\/wp\/v2\/types\/page"}],"author":[{"embeddable":true,"href":"https:\/\/www.mates.it\/fr\/wp-json\/wp\/v2\/users\/2"}],"replies":[{"embeddable":true,"href":"https:\/\/www.mates.it\/fr\/wp-json\/wp\/v2\/comments?post=9340"}],"version-history":[{"count":0,"href":"https:\/\/www.mates.it\/fr\/wp-json\/wp\/v2\/pages\/9340\/revisions"}],"up":[{"embeddable":true,"href":"https:\/\/www.mates.it\/fr\/wp-json\/wp\/v2\/pages\/9338"}],"wp:attachment":[{"href":"https:\/\/www.mates.it\/fr\/wp-json\/wp\/v2\/media?parent=9340"}],"curies":[{"name":"wp","href":"https:\/\/api.w.org\/{rel}","templated":true}]}}