{"id":9341,"date":"2016-09-18T16:33:09","date_gmt":"2016-09-18T14:33:09","guid":{"rendered":"https:\/\/www.mates.it\/prodotti\/strumenti-attrezzature\/macchinari-impianti\/systemes-de-distribution\/"},"modified":"2023-07-01T21:55:36","modified_gmt":"2023-07-01T19:55:36","slug":"systemes-de-distribution","status":"publish","type":"page","link":"https:\/\/www.mates.it\/fr\/produits\/outillage-accessoires\/machines-equipements\/systemes-de-distribution\/","title":{"rendered":"Syst\u00e8mes de distribution"},"content":{"rendered":"<div  class='flex_column av-av_three_fifth-7714eba142aeda1f8b5272a3c372b279 av_three_fifth  avia-builder-el-0  el_before_av_two_fifth  avia-builder-el-first  first flex_column_div  '     ><p>\n<style type=\"text\/css\" data-created_by=\"avia_inline_auto\" id=\"style-css-av-ljkfatil-165adba1833ca8607b8e20caca5d704b\">\n#top .av-special-heading.av-ljkfatil-165adba1833ca8607b8e20caca5d704b{\npadding-bottom:10px;\n}\nbody .av-special-heading.av-ljkfatil-165adba1833ca8607b8e20caca5d704b .av-special-heading-tag .heading-char{\nfont-size:25px;\n}\n.av-special-heading.av-ljkfatil-165adba1833ca8607b8e20caca5d704b .av-subheading{\nfont-size:15px;\n}\n<\/style>\n<div  class='av-special-heading av-ljkfatil-165adba1833ca8607b8e20caca5d704b av-special-heading-h1  avia-builder-el-1  el_before_av_textblock  avia-builder-el-first  custom-h1-title'><h1 class='av-special-heading-tag '  >Syst\u00e8mes de distribution<\/h1><div class=\"special-heading-border\"><div class=\"special-heading-inner-border\"><\/div><\/div><\/div><br \/>\n<section  class='av_textblock_section av-ljkf9hvq-8ae0bee607cb271ccfad1dd45dddcb8f '  ><div class='avia_textblock' ><p>Mates est en mesure de fournir des syst\u00e8mes de distribution et de dosage de fluides, adh\u00e9sifs, mastics et lubrifiants, des solutions efficaces et personnalis\u00e9es adapt\u00e9es \u00e0 chaque besoin. Les machines mobiles et les installations fixes sont \u00e9quip\u00e9es de pompes doseuses, particuli\u00e8rement pratiques lorsqu&rsquo;il est n\u00e9cessaire de produire des d\u00e9p\u00f4ts en volume \u00e0 une pression stable ou \u00e0 des dosages de pr\u00e9cision. Le seul param\u00e8tre de contr\u00f4le est la vitesse de pompage et cela rend le r\u00e9glage des pompes doseuses particuli\u00e8rement simple et intuitif. Une fiabilit\u00e9 maximale, un degr\u00e9 \u00e9lev\u00e9 de pr\u00e9cision en termes de quantit\u00e9\/forme et la commodit\u00e9 \u00e9conomique des processus de production sont les principaux facteurs \u00e0 prendre en compte.<\/p>\n<div style=\"width: 100%;\"><\/div>\n<\/div><\/section><\/p><\/div><div  class='flex_column av-av_two_fifth-f1c518e9ff58e869f80c8f093487abc9 av_two_fifth  avia-builder-el-3  el_after_av_three_fifth  el_before_av_hr  flex_column_div  '     ><style type=\"text\/css\" data-created_by=\"avia_inline_auto\" id=\"style-css-av-ljkfangr-c5db1a7db03ba55c92c2aa87753fc9b2\">\n#top .togglecontainer.av-ljkfangr-c5db1a7db03ba55c92c2aa87753fc9b2 h4.toggler{\nfont-size:14px;\n}\n#top .togglecontainer.av-ljkfangr-c5db1a7db03ba55c92c2aa87753fc9b2 h4.toggler.activeTitle{\ncolor:#ffffff;\nborder-color:#ffffff;\nbackground-color:#2682d3;\n}\n<\/style>\n<div  class='togglecontainer av-ljkfangr-c5db1a7db03ba55c92c2aa87753fc9b2  avia-builder-el-4  avia-builder-el-no-sibling  accordion_product toggle_close_all hasCurrentStyle' >\n<section class='av_toggle_section av-ljkfa77p-d8e3acfb0e205143b814d05bdfe0d44a' ><div role=\"tablist\" class=\"single_toggle\" data-tags=\"{Tout} \"  ><h4 id='toggle-toggle-id-1' data-fake-id='#toggle-id-1' class='toggler  activeTitle av-title-above '  role='tab' tabindex='0' aria-controls='toggle-id-1' data-slide-speed=\"200\" data-title=\"Avantages\" data-title-open=\"\" data-aria_collapsed=\"Cliquez pour \u00e9tendre : Avantages\" data-aria_expanded=\"Cliquez pour r\u00e9duire : Avantages\">Avantages<span class=\"toggle_icon\"><span class=\"vert_icon\"><\/span><span class=\"hor_icon\"><\/span><\/span><\/h4><div id='toggle-id-1' aria-labelledby='toggle-toggle-id-1' role='region' class='toggle_wrap  active_tc av-title-above' style='display:block;' ><div class='toggle_content invers-color ' ><ul>\n<li>Standardisation des processus<\/li>\n<li>Convient \u00e0 tous les besoins<\/li>\n<li>Temps d&rsquo;installation court<\/li>\n<li>Maintenance planifi\u00e9e<\/li>\n<\/ul>\n<\/div><\/div><\/div><\/section>\n<section class='av_toggle_section av-ljkfalyf-60a94b6f30613762f25e63f60d2237c4' ><div role=\"tablist\" class=\"single_toggle\" data-tags=\"{Tout} \"  ><h4 id='toggle-toggle-id-2' data-fake-id='#toggle-id-2' class='toggler  av-title-above '  role='tab' tabindex='0' aria-controls='toggle-id-2' data-slide-speed=\"200\" data-title=\"Types de produit\" data-title-open=\"\" data-aria_collapsed=\"Cliquez pour \u00e9tendre : Types de produit\" data-aria_expanded=\"Cliquez pour r\u00e9duire : Types de produit\">Types de produit<span class=\"toggle_icon\"><span class=\"vert_icon\"><\/span><span class=\"hor_icon\"><\/span><\/span><\/h4><div id='toggle-id-2' aria-labelledby='toggle-toggle-id-2' role='region' class='toggle_wrap  av-title-above'  ><div class='toggle_content invers-color ' ><ul class=\"customlist2\">\n<li>Extrudeuses<\/li>\n<li>Distributeurs<\/li>\n<li>M\u00e9langeurs<\/li>\n<li>Pulv\u00e9risateurs<\/li>\n<li>Auxiliaires<\/li>\n<\/ul>\n<\/div><\/div><\/div><\/section>\n<\/div><\/div><div  class='hr av-av_hr-91d7ccd583a503147498e120fee2ff9b hr-default  avia-builder-el-5  el_after_av_two_fifth  avia-builder-el-last '><span class='hr-inner '><span class=\"hr-inner-style\"><\/span><\/span><\/div><\/p>\n","protected":false},"excerpt":{"rendered":"<p>Mates est en mesure de fournir des syst\u00e8mes de distribution et de dosage de fluides, adh\u00e9sifs, mastics et lubrifiants, des solutions efficaces et personnalis\u00e9es adapt\u00e9es \u00e0 chaque besoin.<\/p>\n","protected":false},"author":2,"featured_media":0,"parent":9338,"menu_order":4,"comment_status":"open","ping_status":"open","template":"","meta":{"footnotes":""},"class_list":["post-9341","page","type-page","status-publish","hentry"],"_links":{"self":[{"href":"https:\/\/www.mates.it\/fr\/wp-json\/wp\/v2\/pages\/9341","targetHints":{"allow":["GET"]}}],"collection":[{"href":"https:\/\/www.mates.it\/fr\/wp-json\/wp\/v2\/pages"}],"about":[{"href":"https:\/\/www.mates.it\/fr\/wp-json\/wp\/v2\/types\/page"}],"author":[{"embeddable":true,"href":"https:\/\/www.mates.it\/fr\/wp-json\/wp\/v2\/users\/2"}],"replies":[{"embeddable":true,"href":"https:\/\/www.mates.it\/fr\/wp-json\/wp\/v2\/comments?post=9341"}],"version-history":[{"count":0,"href":"https:\/\/www.mates.it\/fr\/wp-json\/wp\/v2\/pages\/9341\/revisions"}],"up":[{"embeddable":true,"href":"https:\/\/www.mates.it\/fr\/wp-json\/wp\/v2\/pages\/9338"}],"wp:attachment":[{"href":"https:\/\/www.mates.it\/fr\/wp-json\/wp\/v2\/media?parent=9341"}],"curies":[{"name":"wp","href":"https:\/\/api.w.org\/{rel}","templated":true}]}}