{"id":9344,"date":"2016-09-26T09:09:31","date_gmt":"2016-09-26T07:09:31","guid":{"rendered":"https:\/\/www.mates.it\/settori\/outillage-modelisation\/"},"modified":"2023-07-19T04:00:01","modified_gmt":"2023-07-19T02:00:01","slug":"outillage-modelage","status":"publish","type":"page","link":"https:\/\/www.mates.it\/fr\/marches\/outillage-modelage\/","title":{"rendered":"Outillage \/ Modelage"},"content":{"rendered":"<div  class='flex_column av-av_one_full-7714eba142aeda1f8b5272a3c372b279 av_one_full  avia-builder-el-0  el_before_av_one_full  avia-builder-el-first  first flex_column_div  '     ><p>\n<style type=\"text\/css\" data-created_by=\"avia_inline_auto\" id=\"style-css-av-lk91ubky-aa699f23e6c1e2ae23056d68676279a3\">\n#top .av-special-heading.av-lk91ubky-aa699f23e6c1e2ae23056d68676279a3{\npadding-bottom:10px;\n}\nbody .av-special-heading.av-lk91ubky-aa699f23e6c1e2ae23056d68676279a3 .av-special-heading-tag .heading-char{\nfont-size:25px;\n}\n.av-special-heading.av-lk91ubky-aa699f23e6c1e2ae23056d68676279a3 .av-subheading{\nfont-size:15px;\n}\n<\/style>\n<div  class='av-special-heading av-lk91ubky-aa699f23e6c1e2ae23056d68676279a3 av-special-heading-h1  avia-builder-el-1  el_before_av_textblock  avia-builder-el-first  custom-h1-title'><h1 class='av-special-heading-tag '  >Outillage \/ Modelage<\/h1><div class=\"special-heading-border\"><div class=\"special-heading-inner-border\"><\/div><\/div><\/div><br \/>\n<section  class='av_textblock_section av-lk91unwz-422c92d7b6a6a36c405d2831c52704f7 '  ><div class='avia_textblock' ><p><span class=\"HwtZe\" lang=\"fr\"><span class=\"jCAhz ChMk0b\"><span class=\"ryNqvb\">L&rsquo;outillage et le modelage est un secteur qui op\u00e8re dans la production de moules et de mod\u00e8les pour l&rsquo;industrie g\u00e9n\u00e9rique et en particulier pour celle des composites avanc\u00e9s.<\/span><\/span> <span class=\"jCAhz ChMk0b\"><span class=\"ryNqvb\">Les moules sont essentiels dans de nombreux processus de cr\u00e9ation de produits aux caract\u00e9ristiques techniques sp\u00e9cifiques, garantissant toujours un excellent r\u00e9sultat final.<\/span><\/span> <span class=\"jCAhz ChMk0b\"><span class=\"ryNqvb\">Les mod\u00e8les (ou prototypes), en revanche, sont n\u00e9cessaires dans de nombreux secteurs pour la cr\u00e9ation de moules innovants et de pointe, pens\u00e9s et con\u00e7us pour obtenir toujours de meilleurs r\u00e9sultats que pr\u00e9vu.<\/span><\/span> <\/span><\/p>\n<p><span class=\"HwtZe\" lang=\"fr\"><span class=\"jCAhz ChMk0b\"><span class=\"ryNqvb\">Mates pr\u00e9sente de nombreux produits dans son catalogue pour la production de moules et de mod\u00e8les, de diff\u00e9rents types.<\/span><\/span> <span class=\"jCAhz ChMk0b\"><span class=\"ryNqvb\">Parmi eux, il existe des r\u00e9sines polyur\u00e9thanes ou \u00e9poxy sp\u00e9cifiques pour chaque utilisation particuli\u00e8re, des gelcoats pour moules qui permettent d&rsquo;obtenir une surface interne parfaite et durable, ainsi que des cires \u00e9paisses et autres articles connexes.<\/span><\/span><\/span><\/p>\n<\/div><\/section><br \/>\n<div  class='hr av-av_hr-91d7ccd583a503147498e120fee2ff9b hr-default  avia-builder-el-3  el_after_av_textblock  el_before_av_image_hotspot  avia-builder-el-last '><span class='hr-inner '><span class=\"hr-inner-style\"><\/span><\/span><\/div><br \/>\n\n<style type=\"text\/css\" data-created_by=\"avia_inline_auto\" id=\"style-css-sub-av-lk91wsf0-2943d2d79d14016f8f00972ebbf56f73\">\n.av-hotspot-image-container .av-image-hotspot.av-lk91vdn7-5e1086c1320e12e14bbdc300eb22849a{\ntop:61%;\nleft:79.1%;\n}\n.av-hotspot-image-container .av-image-hotspot.av-lk91ws54-c7fa6eaf44c718d753de6d68bbab0013{\ntop:18.9%;\nleft:50.4%;\n}\n.av-hotspot-image-container .av-image-hotspot.av-lk91ydi7-d96cb8d049d4bd2681eaa6446a3a96da{\ntop:69%;\nleft:38.2%;\n}\n.av-hotspot-image-container .av-image-hotspot.av-lk91ysy5-e4cff0bb7561be43c3a8a0593d59840d{\ntop:30.1%;\nleft:26.6%;\n}\n.av-hotspot-image-container .av-image-hotspot.av-lk91z9df-772287360d36c80c37a5599a1023b772{\ntop:66.3%;\nleft:59.3%;\n}\n<\/style>\n<div  class='av-hotspot-image-container av-lk91wsf0-2943d2d79d14016f8f00972ebbf56f73  avia-builder-el-4  el_after_av_hr  avia-builder-el-last  av-hotspot-numbered av-mobile-fallback-active  av-non-fullwidth-hotspot-image' ><div class='av-hotspot-container'><div class='av-hotspot-container-inner-cell'><div class='av-hotspot-container-inner-wrap'><div class='av-image-hotspot av-lk91vdn7-5e1086c1320e12e14bbdc300eb22849a av-image-hotspot-1 ' data-avia-tooltip-position='left' data-avia-tooltip-alignment='top' data-avia-tooltip-class='av-tt-default-width av-tt-pos-left av-tt-align-top  av-mobile-fallback-active  main_color av-tt-hotspot' data-avia-tooltip='&lt;p&gt;Renforcements&lt;\/p&gt;\n'><a href=https:\/\/www.mates.it\/fr\/produits\/tissus-renforts\/fibre-de-verre\/  target=\"_blank\"  rel=\"noopener noreferrer\" class='av-image-hotspot_inner'>1<\/a><div class='av-image-hotspot-pulse'><\/div><\/div><div class='av-image-hotspot av-lk91ws54-c7fa6eaf44c718d753de6d68bbab0013 av-image-hotspot-2 ' data-avia-tooltip-position='left' data-avia-tooltip-alignment='top' data-avia-tooltip-class='av-tt-default-width av-tt-pos-left av-tt-align-top  av-mobile-fallback-active  main_color av-tt-hotspot' data-avia-tooltip='&lt;p&gt;R\u00e9sines&lt;\/p&gt;\n'><a href=https:\/\/www.mates.it\/fr\/produits\/resines-adhesifs-chimiques\/resines\/  target=\"_blank\"  rel=\"noopener noreferrer\" class='av-image-hotspot_inner'>2<\/a><div class='av-image-hotspot-pulse'><\/div><\/div><div class='av-image-hotspot av-lk91ydi7-d96cb8d049d4bd2681eaa6446a3a96da av-image-hotspot-3 ' data-avia-tooltip-position='left' data-avia-tooltip-alignment='top' data-avia-tooltip-class='av-tt-default-width av-tt-pos-left av-tt-align-top  av-mobile-fallback-active  main_color av-tt-hotspot' data-avia-tooltip='&lt;p&gt;Gelcoat \/ Fonds&lt;\/p&gt;\n'><a href=https:\/\/www.mates.it\/fr\/produits\/resines-adhesifs-chimiques\/gelcoat-fonds\/  target=\"_blank\"  rel=\"noopener noreferrer\" class='av-image-hotspot_inner'>3<\/a><div class='av-image-hotspot-pulse'><\/div><\/div><div class='av-image-hotspot av-lk91ysy5-e4cff0bb7561be43c3a8a0593d59840d av-image-hotspot-4 ' data-avia-tooltip-position='left' data-avia-tooltip-alignment='top' data-avia-tooltip-class='av-tt-default-width av-tt-pos-left av-tt-align-top  av-mobile-fallback-active  main_color av-tt-hotspot' data-avia-tooltip='&lt;p&gt;Agents de d\u00e9moulage&lt;\/p&gt;\n'><a href=https:\/\/www.mates.it\/fr\/produits\/agents-de-demoulage\/  target=\"_blank\"  rel=\"noopener noreferrer\" class='av-image-hotspot_inner'>4<\/a><div class='av-image-hotspot-pulse'><\/div><\/div><div class='av-image-hotspot av-lk91z9df-772287360d36c80c37a5599a1023b772 av-image-hotspot-5 ' data-avia-tooltip-position='left' data-avia-tooltip-alignment='top' data-avia-tooltip-class='av-tt-default-width av-tt-pos-left av-tt-align-top  av-mobile-fallback-active  main_color av-tt-hotspot' data-avia-tooltip='&lt;p&gt;Syst\u00e8mes de moulage&lt;\/p&gt;\n'><a href=https:\/\/www.mates.it\/fr\/produits\/outillage-accessoires\/systemes-de-moulage\/  target=\"_blank\"  rel=\"noopener noreferrer\" class='av-image-hotspot_inner'>5<\/a><div class='av-image-hotspot-pulse'><\/div><\/div><img decoding=\"async\" fetchpriority=\"high\" class=\"wp-image-0 avia-img-lazy-loading-not-0 avia_image\" src=\"https:\/\/www.mates.it\/wp-content\/uploads\/2016\/09\/Tooling-Modelling.jpg\" alt=\"\" title=\"\"><\/div><\/div><\/div><div class='av-hotspot-fallback-tooltip av-image-hotspot-1 '><div class=\"av-hotspot-fallback-tooltip-count\">1<div class=\"avia-arrow\"><\/div><\/div><div class=\"av-hotspot-fallback-tooltip-inner clearfix\"><p>\nRenforcements<\/p>\n<\/div><\/div><div class='av-hotspot-fallback-tooltip av-image-hotspot-2 '><div class=\"av-hotspot-fallback-tooltip-count\">2<div class=\"avia-arrow\"><\/div><\/div><div class=\"av-hotspot-fallback-tooltip-inner clearfix\"><p>\nR\u00e9sines<\/p>\n<\/div><\/div><div class='av-hotspot-fallback-tooltip av-image-hotspot-3 '><div class=\"av-hotspot-fallback-tooltip-count\">3<div class=\"avia-arrow\"><\/div><\/div><div class=\"av-hotspot-fallback-tooltip-inner clearfix\"><p>\nGelcoat \/ Fonds<\/p>\n<\/div><\/div><div class='av-hotspot-fallback-tooltip av-image-hotspot-4 '><div class=\"av-hotspot-fallback-tooltip-count\">4<div class=\"avia-arrow\"><\/div><\/div><div class=\"av-hotspot-fallback-tooltip-inner clearfix\"><p>\nAgents de d\u00e9moulage<\/p>\n<\/div><\/div><div class='av-hotspot-fallback-tooltip av-image-hotspot-5 '><div class=\"av-hotspot-fallback-tooltip-count\">5<div class=\"avia-arrow\"><\/div><\/div><div class=\"av-hotspot-fallback-tooltip-inner clearfix\"><p>\nSyst\u00e8mes de moulage<\/p>\n<\/div><\/div><\/div><\/p><\/div>\n<div  class='flex_column av-av_one_full-7714eba142aeda1f8b5272a3c372b279 av_one_full  avia-builder-el-5  el_after_av_one_full  el_before_av_hr  first flex_column_div  column-top-margin'     ><div  class='av_promobox av-lk91zoyj-c5638e3e1deefe7580b45c5be68195ba avia-button-yes  avia-builder-el-6  avia-builder-el-no-sibling '><div class='avia-promocontent'><p>\nCliquez sur les num\u00e9ros dans l\u2019image et comparez les produits les plus adapt\u00e9s \u00e0 votre secteur ou cliquez sur le bouton dans cet onglet pour voir tous nos produits.<\/p>\n<\/div><div  class='avia-button-wrap av-lk91zoyj-5510100b47923aca931b8f088c942005-wrap avia-button-right '><a href='https:\/\/www.mates.it\/fr\/produits\/'  class='avia-button av-lk91zoyj-5510100b47923aca931b8f088c942005 av-link-btn avia-icon_select-yes-left-icon avia-size-medium avia-position-right avia-color-theme-color'  target=\"_blank\"  rel=\"noopener noreferrer\"  aria-label=\"      Produits\"><span class='avia_button_icon avia_button_icon_left avia-iconfont avia-font-entypo-fontello' data-av_icon='\ue85c' data-av_iconfont='entypo-fontello' ><\/span><span class='avia_iconbox_title' >      Produits<\/span><\/a><\/div><\/div><\/div><div  class='hr av-av_hr-91d7ccd583a503147498e120fee2ff9b hr-default  avia-builder-el-7  el_after_av_one_full  avia-builder-el-last '><span class='hr-inner '><span class=\"hr-inner-style\"><\/span><\/span><\/div><\/p>\n","protected":false},"excerpt":{"rendered":"<p>L&rsquo;outillage et la mod\u00e9lisation est un secteur qui op\u00e8re dans la production de moules et de mod\u00e8les pour les processus de production<\/p>\n","protected":false},"author":2,"featured_media":7393,"parent":9157,"menu_order":9,"comment_status":"open","ping_status":"open","template":"","meta":{"footnotes":""},"class_list":["post-9344","page","type-page","status-publish","has-post-thumbnail","hentry"],"_links":{"self":[{"href":"https:\/\/www.mates.it\/fr\/wp-json\/wp\/v2\/pages\/9344","targetHints":{"allow":["GET"]}}],"collection":[{"href":"https:\/\/www.mates.it\/fr\/wp-json\/wp\/v2\/pages"}],"about":[{"href":"https:\/\/www.mates.it\/fr\/wp-json\/wp\/v2\/types\/page"}],"author":[{"embeddable":true,"href":"https:\/\/www.mates.it\/fr\/wp-json\/wp\/v2\/users\/2"}],"replies":[{"embeddable":true,"href":"https:\/\/www.mates.it\/fr\/wp-json\/wp\/v2\/comments?post=9344"}],"version-history":[{"count":0,"href":"https:\/\/www.mates.it\/fr\/wp-json\/wp\/v2\/pages\/9344\/revisions"}],"up":[{"embeddable":true,"href":"https:\/\/www.mates.it\/fr\/wp-json\/wp\/v2\/pages\/9157"}],"wp:featuredmedia":[{"embeddable":true,"href":"https:\/\/www.mates.it\/fr\/wp-json\/wp\/v2\/media\/7393"}],"wp:attachment":[{"href":"https:\/\/www.mates.it\/fr\/wp-json\/wp\/v2\/media?parent=9344"}],"curies":[{"name":"wp","href":"https:\/\/api.w.org\/{rel}","templated":true}]}}