{"id":9346,"date":"2016-10-09T14:38:45","date_gmt":"2016-10-09T12:38:45","guid":{"rendered":"https:\/\/www.mates.it\/mates_fr\/"},"modified":"2026-03-08T21:25:17","modified_gmt":"2026-03-08T20:25:17","slug":"a-propos-de-nous","status":"publish","type":"page","link":"https:\/\/www.mates.it\/fr\/a-propos-de-nous\/","title":{"rendered":"A PROPOS DE NOUS"},"content":{"rendered":"\n<style type=\"text\/css\" data-created_by=\"avia_inline_auto\" id=\"style-css-av-lkwdn56b-4cee0379813cb5607db69a6a78d26cd1\">\n#top .av-special-heading.av-lkwdn56b-4cee0379813cb5607db69a6a78d26cd1{\npadding-bottom:10px;\n}\nbody .av-special-heading.av-lkwdn56b-4cee0379813cb5607db69a6a78d26cd1 .av-special-heading-tag .heading-char{\nfont-size:25px;\n}\n.av-special-heading.av-lkwdn56b-4cee0379813cb5607db69a6a78d26cd1 .av-subheading{\nfont-size:15px;\n}\n<\/style>\n<div  class='av-special-heading av-lkwdn56b-4cee0379813cb5607db69a6a78d26cd1 av-special-heading-h1  avia-builder-el-0  el_before_av_textblock  avia-builder-el-first  custom-h1-title'><h1 class='av-special-heading-tag '  >A propos de nous<\/h1><div class=\"special-heading-border\"><div class=\"special-heading-inner-border\"><\/div><\/div><\/div>\n<section  class='av_textblock_section av-lksrneb9-5664cb61b19ae40d0e72cf83afff1992 '  ><div class='avia_textblock' ><p>Mates a toujours \u00e9t\u00e9 actif dans le d\u00e9veloppement, la production et la distribution des meilleurs articles et \u00e9quipements utilis\u00e9s dans la production de composants composites avanc\u00e9s. R\u00e9compens\u00e9e par l&rsquo;industrie, elle s&rsquo;est d\u00e9velopp\u00e9e et est devenue la r\u00e9f\u00e9rence en mati\u00e8re d&rsquo;innovation et de qualit\u00e9 des produits.<br \/>\nEn effet, la gamme de produits g\u00e9r\u00e9s s&rsquo;est constamment \u00e9largie au fur et \u00e0 mesure du perfectionnement des nouvelles technologies de construction en mat\u00e9riaux composites, offrant une s\u00e9rie de services cibl\u00e9s pour r\u00e9pondre \u00e0 toutes les exigences sp\u00e9cifiques des clients.<br \/>\nL&rsquo;assistance technique est fournie directement, y compris de nombreux tests de produits sp\u00e9cifiques et une coop\u00e9ration constante avec les clients finaux pour les soutenir dans la mise en \u0153uvre des principaux processus de production ou pour toute personnalisation. Nous nous effor\u00e7ons de cr\u00e9er des solutions sur mesure pour r\u00e9pondre aux besoins sp\u00e9cifiques de chaque client, tout en mettant constamment l&rsquo;accent sur l&rsquo;innovation, l&rsquo;efficacit\u00e9 et la durabilit\u00e9.<br \/>\nMates est membre d&rsquo;Assocompositi depuis sa cr\u00e9ation en 2005.<\/p>\n<\/div><\/section>\n<div  class='flex_column av-5v7ici-1dae5c8ce231260a3b889f6ac9938b4a av_one_third  avia-builder-el-2  el_after_av_textblock  el_before_av_three_fifth  first flex_column_div  column-top-margin'     ><style type=\"text\/css\" data-created_by=\"avia_inline_auto\" id=\"style-css-av-3uzmo2-5558be5fe45997aac2a6ea8020ef500c\">\n.avia-image-container.av-3uzmo2-5558be5fe45997aac2a6ea8020ef500c img.avia_image{\nbox-shadow:none;\n}\n.avia-image-container.av-3uzmo2-5558be5fe45997aac2a6ea8020ef500c .av-image-caption-overlay-center{\ncolor:#ffffff;\n}\n<\/style>\n<div  class='avia-image-container av-3uzmo2-5558be5fe45997aac2a6ea8020ef500c av-styling- avia-align-center  avia-builder-el-3  avia-builder-el-no-sibling '  ><div class=\"avia-image-container-inner\"><div class=\"avia-image-overlay-wrap\"><img decoding=\"async\" fetchpriority=\"high\" class=\"wp-image-21240 avia-img-lazy-loading-not-21240 avia_image \" src=\"https:\/\/www.mates.it\/wp-content\/uploads\/assocompositi_logo-1-300x100.png\" alt=\"\" title=\"assocompositi_logo\" height=\"100\" width=\"300\" srcset=\"https:\/\/www.mates.it\/wp-content\/uploads\/assocompositi_logo-1-300x100.png 300w, https:\/\/www.mates.it\/wp-content\/uploads\/assocompositi_logo-1-768x256.png 768w, https:\/\/www.mates.it\/wp-content\/uploads\/assocompositi_logo-1-705x235.png 705w, https:\/\/www.mates.it\/wp-content\/uploads\/assocompositi_logo-1.png 929w\" sizes=\"(max-width: 300px) 100vw, 300px\"><\/div><\/div><\/div><\/div>\n<div  class='flex_column av-2giaaa-b332fa9606075b665f1ec8b413f7601d av_three_fifth  avia-builder-el-4  el_after_av_one_third  el_before_av_hr  flex_column_div  column-top-margin'     ><section  class='av_textblock_section av-mmhzg5p7-1fa6dac30edcaf7bff3092648a82a4c8 '  ><div class='avia_textblock' ><p>Assocompositi rassemble plus de 100 membres op\u00e9rant dans le secteur des mat\u00e9riaux composites en Italie \u00e0 tous les niveaux : un vaste r\u00e9seau d&rsquo;industries, d&rsquo;instituts de recherche, de professionnels et d&rsquo;\u00e9tudiants.<\/p>\n<\/div><\/section><\/div><div  class='hr av-3ydl3m-37f59b8af7526068f192ac7d24ff812c hr-default  avia-builder-el-6  el_after_av_three_fifth  el_before_av_textblock '><span class='hr-inner '><span class=\"hr-inner-style\"><\/span><\/span><\/div><\/p>\n<section  class='av_textblock_section av-2c2ltu-6896ff8998fbee12bd82910fa67122cc '  ><div class='avia_textblock' ><div class=\"flex-container container-align-start\"><div class=\"flex-cell cell-1of3 medium-cell-1of2 small-cell-1of1\">\n<article class=\"post-entry slide-entry-overview slide-loop-1 slide-parity-odd real-thumbnail post-format-standard\"\n   itemscope=\"itemscope\" itemtype=\"https:\/\/schema.org\/CreativeWork\">\n   <a href=\"https:\/\/www.mates.it\/fr\/a-propos-de-nous\/entreprise\/\" title=\"https:\/\/www.mates.it\/fr\/a-propos-de-nous\/entreprise\/\" class=\"attachment-portfolio wp-post-image\"\n      alt=\"L&rsquo;entreprise\"><img decoding=\"async\" src=\"https:\/\/www.mates.it\/wp-content\/uploads\/2016\/11\/mates_sede.jpg\" class=\" attachment-portfolio size-portfolio wp-post-image\" alt=\"L&rsquo;entreprise\" title=\"\"><\/a>\n   <div class=\"slide-content\">\n      <header class=\"entry-content-header\">\n         <h6 class=\"slide-entry-title entry-title\" itemprop=\"headline\"><a\n            href=\"https:\/\/www.mates.it\/fr\/a-propos-de-nous\/entreprise\/\"\n            title=\"New electric cars are getting really fast\">L&rsquo;entreprise<\/a><\/h6>\n         <span class=\"av-vertical-delimiter\"><\/span>\n      <\/header>\n      <div class=\"slide-entry-excerpt entry-content\" itemprop=\"text\">\n\t\t  <p>Fond\u00e9e \u00e0 Milan et pr\u00e9sente sur le march\u00e9 depuis plus de 40 ans, Mates est en mesure de garantir un service unique et innovant, en fournissant des produits \u00e0 haute valeur ajout\u00e9e et adapt\u00e9s aux besoins sp\u00e9cifiques.<\/p>\n \n\t\t  <a href=\"https:\/\/www.mates.it\/fr\/a-propos-de-nous\/entreprise\/\" class=\"avia-button avia-icon_select-yes-left-icon avia-size-small avia-position-left avia-color-theme-color-subtle\">\n\t\t\t  Voir plus &raquo;\n\t\t  <\/a> \n      <\/div>\n   <\/div>\n   <footer class=\"entry-footer\"><\/footer>\n<\/article>\n\n<\/div><div class=\"flex-cell cell-1of3 medium-cell-1of2 small-cell-1of1\">\n<article class=\"post-entry slide-entry-overview slide-loop-1 slide-parity-odd real-thumbnail post-format-standard\"\n   itemscope=\"itemscope\" itemtype=\"https:\/\/schema.org\/CreativeWork\">\n   <a href=\"https:\/\/www.mates.it\/fr\/a-propos-de-nous\/services-proposes\/\" title=\"https:\/\/www.mates.it\/fr\/a-propos-de-nous\/services-proposes\/\" class=\"attachment-portfolio wp-post-image\"\n      alt=\"Services propos\u00e9s\"><img decoding=\"async\" src=\"https:\/\/www.mates.it\/wp-content\/uploads\/2016\/10\/Asssistenza-pre-post-vendita.jpg\" class=\" attachment-portfolio size-portfolio wp-post-image\" alt=\"Services propos\u00e9s\" title=\"\"><\/a>\n   <div class=\"slide-content\">\n      <header class=\"entry-content-header\">\n         <h6 class=\"slide-entry-title entry-title\" itemprop=\"headline\"><a\n            href=\"https:\/\/www.mates.it\/fr\/a-propos-de-nous\/services-proposes\/\"\n            title=\"New electric cars are getting really fast\">Services propos\u00e9s<\/a><\/h6>\n         <span class=\"av-vertical-delimiter\"><\/span>\n      <\/header>\n      <div class=\"slide-entry-excerpt entry-content\" itemprop=\"text\">\n\t\t  <p>Pour garantir une transparence totale, une assistance technique de haute qualit\u00e9 et un service \u00e0 la client\u00e8le, Mates a toujours offert une gamme compl\u00e8te de services soigneusement con\u00e7us pour r\u00e9pondre \u00e0 tous les besoins individuels.<\/p>\n \n\t\t  <a href=\"https:\/\/www.mates.it\/fr\/a-propos-de-nous\/services-proposes\/\" class=\"avia-button avia-icon_select-yes-left-icon avia-size-small avia-position-left avia-color-theme-color-subtle\">\n\t\t\t  Voir plus &raquo;\n\t\t  <\/a> \n      <\/div>\n   <\/div>\n   <footer class=\"entry-footer\"><\/footer>\n<\/article>\n\n<\/div><div class=\"flex-cell cell-1of3 medium-cell-1of2 small-cell-1of1\">\n<article class=\"post-entry slide-entry-overview slide-loop-1 slide-parity-odd real-thumbnail post-format-standard\"\n   itemscope=\"itemscope\" itemtype=\"https:\/\/schema.org\/CreativeWork\">\n   <a href=\"https:\/\/www.mates.it\/fr\/a-propos-de-nous\/contact\/\" title=\"https:\/\/www.mates.it\/fr\/a-propos-de-nous\/contact\/\" class=\"attachment-portfolio wp-post-image\"\n      alt=\"Contact\"><img decoding=\"async\" src=\"https:\/\/www.mates.it\/wp-content\/uploads\/mates_persone.png\" class=\" attachment-portfolio size-portfolio wp-post-image\" alt=\"Contact\" title=\"\"><\/a>\n   <div class=\"slide-content\">\n      <header class=\"entry-content-header\">\n         <h6 class=\"slide-entry-title entry-title\" itemprop=\"headline\"><a\n            href=\"https:\/\/www.mates.it\/fr\/a-propos-de-nous\/contact\/\"\n            title=\"New electric cars are getting really fast\">Contact<\/a><\/h6>\n         <span class=\"av-vertical-delimiter\"><\/span>\n      <\/header>\n      <div class=\"slide-entry-excerpt entry-content\" itemprop=\"text\">\n\t\t  <p>Cette section contient les coordonn\u00e9es des personnes \u00e0 contacter. N&rsquo;h\u00e9sitez pas \u00e0 contacter notre personnel pour tout probl\u00e8me technique ou logistique ou pour des informations g\u00e9n\u00e9rales sur les produits et les processus.<\/p>\n \n\t\t  <a href=\"https:\/\/www.mates.it\/fr\/a-propos-de-nous\/contact\/\" class=\"avia-button avia-icon_select-yes-left-icon avia-size-small avia-position-left avia-color-theme-color-subtle\">\n\t\t\t  Voir plus &raquo;\n\t\t  <\/a> \n      <\/div>\n   <\/div>\n   <footer class=\"entry-footer\"><\/footer>\n<\/article>\n\n<\/div><\/div\">\n<\/div><\/section>\n","protected":false},"excerpt":{"rendered":"<p>Mates a toujours \u00e9t\u00e9 active dans le d\u00e9veloppement, la production et la distribution des meilleurs articles et \u00e9quipements utilis\u00e9s dans la production de composants composites avanc\u00e9s.<\/p>\n","protected":false},"author":1,"featured_media":7629,"parent":0,"menu_order":5,"comment_status":"open","ping_status":"open","template":"","meta":{"footnotes":""},"class_list":["post-9346","page","type-page","status-publish","has-post-thumbnail","hentry"],"_links":{"self":[{"href":"https:\/\/www.mates.it\/fr\/wp-json\/wp\/v2\/pages\/9346","targetHints":{"allow":["GET"]}}],"collection":[{"href":"https:\/\/www.mates.it\/fr\/wp-json\/wp\/v2\/pages"}],"about":[{"href":"https:\/\/www.mates.it\/fr\/wp-json\/wp\/v2\/types\/page"}],"author":[{"embeddable":true,"href":"https:\/\/www.mates.it\/fr\/wp-json\/wp\/v2\/users\/1"}],"replies":[{"embeddable":true,"href":"https:\/\/www.mates.it\/fr\/wp-json\/wp\/v2\/comments?post=9346"}],"version-history":[{"count":4,"href":"https:\/\/www.mates.it\/fr\/wp-json\/wp\/v2\/pages\/9346\/revisions"}],"predecessor-version":[{"id":21260,"href":"https:\/\/www.mates.it\/fr\/wp-json\/wp\/v2\/pages\/9346\/revisions\/21260"}],"wp:featuredmedia":[{"embeddable":true,"href":"https:\/\/www.mates.it\/fr\/wp-json\/wp\/v2\/media\/7629"}],"wp:attachment":[{"href":"https:\/\/www.mates.it\/fr\/wp-json\/wp\/v2\/media?parent=9346"}],"curies":[{"name":"wp","href":"https:\/\/api.w.org\/{rel}","templated":true}]}}