{"id":9348,"date":"2016-10-09T14:45:41","date_gmt":"2016-10-09T12:45:41","guid":{"rendered":"https:\/\/www.mates.it\/supporto\/entreprise\/"},"modified":"2023-09-03T17:13:44","modified_gmt":"2023-09-03T15:13:44","slug":"entreprise","status":"publish","type":"page","link":"https:\/\/www.mates.it\/fr\/a-propos-de-nous\/entreprise\/","title":{"rendered":"L&rsquo;entreprise"},"content":{"rendered":"<div  class='flex_column av-av_one_full-7714eba142aeda1f8b5272a3c372b279 av_one_full  avia-builder-el-0  el_before_av_hr  avia-builder-el-first  first flex_column_div  '     ><p>\n<style type=\"text\/css\" data-created_by=\"avia_inline_auto\" id=\"style-css-av-lkss37lq-0cbbe207632cb96756880679c9f17bde\">\n#top .av-special-heading.av-lkss37lq-0cbbe207632cb96756880679c9f17bde{\npadding-bottom:10px;\n}\nbody .av-special-heading.av-lkss37lq-0cbbe207632cb96756880679c9f17bde .av-special-heading-tag .heading-char{\nfont-size:25px;\n}\n.av-special-heading.av-lkss37lq-0cbbe207632cb96756880679c9f17bde .av-subheading{\nfont-size:15px;\n}\n<\/style>\n<div  class='av-special-heading av-lkss37lq-0cbbe207632cb96756880679c9f17bde av-special-heading-h1  avia-builder-el-1  el_before_av_textblock  avia-builder-el-first  custom-h1-title'><h1 class='av-special-heading-tag '  >L\u2019entreprise<\/h1><div class=\"special-heading-border\"><div class=\"special-heading-inner-border\"><\/div><\/div><\/div><br \/>\n<section  class='av_textblock_section av-lkss3uun-2aec01c08df2525b5e150cf04b9a19f4 '  ><div class='avia_textblock' ><p>Fond\u00e9e \u00e0 Milan et pr\u00e9sente sur le march\u00e9 depuis plus de 40 ans, Mates r\u00e9pond aujourd&rsquo;hui aux caract\u00e9ristiques de qualit\u00e9, d&rsquo;innovation et de flexibilit\u00e9 exig\u00e9es par les clients, avec une structure solide capable de r\u00e9unir des professionnels aux comp\u00e9tences sp\u00e9cifiques. Avec un r\u00e9seau d&rsquo;une quinzaine de distributeurs dans le monde, notamment en Australie, en Afrique, en Europe et en Am\u00e9rique, plus de 1 500 clients actifs et un portefeuille contenant les meilleures marques du secteur, Mates est l&rsquo;un des acteurs dominants du secteur des composites avanc\u00e9s.<br \/>\nGr\u00e2ce \u00e0 un mod\u00e8le d&rsquo;entreprise unique et au d\u00e9veloppement en interne de lignes de produits enti\u00e8res, en travaillant directement avec les distributeurs et les clients cl\u00e9s, Mates est en mesure de garantir un service unique et innovant, en fournissant des produits \u00e0 haute valeur ajout\u00e9e et adapt\u00e9s aux besoins sp\u00e9cifiques. La gamme s&rsquo;est constamment \u00e9largie au fur et \u00e0 mesure du perfectionnement des nouvelles technologies de construction en mat\u00e9riaux composites, ce qui a permis de constituer un catalogue de produits, toujours disponible et avec un d\u00e9lai de livraison moyen de 48 heures, d&rsquo;environ 3 100 articles.<br \/>\nLe si\u00e8ge social est situ\u00e9 \u00e0 Segrate, \u00e0 quelques kilom\u00e8tres seulement de l&rsquo;a\u00e9roport de Linate et du plus important n\u0153ud ferroviaire commercial de Milan. Segrate fait \u00e9galement partie de la zone urbaine de Milan Est, et se trouve donc au centre des principales routes commerciales pour les marchandises qui traversent le pays. Cette position logistique strat\u00e9gique permet de minimiser les inconv\u00e9nients et les inefficacit\u00e9s dus au manque d&rsquo;installations ad\u00e9quates.<\/p>\n<\/div><\/section><\/p><\/div>\n<div  class='hr av-av_hr-91d7ccd583a503147498e120fee2ff9b hr-default  avia-builder-el-3  el_after_av_one_full  el_before_av_one_fifth '><span class='hr-inner '><span class=\"hr-inner-style\"><\/span><\/span><\/div>\n<div  class='flex_column av-av_one_fifth-7714eba142aeda1f8b5272a3c372b279 av_one_fifth  avia-builder-el-4  el_after_av_hr  el_before_av_one_fifth  first flex_column_div  '     ><div  class=\"avia-animated-number av-lkss4dfi-4004fd186b3d791e0143c4eefe2ab007 av-force-default-color avia_animate_when_visible  avia-builder-el-5  avia-builder-el-no-sibling  \" data-timer=\"3000\"><strong class=\"heading avia-animated-number-title\"><span class=\"avia-single-number __av-single-number\" data-number_format=\"\" data-number=\"1978\" data-start_from=\"0\">1978<\/span><\/strong><div class=\"avia-animated-number-content\"><p>La fondation<\/p>\n<\/div><\/div><\/div><div  class='flex_column av-av_one_fifth-f1c518e9ff58e869f80c8f093487abc9 av_one_fifth  avia-builder-el-6  el_after_av_one_fifth  el_before_av_one_fifth  flex_column_div  '     ><div  class=\"avia-animated-number av-lkss41x5-047e4a74f2a19ddd1c440cb6b83e6eb6 av-force-default-color avia_animate_when_visible  avia-builder-el-7  avia-builder-el-no-sibling  \" data-timer=\"3000\"><strong class=\"heading avia-animated-number-title\"><span class=\"avia-single-number __av-single-number\" data-number_format=\".\" data-number=\"3064\" data-start_from=\"0\">3064<\/span><\/strong><div class=\"avia-animated-number-content\"><p>Produits en stock<\/p>\n<\/div><\/div><\/div><\/p>\n<div  class='flex_column av-av_one_fifth-f1c518e9ff58e869f80c8f093487abc9 av_one_fifth  avia-builder-el-8  el_after_av_one_fifth  el_before_av_one_fifth  flex_column_div  '     ><div  class=\"avia-animated-number av-lkss474q-ef4f1780d4ff4ed05c5953d59e76d33b av-force-default-color avia_animate_when_visible  avia-builder-el-9  avia-builder-el-no-sibling  \" data-timer=\"3000\"><strong class=\"heading avia-animated-number-title\"><span class=\"avia-single-number __av-single-number\" data-number_format=\".\" data-number=\"48\" data-start_from=\"0\">48<\/span><span class=\"avia-no-number\"> \/ <\/span><span class=\"avia-single-number __av-single-number\" data-number_format=\".\" data-number=\"72\" data-start_from=\"0\">72<\/span><span class=\"avia-no-number\"> h<\/span><\/strong><div class=\"avia-animated-number-content\"><p>Ex\u00e9cution moyenne<\/p>\n<\/div><\/div><\/div>\n<div  class='flex_column av-av_one_fifth-f1c518e9ff58e869f80c8f093487abc9 av_one_fifth  avia-builder-el-10  el_after_av_one_fifth  el_before_av_one_fifth  flex_column_div  '     ><div  class=\"avia-animated-number av-lkss4i6o-df662053ce7e58ff865a0f93733ef748 av-force-default-color avia_animate_when_visible  avia-builder-el-11  avia-builder-el-no-sibling  \" data-timer=\"3000\"><strong class=\"heading avia-animated-number-title\"><span class=\"avia-single-number __av-single-number\" data-number_format=\".\" data-number=\"1675\" data-start_from=\"0\">1675<\/span><\/strong><div class=\"avia-animated-number-content\"><p>Clients actifs<\/p>\n<\/div><\/div><\/div><div  class='flex_column av-av_one_fifth-f1c518e9ff58e869f80c8f093487abc9 av_one_fifth  avia-builder-el-12  el_after_av_one_fifth  el_before_av_hr  flex_column_div  '     ><div  class=\"avia-animated-number av-lkss4ndu-16dd39d4a3cb8528b5a94f98b873a31c av-force-default-color avia_animate_when_visible  avia-builder-el-13  avia-builder-el-no-sibling  \" data-timer=\"3000\"><strong class=\"heading avia-animated-number-title\"><span class=\"avia-single-number __av-single-number\" data-number_format=\".\" data-number=\"23\" data-start_from=\"0\">23<\/span><\/strong><div class=\"avia-animated-number-content\"><p>Pays couverts<\/p>\n<\/div><\/div><\/div><div  class='hr av-av_hr-91d7ccd583a503147498e120fee2ff9b hr-default  avia-builder-el-14  el_after_av_one_fifth  el_before_av_textblock '><span class='hr-inner '><span class=\"hr-inner-style\"><\/span><\/span><\/div><\/p>\n<section  class='av_textblock_section av-av_textblock-7a1af7d8f9790576b1769c0a9f0449ed '  ><div class='avia_textblock' ><div class=\"flex-container container-align-start\"><div class=\"flex-cell cell-1of3 medium-cell-1of2 small-cell-1of1\">\n<article class=\"post-entry slide-entry-overview slide-loop-1 slide-parity-odd real-thumbnail post-format-standard\"\n   itemscope=\"itemscope\" itemtype=\"https:\/\/schema.org\/CreativeWork\">\n   <a href=\"https:\/\/www.mates.it\/fr\/a-propos-de-nous\/entreprise\/histoire\/\" title=\"https:\/\/www.mates.it\/fr\/a-propos-de-nous\/entreprise\/histoire\/\" class=\"attachment-portfolio wp-post-image\"\n      alt=\"Histoire\"><img decoding=\"async\" src=\"https:\/\/www.mates.it\/wp-content\/uploads\/mates_storia.png\" class=\" attachment-portfolio size-portfolio wp-post-image\" alt=\"Histoire\" title=\"\"><\/a>\n   <div class=\"slide-content\">\n      <header class=\"entry-content-header\">\n         <h6 class=\"slide-entry-title entry-title\" itemprop=\"headline\"><a\n            href=\"https:\/\/www.mates.it\/fr\/a-propos-de-nous\/entreprise\/histoire\/\"\n            title=\"New electric cars are getting really fast\">Histoire<\/a><\/h6>\n         <span class=\"av-vertical-delimiter\"><\/span>\n      <\/header>\n      <div class=\"slide-entry-excerpt entry-content\" itemprop=\"text\">\n\t\t  <p>Fond\u00e9e \u00e0 Milan en 1978 par Massimiliano Antonini, Mates a \u00e9t\u00e9 l&rsquo;une des premi\u00e8res entreprises italiennes \u00e0 d\u00e9velopper et \u00e0 commercialiser des produits pour la production de composants en mat\u00e9riaux composites.<\/p>\n \n\t\t  <a href=\"https:\/\/www.mates.it\/fr\/a-propos-de-nous\/entreprise\/histoire\/\" class=\"avia-button avia-icon_select-yes-left-icon avia-size-small avia-position-left avia-color-theme-color-subtle\">\n\t\t\t  Voir plus &raquo;\n\t\t  <\/a> \n      <\/div>\n   <\/div>\n   <footer class=\"entry-footer\"><\/footer>\n<\/article>\n\n<\/div><div class=\"flex-cell cell-1of3 medium-cell-1of2 small-cell-1of1\">\n<article class=\"post-entry slide-entry-overview slide-loop-1 slide-parity-odd real-thumbnail post-format-standard\"\n   itemscope=\"itemscope\" itemtype=\"https:\/\/schema.org\/CreativeWork\">\n   <a href=\"https:\/\/www.mates.it\/fr\/a-propos-de-nous\/entreprise\/les-personnes\/\" title=\"https:\/\/www.mates.it\/fr\/a-propos-de-nous\/entreprise\/les-personnes\/\" class=\"attachment-portfolio wp-post-image\"\n      alt=\"Les personnes\"><img decoding=\"async\" src=\"https:\/\/www.mates.it\/wp-content\/uploads\/mates_persone.png\" class=\" attachment-portfolio size-portfolio wp-post-image\" alt=\"Les personnes\" title=\"\"><\/a>\n   <div class=\"slide-content\">\n      <header class=\"entry-content-header\">\n         <h6 class=\"slide-entry-title entry-title\" itemprop=\"headline\"><a\n            href=\"https:\/\/www.mates.it\/fr\/a-propos-de-nous\/entreprise\/les-personnes\/\"\n            title=\"New electric cars are getting really fast\">Les personnes<\/a><\/h6>\n         <span class=\"av-vertical-delimiter\"><\/span>\n      <\/header>\n      <div class=\"slide-entry-excerpt entry-content\" itemprop=\"text\">\n\t\t  <p>Les personnes sont la cl\u00e9 de tout succ\u00e8s et, pour une entreprise, elles constituent la ressource strat\u00e9gique la plus importante. Mates croit fermement en cette v\u00e9rit\u00e9 et investit constamment dans la valeur et le professionnalisme de son personnel.<\/p>\n \n\t\t  <a href=\"https:\/\/www.mates.it\/fr\/a-propos-de-nous\/entreprise\/les-personnes\/\" class=\"avia-button avia-icon_select-yes-left-icon avia-size-small avia-position-left avia-color-theme-color-subtle\">\n\t\t\t  Voir plus &raquo;\n\t\t  <\/a> \n      <\/div>\n   <\/div>\n   <footer class=\"entry-footer\"><\/footer>\n<\/article>\n\n<\/div><div class=\"flex-cell cell-1of3 medium-cell-1of2 small-cell-1of1\">\n<article class=\"post-entry slide-entry-overview slide-loop-1 slide-parity-odd real-thumbnail post-format-standard\"\n   itemscope=\"itemscope\" itemtype=\"https:\/\/schema.org\/CreativeWork\">\n   <a href=\"https:\/\/www.mates.it\/fr\/a-propos-de-nous\/entreprise\/certifications\/\" title=\"https:\/\/www.mates.it\/fr\/a-propos-de-nous\/entreprise\/certifications\/\" class=\"attachment-portfolio wp-post-image\"\n      alt=\"Certifications\"><img decoding=\"async\" src=\"https:\/\/www.mates.it\/wp-content\/uploads\/supporto_certificazioni.png\" class=\" attachment-portfolio size-portfolio wp-post-image\" alt=\"Certifications\" title=\"\"><\/a>\n   <div class=\"slide-content\">\n      <header class=\"entry-content-header\">\n         <h6 class=\"slide-entry-title entry-title\" itemprop=\"headline\"><a\n            href=\"https:\/\/www.mates.it\/fr\/a-propos-de-nous\/entreprise\/certifications\/\"\n            title=\"New electric cars are getting really fast\">Certifications<\/a><\/h6>\n         <span class=\"av-vertical-delimiter\"><\/span>\n      <\/header>\n      <div class=\"slide-entry-excerpt entry-content\" itemprop=\"text\">\n\t\t  <p>Ces r\u00e9alisations au fil des ans refl\u00e8tent clairement notre engagement constant en faveur de l&rsquo;innovation et l&rsquo;objectif premier d&rsquo;assurer la plus haute qualit\u00e9 et la plus grande satisfaction de nos clients.<\/p>\n \n\t\t  <a href=\"https:\/\/www.mates.it\/fr\/a-propos-de-nous\/entreprise\/certifications\/\" class=\"avia-button avia-icon_select-yes-left-icon avia-size-small avia-position-left avia-color-theme-color-subtle\">\n\t\t\t  Voir plus &raquo;\n\t\t  <\/a> \n      <\/div>\n   <\/div>\n   <footer class=\"entry-footer\"><\/footer>\n<\/article>\n\n<\/div><div class=\"flex-cell cell-1of3 medium-cell-1of2 small-cell-1of1\">\n<article class=\"post-entry slide-entry-overview slide-loop-1 slide-parity-odd real-thumbnail post-format-standard\"\n   itemscope=\"itemscope\" itemtype=\"https:\/\/schema.org\/CreativeWork\">\n   <a href=\"https:\/\/www.mates.it\/fr\/a-propos-de-nous\/entreprise\/clients\/\" title=\"https:\/\/www.mates.it\/fr\/a-propos-de-nous\/entreprise\/clients\/\" class=\"attachment-portfolio wp-post-image\"\n      alt=\"Clients\"><img decoding=\"async\" src=\"https:\/\/www.mates.it\/wp-content\/uploads\/mates_clienti.png\" class=\" attachment-portfolio size-portfolio wp-post-image\" alt=\"Clients\" title=\"\"><\/a>\n   <div class=\"slide-content\">\n      <header class=\"entry-content-header\">\n         <h6 class=\"slide-entry-title entry-title\" itemprop=\"headline\"><a\n            href=\"https:\/\/www.mates.it\/fr\/a-propos-de-nous\/entreprise\/clients\/\"\n            title=\"New electric cars are getting really fast\">Clients<\/a><\/h6>\n         <span class=\"av-vertical-delimiter\"><\/span>\n      <\/header>\n      <div class=\"slide-entry-excerpt entry-content\" itemprop=\"text\">\n\t\t  <p>Nous sommes fiers d&rsquo;avoir \u00e9tabli des partenariats avec un large \u00e9ventail de clients dans des secteurs cl\u00e9s, notamment l&rsquo;automobile, la marine, l&rsquo;a\u00e9rospatiale, l&rsquo;\u00e9nergie \u00e9olienne, ainsi que les industries du verre et de la construction.<\/p>\n \n\t\t  <a href=\"https:\/\/www.mates.it\/fr\/a-propos-de-nous\/entreprise\/clients\/\" class=\"avia-button avia-icon_select-yes-left-icon avia-size-small avia-position-left avia-color-theme-color-subtle\">\n\t\t\t  Voir plus &raquo;\n\t\t  <\/a> \n      <\/div>\n   <\/div>\n   <footer class=\"entry-footer\"><\/footer>\n<\/article>\n\n<\/div><div class=\"flex-cell cell-1of3 medium-cell-1of2 small-cell-1of1\">\n<article class=\"post-entry slide-entry-overview slide-loop-1 slide-parity-odd real-thumbnail post-format-standard\"\n   itemscope=\"itemscope\" itemtype=\"https:\/\/schema.org\/CreativeWork\">\n   <a href=\"https:\/\/www.mates.it\/fr\/a-propos-de-nous\/entreprise\/fournisseurs\/\" title=\"https:\/\/www.mates.it\/fr\/a-propos-de-nous\/entreprise\/fournisseurs\/\" class=\"attachment-portfolio wp-post-image\"\n      alt=\"Fournisseurs\"><img decoding=\"async\" src=\"https:\/\/www.mates.it\/wp-content\/uploads\/mates_fornitori.png\" class=\" attachment-portfolio size-portfolio wp-post-image\" alt=\"Fournisseurs\" title=\"\"><\/a>\n   <div class=\"slide-content\">\n      <header class=\"entry-content-header\">\n         <h6 class=\"slide-entry-title entry-title\" itemprop=\"headline\"><a\n            href=\"https:\/\/www.mates.it\/fr\/a-propos-de-nous\/entreprise\/fournisseurs\/\"\n            title=\"New electric cars are getting really fast\">Fournisseurs<\/a><\/h6>\n         <span class=\"av-vertical-delimiter\"><\/span>\n      <\/header>\n      <div class=\"slide-entry-excerpt entry-content\" itemprop=\"text\">\n\t\t  <p>Mates collabore activement avec un vaste r\u00e9seau de partenaires commerciaux de premier plan, jouant un r\u00f4le cl\u00e9 dans la fourniture de produits et de services d\u00e9di\u00e9s aux mat\u00e9riaux composites avanc\u00e9s.<\/p>\n \n\t\t  <a href=\"https:\/\/www.mates.it\/fr\/a-propos-de-nous\/entreprise\/fournisseurs\/\" class=\"avia-button avia-icon_select-yes-left-icon avia-size-small avia-position-left avia-color-theme-color-subtle\">\n\t\t\t  Voir plus &raquo;\n\t\t  <\/a> \n      <\/div>\n   <\/div>\n   <footer class=\"entry-footer\"><\/footer>\n<\/article>\n\n<\/div><\/div\">\n<\/div><\/section>\n<div  class='hr av-av_hr-91d7ccd583a503147498e120fee2ff9b hr-default'><span class='hr-inner '><span class=\"hr-inner-style\"><\/span><\/span><\/div>\n<div  class='flex_column av-av_one_full-7714eba142aeda1f8b5272a3c372b279 av_one_full  avia-builder-el-0  avia-builder-el-no-sibling  first flex_column_div  '     ><div  class='avia-button-wrap av-lksshaom-54679613b4b3337e5001c131e2b4a0a5-wrap avia-button-left '><a href='https:\/\/www.mates.it\/wp-content\/uploads\/Brochure_Mates_web.pdf'  class='avia-button av-lksshaom-54679613b4b3337e5001c131e2b4a0a5 av-link-btn avia-icon_select-yes-left-icon avia-size-small avia-position-left avia-color-theme-color'  target=\"_blank\"  rel=\"noopener noreferrer\"  aria-label=\"    Mates \u00ae Brochure\"><span class='avia_button_icon avia_button_icon_left avia-iconfont avia-font-entypo-fontello' data-av_icon='\ue82d' data-av_iconfont='entypo-fontello' ><\/span><span class='avia_iconbox_title' >    Mates \u00ae Brochure<\/span><\/a><\/div><\/div>\n","protected":false},"excerpt":{"rendered":"<p>Fond\u00e9e \u00e0 Milan et pr\u00e9sente sur le march\u00e9 depuis plus de 40 ans, Mates est en mesure de garantir un service unique et innovant, en fournissant des produits \u00e0 haute valeur ajout\u00e9e et adapt\u00e9s aux besoins sp\u00e9cifiques.<\/p>\n","protected":false},"author":2,"featured_media":7481,"parent":9346,"menu_order":1,"comment_status":"open","ping_status":"closed","template":"","meta":{"footnotes":""},"class_list":["post-9348","page","type-page","status-publish","has-post-thumbnail","hentry"],"_links":{"self":[{"href":"https:\/\/www.mates.it\/fr\/wp-json\/wp\/v2\/pages\/9348","targetHints":{"allow":["GET"]}}],"collection":[{"href":"https:\/\/www.mates.it\/fr\/wp-json\/wp\/v2\/pages"}],"about":[{"href":"https:\/\/www.mates.it\/fr\/wp-json\/wp\/v2\/types\/page"}],"author":[{"embeddable":true,"href":"https:\/\/www.mates.it\/fr\/wp-json\/wp\/v2\/users\/2"}],"replies":[{"embeddable":true,"href":"https:\/\/www.mates.it\/fr\/wp-json\/wp\/v2\/comments?post=9348"}],"version-history":[{"count":0,"href":"https:\/\/www.mates.it\/fr\/wp-json\/wp\/v2\/pages\/9348\/revisions"}],"up":[{"embeddable":true,"href":"https:\/\/www.mates.it\/fr\/wp-json\/wp\/v2\/pages\/9346"}],"wp:featuredmedia":[{"embeddable":true,"href":"https:\/\/www.mates.it\/fr\/wp-json\/wp\/v2\/media\/7481"}],"wp:attachment":[{"href":"https:\/\/www.mates.it\/fr\/wp-json\/wp\/v2\/media?parent=9348"}],"curies":[{"name":"wp","href":"https:\/\/api.w.org\/{rel}","templated":true}]}}