{"id":9354,"date":"2016-10-09T14:57:01","date_gmt":"2016-10-09T12:57:01","guid":{"rendered":"https:\/\/www.mates.it\/supporto\/la-societa\/equipe\/"},"modified":"2023-11-04T14:37:49","modified_gmt":"2023-11-04T13:37:49","slug":"les-personnes","status":"publish","type":"page","link":"https:\/\/www.mates.it\/fr\/a-propos-de-nous\/entreprise\/les-personnes\/","title":{"rendered":"Les personnes"},"content":{"rendered":"<div  class='flex_column av-av_one_full-7714eba142aeda1f8b5272a3c372b279 av_one_full  avia-builder-el-0  el_before_av_hr  avia-builder-el-first  first flex_column_div  '     ><p>\n<style type=\"text\/css\" data-created_by=\"avia_inline_auto\" id=\"style-css-av-lm137pgs-15a4440bc34abd1aa67c1d52f9767193\">\n#top .av-special-heading.av-lm137pgs-15a4440bc34abd1aa67c1d52f9767193{\npadding-bottom:10px;\n}\nbody .av-special-heading.av-lm137pgs-15a4440bc34abd1aa67c1d52f9767193 .av-special-heading-tag .heading-char{\nfont-size:25px;\n}\n.av-special-heading.av-lm137pgs-15a4440bc34abd1aa67c1d52f9767193 .av-subheading{\nfont-size:15px;\n}\n<\/style>\n<div  class='av-special-heading av-lm137pgs-15a4440bc34abd1aa67c1d52f9767193 av-special-heading-h1  avia-builder-el-1  el_before_av_textblock  avia-builder-el-first  custom-h1-title'><h1 class='av-special-heading-tag '  >Les personnes<\/h1><div class=\"special-heading-border\"><div class=\"special-heading-inner-border\"><\/div><\/div><\/div><br \/>\n<section  class='av_textblock_section av-lm137v7r-4b9a8950b4c1e806b873280fefd2d366 '  ><div class='avia_textblock' ><p>Les personnes sont la cl\u00e9 de tout succ\u00e8s. Pour une entreprise, elles constituent la ressource strat\u00e9gique la plus importante. Mates croit fermement en cette v\u00e9rit\u00e9 et investit constamment dans la valeur et le professionnalisme de son personnel, la vari\u00e9t\u00e9 de son exp\u00e9rience et le d\u00e9veloppement de sa culture par le biais de cours de recyclage continus, d&rsquo;ateliers de motivation et d&rsquo;une formation technique interne permanente. En retour, elle b\u00e9n\u00e9ficie d&rsquo;un esprit d&rsquo;appartenance et de coop\u00e9ration qui constitue un facteur de croissance pr\u00e9cieux pour l&rsquo;ensemble de l&rsquo;organisation.<\/p>\n<p>Une \u00e9quipe de personnes passionn\u00e9es et enthousiastes pour leur travail est la principale raison pour laquelle nos clients nous recommandent \u00e0 d&rsquo;autres. Les diff\u00e9rentes comp\u00e9tences professionnelles au sein du groupe permettent \u00e0 Mates d&rsquo;offrir des solutions diversifi\u00e9es et innovantes pour r\u00e9pondre \u00e0 chaque besoin et permettre au client d&rsquo;obtenir les meilleurs r\u00e9sultats possibles.<\/p>\n<p>Chacun apporte son exp\u00e9rience et ses connaissances pour atteindre un objectif commun. Nous sommes une famille et notre collaboration nous permet de relever les d\u00e9fis avec d\u00e9termination et cr\u00e9ativit\u00e9. Le souci de l&rsquo;excellence et de la qualit\u00e9 se refl\u00e8te dans tous les aspects du travail de l&rsquo;\u00e9quipe Mates.<\/p>\n<\/div><\/section><\/p><\/div>\n<div  class='hr av-av_hr-91d7ccd583a503147498e120fee2ff9b hr-default  avia-builder-el-3  el_after_av_one_full  el_before_av_one_half '><span class='hr-inner '><span class=\"hr-inner-style\"><\/span><\/span><\/div>\n<div  class='flex_column av-av_one_half-7714eba142aeda1f8b5272a3c372b279 av_one_half  avia-builder-el-4  el_after_av_hr  el_before_av_one_half  first flex_column_div  '     ><section  class='av_textblock_section av-lm138abl-b213cbb0928d65fc5f37e09f959c064c '  ><div class='avia_textblock' ><h6>TRAVAILLER AVEC NOUS<\/h6>\n<p>Suivez nos pages sociales pour \u00eatre inform\u00e9 des nouveaux postes \u00e0 pourvoir. Vous pouvez envoyer une candidature spontan\u00e9e en remplissant les champs ci-dessous, en joignant votre CV (taille maximale de 2 Mo) et en acceptant les conditions g\u00e9n\u00e9rales.<\/p>\n<\/div><\/section><br \/>\n\n<style type=\"text\/css\" data-created_by=\"avia_inline_auto\" id=\"style-css-av-av_hr-5d331869860e04c36bf4a1e20c4c4dfb\">\n#top .hr.av-av_hr-5d331869860e04c36bf4a1e20c4c4dfb{\nmargin-top:10px;\nmargin-bottom:10px;\n}\n.hr.av-av_hr-5d331869860e04c36bf4a1e20c4c4dfb .hr-inner{\nwidth:50px;\n}\n<\/style>\n<div  class='hr av-av_hr-5d331869860e04c36bf4a1e20c4c4dfb hr-custom  avia-builder-el-6  el_after_av_textblock  el_before_av_codeblock  hr-center hr-icon-no'><span class='hr-inner inner-border-av-border-none'><span class=\"hr-inner-style\"><\/span><\/span><\/div><br \/>\n<\/p><\/div><div  class='flex_column av-av_one_half-776923162c92d83497802fbc6ee5cf68 av_one_half  avia-builder-el-8  el_after_av_one_half  el_before_av_hr  flex_column_div  '     ><p><div  class='avia-button-wrap av-lm6q49jx-bbadeca106db500e677a1e26ae4f4e7d-wrap avia-button-left  avia-builder-el-9  el_before_av_hr  avia-builder-el-first '><a href=\"https:\/\/it.linkedin.com\/company\/mates-italiana-srl\" class=\"avia-button av-lm6q49jx-bbadeca106db500e677a1e26ae4f4e7d av-link-btn avia-icon_select-yes-right-icon avia-size-x-large avia-position-left avia-color-theme-color\" target=\"_blank\" rel=\"noopener noreferrer\" aria-label=\"Restez inform\u00e9 avec LinkedIn       |     \"><span class='avia_iconbox_title' >Restez inform\u00e9 avec LinkedIn       |     <\/span><span class='avia_button_icon avia_button_icon_right avia-iconfont avia-font-entypo-fontello' data-av_icon='\ue8fc' data-av_iconfont='entypo-fontello' ><\/span><\/a><\/div><br \/>\n\n<style type=\"text\/css\" data-created_by=\"avia_inline_auto\" id=\"style-css-av-av_hr-5d331869860e04c36bf4a1e20c4c4dfb\">\n#top .hr.av-av_hr-5d331869860e04c36bf4a1e20c4c4dfb{\nmargin-top:10px;\nmargin-bottom:10px;\n}\n.hr.av-av_hr-5d331869860e04c36bf4a1e20c4c4dfb .hr-inner{\nwidth:50px;\n}\n<\/style>\n<div  class='hr av-av_hr-5d331869860e04c36bf4a1e20c4c4dfb hr-custom  avia-builder-el-10  el_after_av_button  el_before_av_timeline  hr-center hr-icon-no'><span class='hr-inner inner-border-av-border-none'><span class=\"hr-inner-style\"><\/span><\/span><\/div><br \/>\n<div  id=\"avia-timeline-1\"  class='avia-timeline-container av-lm13a7yu-00396a2a53f96e7118d9a2c7ba936f24 av-slideshow-ui  avia-builder-el-11  el_after_av_hr  avia-builder-el-last ' ><ul class='avia-timeline avia-timeline-vertical av-milestone-placement-left avia-timeline- avia_animate_when_almost_visible'>\n<li  class='av-milestone av-lm139qkr-183531d9107a62202564fd9a555f98ab av-animated-generic fade-in av-milestone-valign-baseline av-milestone-odd'><h2 class='av-milestone-date ' id='milestone-11' ><strong>11<span class='av-milestone-indicator'><\/span><\/strong><\/h2><div class=\"av-milestone-icon-wrap\"><span class='av-milestone-icon milestone_icon avia-font-entypo-fontello'><span class='av-milestone-icon-inner milestone_inner'><i class='milestone-char avia-iconfont avia-font-entypo-fontello' data-av_icon='\ue8bb' data-av_iconfont='entypo-fontello' ><\/i><\/span><\/span><\/div><article class='av-milestone-content-wrap'><div class='av-milestone-contentbox'><header class=\"entry-content-header\" aria-label=\"\u00c9tape : Vente\"><h4 class='av-milestone-title '>Vente<\/h4><\/header><div class='av-milestone-content'><p>Responsable de secteur<br \/>\nAgent de zone<br \/>\nMarketing<br \/>\nService technique<br \/>\nService client\u00e8le<\/p>\n<\/div><\/div><footer class='av-milestone-article-footer entry-footer'><\/footer><\/article><\/li>\n<li  class='av-milestone av-lm139z30-91d40eb20cd744c601db856bcb609e39 av-animated-generic fade-in av-milestone-valign-baseline av-milestone-even'><h2 class='av-milestone-date ' id='milestone-5' ><strong>5<span class='av-milestone-indicator'><\/span><\/strong><\/h2><div class=\"av-milestone-icon-wrap\"><span class='av-milestone-icon milestone_icon avia-font-entypo-fontello'><span class='av-milestone-icon-inner milestone_inner'><i class='milestone-char avia-iconfont avia-font-entypo-fontello' data-av_icon='\ue8ab' data-av_iconfont='entypo-fontello' ><\/i><\/span><\/span><\/div><article class='av-milestone-content-wrap'><div class='av-milestone-contentbox'><header class=\"entry-content-header\" aria-label=\"\u00c9tape : Gestion\"><h4 class='av-milestone-title '>Gestion<\/h4><\/header><div class='av-milestone-content'><p>Backoffice<br \/>\nAdministration<br \/>\nImp\u00f4ts et taxes<br \/>\nAchats<br \/>\nServices g\u00e9n\u00e9raux<\/p>\n<\/div><\/div><footer class='av-milestone-article-footer entry-footer'><\/footer><\/article><\/li>\n<li  class='av-milestone av-lm13a7h0-ac09d48237fe4b0a577583b1e5ee8f40 av-animated-generic fade-in av-milestone-valign-baseline av-milestone-odd'><h2 class='av-milestone-date ' id='milestone-5' ><strong>5<span class='av-milestone-indicator'><\/span><\/strong><\/h2><div class=\"av-milestone-icon-wrap\"><span class='av-milestone-icon milestone_icon avia-font-entypo-fontello'><span class='av-milestone-icon-inner milestone_inner'><i class='milestone-char avia-iconfont avia-font-entypo-fontello' data-av_icon='\ue859' data-av_iconfont='entypo-fontello' ><\/i><\/span><\/span><\/div><article class='av-milestone-content-wrap'><div class='av-milestone-contentbox'><header class=\"entry-content-header\" aria-label=\"\u00c9tape : Logistique\"><h4 class='av-milestone-title '>Logistique<\/h4><\/header><div class='av-milestone-content'><p>Op\u00e9rateur de d\u00e9partement<br \/>\nCoordinateur<br \/>\nQualit\u00e9<br \/>\nProduction<br \/>\nChauffeur<\/p>\n<\/div><\/div><footer class='av-milestone-article-footer entry-footer'><\/footer><\/article><\/li>\n<\/ul><\/div><\/p><\/div><\/p>\n<div  class='hr av-av_hr-91d7ccd583a503147498e120fee2ff9b hr-default  avia-builder-el-12  el_after_av_one_half  el_before_av_one_full '><span class='hr-inner '><span class=\"hr-inner-style\"><\/span><\/span><\/div>\n<div  class='flex_column av-av_one_full-7714eba142aeda1f8b5272a3c372b279 av_one_full  avia-builder-el-13  el_after_av_hr  avia-builder-el-last  first flex_column_div  '     ><p>\n<style type=\"text\/css\" data-created_by=\"avia_inline_auto\" id=\"style-css-av-av_image-3a4e720bf54958456e9eb62f3a4dd52e\">\n.avia-image-container.av-av_image-3a4e720bf54958456e9eb62f3a4dd52e img.avia_image{\nbox-shadow:none;\n}\n.avia-image-container.av-av_image-3a4e720bf54958456e9eb62f3a4dd52e .av-image-caption-overlay-center{\ncolor:#ffffff;\n}\n<\/style>\n<div  class='avia-image-container av-av_image-3a4e720bf54958456e9eb62f3a4dd52e av-styling- avia-align-center  avia-builder-el-14  el_before_av_hr  avia-builder-el-first '  ><div class=\"avia-image-container-inner\"><div class=\"avia-image-overlay-wrap\"><img decoding=\"async\" fetchpriority=\"high\" class='wp-image-17527 avia-img-lazy-loading-not-17527 avia_image ' src=\"https:\/\/www.mates.it\/wp-content\/uploads\/mates_persone.png\" alt='mates_persone' title='mates_persone'  height=\"325\" width=\"1500\" srcset=\"https:\/\/www.mates.it\/wp-content\/uploads\/mates_persone.png 1500w, https:\/\/www.mates.it\/wp-content\/uploads\/mates_persone-300x65.png 300w, https:\/\/www.mates.it\/wp-content\/uploads\/mates_persone-1030x223.png 1030w, https:\/\/www.mates.it\/wp-content\/uploads\/mates_persone-768x166.png 768w, https:\/\/www.mates.it\/wp-content\/uploads\/mates_persone-705x153.png 705w\" sizes=\"(max-width: 1500px) 100vw, 1500px\" \/><\/div><\/div><\/div><br \/>\n<div  class='hr av-av_hr-91d7ccd583a503147498e120fee2ff9b hr-default  avia-builder-el-15  el_after_av_image  avia-builder-el-last '><span class='hr-inner '><span class=\"hr-inner-style\"><\/span><\/span><\/div><\/p><\/div>\n","protected":false},"excerpt":{"rendered":"<p>Les personnes sont la cl\u00e9 de tout succ\u00e8s et, pour une entreprise, elles constituent la ressource strat\u00e9gique la plus importante. Mates croit fermement en cette v\u00e9rit\u00e9 et investit constamment dans la valeur et le professionnalisme de son personnel.<\/p>\n","protected":false},"author":2,"featured_media":17527,"parent":9348,"menu_order":2,"comment_status":"open","ping_status":"open","template":"","meta":{"footnotes":""},"class_list":["post-9354","page","type-page","status-publish","has-post-thumbnail","hentry"],"_links":{"self":[{"href":"https:\/\/www.mates.it\/fr\/wp-json\/wp\/v2\/pages\/9354","targetHints":{"allow":["GET"]}}],"collection":[{"href":"https:\/\/www.mates.it\/fr\/wp-json\/wp\/v2\/pages"}],"about":[{"href":"https:\/\/www.mates.it\/fr\/wp-json\/wp\/v2\/types\/page"}],"author":[{"embeddable":true,"href":"https:\/\/www.mates.it\/fr\/wp-json\/wp\/v2\/users\/2"}],"replies":[{"embeddable":true,"href":"https:\/\/www.mates.it\/fr\/wp-json\/wp\/v2\/comments?post=9354"}],"version-history":[{"count":0,"href":"https:\/\/www.mates.it\/fr\/wp-json\/wp\/v2\/pages\/9354\/revisions"}],"up":[{"embeddable":true,"href":"https:\/\/www.mates.it\/fr\/wp-json\/wp\/v2\/pages\/9348"}],"wp:featuredmedia":[{"embeddable":true,"href":"https:\/\/www.mates.it\/fr\/wp-json\/wp\/v2\/media\/17527"}],"wp:attachment":[{"href":"https:\/\/www.mates.it\/fr\/wp-json\/wp\/v2\/media?parent=9354"}],"curies":[{"name":"wp","href":"https:\/\/api.w.org\/{rel}","templated":true}]}}