{"id":9358,"date":"2016-10-09T15:58:34","date_gmt":"2016-10-09T13:58:34","guid":{"rendered":"https:\/\/www.mates.it\/supporto\/la-societa\/nos-clients\/"},"modified":"2023-12-22T18:14:25","modified_gmt":"2023-12-22T17:14:25","slug":"clients","status":"publish","type":"page","link":"https:\/\/www.mates.it\/fr\/a-propos-de-nous\/entreprise\/clients\/","title":{"rendered":"Clients"},"content":{"rendered":"<div  class='flex_column av-187mxum-6bab3e4dca264824d199137f93ad55c6 av_one_full  avia-builder-el-0  avia-builder-el-no-sibling  first flex_column_div  '     ><p>\n<style type=\"text\/css\" data-created_by=\"avia_inline_auto\" id=\"style-css-av-lm13jncv-5e9163429f6a7e526c3562036d0c00e0\">\n#top .av-special-heading.av-lm13jncv-5e9163429f6a7e526c3562036d0c00e0{\npadding-bottom:10px;\n}\nbody .av-special-heading.av-lm13jncv-5e9163429f6a7e526c3562036d0c00e0 .av-special-heading-tag .heading-char{\nfont-size:25px;\n}\n.av-special-heading.av-lm13jncv-5e9163429f6a7e526c3562036d0c00e0 .av-subheading{\nfont-size:15px;\n}\n<\/style>\n<div  class='av-special-heading av-lm13jncv-5e9163429f6a7e526c3562036d0c00e0 av-special-heading-h1  avia-builder-el-1  el_before_av_textblock  avia-builder-el-first  custom-h1-title'><h1 class='av-special-heading-tag '  >Clients<\/h1><div class=\"special-heading-border\"><div class=\"special-heading-inner-border\"><\/div><\/div><\/div><br \/>\n<section  class='av_textblock_section av-lm13jvk3-9582bfa4dd70488729f9e2306cbfa322 '  ><div class='avia_textblock' ><p>Nous sommes fiers d&rsquo;avoir \u00e9tabli des collaborations avec un large \u00e9ventail de clients op\u00e9rant dans des secteurs cl\u00e9s, notamment l&rsquo;automobile, le nautisme, l&rsquo;a\u00e9rospatiale, l&rsquo;\u00e9nergie \u00e9olienne, ainsi que l&rsquo;industrie du verre et le secteur de la construction. Nos produits et solutions sont devenus essentiels pour favoriser l&rsquo;expansion de leurs activit\u00e9s. Nous entretenons un dialogue permanent avec nos clients pour comprendre leurs r\u00e9alit\u00e9s et leurs d\u00e9fis quotidiens, afin de construire, d\u00e9velopper et optimiser les solutions mises \u00e0 leur disposition.<br \/>\nSi vous souhaitez rejoindre la liste toujours plus longue de nos clients satisfaits, nous vous invitons \u00e0 prendre contact avec nous. Nous nous ferons un plaisir de discuter de vos besoins sp\u00e9cifiques. Nous sommes l\u00e0 pour vous guider vers le succ\u00e8s et pour construire un partenariat solide et durable.<\/p>\n<\/div><\/section><br \/>\n<div  class='hr av-16s2sv2-af1e77ca40e65acae09186ad9f1772d2 hr-default  avia-builder-el-3  el_after_av_textblock  el_before_av_partner '><span class='hr-inner '><span class=\"hr-inner-style\"><\/span><\/span><\/div><br \/>\n\n<style type=\"text\/css\" data-created_by=\"avia_inline_auto\" id=\"style-css-av-157hz8u-726f7837f1625737afb18fa15316c76e\">\n.avia-logo-element-container.av-157hz8u-726f7837f1625737afb18fa15316c76e .av-partner-fake-img{\nbackground-size:cover;\n}\n<\/style>\n<div  class='avia-logo-element-container av-157hz8u-726f7837f1625737afb18fa15316c76e avia-logo-grid avia-content-slider avia-smallarrow-slider avia-content-grid-active noHover avia-content-slider-odd  avia-builder-el-4  el_after_av_hr  el_before_av_hr  avia-content-slider1' ><div class='avia-smallarrow-slider-heading  no-logo-slider-heading '><div class='new-special-heading'>&nbsp;<\/div><\/div><div class=\"avia-content-slider-inner\"><div class=\"slide-entry-wrap\"><div data-avia-tooltip=\"Automotive \/ Aerospace\" class='slide-entry av-12y0le6-4a0be9958cebf9f0421e50231d8fa528 flex_column no_margin av_one_fifth real-thumbnail post-entry slide-entry-overview slide-loop-1 slide-parity-odd  first'><a href=\"https:\/\/www.gruppoadler.it\/\" data-rel=\"slide-1\" class=\"slide-image\" title=\"\" target=\"_blank\" rel=\"noopener noreferrer\"><span class='av-partner-fake-img' style='padding-bottom:50%; background-image:url(https:\/\/www.mates.it\/wp-content\/uploads\/adler.jpg);'><\/span><\/a><\/div><div data-avia-tooltip=\"Aerospace\" class='slide-entry av-11q25su-3e930df3043d1d91f95cb18a6d2a486d flex_column no_margin av_one_fifth real-thumbnail post-entry slide-entry-overview slide-loop-2 slide-parity-even  '><a href=\"https:\/\/www.airbus.com\/en\" data-rel=\"slide-1\" class=\"slide-image\" title=\"\" target=\"_blank\" rel=\"noopener noreferrer\"><span class='av-partner-fake-img' style='padding-bottom:50%; background-image:url(https:\/\/www.mates.it\/wp-content\/uploads\/airbus-2.jpg);'><\/span><\/a><\/div><div data-avia-tooltip=\"Automotive\" class='slide-entry av-1041wby-f190cab5382355634b0ac58fdd854d89 flex_column no_margin av_one_fifth real-thumbnail post-entry slide-entry-overview slide-loop-3 slide-parity-odd  '><a href=\"http:\/\/www.akrapovic.it\/\" data-rel=\"slide-1\" class=\"slide-image\" title=\"\" target=\"_blank\" rel=\"noopener noreferrer\"><span class='av-partner-fake-img' style='padding-bottom:50%; background-image:url(https:\/\/www.mates.it\/wp-content\/uploads\/akrapovic-2.jpg);'><\/span><\/a><\/div><div data-avia-tooltip=\"Marine\" class='slide-entry av-y3bsse-5287343b135cbe5a349e7c1b2a9624ed flex_column no_margin av_one_fifth real-thumbnail post-entry slide-entry-overview slide-loop-4 slide-parity-even  '><a href=\"https:\/\/www.azimutbenetti.com\/it\/\" data-rel=\"slide-1\" class=\"slide-image\" title=\"\" target=\"_blank\" rel=\"noopener noreferrer\"><span class='av-partner-fake-img' style='padding-bottom:50%; background-image:url(https:\/\/www.mates.it\/wp-content\/uploads\/azimut.jpg);'><\/span><\/a><\/div><div data-avia-tooltip=\"Research\" class='slide-entry av-wc8a3i-1f803f978d4308d29e48e11ecea38e74 flex_column no_margin av_one_fifth real-thumbnail post-entry slide-entry-overview slide-loop-5 slide-parity-odd  '><a href=\"https:\/\/www.cetma.it\/\" data-rel=\"slide-1\" class=\"slide-image\" title=\"\" target=\"_blank\" rel=\"noopener noreferrer\"><span class='av-partner-fake-img' style='padding-bottom:50%; background-image:url(https:\/\/www.mates.it\/wp-content\/uploads\/cetma.jpg);'><\/span><\/a><\/div><\/div><div class=\"slide-entry-wrap\"><div data-avia-tooltip=\"Research\" class='slide-entry av-v1ltpq-e5ae651b5686d9c7c9e1a8c8394e223d flex_column no_margin av_one_fifth real-thumbnail post-entry slide-entry-overview slide-loop-6 slide-parity-odd  first'><a href=\"https:\/\/www.cira.it\/it\" data-rel=\"slide-1\" class=\"slide-image\" title=\"\" target=\"_blank\" rel=\"noopener noreferrer\"><span class='av-partner-fake-img' style='padding-bottom:50%; background-image:url(https:\/\/www.mates.it\/wp-content\/uploads\/cira.jpg);'><\/span><\/a><\/div><div data-avia-tooltip=\"Marine\" class='slide-entry av-ske0pq-66ee662d7c5b7ab64d505c4b31afa318 flex_column no_margin av_one_fifth real-thumbnail post-entry slide-entry-overview slide-loop-7 slide-parity-even  '><a href=\"https:\/\/www.cranchi.com\/it\" data-rel=\"slide-1\" class=\"slide-image\" title=\"\" target=\"_blank\" rel=\"noopener noreferrer\"><span class='av-partner-fake-img' style='padding-bottom:50%; background-image:url(https:\/\/www.mates.it\/wp-content\/uploads\/cranchi-2.jpg);'><\/span><\/a><\/div><div data-avia-tooltip=\"Automotive\" class='slide-entry av-rkksoe-ddf256186bfe4487834349d373082b5e flex_column no_margin av_one_fifth real-thumbnail post-entry slide-entry-overview slide-loop-8 slide-parity-odd  '><a href=\"https:\/\/www.dallara.it\/it\" data-rel=\"slide-1\" class=\"slide-image\" title=\"\" target=\"_blank\" rel=\"noopener noreferrer\"><span class='av-partner-fake-img' style='padding-bottom:50%; background-image:url(https:\/\/www.mates.it\/wp-content\/uploads\/dallara.jpg);'><\/span><\/a><\/div><div data-avia-tooltip=\"Marine\" class='slide-entry av-pj8eny-034ebffac7e41e8f52c9a1e6bdd27c63 flex_column no_margin av_one_fifth real-thumbnail post-entry slide-entry-overview slide-loop-9 slide-parity-even  '><a href=\"https:\/\/www.ferrettigroup.com\/\" data-rel=\"slide-1\" class=\"slide-image\" title=\"\" target=\"_blank\" rel=\"noopener noreferrer\"><span class='av-partner-fake-img' style='padding-bottom:50%; background-image:url(https:\/\/www.mates.it\/wp-content\/uploads\/ferretti.jpg);'><\/span><\/a><\/div><div data-avia-tooltip=\"Automotive\" class='slide-entry av-o8uqn2-ebd8ee73a26ae06d2546e63b04224c97 flex_column no_margin av_one_fifth real-thumbnail post-entry slide-entry-overview slide-loop-10 slide-parity-odd  '><a href=\"https:\/\/www.lamborghini.com\/it-en\" data-rel=\"slide-1\" class=\"slide-image\" title=\"\" target=\"_blank\" rel=\"noopener noreferrer\"><span class='av-partner-fake-img' style='padding-bottom:50%; background-image:url(https:\/\/www.mates.it\/wp-content\/uploads\/lamborghini-2.jpg);'><\/span><\/a><\/div><\/div><div class=\"slide-entry-wrap\"><div data-avia-tooltip=\"Aerospace \/ Defence\" class='slide-entry av-m6b9pa-e09b2ec6188adbc77a2faa29dc8c7211 flex_column no_margin av_one_fifth real-thumbnail post-entry slide-entry-overview slide-loop-11 slide-parity-odd  first'><a href=\"https:\/\/www.leonardo.com\/it\/\" data-rel=\"slide-1\" class=\"slide-image\" title=\"\" target=\"_blank\" rel=\"noopener noreferrer\"><span class='av-partner-fake-img' style='padding-bottom:50%; background-image:url(https:\/\/www.mates.it\/wp-content\/uploads\/leonardo.jpg);'><\/span><\/a><\/div><div data-avia-tooltip=\"Aerospace \/ Defence\" class='slide-entry av-kw23pq-ba3eda613dc804e2a6d3c031a79ce1ba flex_column no_margin av_one_fifth real-thumbnail post-entry slide-entry-overview slide-loop-12 slide-parity-even  '><a href=\"https:\/\/www.magroup.net\/it\/\" data-rel=\"slide-1\" class=\"slide-image\" title=\"\" target=\"_blank\" rel=\"noopener noreferrer\"><span class='av-partner-fake-img' style='padding-bottom:50%; background-image:url(https:\/\/www.mates.it\/wp-content\/uploads\/magroup.jpg);'><\/span><\/a><\/div><div data-avia-tooltip=\"Automotive\" class='slide-entry av-ju02q6-547fc2c72a2df49f3a6e0daf3aabebc0 flex_column no_margin av_one_fifth real-thumbnail post-entry slide-entry-overview slide-loop-13 slide-parity-odd  '><a href=\"https:\/\/www.maserati.com\/it\/it\" data-rel=\"slide-1\" class=\"slide-image\" title=\"\" target=\"_blank\" rel=\"noopener noreferrer\"><span class='av-partner-fake-img' style='padding-bottom:50%; background-image:url(https:\/\/www.mates.it\/wp-content\/uploads\/maserati.jpg);'><\/span><\/a><\/div><div data-avia-tooltip=\"Wind Energy \/ Renewables\" class='slide-entry av-hjzm5a-de77ee5ce7b6db741bd44e35b656015e flex_column no_margin av_one_fifth real-thumbnail post-entry slide-entry-overview slide-loop-14 slide-parity-even  '><a href=\"https:\/\/www.nordex-online.com\/en\/\" data-rel=\"slide-1\" class=\"slide-image\" title=\"\" target=\"_blank\" rel=\"noopener noreferrer\"><span class='av-partner-fake-img' style='padding-bottom:50%; background-image:url(https:\/\/www.mates.it\/wp-content\/uploads\/nordex.jpg);'><\/span><\/a><\/div><div data-avia-tooltip=\"Marine\" class='slide-entry av-gcyeji-ea470ee9c744fcb3e1a334b6c330146b flex_column no_margin av_one_fifth real-thumbnail post-entry slide-entry-overview slide-loop-15 slide-parity-odd  '><a href=\"https:\/\/www.osculati.com\/it\/\" data-rel=\"slide-1\" class=\"slide-image\" title=\"\" target=\"_blank\" rel=\"noopener noreferrer\"><span class='av-partner-fake-img' style='padding-bottom:50%; background-image:url(https:\/\/www.mates.it\/wp-content\/uploads\/osculati.jpg);'><\/span><\/a><\/div><\/div><div class=\"slide-entry-wrap\"><div data-avia-tooltip=\"Automotive\" class='slide-entry av-dq8c72-3f17407dffffddea7c3d3bcf28d66f7b flex_column no_margin av_one_fifth real-thumbnail post-entry slide-entry-overview slide-loop-16 slide-parity-odd  first'><a href=\"https:\/\/www.pagani.com\/it\/\" data-rel=\"slide-1\" class=\"slide-image\" title=\"\" target=\"_blank\" rel=\"noopener noreferrer\"><span class='av-partner-fake-img' style='padding-bottom:50%; background-image:url(https:\/\/www.mates.it\/wp-content\/uploads\/pagani.jpg);'><\/span><\/a><\/div><div data-avia-tooltip=\"Marine\" class='slide-entry av-c7yw4e-034eb5d8b96c0b709bc46182f917847f flex_column no_margin av_one_fifth real-thumbnail post-entry slide-entry-overview slide-loop-17 slide-parity-even  '><a href=\"https:\/\/www.palumbogroup.it\/\" data-rel=\"slide-1\" class=\"slide-image\" title=\"\" target=\"_blank\" rel=\"noopener noreferrer\"><span class='av-partner-fake-img' style='padding-bottom:50%; background-image:url(https:\/\/www.mates.it\/wp-content\/uploads\/palumbo.jpg);'><\/span><\/a><\/div><div data-avia-tooltip=\"Marine\" class='slide-entry av-auecam-a2202b601665e3fd174e286977db9e77 flex_column no_margin av_one_fifth real-thumbnail post-entry slide-entry-overview slide-loop-18 slide-parity-odd  '><a href=\"https:\/\/www.persico.com\/\" data-rel=\"slide-1\" class=\"slide-image\" title=\"\" target=\"_blank\" rel=\"noopener noreferrer\"><span class='av-partner-fake-img' style='padding-bottom:50%; background-image:url(https:\/\/www.mates.it\/wp-content\/uploads\/persico-1.jpg);'><\/span><\/a><\/div><div data-avia-tooltip=\"Automotive\" class='slide-entry av-8gza4u-801856f33fbabe1f69dbb4ad09686cb0 flex_column no_margin av_one_fifth real-thumbnail post-entry slide-entry-overview slide-loop-19 slide-parity-even  '><a href=\"https:\/\/www.sparco-official.com\/it\/\" data-rel=\"slide-1\" class=\"slide-image\" title=\"\" target=\"_blank\" rel=\"noopener noreferrer\"><span class='av-partner-fake-img' style='padding-bottom:50%; background-image:url(https:\/\/www.mates.it\/wp-content\/uploads\/sparco-2.jpg);'><\/span><\/a><\/div><div data-avia-tooltip=\"Leisure time\" class='slide-entry av-7jqfpq-486a0138b8132bfb6d90b7c45d22e73b flex_column no_margin av_one_fifth real-thumbnail post-entry slide-entry-overview slide-loop-20 slide-parity-odd post-entry-last '><a href=\"https:\/\/www.zamperla.com\/\" data-rel=\"slide-1\" class=\"slide-image\" title=\"\" target=\"_blank\" rel=\"noopener noreferrer\"><span class='av-partner-fake-img' style='padding-bottom:50%; background-image:url(https:\/\/www.mates.it\/wp-content\/uploads\/zamperla.jpg);'><\/span><\/a><\/div><\/div><\/div><\/div><br \/>\n<div  class='hr av-k40bi-c89afac247298e83a6616f57ba29253e hr-default  avia-builder-el-5  el_after_av_partner  el_before_av_image '><span class='hr-inner '><span class=\"hr-inner-style\"><\/span><\/span><\/div><br \/>\n\n<style type=\"text\/css\" data-created_by=\"avia_inline_auto\" id=\"style-css-av-flr9q-62e2d86de2a4ce9aa945b5e0a3559c17\">\n.avia-image-container.av-flr9q-62e2d86de2a4ce9aa945b5e0a3559c17 img.avia_image{\nbox-shadow:none;\n}\n.avia-image-container.av-flr9q-62e2d86de2a4ce9aa945b5e0a3559c17 .av-image-caption-overlay-center{\ncolor:#ffffff;\n}\n<\/style>\n<div  class='avia-image-container av-flr9q-62e2d86de2a4ce9aa945b5e0a3559c17 av-styling- avia-align-center  avia-builder-el-6  el_after_av_hr  el_before_av_hr '  ><div class=\"avia-image-container-inner\"><div class=\"avia-image-overlay-wrap\"><img decoding=\"async\" fetchpriority=\"high\" class='wp-image-17517 avia-img-lazy-loading-not-17517 avia_image ' src=\"https:\/\/www.mates.it\/wp-content\/uploads\/mates_clienti.png\" alt='mates_clienti' title='mates_clienti'  height=\"325\" width=\"1500\" srcset=\"https:\/\/www.mates.it\/wp-content\/uploads\/mates_clienti.png 1500w, https:\/\/www.mates.it\/wp-content\/uploads\/mates_clienti-300x65.png 300w, https:\/\/www.mates.it\/wp-content\/uploads\/mates_clienti-1030x223.png 1030w, https:\/\/www.mates.it\/wp-content\/uploads\/mates_clienti-768x166.png 768w, https:\/\/www.mates.it\/wp-content\/uploads\/mates_clienti-705x153.png 705w\" sizes=\"(max-width: 1500px) 100vw, 1500px\" \/><\/div><\/div><\/div><br \/>\n<div  class='hr av-33iwji-1eed277f638b8d152b2fe932788381d3 hr-default  avia-builder-el-7  el_after_av_image  avia-builder-el-last '><span class='hr-inner '><span class=\"hr-inner-style\"><\/span><\/span><\/div><\/p><\/div>\n","protected":false},"excerpt":{"rendered":"<p>Nous sommes fiers d&rsquo;avoir \u00e9tabli des partenariats avec un large \u00e9ventail de clients dans des secteurs cl\u00e9s, notamment l&rsquo;automobile, la marine, l&rsquo;a\u00e9rospatiale, l&rsquo;\u00e9nergie \u00e9olienne, ainsi que les industries du verre et de la construction.<\/p>\n","protected":false},"author":2,"featured_media":17517,"parent":9348,"menu_order":4,"comment_status":"open","ping_status":"closed","template":"","meta":{"footnotes":""},"class_list":["post-9358","page","type-page","status-publish","has-post-thumbnail","hentry"],"_links":{"self":[{"href":"https:\/\/www.mates.it\/fr\/wp-json\/wp\/v2\/pages\/9358","targetHints":{"allow":["GET"]}}],"collection":[{"href":"https:\/\/www.mates.it\/fr\/wp-json\/wp\/v2\/pages"}],"about":[{"href":"https:\/\/www.mates.it\/fr\/wp-json\/wp\/v2\/types\/page"}],"author":[{"embeddable":true,"href":"https:\/\/www.mates.it\/fr\/wp-json\/wp\/v2\/users\/2"}],"replies":[{"embeddable":true,"href":"https:\/\/www.mates.it\/fr\/wp-json\/wp\/v2\/comments?post=9358"}],"version-history":[{"count":0,"href":"https:\/\/www.mates.it\/fr\/wp-json\/wp\/v2\/pages\/9358\/revisions"}],"up":[{"embeddable":true,"href":"https:\/\/www.mates.it\/fr\/wp-json\/wp\/v2\/pages\/9348"}],"wp:featuredmedia":[{"embeddable":true,"href":"https:\/\/www.mates.it\/fr\/wp-json\/wp\/v2\/media\/17517"}],"wp:attachment":[{"href":"https:\/\/www.mates.it\/fr\/wp-json\/wp\/v2\/media?parent=9358"}],"curies":[{"name":"wp","href":"https:\/\/api.w.org\/{rel}","templated":true}]}}