{"id":9367,"date":"2017-02-11T01:58:02","date_gmt":"2017-02-11T00:58:02","guid":{"rendered":"https:\/\/www.mates.it\/prodotti\/materiali-anima-core\/naturals-f\/"},"modified":"2023-06-27T15:11:21","modified_gmt":"2023-06-27T13:11:21","slug":"naturels","status":"publish","type":"page","link":"https:\/\/www.mates.it\/fr\/produits\/materiaux-dame\/naturels\/","title":{"rendered":"Naturels"},"content":{"rendered":"\n<style type=\"text\/css\" data-created_by=\"avia_inline_auto\" id=\"style-css-av-av_image-2044c8dd411aab2ecabda640625fd300\">\n.avia-image-container.av-av_image-2044c8dd411aab2ecabda640625fd300 img.avia_image{\nbox-shadow:none;\n}\n.avia-image-container.av-av_image-2044c8dd411aab2ecabda640625fd300 .av-image-caption-overlay-center{\ncolor:#ffffff;\n}\n<\/style>\n<div  class='avia-image-container av-av_image-2044c8dd411aab2ecabda640625fd300 av-styling- avia-align-center  avia-builder-el-0  el_before_av_hr  avia-builder-el-first '  ><div class=\"avia-image-container-inner\"><div class=\"avia-image-overlay-wrap\"><img decoding=\"async\" fetchpriority=\"high\" class=\"wp-image- avia-img-lazy-loading-not- avia_image \" src=\"https:\/\/www.mates.it\/wp-content\/uploads\/Naturali.jpg\" alt=\"\" title=\"\"><\/div><\/div><\/div>\n<div  class='hr av-av_hr-91d7ccd583a503147498e120fee2ff9b hr-default  avia-builder-el-1  el_after_av_image  el_before_av_three_fifth '><span class='hr-inner '><span class=\"hr-inner-style\"><\/span><\/span><\/div>\n<div  class='flex_column av-av_three_fifth-7714eba142aeda1f8b5272a3c372b279 av_three_fifth  avia-builder-el-2  el_after_av_hr  el_before_av_two_fifth  first flex_column_div  '     ><p>\n<style type=\"text\/css\" data-created_by=\"avia_inline_auto\" id=\"style-css-av-ljeb2udb-ba4a388346a79abb7cdb1d27c29c7d50\">\n#top .av-special-heading.av-ljeb2udb-ba4a388346a79abb7cdb1d27c29c7d50{\npadding-bottom:10px;\n}\nbody .av-special-heading.av-ljeb2udb-ba4a388346a79abb7cdb1d27c29c7d50 .av-special-heading-tag .heading-char{\nfont-size:25px;\n}\n.av-special-heading.av-ljeb2udb-ba4a388346a79abb7cdb1d27c29c7d50 .av-subheading{\nfont-size:15px;\n}\n<\/style>\n<div  class='av-special-heading av-ljeb2udb-ba4a388346a79abb7cdb1d27c29c7d50 av-special-heading-h1  avia-builder-el-3  el_before_av_textblock  avia-builder-el-first  custom-h1-title'><h1 class='av-special-heading-tag '  >Naturels<\/h1><div class=\"special-heading-border\"><div class=\"special-heading-inner-border\"><\/div><\/div><\/div><br \/>\n<section  class='av_textblock_section av-ljeb2l28-1d6097e55dbe166e23420a6f9c2df8c6 '  ><div class='avia_textblock' ><p>Les noyaux structurels naturels sont obtenus \u00e0 partir de bois sp\u00e9cifiques pr\u00e9sentant une r\u00e9sistance m\u00e9canique \u00e9lev\u00e9e et un faible poids sp\u00e9cifique, tels que le li\u00e8ge et le balsa. Ils sont g\u00e9n\u00e9ralement dot\u00e9s d&rsquo;une excellente r\u00e9sistance chimique et d&rsquo;un comportement neutre face aux variations de temp\u00e9rature. La faible conductivit\u00e9 thermique de ce type d&rsquo;\u00e2me leur conf\u00e8re un grand potentiel, y compris en mati\u00e8re de r\u00e9sistance au feu. Ils sont utilis\u00e9s dans des secteurs tels que les transports, sur les structures des v\u00e9hicules ferroviaires et routiers, les loisirs et les infrastructures en raison de leur excellente capacit\u00e9 d&rsquo;isolation thermo-acoustique, ainsi que pour la construction de bateaux (nautisme).<br \/>\nChaque noyau naturel poss\u00e8de ses propres caract\u00e9ristiques techniques et est con\u00e7u pour des processus sp\u00e9cifiques, il est donc recommand\u00e9 de lire attentivement les fiches produits.<\/p>\n<\/div><\/section><\/p><\/div><div  class='flex_column av-av_two_fifth-f1c518e9ff58e869f80c8f093487abc9 av_two_fifth  avia-builder-el-5  el_after_av_three_fifth  el_before_av_hr  flex_column_div  '     ><style type=\"text\/css\" data-created_by=\"avia_inline_auto\" id=\"style-css-av-ljeb3isn-e3324ccbc767e54feecd3a40e21c91e6\">\n#top .togglecontainer.av-ljeb3isn-e3324ccbc767e54feecd3a40e21c91e6 h4.toggler{\nfont-size:14px;\n}\n#top .togglecontainer.av-ljeb3isn-e3324ccbc767e54feecd3a40e21c91e6 h4.toggler.activeTitle{\ncolor:#ffffff;\nborder-color:#ffffff;\nbackground-color:#2682d3;\n}\n<\/style>\n<div  class='togglecontainer av-ljeb3isn-e3324ccbc767e54feecd3a40e21c91e6  avia-builder-el-6  avia-builder-el-no-sibling  accordion_product toggle_close_all hasCurrentStyle' >\n<section class='av_toggle_section av-ljeb3e90-9546b0af594b2dd09733e7485d675533' ><div role=\"tablist\" class=\"single_toggle\" data-tags=\"{Tout} \"  ><h4 id='toggle-toggle-id-1' data-fake-id='#toggle-id-1' class='toggler  activeTitle av-title-above '  role='tab' tabindex='0' aria-controls='toggle-id-1' data-slide-speed=\"200\" data-title=\"Avantages\" data-title-open=\"\" data-aria_collapsed=\"Cliquez pour \u00e9tendre : Avantages\" data-aria_expanded=\"Cliquez pour r\u00e9duire : Avantages\">Avantages<span class=\"toggle_icon\"><span class=\"vert_icon\"><\/span><span class=\"hor_icon\"><\/span><\/span><\/h4><div id='toggle-id-1' aria-labelledby='toggle-toggle-id-1' role='region' class='toggle_wrap  active_tc av-title-above' style='display:block;' ><div class='toggle_content invers-color ' ><ul class=\"customlist1\">\n<li>Faible impact environnemental<\/li>\n<li>Faible poids sp\u00e9cifique<\/li>\n<li>Faible conductivit\u00e9 thermique<\/li>\n<li>R\u00e9sistance chimique<\/li>\n<\/ul>\n<\/div><\/div><\/div><\/section>\n<section class='av_toggle_section av-ljeb3hvj-5ffa7cfa7be58463101dedc73d8fd02d' ><div role=\"tablist\" class=\"single_toggle\" data-tags=\"{Tout} \"  ><h4 id='toggle-toggle-id-2' data-fake-id='#toggle-id-2' class='toggler  av-title-above '  role='tab' tabindex='0' aria-controls='toggle-id-2' data-slide-speed=\"200\" data-title=\"Types de produit\" data-title-open=\"\" data-aria_collapsed=\"Cliquez pour \u00e9tendre : Types de produit\" data-aria_expanded=\"Cliquez pour r\u00e9duire : Types de produit\">Types de produit<span class=\"toggle_icon\"><span class=\"vert_icon\"><\/span><span class=\"hor_icon\"><\/span><\/span><\/h4><div id='toggle-id-2' aria-labelledby='toggle-toggle-id-2' role='region' class='toggle_wrap  av-title-above'  ><div class='toggle_content invers-color ' ><li class=\"page_item page-item-9309\"><a href=\"https:\/\/www.mates.it\/fr\/produits\/materiaux-dame\/naturels\/liege\/\">Li\u00e8ge<\/a><\/li>\n<li class=\"page_item page-item-9311\"><a href=\"https:\/\/www.mates.it\/fr\/produits\/materiaux-dame\/naturels\/balsa-f\/\">Balsa<\/a><\/li>\n\n<\/div><\/div><\/div><\/section>\n<\/div><\/div><div  class='hr av-av_hr-91d7ccd583a503147498e120fee2ff9b hr-default  avia-builder-el-7  el_after_av_two_fifth  avia-builder-el-last '><span class='hr-inner '><span class=\"hr-inner-style\"><\/span><\/span><\/div><\/p>\n","protected":false},"excerpt":{"rendered":"<p>Les noyaux structurels naturels sont obtenus \u00e0 partir de bois sp\u00e9cifiques pr\u00e9sentant une r\u00e9sistance m\u00e9canique \u00e9lev\u00e9e et un faible poids sp\u00e9cifique, tels que le li\u00e8ge et le balsa.<\/p>\n","protected":false},"author":2,"featured_media":7513,"parent":9145,"menu_order":3,"comment_status":"open","ping_status":"open","template":"","meta":{"footnotes":""},"class_list":["post-9367","page","type-page","status-publish","has-post-thumbnail","hentry"],"_links":{"self":[{"href":"https:\/\/www.mates.it\/fr\/wp-json\/wp\/v2\/pages\/9367","targetHints":{"allow":["GET"]}}],"collection":[{"href":"https:\/\/www.mates.it\/fr\/wp-json\/wp\/v2\/pages"}],"about":[{"href":"https:\/\/www.mates.it\/fr\/wp-json\/wp\/v2\/types\/page"}],"author":[{"embeddable":true,"href":"https:\/\/www.mates.it\/fr\/wp-json\/wp\/v2\/users\/2"}],"replies":[{"embeddable":true,"href":"https:\/\/www.mates.it\/fr\/wp-json\/wp\/v2\/comments?post=9367"}],"version-history":[{"count":0,"href":"https:\/\/www.mates.it\/fr\/wp-json\/wp\/v2\/pages\/9367\/revisions"}],"up":[{"embeddable":true,"href":"https:\/\/www.mates.it\/fr\/wp-json\/wp\/v2\/pages\/9145"}],"wp:featuredmedia":[{"embeddable":true,"href":"https:\/\/www.mates.it\/fr\/wp-json\/wp\/v2\/media\/7513"}],"wp:attachment":[{"href":"https:\/\/www.mates.it\/fr\/wp-json\/wp\/v2\/media?parent=9367"}],"curies":[{"name":"wp","href":"https:\/\/api.w.org\/{rel}","templated":true}]}}