{"id":9372,"date":"2018-12-24T19:54:23","date_gmt":"2018-12-24T18:54:23","guid":{"rendered":"https:\/\/www.mates.it\/unidirectionnel-c\/"},"modified":"2024-07-06T10:41:28","modified_gmt":"2024-07-06T08:41:28","slug":"unidirectionnel-c","status":"publish","type":"page","link":"https:\/\/www.mates.it\/fr\/produits\/tissus-renforts\/fibre-de-carbone\/unidirectionnel-c\/","title":{"rendered":"Unidirectionnel"},"content":{"rendered":"<div  class='flex_column av-cu6kpo-5d5d86f384b0890edaba0973b1c0cfba av_three_fifth  avia-builder-el-0  el_before_av_two_fifth  avia-builder-el-first  first flex_column_div  '     ><p>\n<style type=\"text\/css\" data-created_by=\"avia_inline_auto\" id=\"style-css-av-lj9c5ehg-4cc4531fda7f2db65e81b276f771a725\">\n#top .av-special-heading.av-lj9c5ehg-4cc4531fda7f2db65e81b276f771a725{\npadding-bottom:10px;\n}\nbody .av-special-heading.av-lj9c5ehg-4cc4531fda7f2db65e81b276f771a725 .av-special-heading-tag .heading-char{\nfont-size:25px;\n}\n.av-special-heading.av-lj9c5ehg-4cc4531fda7f2db65e81b276f771a725 .av-subheading{\nfont-size:15px;\n}\n<\/style>\n<div  class='av-special-heading av-lj9c5ehg-4cc4531fda7f2db65e81b276f771a725 av-special-heading-h1  avia-builder-el-1  el_before_av_textblock  avia-builder-el-first  custom-h1-title'><h1 class='av-special-heading-tag '  >Unidirectionnel<\/h1><div class=\"special-heading-border\"><div class=\"special-heading-inner-border\"><\/div><\/div><\/div><br \/>\n<section  class='av_textblock_section av-lj9c59mo-aa499fd9f55b8c84878bf5a45c7e230c '  ><div class='avia_textblock' ><p>Les tissus de carbone unidirectionnels sont compos\u00e9s de fibres orient\u00e9es dans une seule direction et travaillent donc dans une seule direction. Ils sont g\u00e9n\u00e9ralement appliqu\u00e9s dans la m\u00eame direction de contrainte afin d&rsquo;obtenir une r\u00e9sistance d\u00e9termin\u00e9e par la moiti\u00e9 du tissu normalement utilis\u00e9, r\u00e9duisant ainsi le poids total.<\/p>\n<div style=\"width: 100%;\"><\/div>\n<\/div><\/section><\/p><\/div>\n<div  class='flex_column av-b51klo-09e3ed891e6c38eef52212e94649e299 av_two_fifth  avia-builder-el-3  el_after_av_three_fifth  el_before_av_hr  flex_column_div  '     ><style type=\"text\/css\" data-created_by=\"avia_inline_auto\" id=\"style-css-av-z928s-5c0de3b94c8abd72e9232594a9216286\">\n#top .togglecontainer.av-z928s-5c0de3b94c8abd72e9232594a9216286 h4.toggler{\nfont-size:14px;\n}\n#top .togglecontainer.av-z928s-5c0de3b94c8abd72e9232594a9216286 h4.toggler.activeTitle{\ncolor:#ffffff;\nborder-color:#ffffff;\nbackground-color:#2682d3;\n}\n<\/style>\n<div  class='togglecontainer av-z928s-5c0de3b94c8abd72e9232594a9216286  avia-builder-el-4  avia-builder-el-no-sibling  accordion_product toggle_close_all hasCurrentStyle' >\n<section class='av_toggle_section av-85o1ng-3b90a390cf11252751179fd7f3fcc11c' ><div role=\"tablist\" class=\"single_toggle\" data-tags=\"{Tout} \"  ><h4 id='toggle-toggle-id-1' data-fake-id='#toggle-id-1' class='toggler  activeTitle av-title-above '  role='tab' tabindex='0' aria-controls='toggle-id-1' data-slide-speed=\"200\" data-title=\"Unidry \u00ae Spread\" data-title-open=\"\" data-aria_collapsed=\"Cliquez pour \u00e9tendre : Unidry \u00ae Spread\" data-aria_expanded=\"Cliquez pour r\u00e9duire : Unidry \u00ae Spread\">Unidry \u00ae Spread<span class=\"toggle_icon\"><span class=\"vert_icon\"><\/span><span class=\"hor_icon\"><\/span><\/span><\/h4><div id='toggle-id-1' aria-labelledby='toggle-toggle-id-1' role='region' class='toggle_wrap  active_tc av-title-above' style='display:block;' ><div class='toggle_content invers-color ' ><ul class=\"customlist1\">\n<li><a href=\"https:\/\/fileserver.mates.it\/Prodotti\/1_Rinforzi\/TDS\/Carbonio\/UD\/UniDry\/UniDry_50.pdf\" target=\"_blank\" rel=\"noopener\">UD-50<\/a><\/li>\n<li><a href=\"https:\/\/fileserver.mates.it\/Prodotti\/1_Rinforzi\/TDS\/Carbonio\/UD\/UniDry\/UniDry_100.pdf\" target=\"_blank\" rel=\"noopener\">UD-100<\/a><\/li>\n<li><a href=\"https:\/\/fileserver.mates.it\/Prodotti\/1_Rinforzi\/TDS\/Carbonio\/UD\/UniDry\/UniDry_125.pdf\" target=\"_blank\" rel=\"noopener\">UD-125<\/a><\/li>\n<li><a href=\"https:\/\/fileserver.mates.it\/Prodotti\/1_Rinforzi\/TDS\/Carbonio\/UD\/UniDry\/UniDry_150.pdf\" target=\"_blank\" rel=\"noopener\">UD-150 <\/a><\/li>\n<li><a href=\"https:\/\/fileserver.mates.it\/Prodotti\/1_Rinforzi\/TDS\/Carbonio\/UD\/UniDry\/UniDry_200.pdf\" target=\"_blank\" rel=\"noopener\">UD-200<\/a><\/li>\n<li><a href=\"https:\/\/fileserver.mates.it\/Prodotti\/1_Rinforzi\/TDS\/Carbonio\/UD\/UniDry\/UniDry_300.pdf\" target=\"_blank\" rel=\"noopener\">UD-300<\/a><\/li>\n<\/ul>\n<\/div><\/div><\/div><\/section>\n<section class='av_toggle_section av-5zkeik-91ac39456944dd714ea9ec4f282442e9' ><div role=\"tablist\" class=\"single_toggle\" data-tags=\"{Tout} \"  ><h4 id='toggle-toggle-id-2' data-fake-id='#toggle-id-2' class='toggler  av-title-above '  role='tab' tabindex='0' aria-controls='toggle-id-2' data-slide-speed=\"200\" data-title=\"Mates \u00ae \/ Sky Advanced\" data-title-open=\"\" data-aria_collapsed=\"Cliquez pour \u00e9tendre : Mates \u00ae \/ Sky Advanced\" data-aria_expanded=\"Cliquez pour r\u00e9duire : Mates \u00ae \/ Sky Advanced\">Mates \u00ae \/ Sky Advanced<span class=\"toggle_icon\"><span class=\"vert_icon\"><\/span><span class=\"hor_icon\"><\/span><\/span><\/h4><div id='toggle-id-2' aria-labelledby='toggle-toggle-id-2' role='region' class='toggle_wrap  av-title-above'  ><div class='toggle_content invers-color ' ><table>\n<tbody>\n<tr>\n<td>\n<ul>\n<li><a href=\"https:\/\/fileserver.mates.it\/Prodotti\/1_Rinforzi\/TDS\/Carbonio\/UD\/Mates\/Termofissati\/UDC300_24K_DS.pdf\" target=\"_blank\" rel=\"noopener\">UDC300<\/a><\/li>\n<li><a href=\"https:\/\/fileserver.mates.it\/Prodotti\/1_Rinforzi\/TDS\/Carbonio\/UD\/Mates\/Termofissati\/UDC600_24K_DS.pdf\" target=\"_blank\" rel=\"noopener\">UDC600<\/a><\/li>\n<li><a href=\"https:\/\/fileserver.mates.it\/Prodotti\/1_Rinforzi\/TDS\/Carbonio\/UD\/Mates\/Termofissati\/UDC800_24K_DS.pdf\" target=\"_blank\" rel=\"noopener\">UDC800<\/a><\/li>\n<\/ul>\n<\/td>\n<td>\n<ul>\n<li><a href=\"https:\/\/fileserver.mates.it\/Prodotti\/1_Rinforzi\/TDS\/Carbonio\/UD\/SKY\/SKY200UD-127T5Z.pdf\" target=\"_blank\" rel=\"noopener\">UCC200<\/a><\/li>\n<li><a href=\"https:\/\/fileserver.mates.it\/Prodotti\/1_Rinforzi\/TDS\/Carbonio\/UD\/SKY\/SKY300UD-127T5Z.pdf\" target=\"_blank\" rel=\"noopener\">UCC300<\/a><\/li>\n<li><a href=\"https:\/\/fileserver.mates.it\/Prodotti\/1_Rinforzi\/TDS\/Carbonio\/UD\/SKY\/SKY400UD-127T5Z.pdf\" target=\"_blank\" rel=\"noopener\">UCC400<\/a><\/li>\n<li><a href=\"https:\/\/fileserver.mates.it\/Prodotti\/1_Rinforzi\/TDS\/Carbonio\/UD\/SKY\/SKY600UD-127T5Z.pdf\" target=\"_blank\" rel=\"noopener\">UCC600<\/a><\/li>\n<li><a href=\"https:\/\/fileserver.mates.it\/Prodotti\/1_Rinforzi\/TDS\/Carbonio\/UD\/Mates\/Cuciti\/UCC1000_50K_DS.pdf\" target=\"_blank\" rel=\"noopener\">UCC1000<\/a><\/li>\n<\/ul>\n<\/td>\n<\/tr>\n<\/tbody>\n<\/table>\n<\/div><\/div><\/div><\/section>\n<section class='av_toggle_section av-fhgyk-88df9ee6402b701604b27231262a6f30' ><div role=\"tablist\" class=\"single_toggle\" data-tags=\"{Tout} \"  ><h4 id='toggle-toggle-id-3' data-fake-id='#toggle-id-3' class='toggler  av-title-above '  role='tab' tabindex='0' aria-controls='toggle-id-3' data-slide-speed=\"200\" data-title=\"Angeloni Group\" data-title-open=\"\" data-aria_collapsed=\"Cliquez pour \u00e9tendre : Angeloni Group\" data-aria_expanded=\"Cliquez pour r\u00e9duire : Angeloni Group\">Angeloni Group<span class=\"toggle_icon\"><span class=\"vert_icon\"><\/span><span class=\"hor_icon\"><\/span><\/span><\/h4><div id='toggle-id-3' aria-labelledby='toggle-toggle-id-3' role='region' class='toggle_wrap  av-title-above'  ><div class='toggle_content invers-color ' ><ul class=\"customlist2\">\n<li><a href=\"https:\/\/fileserver.mates.it\/Prodotti\/1_Rinforzi\/TDS\/Carbonio\/UD\/Angeloni\/TDS%20GV-301%20Utfx%20%20-%20STS%2040%20F13%20-%2024K.pdf\" target=\"_blank\" rel=\"noopener\">GV-301<\/a><\/li>\n<li><a href=\"https:\/\/fileserver.mates.it\/Prodotti\/1_Rinforzi\/TDS\/Carbonio\/UD\/Angeloni\/TDS%20GV-401%20Utfx%20%20-%20STS%2040%20F13%20-%2024K.pdf\" target=\"_blank\" rel=\"noopener\">GV-401<\/a><\/li>\n<li><a href=\"https:\/\/fileserver.mates.it\/Prodotti\/1_Rinforzi\/TDS\/Carbonio\/UD\/Angeloni\/TDS%20GV-601%20Utfx%20%20-%20STS%2040%20F13%20-%2024K.pdf\" target=\"_blank\" rel=\"noopener\">GV-601<\/a><\/li>\n<\/ul>\n<\/div><\/div><\/div><\/section>\n<\/div><\/div><div  class='hr av-2twyuk-cf64aaef65928f0d54cbeaa55548ed9c hr-default  avia-builder-el-5  el_after_av_two_fifth  avia-builder-el-last '><span class='hr-inner '><span class=\"hr-inner-style\"><\/span><\/span><\/div><\/p>\n","protected":false},"excerpt":{"rendered":"<p>Les tissus de carbone unidirectionnels sont compos\u00e9s de fibres orient\u00e9es dans une seule direction et travaillent donc dans une seule direction.<\/p>\n","protected":false},"author":2,"featured_media":0,"parent":9151,"menu_order":3,"comment_status":"open","ping_status":"closed","template":"","meta":{"footnotes":""},"class_list":["post-9372","page","type-page","status-publish","hentry"],"_links":{"self":[{"href":"https:\/\/www.mates.it\/fr\/wp-json\/wp\/v2\/pages\/9372","targetHints":{"allow":["GET"]}}],"collection":[{"href":"https:\/\/www.mates.it\/fr\/wp-json\/wp\/v2\/pages"}],"about":[{"href":"https:\/\/www.mates.it\/fr\/wp-json\/wp\/v2\/types\/page"}],"author":[{"embeddable":true,"href":"https:\/\/www.mates.it\/fr\/wp-json\/wp\/v2\/users\/2"}],"replies":[{"embeddable":true,"href":"https:\/\/www.mates.it\/fr\/wp-json\/wp\/v2\/comments?post=9372"}],"version-history":[{"count":0,"href":"https:\/\/www.mates.it\/fr\/wp-json\/wp\/v2\/pages\/9372\/revisions"}],"up":[{"embeddable":true,"href":"https:\/\/www.mates.it\/fr\/wp-json\/wp\/v2\/pages\/9151"}],"wp:attachment":[{"href":"https:\/\/www.mates.it\/fr\/wp-json\/wp\/v2\/media?parent=9372"}],"curies":[{"name":"wp","href":"https:\/\/api.w.org\/{rel}","templated":true}]}}