{"id":9373,"date":"2018-12-24T21:13:10","date_gmt":"2018-12-24T20:13:10","guid":{"rendered":"https:\/\/www.mates.it\/multiaxiale-c\/"},"modified":"2024-07-05T18:07:30","modified_gmt":"2024-07-05T16:07:30","slug":"multiaxiale-c","status":"publish","type":"page","link":"https:\/\/www.mates.it\/fr\/produits\/tissus-renforts\/fibre-de-carbone\/multiaxiale-c\/","title":{"rendered":"Multiaxiale"},"content":{"rendered":"<div  class='flex_column av-av_three_fifth-7714eba142aeda1f8b5272a3c372b279 av_three_fifth  avia-builder-el-0  el_before_av_two_fifth  avia-builder-el-first  first flex_column_div  '     ><p>\n<style type=\"text\/css\" data-created_by=\"avia_inline_auto\" id=\"style-css-av-lj9blrfx-e63d0ae6aeb3b47d83cfb921ed7aa641\">\n#top .av-special-heading.av-lj9blrfx-e63d0ae6aeb3b47d83cfb921ed7aa641{\npadding-bottom:10px;\n}\nbody .av-special-heading.av-lj9blrfx-e63d0ae6aeb3b47d83cfb921ed7aa641 .av-special-heading-tag .heading-char{\nfont-size:25px;\n}\n.av-special-heading.av-lj9blrfx-e63d0ae6aeb3b47d83cfb921ed7aa641 .av-subheading{\nfont-size:15px;\n}\n<\/style>\n<div  class='av-special-heading av-lj9blrfx-e63d0ae6aeb3b47d83cfb921ed7aa641 av-special-heading-h1  avia-builder-el-1  el_before_av_textblock  avia-builder-el-first  custom-h1-title'><h1 class='av-special-heading-tag '  >Multiaxiale<\/h1><div class=\"special-heading-border\"><div class=\"special-heading-inner-border\"><\/div><\/div><\/div><br \/>\n<section  class='av_textblock_section av-lj9blo7y-2b07d504b3a15d4d1e5b85e068c1bf87 '  ><div class='avia_textblock' ><p>Dans les multiaxiaux en fibres de carbone, les fibres, sous forme de m\u00e8ches, sont dispos\u00e9es parall\u00e8lement en couches superpos\u00e9es, orient\u00e9es dans les diff\u00e9rentes directions, puis cousues avec de minces filaments pour les maintenir ensemble. Ces renforts sont disponibles dans diff\u00e9rentes orientations, du simple biaxial \u00e0 +\/- 45\u00b0 et \u00e0 0\/90\u00b0, au plus complexe quadriaxial avec des fibres orient\u00e9es vers les quatre axes principaux.<\/p>\n<div style=\"width: 100%;\"><\/div>\n<\/div><\/section><\/p><\/div>\n<div  class='flex_column av-av_two_fifth-f1c518e9ff58e869f80c8f093487abc9 av_two_fifth  avia-builder-el-3  el_after_av_three_fifth  el_before_av_hr  flex_column_div  '     ><style type=\"text\/css\" data-created_by=\"avia_inline_auto\" id=\"style-css-av-lj9bn3dy-0a3e7077c77e8d9a50670ed663c641e1\">\n#top .togglecontainer.av-lj9bn3dy-0a3e7077c77e8d9a50670ed663c641e1 h4.toggler{\nfont-size:14px;\n}\n#top .togglecontainer.av-lj9bn3dy-0a3e7077c77e8d9a50670ed663c641e1 h4.toggler.activeTitle{\ncolor:#ffffff;\nborder-color:#ffffff;\nbackground-color:#2682d3;\n}\n<\/style>\n<div  class='togglecontainer av-lj9bn3dy-0a3e7077c77e8d9a50670ed663c641e1  avia-builder-el-4  avia-builder-el-no-sibling  accordion_product toggle_close_all hasCurrentStyle' >\n<section class='av_toggle_section av-lj9bmmh8-dad0326c9b24bebcce53b7b7fd164809' ><div role=\"tablist\" class=\"single_toggle\" data-tags=\"{Tout} \"  ><h4 id='toggle-toggle-id-1' data-fake-id='#toggle-id-1' class='toggler  activeTitle av-title-above '  role='tab' tabindex='0' aria-controls='toggle-id-1' data-slide-speed=\"200\" data-title=\"Biaxial 45\u00b0\" data-title-open=\"\" data-aria_collapsed=\"Cliquez pour \u00e9tendre : Biaxial 45\u00b0\" data-aria_expanded=\"Cliquez pour r\u00e9duire : Biaxial 45\u00b0\">Biaxial 45\u00b0<span class=\"toggle_icon\"><span class=\"vert_icon\"><\/span><span class=\"hor_icon\"><\/span><\/span><\/h4><div id='toggle-id-1' aria-labelledby='toggle-toggle-id-1' role='region' class='toggle_wrap  active_tc av-title-above' style='display:block;' ><div class='toggle_content invers-color ' ><ul class=\"customlist1\">\n<li><a href=\"https:\/\/fileserver.mates.it\/Prodotti\/1_Rinforzi\/TDS\/Carbonio\/Multiassiali\/SKY\/SKY1000B2-127P5Z.pdf\" target=\"_blank\" rel=\"noopener\">BXC100<\/a><\/li>\n<li><a href=\"https:\/\/fileserver.mates.it\/Prodotti\/1_Rinforzi\/TDS\/Carbonio\/Multiassiali\/SKY\/SKY150B2-127P5Z.pdf\" target=\"_blank\" rel=\"noopener\">BXC150<\/a><\/li>\n<li><a href=\"https:\/\/fileserver.mates.it\/Prodotti\/1_Rinforzi\/TDS\/Carbonio\/Multiassiali\/SKY\/SKY200B2-127P5Z.pdf\" target=\"_blank\" rel=\"noopener\">BXC200<\/a><\/li>\n<li><a href=\"https:\/\/fileserver.mates.it\/Prodotti\/1_Rinforzi\/TDS\/Carbonio\/Multiassiali\/SKY\/SKY300B2-127P5Z.pdf\" target=\"_blank\" rel=\"noopener\">BXC300<\/a><\/li>\n<li><a href=\"https:\/\/fileserver.mates.it\/Prodotti\/1_Rinforzi\/TDS\/Carbonio\/Multiassiali\/SKY\/SKY400B2-127P5Z.pdf\" target=\"_blank\" rel=\"noopener\">BXC400<\/a><\/li>\n<li><a href=\"https:\/\/fileserver.mates.it\/Prodotti\/1_Rinforzi\/TDS\/Carbonio\/Multiassiali\/SKY\/SKY600B2-127P5Z.pdf\" target=\"_blank\" rel=\"noopener\">BXC600<\/a><\/li>\n<li><a href=\"https:\/\/fileserver.mates.it\/Prodotti\/1_Rinforzi\/TDS\/Carbonio\/Multiassiali\/SKY\/SKY800B2-127P5Z.pdf\" target=\"_blank\" rel=\"noopener\">BXC800<\/a><\/li>\n<li><a href=\"https:\/\/fileserver.mates.it\/Prodotti\/1_Rinforzi\/TDS\/Carbonio\/Multiassiali\/SKY\/SKY1000B2-127P5Z.pdf\" target=\"_blank\" rel=\"noopener\">BXC1000<\/a><\/li>\n<\/ul>\n<\/div><\/div><\/div><\/section>\n<section class='av_toggle_section av-lj9bmr6o-d4b8f2d25db2898df7cd1983aa5a990e' ><div role=\"tablist\" class=\"single_toggle\" data-tags=\"{Tout} \"  ><h4 id='toggle-toggle-id-2' data-fake-id='#toggle-id-2' class='toggler  av-title-above '  role='tab' tabindex='0' aria-controls='toggle-id-2' data-slide-speed=\"200\" data-title=\"Biaxial 90\u00b0\" data-title-open=\"\" data-aria_collapsed=\"Cliquez pour \u00e9tendre : Biaxial 90\u00b0\" data-aria_expanded=\"Cliquez pour r\u00e9duire : Biaxial 90\u00b0\">Biaxial 90\u00b0<span class=\"toggle_icon\"><span class=\"vert_icon\"><\/span><span class=\"hor_icon\"><\/span><\/span><\/h4><div id='toggle-id-2' aria-labelledby='toggle-toggle-id-2' role='region' class='toggle_wrap  av-title-above'  ><div class='toggle_content invers-color ' ><ul class=\"customlist2\">\n<li><a href=\"https:\/\/fileserver.mates.it\/Prodotti\/1_Rinforzi\/TDS\/Carbonio\/Multiassiali\/SKY\/SKY200ZN-127T5Z.pdf\" target=\"_blank\" rel=\"noopener\">BXC200<\/a><\/li>\n<li><a href=\"https:\/\/fileserver.mates.it\/Prodotti\/1_Rinforzi\/TDS\/Carbonio\/Multiassiali\/SKY\/SKY300ZN-127T5Z.pdf\" target=\"_blank\" rel=\"noopener\">BXC300<\/a><\/li>\n<li><a href=\"https:\/\/fileserver.mates.it\/Prodotti\/1_Rinforzi\/TDS\/Carbonio\/Multiassiali\/SKY\/SKY400ZN-127T5Z.pdf\" target=\"_blank\" rel=\"noopener\">BXC400<\/a><\/li>\n<li><a href=\"https:\/\/fileserver.mates.it\/Prodotti\/1_Rinforzi\/TDS\/Carbonio\/Multiassiali\/SKY\/SKY600ZN-127T5Z.pdf\" target=\"_blank\" rel=\"noopener\">BXC600<\/a><\/li>\n<li><a href=\"https:\/\/fileserver.mates.it\/Prodotti\/1_Rinforzi\/TDS\/Carbonio\/Multiassiali\/SKY\/SKY800ZN-127T5Z.pdf\" target=\"_blank\" rel=\"noopener\">BXC800<\/a><\/li>\n<li><a href=\"https:\/\/fileserver.mates.it\/Prodotti\/1_Rinforzi\/TDS\/Carbonio\/Multiassiali\/SKY\/SKY1000ZN-127T5Z.pdf\" target=\"_blank\" rel=\"noopener\">BXC1000<\/a><\/li>\n<\/ul>\n<\/div><\/div><\/div><\/section>\n<section class='av_toggle_section av-lj9bmw7d-ff74f9fafee792953152d4e7d939998e' ><div role=\"tablist\" class=\"single_toggle\" data-tags=\"{Tout} \"  ><h4 id='toggle-toggle-id-3' data-fake-id='#toggle-id-3' class='toggler  av-title-above '  role='tab' tabindex='0' aria-controls='toggle-id-3' data-slide-speed=\"200\" data-title=\"Triaxial\" data-title-open=\"\" data-aria_collapsed=\"Cliquez pour \u00e9tendre : Triaxial\" data-aria_expanded=\"Cliquez pour r\u00e9duire : Triaxial\">Triaxial<span class=\"toggle_icon\"><span class=\"vert_icon\"><\/span><span class=\"hor_icon\"><\/span><\/span><\/h4><div id='toggle-id-3' aria-labelledby='toggle-toggle-id-3' role='region' class='toggle_wrap  av-title-above'  ><div class='toggle_content invers-color ' ><ul class=\"customlist2\">\n<li><a href=\"https:\/\/fileserver.mates.it\/Prodotti\/1_Rinforzi\/TDS\/Carbonio\/Multiassiali\/SKY\/SKY300T2-127T5Z.pdf\" target=\"_blank\" rel=\"noopener\">TXC300<\/a><\/li>\n<li><a href=\"https:\/\/fileserver.mates.it\/Prodotti\/1_Rinforzi\/TDS\/Carbonio\/Multiassiali\/SKY\/SKY600T2-127T5Z.pdf\" target=\"_blank\" rel=\"noopener\">TXC600<\/a><\/li>\n<li><a href=\"https:\/\/fileserver.mates.it\/Prodotti\/1_Rinforzi\/TDS\/Carbonio\/Multiassiali\/SKY\/SKY750T2-127T5Z.pdf\" target=\"_blank\" rel=\"noopener\">TXC750<\/a><\/li>\n<\/ul>\n<\/div><\/div><\/div><\/section>\n<section class='av_toggle_section av-lj9bn286-e2f064813c4021ae5977b26a37b8b22b' ><div role=\"tablist\" class=\"single_toggle\" data-tags=\"{Tout} \"  ><h4 id='toggle-toggle-id-4' data-fake-id='#toggle-id-4' class='toggler  av-title-above '  role='tab' tabindex='0' aria-controls='toggle-id-4' data-slide-speed=\"200\" data-title=\"Quadriaxial\" data-title-open=\"\" data-aria_collapsed=\"Cliquez pour \u00e9tendre : Quadriaxial\" data-aria_expanded=\"Cliquez pour r\u00e9duire : Quadriaxial\">Quadriaxial<span class=\"toggle_icon\"><span class=\"vert_icon\"><\/span><span class=\"hor_icon\"><\/span><\/span><\/h4><div id='toggle-id-4' aria-labelledby='toggle-toggle-id-4' role='region' class='toggle_wrap  av-title-above'  ><div class='toggle_content invers-color ' ><ul class=\"customlist2\">\n<li><a href=\"https:\/\/fileserver.mates.it\/Prodotti\/1_Rinforzi\/TDS\/Carbonio\/Multiassiali\/SKY\/SKY300Q2-127T5Z.pdf\" target=\"_blank\" rel=\"noopener\">QXC300<\/a><\/li>\n<li><a href=\"https:\/\/fileserver.mates.it\/Prodotti\/1_Rinforzi\/TDS\/Carbonio\/Multiassiali\/SKY\/SKY400Q2-127T5Z.pdf\" target=\"_blank\" rel=\"noopener\">QXC400<\/a><\/li>\n<li><a href=\"https:\/\/fileserver.mates.it\/Prodotti\/1_Rinforzi\/TDS\/Carbonio\/Multiassiali\/SKY\/SKY600Q2-127T5Z.pdf\" target=\"_blank\" rel=\"noopener\">QXC600<\/a><\/li>\n<li><a href=\"https:\/\/fileserver.mates.it\/Prodotti\/1_Rinforzi\/TDS\/Carbonio\/Multiassiali\/SKY\/SKY800Q2-127T5Z.pdf\" target=\"_blank\" rel=\"noopener\">QXC800<\/a><\/li>\n<li><a href=\"https:\/\/fileserver.mates.it\/Prodotti\/1_Rinforzi\/TDS\/Carbonio\/Multiassiali\/SKY\/SKY1000Q2-127T5Z.pdf\" target=\"_blank\" rel=\"noopener\">QXC1000<\/a><\/li>\n<li><a href=\"https:\/\/fileserver.mates.it\/Prodotti\/1_Rinforzi\/TDS\/Carbonio\/Multiassiali\/SKY\/SKY1200Q2-127T5Z.pdf\" target=\"_blank\" rel=\"noopener\">QXC1200<\/a><\/li>\n<\/ul>\n<\/div><\/div><\/div><\/section>\n<\/div><\/div><div  class='hr av-av_hr-91d7ccd583a503147498e120fee2ff9b hr-default  avia-builder-el-5  el_after_av_two_fifth  avia-builder-el-last '><span class='hr-inner '><span class=\"hr-inner-style\"><\/span><\/span><\/div><\/p>\n","protected":false},"excerpt":{"rendered":"<p>Dans les multiaxiaux en fibres de carbone, les fibres, sous forme de m\u00e8ches, sont dispos\u00e9es parall\u00e8lement en couches superpos\u00e9es, orient\u00e9es dans les diff\u00e9rentes directions, puis cousues avec de minces filaments pour les maintenir ensemble.<\/p>\n","protected":false},"author":2,"featured_media":0,"parent":9151,"menu_order":2,"comment_status":"open","ping_status":"closed","template":"","meta":{"footnotes":""},"class_list":["post-9373","page","type-page","status-publish","hentry"],"_links":{"self":[{"href":"https:\/\/www.mates.it\/fr\/wp-json\/wp\/v2\/pages\/9373","targetHints":{"allow":["GET"]}}],"collection":[{"href":"https:\/\/www.mates.it\/fr\/wp-json\/wp\/v2\/pages"}],"about":[{"href":"https:\/\/www.mates.it\/fr\/wp-json\/wp\/v2\/types\/page"}],"author":[{"embeddable":true,"href":"https:\/\/www.mates.it\/fr\/wp-json\/wp\/v2\/users\/2"}],"replies":[{"embeddable":true,"href":"https:\/\/www.mates.it\/fr\/wp-json\/wp\/v2\/comments?post=9373"}],"version-history":[{"count":0,"href":"https:\/\/www.mates.it\/fr\/wp-json\/wp\/v2\/pages\/9373\/revisions"}],"up":[{"embeddable":true,"href":"https:\/\/www.mates.it\/fr\/wp-json\/wp\/v2\/pages\/9151"}],"wp:attachment":[{"href":"https:\/\/www.mates.it\/fr\/wp-json\/wp\/v2\/media?parent=9373"}],"curies":[{"name":"wp","href":"https:\/\/api.w.org\/{rel}","templated":true}]}}