{"id":9377,"date":"2018-12-26T17:22:12","date_gmt":"2018-12-26T16:22:12","guid":{"rendered":"https:\/\/www.mates.it\/prodotti\/tessuti-rinforzi\/fibra-aramidica\/rubans-tresses-a\/"},"modified":"2023-06-25T03:37:04","modified_gmt":"2023-06-25T01:37:04","slug":"rubans-tresses-a","status":"publish","type":"page","link":"https:\/\/www.mates.it\/fr\/produits\/tissus-renforts\/fibre-aramide\/rubans-tresses-a\/","title":{"rendered":"Rubans \/ Tresses"},"content":{"rendered":"<div  class='flex_column av-av_three_fifth-7714eba142aeda1f8b5272a3c372b279 av_three_fifth  avia-builder-el-0  el_before_av_two_fifth  avia-builder-el-first  first flex_column_div  '     ><p>\n<style type=\"text\/css\" data-created_by=\"avia_inline_auto\" id=\"style-css-av-ljareywx-527d3494be615e9b77d814be1e0eb970\">\n#top .av-special-heading.av-ljareywx-527d3494be615e9b77d814be1e0eb970{\npadding-bottom:10px;\n}\nbody .av-special-heading.av-ljareywx-527d3494be615e9b77d814be1e0eb970 .av-special-heading-tag .heading-char{\nfont-size:25px;\n}\n.av-special-heading.av-ljareywx-527d3494be615e9b77d814be1e0eb970 .av-subheading{\nfont-size:15px;\n}\n<\/style>\n<div  class='av-special-heading av-ljareywx-527d3494be615e9b77d814be1e0eb970 av-special-heading-h1  avia-builder-el-1  el_before_av_textblock  avia-builder-el-first  custom-h1-title'><h1 class='av-special-heading-tag '  >Rubans \/ Tresses<\/h1><div class=\"special-heading-border\"><div class=\"special-heading-inner-border\"><\/div><\/div><\/div><br \/>\n<section  class='av_textblock_section av-ljarddlv-3c941c0028b493be2f00ca2735551b0d '  ><div class='avia_textblock' ><p>La fibre aramide permet \u00e9galement de trouver des solutions adapt\u00e9es aux besoins les plus exigeants. C&rsquo;est pourquoi nous disposons de rubans et de chaussettes pour des processus sp\u00e9cifiques. Les chaussettes en fibre aramide conviennent aux tubes structurels et non structurels ; elles sont utilis\u00e9es dans les secteurs les plus avanc\u00e9s des composites (marine, automobile, loisirs, etc.) o\u00f9 un tube ou une tubulure en fibre aramide est n\u00e9cessaire. Les rubans en fibre aramide ont des modules d&rsquo;\u00e9lasticit\u00e9 variables pour s&rsquo;adapter \u00e0 tous les types de projets. Ceux-ci, d&rsquo;une grande r\u00e9sistance, garantissent une augmentation des charges dynamiques afin de donner naissance \u00e0 un produit aux caract\u00e9ristiques m\u00e9caniques tr\u00e8s \u00e9lev\u00e9es.<\/p>\n<div style=\"width: 100%;\"><\/div>\n<\/div><\/section><\/p><\/div><div  class='flex_column av-av_two_fifth-f1c518e9ff58e869f80c8f093487abc9 av_two_fifth  avia-builder-el-3  el_after_av_three_fifth  el_before_av_hr  flex_column_div  '     ><style type=\"text\/css\" data-created_by=\"avia_inline_auto\" id=\"style-css-av-ljareu6c-111ecc187799970c8b93282abd0df139\">\n#top .togglecontainer.av-ljareu6c-111ecc187799970c8b93282abd0df139 h4.toggler{\nfont-size:14px;\n}\n#top .togglecontainer.av-ljareu6c-111ecc187799970c8b93282abd0df139 h4.toggler.activeTitle{\ncolor:#ffffff;\nborder-color:#ffffff;\nbackground-color:#2682d3;\n}\n<\/style>\n<div  class='togglecontainer av-ljareu6c-111ecc187799970c8b93282abd0df139  avia-builder-el-4  avia-builder-el-no-sibling  accordion_product toggle_close_all hasCurrentStyle' >\n<section class='av_toggle_section av-ljaredj6-7e1e8509e9408b11941f5c0df10904cf' ><div role=\"tablist\" class=\"single_toggle\" data-tags=\"{Tout} \"  ><h4 id='toggle-toggle-id-1' data-fake-id='#toggle-id-1' class='toggler  activeTitle av-title-above '  role='tab' tabindex='0' aria-controls='toggle-id-1' data-slide-speed=\"200\" data-title=\"Avantages\" data-title-open=\"\" data-aria_collapsed=\"Cliquez pour \u00e9tendre : Avantages\" data-aria_expanded=\"Cliquez pour r\u00e9duire : Avantages\">Avantages<span class=\"toggle_icon\"><span class=\"vert_icon\"><\/span><span class=\"hor_icon\"><\/span><\/span><\/h4><div id='toggle-id-1' aria-labelledby='toggle-toggle-id-1' role='region' class='toggle_wrap  active_tc av-title-above' style='display:block;' ><div class='toggle_content invers-color ' ><ul>\n<li>Fibres orient\u00e9es<\/li>\n<li>Distribution optimale de la charge<\/li>\n<li>Points de rupture r\u00e9duits<\/li>\n<li>Lin\u00e9arit\u00e9 de la caract\u00e9risation m\u00e9canique<\/li>\n<li>Productions sur mesure<\/li>\n<\/ul>\n<\/div><\/div><\/div><\/section>\n<section class='av_toggle_section av-ljaretg9-13c615e2c7e2856fe83d37e21693d75d' ><div role=\"tablist\" class=\"single_toggle\" data-tags=\"{Tout} \"  ><h4 id='toggle-toggle-id-2' data-fake-id='#toggle-id-2' class='toggler  av-title-above '  role='tab' tabindex='0' aria-controls='toggle-id-2' data-slide-speed=\"200\" data-title=\" Types de produit\" data-title-open=\"\" data-aria_collapsed=\"Cliquez pour \u00e9tendre :  Types de produit\" data-aria_expanded=\"Cliquez pour r\u00e9duire :  Types de produit\"> Types de produit<span class=\"toggle_icon\"><span class=\"vert_icon\"><\/span><span class=\"hor_icon\"><\/span><\/span><\/h4><div id='toggle-id-2' aria-labelledby='toggle-toggle-id-2' role='region' class='toggle_wrap  av-title-above'  ><div class='toggle_content invers-color ' ><ul class=\"customlist2\">\n<li><a href=\"https:\/\/fileserver.mates.it\/Prodotti\/1_Rinforzi\/Brochure\/Eurocarbon\/Standard%20Program%20Aramid%20Flat%20Braids.pdf\" target=\"_blank\" rel=\"noopener\">Tresses<\/a><\/li>\n<\/ul>\n<\/div><\/div><\/div><\/section>\n<\/div><\/div><div  class='hr av-av_hr-91d7ccd583a503147498e120fee2ff9b hr-default  avia-builder-el-5  el_after_av_two_fifth  el_before_av_one_full '><span class='hr-inner '><span class=\"hr-inner-style\"><\/span><\/span><\/div><\/p>\n<div  class='flex_column av-av_one_full-7714eba142aeda1f8b5272a3c372b279 av_one_full  avia-builder-el-6  el_after_av_hr  avia-builder-el-last  first flex_column_div  '     ><div  class='avia-button-wrap av-av_button-f2ff8a0a1448aa9f36fa0211f57fea0c-wrap avia-button-left  avia-builder-el-7  avia-builder-el-no-sibling '><a href=\"https:\/\/fileserver.mates.it\/Prodotti\/1_Rinforzi\/Brochure\/Eurocarbon\/Eurocarbon-Brochure.pdf\" class=\"avia-button av-av_button-f2ff8a0a1448aa9f36fa0211f57fea0c av-link-btn avia-icon_select-yes-left-icon avia-size-small avia-position-left avia-color-theme-color\" target=\"_blank\" rel=\"noopener noreferrer\" aria-label=\"Eurocarbon - Standard\"><span class='avia_button_icon avia_button_icon_left avia-iconfont avia-font-entypo-fontello' data-av_icon='\ue82d' data-av_iconfont='entypo-fontello' ><\/span><span class='avia_iconbox_title' >Eurocarbon - Standard<\/span><\/a><\/div><\/div>\n","protected":false},"excerpt":{"rendered":"<p>La fibre aramide permet \u00e9galement de trouver des solutions adapt\u00e9es aux besoins les plus exigeants. C&rsquo;est pourquoi nous disposons de rubans et de chaussettes pour des processus sp\u00e9cifiques.<\/p>\n","protected":false},"author":2,"featured_media":0,"parent":9214,"menu_order":3,"comment_status":"open","ping_status":"closed","template":"","meta":{"footnotes":""},"class_list":["post-9377","page","type-page","status-publish","hentry"],"_links":{"self":[{"href":"https:\/\/www.mates.it\/fr\/wp-json\/wp\/v2\/pages\/9377","targetHints":{"allow":["GET"]}}],"collection":[{"href":"https:\/\/www.mates.it\/fr\/wp-json\/wp\/v2\/pages"}],"about":[{"href":"https:\/\/www.mates.it\/fr\/wp-json\/wp\/v2\/types\/page"}],"author":[{"embeddable":true,"href":"https:\/\/www.mates.it\/fr\/wp-json\/wp\/v2\/users\/2"}],"replies":[{"embeddable":true,"href":"https:\/\/www.mates.it\/fr\/wp-json\/wp\/v2\/comments?post=9377"}],"version-history":[{"count":0,"href":"https:\/\/www.mates.it\/fr\/wp-json\/wp\/v2\/pages\/9377\/revisions"}],"up":[{"embeddable":true,"href":"https:\/\/www.mates.it\/fr\/wp-json\/wp\/v2\/pages\/9214"}],"wp:attachment":[{"href":"https:\/\/www.mates.it\/fr\/wp-json\/wp\/v2\/media?parent=9377"}],"curies":[{"name":"wp","href":"https:\/\/api.w.org\/{rel}","templated":true}]}}