{"id":9378,"date":"2019-08-28T21:31:42","date_gmt":"2019-08-28T19:31:42","guid":{"rendered":"https:\/\/www.mates.it\/prodotti\/resine-adesivi-chimici\/adesivi-collanti\/strutturali\/epoxy-fr\/"},"modified":"2025-01-21T19:28:35","modified_gmt":"2025-01-21T18:28:35","slug":"epoxy-fr","status":"publish","type":"page","link":"https:\/\/www.mates.it\/fr\/produits\/resines-adhesifs-chimiques\/adhesifs-colles\/epoxy-fr\/","title":{"rendered":"Epoxy"},"content":{"rendered":"<div  class='flex_column av-av_one_full-7714eba142aeda1f8b5272a3c372b279 av_one_full  avia-builder-el-0  el_before_av_hr  avia-builder-el-first  first flex_column_div  '     ><p>\n<style type=\"text\/css\" data-created_by=\"avia_inline_auto\" id=\"style-css-av-ljbrm79s-6d46dd5994d01478e77f4522b9caa0d6\">\n#top .av-special-heading.av-ljbrm79s-6d46dd5994d01478e77f4522b9caa0d6{\npadding-bottom:10px;\n}\nbody .av-special-heading.av-ljbrm79s-6d46dd5994d01478e77f4522b9caa0d6 .av-special-heading-tag .heading-char{\nfont-size:25px;\n}\n.av-special-heading.av-ljbrm79s-6d46dd5994d01478e77f4522b9caa0d6 .av-subheading{\nfont-size:15px;\n}\n<\/style>\n<div  class='av-special-heading av-ljbrm79s-6d46dd5994d01478e77f4522b9caa0d6 av-special-heading-h1  avia-builder-el-1  el_before_av_textblock  avia-builder-el-first  custom-h1-title'><h1 class='av-special-heading-tag '  >Epoxy<\/h1><div class=\"special-heading-border\"><div class=\"special-heading-inner-border\"><\/div><\/div><\/div><br \/>\n<section  class='av_textblock_section av-ljbrm19g-0132bcbb0e5b38aee1e735382b3cd9dc '  ><div class='avia_textblock' ><p>Les adh\u00e9sifs \u00e9poxy appartenant \u00e0 cette cat\u00e9gorie ont les fonctions les plus diverses, y compris le collage de noyaux internes, de composants, de panneaux ou le remplacement de fixations m\u00e9caniques r\u00e9alis\u00e9es avec un syst\u00e8me \u00e9crou\/boulon, des rivets ou des soudures. Un assemblage r\u00e9alis\u00e9 avec des adh\u00e9sifs structuraux peut \u00eatre plus performant qu&rsquo;un assemblage traditionnel car les deux mat\u00e9riaux ont tendance \u00e0 fusionner sous l&rsquo;effet de la polym\u00e9risation des adh\u00e9sifs. Ce ph\u00e9nom\u00e8ne est induit par le m\u00e9lange, dans des proportions d\u00e9termin\u00e9es, de deux parties qui restent s\u00e9par\u00e9es dans la phase de stockage, ce qui permet un large choix dans le temps d&rsquo;ouvrabilit\u00e9 des adh\u00e9sifs bicomposants. Il existe des colles aux formulations rigides, flexibles ou renforc\u00e9es, qui diff\u00e8rent selon les exigences des joints structurels: capacit\u00e9 \u00e0 absorber les vibrations, les variations thermiques ou de charge, les chocs.<\/p>\n<div style=\"width: 100%;\"><\/div>\n<\/div><\/section><\/p><\/div>\n<div  class='hr av-av_hr-91d7ccd583a503147498e120fee2ff9b hr-default  avia-builder-el-3  el_after_av_one_full  el_before_av_three_fifth '><span class='hr-inner '><span class=\"hr-inner-style\"><\/span><\/span><\/div>\n<div  class='flex_column av-av_three_fifth-62182491de0c8640dccef865bfe8b366 av_three_fifth  avia-builder-el-4  el_after_av_hr  el_before_av_two_fifth  first flex_column_div  '     ><section  class='av_textblock_section av-ljbrmk3h-f7266528d30941eb2e3195ac04572dd0 '  ><div class='avia_textblock' ><h6>LIQUIDES<\/h6>\n<p>S\u00e9lection d&rsquo;adh\u00e9sifs \u00e9poxydiques en cartouches ou en f\u00fbts adapt\u00e9s au collage \u00e0 temp\u00e9rature ambiante, avec une viscosit\u00e9 moyenne-\u00e9lev\u00e9e et une large gamme d&rsquo;utilisation. Excellent pour le collage d&rsquo;articles renforc\u00e9s produits avec les principaux types de fibres. Le durcissement s&rsquo;effectue en m\u00e9langeant dans des proportions d\u00e9termin\u00e9es deux composants qui sont maintenus s\u00e9par\u00e9s pendant la phase de stockage. A utiliser \u00e0 temp\u00e9rature ambiante ou mod\u00e9r\u00e9e, par application \u00e0 la spatule ou au rouleau.<\/p>\n<\/div><\/section><\/div>\n<div  class='flex_column av-av_two_fifth-f1c518e9ff58e869f80c8f093487abc9 av_two_fifth  avia-builder-el-6  el_after_av_three_fifth  el_before_av_hr  flex_column_div  '     ><style type=\"text\/css\" data-created_by=\"avia_inline_auto\" id=\"style-css-av-lmvpix6a-b8f05f82c0dfc54b41134bd70580931b\">\n#top .togglecontainer.av-lmvpix6a-b8f05f82c0dfc54b41134bd70580931b h4.toggler{\nfont-size:14px;\n}\n#top .togglecontainer.av-lmvpix6a-b8f05f82c0dfc54b41134bd70580931b h4.toggler.activeTitle{\ncolor:#ffffff;\nborder-color:#ffffff;\nbackground-color:#2682d3;\n}\n<\/style>\n<div  class='togglecontainer av-lmvpix6a-b8f05f82c0dfc54b41134bd70580931b  avia-builder-el-7  avia-builder-el-no-sibling  accordion_product toggle_close_all hasCurrentStyle' >\n<section class='av_toggle_section av-lmvpiwjl-2da6ac505ddcf3b2f84890e8b2de5f25' ><div role=\"tablist\" class=\"single_toggle\" data-tags=\"{Tout} \"  ><h4 id='toggle-toggle-id-1' data-fake-id='#toggle-id-1' class='toggler  activeTitle av-title-above '  role='tab' tabindex='0' aria-controls='toggle-id-1' data-slide-speed=\"200\" data-title=\"Elan-tech \u00ae\" data-title-open=\"\" data-aria_collapsed=\"Cliquez pour \u00e9tendre : Elan-tech \u00ae\" data-aria_expanded=\"Cliquez pour r\u00e9duire : Elan-tech \u00ae\">Elan-tech \u00ae<span class=\"toggle_icon\"><span class=\"vert_icon\"><\/span><span class=\"hor_icon\"><\/span><\/span><\/h4><div id='toggle-id-1' aria-labelledby='toggle-toggle-id-1' role='region' class='toggle_wrap  active_tc av-title-above' style='display:block;' ><div class='toggle_content invers-color ' ><ul class=\"customlist1\">\n<li><a href=\"https:\/\/fileserver.mates.it\/Prodotti\/2_Matrici\/TDS\/Adesivi\/Elantas\/_EN\/ELAN_TECH_AS_89_1-AW_89_2_NF_R1_EN_479.pdf\" target=\"_blank\" rel=\"noopener noreferrer\">ADH 891.892<\/a><\/li>\n<li><a href=\"https:\/\/fileserver.mates.it\/Prodotti\/2_Matrici\/TDS\/Adesivi\/Elantas\/_EN\/Elan-tech_AS97.1_AW96.1_ADH971.961_ing.pdf\" target=\"_blank\" rel=\"noopener noreferrer\">ADH 971.961<\/a><\/li>\n<li><a href=\"https:\/\/fileserver.mates.it\/Prodotti\/2_Matrici\/TDS\/Adesivi\/Elantas\/_EN\/ELAN_TECH_AS_74_BIO-AW_74_BIO_R1_EN_1936.pdf\" target=\"_blank\" rel=\"noopener noreferrer\">ADH 74.74 BIO<\/a><\/li>\n<li><a href=\"https:\/\/fileserver.mates.it\/Prodotti\/2_Matrici\/TDS\/Adesivi\/Elantas\/_EN\/ELAN_TECH_AS_99-AW_99_R1_EN_914.pdf\" target=\"_blank\" rel=\"noopener\">ADH 99.99<\/a><\/li>\n<li><a href=\"https:\/\/fileserver.mates.it\/Prodotti\/2_Matrici\/TDS\/Adesivi\/Elantas\/_EN\/Elan-tech_AS90_AW91_ADH90.91_ing.pdf\" target=\"_blank\" rel=\"noopener noreferrer\">ADH 90.91<\/a><\/li>\n<li><a href=\"https:\/\/fileserver.mates.it\/Prodotti\/2_Matrici\/TDS\/Adesivi\/Elantas\/_EN\/ELAN_TECH_AS_90-AW_92_NF_R1_EN_1394.pdf\" target=\"_blank\" rel=\"noopener noreferrer\">ADH 90.92<\/a><\/li>\n<li><a href=\"https:\/\/fileserver.mates.it\/Prodotti\/2_Matrici\/TDS\/Adesivi\/Elantas\/_EN\/Elan-tech_AS60_AW60_ADH60.60_ing.pdf\" target=\"_blank\" rel=\"noopener noreferrer\">ADH 60.60<\/a><\/li>\n<li><a href=\"https:\/\/fileserver.mates.it\/Prodotti\/2_Matrici\/TDS\/Adesivi\/Elantas\/_EN\/Elan-tech_AS52_AW11_ADH52.11_ing.pdf\" target=\"_blank\" rel=\"noopener noreferrer\">ADH 51.11<\/a><\/li>\n<li><a href=\"https:\/\/fileserver.mates.it\/Prodotti\/2_Matrici\/TDS\/Adesivi\/Elantas\/_EN\/Elan-tech_AS46_AW46_ADH46.46_ing.pdf\" target=\"_blank\" rel=\"noopener noreferrer\">ADH 46.46<\/a><\/li>\n<li><a href=\"https:\/\/fileserver.mates.it\/Prodotti\/2_Matrici\/TDS\/Resine\/Elantas\/_EN\/ELAN_TECH_EC_255_TIX_LY-W_152_XLR_R1_EN_1591.pdf\" target=\"_blank\" rel=\"noopener noreferrer\">EC 255 TIX<\/a><\/li>\n<\/ul>\n<\/div><\/div><\/div><\/section>\n<section class='av_toggle_section av-av_toggle-a222a71443ba3e03a04a52518c23bc1e' ><div role=\"tablist\" class=\"single_toggle\" data-tags=\"{Tout} \"  ><h4 id='toggle-toggle-id-2' data-fake-id='#toggle-id-2' class='toggler  av-title-above '  role='tab' tabindex='0' aria-controls='toggle-id-2' data-slide-speed=\"200\" data-title=\"Mates \u00ae\" data-title-open=\"\" data-aria_collapsed=\"Cliquez pour \u00e9tendre : Mates \u00ae\" data-aria_expanded=\"Cliquez pour r\u00e9duire : Mates \u00ae\">Mates \u00ae<span class=\"toggle_icon\"><span class=\"vert_icon\"><\/span><span class=\"hor_icon\"><\/span><\/span><\/h4><div id='toggle-id-2' aria-labelledby='toggle-toggle-id-2' role='region' class='toggle_wrap  av-title-above'  ><div class='toggle_content invers-color ' ><ul>\n<li><a href=\"https:\/\/fileserver.mates.it\/Prodotti\/2_Matrici\/TDS\/Adesivi\/Mates\/EASYBOND_187_DS.pdf\" target=\"_blank\" rel=\"noopener noreferrer\">EASYBOND<\/a><\/li>\n<\/ul>\n<\/div><\/div><\/div><\/section>\n<section class='av_toggle_section av-av_toggle-12e58bf882e92490fd5fcb08365ba724' ><div role=\"tablist\" class=\"single_toggle\" data-tags=\"{Tout} \"  ><h4 id='toggle-toggle-id-3' data-fake-id='#toggle-id-3' class='toggler  av-title-above '  role='tab' tabindex='0' aria-controls='toggle-id-3' data-slide-speed=\"200\" data-title=\" Scotch-Weld \u2122\" data-title-open=\"\" data-aria_collapsed=\"Cliquez pour \u00e9tendre :  Scotch-Weld \u2122\" data-aria_expanded=\"Cliquez pour r\u00e9duire :  Scotch-Weld \u2122\"> Scotch-Weld \u2122<span class=\"toggle_icon\"><span class=\"vert_icon\"><\/span><span class=\"hor_icon\"><\/span><\/span><\/h4><div id='toggle-id-3' aria-labelledby='toggle-toggle-id-3' role='region' class='toggle_wrap  av-title-above'  ><div class='toggle_content invers-color ' ><ul>\n<li><a href=\"https:\/\/fileserver.mates.it\/Prodotti\/2_Matrici\/TDS\/Adesivi\/3M\/DP420_TDS.pdf\" target=\"_blank\" rel=\"noopener noreferrer\">DP420<\/a><\/li>\n<li><a href=\"https:\/\/fileserver.mates.it\/Prodotti\/2_Matrici\/TDS\/Adesivi\/3M\/DP490_TDS.pdf\" target=\"_blank\" rel=\"noopener noreferrer\">DP490<\/a><\/li>\n<li><a href=\"https:\/\/fileserver.mates.it\/Prodotti\/2_Matrici\/TDS\/Adesivi\/3M\/DP760_TDS.pdf\" target=\"_blank\" rel=\"noopener noreferrer\">DP760<\/a><\/li>\n<\/ul>\n<\/div><\/div><\/div><\/section>\n<\/div><\/div><div  class='hr av-av_hr-91d7ccd583a503147498e120fee2ff9b hr-default  avia-builder-el-8  el_after_av_two_fifth  el_before_av_three_fifth '><span class='hr-inner '><span class=\"hr-inner-style\"><\/span><\/span><\/div><\/p>\n<div  class='flex_column av-av_three_fifth-7714eba142aeda1f8b5272a3c372b279 av_three_fifth  avia-builder-el-9  el_after_av_hr  el_before_av_two_fifth  first flex_column_div  '     ><section  class='av_textblock_section av-ljbrmujh-9921afc2f79eb5d7c656ff662d85fb56 '  ><div class='avia_textblock' ><h6>EN FILMS<\/h6>\n<p>Les films adh\u00e9sifs constituent une innovation par rapport aux autres adh\u00e9sifs car ils permettent d&rsquo;acc\u00e9l\u00e9rer consid\u00e9rablement les temps d&rsquo;application et de collage. Le film est constitu\u00e9 d&rsquo;un adh\u00e9sif sous forme de feuille flexible qui se ramollit \u00e0 haute temp\u00e9rature, ce qui permet de coller le stratifi\u00e9 au noyau \u00e0 cellules ouvertes ou ferm\u00e9es, formant ainsi une structure solide. L&rsquo;application de films adh\u00e9sifs \u00e9poxy garantit une r\u00e9partition uniforme et une \u00e9paisseur optimale de la couche d&rsquo;adh\u00e9sif, et sont donc utilis\u00e9s pour la production de structures \u00e0 forte charge. Les produits de cette cat\u00e9gorie conviennent \u00e9galement au collage des m\u00e9taux, du bois, de la c\u00e9ramique et de la pierre.<\/p>\n<\/div><\/section><\/div>\n<div  class='flex_column av-av_two_fifth-f1c518e9ff58e869f80c8f093487abc9 av_two_fifth  avia-builder-el-11  el_after_av_three_fifth  el_before_av_hr  flex_column_div  '     ><style type=\"text\/css\" data-created_by=\"avia_inline_auto\" id=\"style-css-av-av_toggle_container-aa303faae9b53071bb573d27bc7412b5\">\n#top .togglecontainer.av-av_toggle_container-aa303faae9b53071bb573d27bc7412b5 h4.toggler{\nfont-size:14px;\n}\n#top .togglecontainer.av-av_toggle_container-aa303faae9b53071bb573d27bc7412b5 h4.toggler.activeTitle{\ncolor:#ffffff;\nborder-color:#ffffff;\nbackground-color:#2682d3;\n}\n<\/style>\n<div  class='togglecontainer av-av_toggle_container-aa303faae9b53071bb573d27bc7412b5  avia-builder-el-12  avia-builder-el-no-sibling  accordion_product toggle_close_all hasCurrentStyle' >\n<section class='av_toggle_section av-av_toggle-6693676a86eb375d726fbeb7640bfa26' ><div role=\"tablist\" class=\"single_toggle\" data-tags=\"{Tout} \"  ><h4 id='toggle-toggle-id-4' data-fake-id='#toggle-id-4' class='toggler  activeTitle av-title-above '  role='tab' tabindex='0' aria-controls='toggle-id-4' data-slide-speed=\"200\" data-title=\"Letoxit \u00ae\" data-title-open=\"\" data-aria_collapsed=\"Cliquez pour \u00e9tendre : Letoxit \u00ae\" data-aria_expanded=\"Cliquez pour r\u00e9duire : Letoxit \u00ae\">Letoxit \u00ae<span class=\"toggle_icon\"><span class=\"vert_icon\"><\/span><span class=\"hor_icon\"><\/span><\/span><\/h4><div id='toggle-id-4' aria-labelledby='toggle-toggle-id-4' role='region' class='toggle_wrap  active_tc av-title-above' style='display:block;' ><div class='toggle_content invers-color ' ><ul class=\"customlist1\">\n<li><a href=\"https:\/\/fileserver.mates.it\/Prodotti\/2_Matrici\/TDS\/Adesivi\/KFL\/KFL_125_DS.pdf\" target=\"_blank\" rel=\"noopener noreferrer\">KFL 125<\/a><\/li>\n<li><a href=\"https:\/\/fileserver.mates.it\/Prodotti\/2_Matrici\/TDS\/Adesivi\/KFL\/KFL_130_170_DS.pdf\" target=\"_blank\" rel=\"noopener\">KFL 130-170<\/a><\/li>\n<li><a href=\"https:\/\/fileserver.mates.it\/Prodotti\/2_Matrici\/TDS\/Adesivi\/KFL\/KFL_131_DS.pdf\" target=\"_blank\" rel=\"noopener noreferrer\">KFL 131<\/a><\/li>\n<\/ul>\n<\/div><\/div><\/div><\/section>\n<section class='av_toggle_section av-av_toggle-151d513910b135e262efcf11055862aa' ><div role=\"tablist\" class=\"single_toggle\" data-tags=\"{Tout} \"  ><h4 id='toggle-toggle-id-5' data-fake-id='#toggle-id-5' class='toggler  av-title-above '  role='tab' tabindex='0' aria-controls='toggle-id-5' data-slide-speed=\"200\" data-title=\"HexBond \u00ae\" data-title-open=\"\" data-aria_collapsed=\"Cliquez pour \u00e9tendre : HexBond \u00ae\" data-aria_expanded=\"Cliquez pour r\u00e9duire : HexBond \u00ae\">HexBond \u00ae<span class=\"toggle_icon\"><span class=\"vert_icon\"><\/span><span class=\"hor_icon\"><\/span><\/span><\/h4><div id='toggle-id-5' aria-labelledby='toggle-toggle-id-5' role='region' class='toggle_wrap  av-title-above'  ><div class='toggle_content invers-color ' ><ul>\n<li><a href=\"https:\/\/fileserver.mates.it\/Prodotti\/2_Matrici\/TDS\/Adesivi\/Hexcel\/HexBond_ST1035_DataSheet.pdf\" target=\"_blank\" rel=\"noopener noreferrer\">ST 1035<\/a><\/li>\n<li><a href=\"https:\/\/fileserver.mates.it\/Prodotti\/2_Matrici\/TDS\/Adesivi\/Hexcel\/HexBond%20679%20TDS%20v8.pdf\" target=\"_blank\" rel=\"noopener noreferrer\">679<\/a><\/li>\n<li><a href=\"https:\/\/fileserver.mates.it\/Prodotti\/2_Matrici\/TDS\/Adesivi\/Hexcel\/Redux_609_DataSheet_eu.pdf\" target=\"_blank\" rel=\"noopener noreferrer\">609<\/a><\/li>\n<li><a href=\"https:\/\/fileserver.mates.it\/Prodotti\/2_Matrici\/TDS\/Adesivi\/Hexcel\/Redux_312_DataSheet_eu.pdf\" target=\"_blank\" rel=\"noopener noreferrer\">312<\/a><\/li>\n<\/ul>\n<\/div><\/div><\/div><\/section>\n<\/div><\/div>\n<div  class='hr av-av_hr-91d7ccd583a503147498e120fee2ff9b hr-default  avia-builder-el-13  el_after_av_two_fifth  el_before_av_one_full '><span class='hr-inner '><span class=\"hr-inner-style\"><\/span><\/span><\/div>\n<div  class='flex_column av-av_one_full-7714eba142aeda1f8b5272a3c372b279 av_one_full  avia-builder-el-14  el_after_av_hr  avia-builder-el-last  first flex_column_div  '     ><p><div  class='avia-button-wrap av-av_button-08f8c098c8a724a4637a200f78d0c536-wrap avia-button-left  avia-builder-el-15  el_before_av_button  avia-builder-el-first '><a href=\"https:\/\/fileserver.mates.it\/Prodotti\/2_Matrici\/Brochure\/Elantas\/Composite_Resins_Elan-tech_Epoxy_Resins_and_Structural_Adhesives_-_.pdf\" class=\"avia-button av-av_button-08f8c098c8a724a4637a200f78d0c536 av-link-btn avia-icon_select-yes-left-icon avia-size-small avia-position-left avia-color-theme-color\" target=\"_blank\" rel=\"noopener noreferrer\" aria-label=\" Elan-tech \u00ae Product selector\"><span class='avia_button_icon avia_button_icon_left avia-iconfont avia-font-entypo-fontello' data-av_icon='\ue82d' data-av_iconfont='entypo-fontello' ><\/span><span class='avia_iconbox_title' > Elan-tech \u00ae Product selector<\/span><\/a><\/div><br \/>\n<div  class='avia-button-wrap av-av_button-6b29eda70fd930f2fa858a7826084b51-wrap avia-button-left  avia-builder-el-16  el_after_av_button  el_before_av_button '><a href=\"https:\/\/fileserver.mates.it\/Prodotti\/2_Matrici\/Brochure\/3M\/Adesivi_Strutturali_EPX_it_9_2017.pdf\" class=\"avia-button av-av_button-6b29eda70fd930f2fa858a7826084b51 av-link-btn avia-icon_select-yes-left-icon avia-size-small avia-position-left avia-color-theme-color\" target=\"_blank\" rel=\"noopener noreferrer\" aria-label=\" 3M \u00ae Product selector\"><span class='avia_button_icon avia_button_icon_left avia-iconfont avia-font-entypo-fontello' data-av_icon='\ue82d' data-av_iconfont='entypo-fontello' ><\/span><span class='avia_iconbox_title' > 3M \u00ae Product selector<\/span><\/a><\/div><br \/>\n<div  class='avia-button-wrap av-av_button-aee05cfb44373240e911cf5d582a3798-wrap avia-button-left  avia-builder-el-17  el_after_av_button  el_before_av_button '><a href=\"https:\/\/fileserver.mates.it\/Prodotti\/2_Matrici\/Brochure\/3M\/DP8405_DP8805_DP8810_brochure_3M.pdf\" class=\"avia-button av-av_button-aee05cfb44373240e911cf5d582a3798 av-link-btn avia-icon_select-yes-left-icon avia-size-small avia-position-left avia-color-theme-color\" target=\"_blank\" rel=\"noopener noreferrer\" aria-label=\" DP Scotch-Weld \u2122\"><span class='avia_button_icon avia_button_icon_left avia-iconfont avia-font-entypo-fontello' data-av_icon='\ue82d' data-av_iconfont='entypo-fontello' ><\/span><span class='avia_iconbox_title' > DP Scotch-Weld \u2122<\/span><\/a><\/div><br \/>\n<div  class='avia-button-wrap av-av_button-fd81082456c51e04abae96a02765d9be-wrap avia-button-left  avia-builder-el-18  el_after_av_button  avia-builder-el-last '><a href=\"https:\/\/www.5m.cz\/en\/products\/lepidla\/epoxy-adhesives-high-strength\" class=\"avia-button av-av_button-fd81082456c51e04abae96a02765d9be av-link-btn avia-icon_select-yes-left-icon avia-size-small avia-position-left avia-color-theme-color\" target=\"_blank\" rel=\"noopener noreferrer\" aria-label=\" Letoxit \u00ae product list\"><span class='avia_button_icon avia_button_icon_left avia-iconfont avia-font-entypo-fontello' data-av_icon='\ue8ab' data-av_iconfont='entypo-fontello' ><\/span><span class='avia_iconbox_title' > Letoxit \u00ae product list<\/span><\/a><\/div><\/p><\/div>\n","protected":false},"excerpt":{"rendered":"<p>Les adh\u00e9sifs \u00e9poxy appartenant \u00e0 cette cat\u00e9gorie ont les fonctions les plus diverses, y compris le collage de noyaux internes, de composants, de panneaux ou le remplacement de fixations m\u00e9caniques r\u00e9alis\u00e9es avec un syst\u00e8me \u00e9crou\/boulon, des rivets ou des soudures.<\/p>\n","protected":false},"author":2,"featured_media":0,"parent":9222,"menu_order":2,"comment_status":"open","ping_status":"closed","template":"","meta":{"footnotes":""},"class_list":["post-9378","page","type-page","status-publish","hentry"],"_links":{"self":[{"href":"https:\/\/www.mates.it\/fr\/wp-json\/wp\/v2\/pages\/9378","targetHints":{"allow":["GET"]}}],"collection":[{"href":"https:\/\/www.mates.it\/fr\/wp-json\/wp\/v2\/pages"}],"about":[{"href":"https:\/\/www.mates.it\/fr\/wp-json\/wp\/v2\/types\/page"}],"author":[{"embeddable":true,"href":"https:\/\/www.mates.it\/fr\/wp-json\/wp\/v2\/users\/2"}],"replies":[{"embeddable":true,"href":"https:\/\/www.mates.it\/fr\/wp-json\/wp\/v2\/comments?post=9378"}],"version-history":[{"count":0,"href":"https:\/\/www.mates.it\/fr\/wp-json\/wp\/v2\/pages\/9378\/revisions"}],"up":[{"embeddable":true,"href":"https:\/\/www.mates.it\/fr\/wp-json\/wp\/v2\/pages\/9222"}],"wp:attachment":[{"href":"https:\/\/www.mates.it\/fr\/wp-json\/wp\/v2\/media?parent=9378"}],"curies":[{"name":"wp","href":"https:\/\/api.w.org\/{rel}","templated":true}]}}