{"id":9379,"date":"2019-08-28T22:20:10","date_gmt":"2019-08-28T20:20:10","guid":{"rendered":"https:\/\/www.mates.it\/prodotti\/resine-adesivi-chimici\/adesivi-collanti\/strutturali\/polyurethane-f\/"},"modified":"2023-06-27T13:23:57","modified_gmt":"2023-06-27T11:23:57","slug":"polyurethane-f","status":"publish","type":"page","link":"https:\/\/www.mates.it\/fr\/produits\/resines-adhesifs-chimiques\/adhesifs-colles\/polyurethane-f\/","title":{"rendered":"Polyur\u00e9thane"},"content":{"rendered":"<div  class='flex_column av-av_three_fifth-7714eba142aeda1f8b5272a3c372b279 av_three_fifth  avia-builder-el-0  el_before_av_two_fifth  avia-builder-el-first  first flex_column_div  '     ><p>\n<style type=\"text\/css\" data-created_by=\"avia_inline_auto\" id=\"style-css-av-ljbs3nqf-912a120844e289a44ced7e515ee7d276\">\n#top .av-special-heading.av-ljbs3nqf-912a120844e289a44ced7e515ee7d276{\npadding-bottom:10px;\n}\nbody .av-special-heading.av-ljbs3nqf-912a120844e289a44ced7e515ee7d276 .av-special-heading-tag .heading-char{\nfont-size:25px;\n}\n.av-special-heading.av-ljbs3nqf-912a120844e289a44ced7e515ee7d276 .av-subheading{\nfont-size:15px;\n}\n<\/style>\n<div  class='av-special-heading av-ljbs3nqf-912a120844e289a44ced7e515ee7d276 av-special-heading-h1  avia-builder-el-1  el_before_av_textblock  avia-builder-el-first  custom-h1-title'><h1 class='av-special-heading-tag '  >Polyur\u00e9thane<\/h1><div class=\"special-heading-border\"><div class=\"special-heading-inner-border\"><\/div><\/div><\/div><br \/>\n<section  class='av_textblock_section av-ljbs3gv2-d10f193dac643f0fbd63cc2c6b10a549 '  ><div class='avia_textblock' ><p>Les adh\u00e9sifs polyur\u00e9thanes se caract\u00e9risent par une excellente r\u00e9sistance aux chocs et une bonne adh\u00e9rence \u00e0 la plupart des plastiques. Ils adh\u00e8rent bien au bois, au b\u00e9ton et au caoutchouc. Ils pr\u00e9sentent une faible r\u00e9sistance aux solvants et aux temp\u00e9ratures \u00e9lev\u00e9es. Ils appartiennent \u00e0 la famille des adh\u00e9sifs structuraux con\u00e7us pour un collage l\u00e9g\u00e8rement plus flexible, avec la capacit\u00e9 de remplir les espaces et une r\u00e9sistance thermique et chimique \u00e9lev\u00e9e. Ce type de r\u00e9sine convient pour les moyennes et grandes surfaces.<\/p>\n<div style=\"width: 100%;\"><\/div>\n<\/div><\/section><\/p><\/div>\n<div  class='flex_column av-av_two_fifth-f1c518e9ff58e869f80c8f093487abc9 av_two_fifth  avia-builder-el-3  el_after_av_three_fifth  el_before_av_hr  flex_column_div  '     ><style type=\"text\/css\" data-created_by=\"avia_inline_auto\" id=\"style-css-av-lje79f5k-243a241eeaacb9540f85952433234132\">\n#top .togglecontainer.av-lje79f5k-243a241eeaacb9540f85952433234132 h4.toggler{\nfont-size:14px;\n}\n#top .togglecontainer.av-lje79f5k-243a241eeaacb9540f85952433234132 h4.toggler.activeTitle{\ncolor:#ffffff;\nborder-color:#ffffff;\nbackground-color:#2682d3;\n}\n<\/style>\n<div  class='togglecontainer av-lje79f5k-243a241eeaacb9540f85952433234132  avia-builder-el-4  avia-builder-el-no-sibling  accordion_product toggle_close_all hasCurrentStyle' >\n<section class='av_toggle_section av-lje79dwo-a5505a055f9246f425c72ba3a9fd75e0' ><div role=\"tablist\" class=\"single_toggle\" data-tags=\"{Tout} \"  ><h4 id='toggle-toggle-id-1' data-fake-id='#toggle-id-1' class='toggler  activeTitle av-title-above '  role='tab' tabindex='0' aria-controls='toggle-id-1' data-slide-speed=\"200\" data-title=\"Elan-tech \u00ae\" data-title-open=\"\" data-aria_collapsed=\"Cliquez pour \u00e9tendre : Elan-tech \u00ae\" data-aria_expanded=\"Cliquez pour r\u00e9duire : Elan-tech \u00ae\">Elan-tech \u00ae<span class=\"toggle_icon\"><span class=\"vert_icon\"><\/span><span class=\"hor_icon\"><\/span><\/span><\/h4><div id='toggle-id-1' aria-labelledby='toggle-toggle-id-1' role='region' class='toggle_wrap  active_tc av-title-above' style='display:block;' ><div class='toggle_content invers-color ' ><ul>\n<li><a href=\"https:\/\/fileserver.mates.it\/Prodotti\/2_Matrici\/TDS\/Adesivi\/Elantas\/_EN\/Elan-tech_PU8505A_PU8505B_ADHPU8505_ing.pdf\" target=\"_blank\" rel=\"noopener\">ADH PU 8505<\/a><\/li>\n<\/ul>\n<\/div><\/div><\/div><\/section>\n<section class='av_toggle_section av-av_toggle-30c53d58ee9894c788463f4ee77db204' ><div role=\"tablist\" class=\"single_toggle\" data-tags=\"{Tout} \"  ><h4 id='toggle-toggle-id-2' data-fake-id='#toggle-id-2' class='toggler  av-title-above '  role='tab' tabindex='0' aria-controls='toggle-id-2' data-slide-speed=\"200\" data-title=\" Scotch-Weld \u2122\" data-title-open=\"\" data-aria_collapsed=\"Cliquez pour \u00e9tendre :  Scotch-Weld \u2122\" data-aria_expanded=\"Cliquez pour r\u00e9duire :  Scotch-Weld \u2122\"> Scotch-Weld \u2122<span class=\"toggle_icon\"><span class=\"vert_icon\"><\/span><span class=\"hor_icon\"><\/span><\/span><\/h4><div id='toggle-id-2' aria-labelledby='toggle-toggle-id-2' role='region' class='toggle_wrap  av-title-above'  ><div class='toggle_content invers-color ' ><ul>\n<li><a href=\"https:\/\/fileserver.mates.it\/Prodotti\/2_Matrici\/TDS\/Adesivi\/3M\/DP620NS_TDS.pdf\" target=\"_blank\" rel=\"noopener noreferrer\">DP620 NS<\/a><\/li>\n<li><a href=\"https:\/\/fileserver.mates.it\/Prodotti\/2_Matrici\/TDS\/Adesivi\/3M\/DP6310NS_TDS.pdf\" target=\"_blank\" rel=\"noopener noreferrer\">DP6310 NS<\/a><\/li>\n<li><a href=\"https:\/\/fileserver.mates.it\/Prodotti\/2_Matrici\/TDS\/Adesivi\/3M\/DP6330NS_TDS.pdf\" target=\"_blank\" rel=\"noopener noreferrer\">DP6330 NS<\/a><\/li>\n<\/ul>\n<\/div><\/div><\/div><\/section>\n<\/div><\/div><div  class='hr av-av_hr-91d7ccd583a503147498e120fee2ff9b hr-default  avia-builder-el-5  el_after_av_two_fifth  el_before_av_one_full '><span class='hr-inner '><span class=\"hr-inner-style\"><\/span><\/span><\/div><\/p>\n<div  class='flex_column av-av_one_full-7714eba142aeda1f8b5272a3c372b279 av_one_full  avia-builder-el-6  el_after_av_hr  avia-builder-el-last  first flex_column_div  '     ><p><div  class='avia-button-wrap av-av_button-7e039a8ce048b22318e2a8369f19aafb-wrap avia-button-left  avia-builder-el-7  el_before_av_button  avia-builder-el-first '><a href=\"https:\/\/fileserver.mates.it\/Prodotti\/2_Matrici\/Brochure\/Elantas\/Composite_Resins_Elan-tech_Epoxy_Resins_and_Structural_Adhesives_-_.pdf\" class=\"avia-button av-av_button-7e039a8ce048b22318e2a8369f19aafb av-link-btn avia-icon_select-yes-left-icon avia-size-small avia-position-left avia-color-theme-color\" target=\"_blank\" rel=\"noopener noreferrer\" aria-label=\"  Elan-tech \u00ae Product selector\"><span class='avia_button_icon avia_button_icon_left avia-iconfont avia-font-entypo-fontello' data-av_icon='\ue82d' data-av_iconfont='entypo-fontello' ><\/span><span class='avia_iconbox_title' >  Elan-tech \u00ae Product selector<\/span><\/a><\/div><br \/>\n<div  class='avia-button-wrap av-av_button-1c72ff2a07eeaa2a78afab0d6d354c14-wrap avia-button-left  avia-builder-el-8  el_after_av_button  el_before_av_button '><a href=\"https:\/\/fileserver.mates.it\/Prodotti\/2_Matrici\/Brochure\/3M\/Adesivi_Strutturali_EPX_it_9_2017.pdf\" class=\"avia-button av-av_button-1c72ff2a07eeaa2a78afab0d6d354c14 av-link-btn avia-icon_select-yes-left-icon avia-size-small avia-position-left avia-color-theme-color\" target=\"_blank\" rel=\"noopener noreferrer\" aria-label=\"  3M \u00ae Product selector\"><span class='avia_button_icon avia_button_icon_left avia-iconfont avia-font-entypo-fontello' data-av_icon='\ue82d' data-av_iconfont='entypo-fontello' ><\/span><span class='avia_iconbox_title' >  3M \u00ae Product selector<\/span><\/a><\/div><br \/>\n<div  class='avia-button-wrap av-av_button-a0d25d4ccc4992e9c1219bd3dc25b776-wrap avia-button-left  avia-builder-el-9  el_after_av_button  avia-builder-el-last '><a href=\"https:\/\/fileserver.mates.it\/Prodotti\/2_Matrici\/Brochure\/3M\/DP8405_DP8805_DP8810_brochure_3M.pdf\" class=\"avia-button av-av_button-a0d25d4ccc4992e9c1219bd3dc25b776 av-link-btn avia-icon_select-yes-left-icon avia-size-small avia-position-left avia-color-theme-color\" target=\"_blank\" rel=\"noopener noreferrer\" aria-label=\"   DP Scotch-Weld \u2122\"><span class='avia_button_icon avia_button_icon_left avia-iconfont avia-font-entypo-fontello' data-av_icon='\ue82d' data-av_iconfont='entypo-fontello' ><\/span><span class='avia_iconbox_title' >   DP Scotch-Weld \u2122<\/span><\/a><\/div><\/p><\/div>\n","protected":false},"excerpt":{"rendered":"<p>Les adh\u00e9sifs polyur\u00e9thanes se caract\u00e9risent par une excellente r\u00e9sistance aux chocs et une bonne adh\u00e9rence \u00e0 la plupart des plastiques. Ils adh\u00e8rent bien au bois, au b\u00e9ton et au caoutchouc.<\/p>\n","protected":false},"author":2,"featured_media":0,"parent":9222,"menu_order":3,"comment_status":"open","ping_status":"open","template":"","meta":{"footnotes":""},"class_list":["post-9379","page","type-page","status-publish","hentry"],"_links":{"self":[{"href":"https:\/\/www.mates.it\/fr\/wp-json\/wp\/v2\/pages\/9379","targetHints":{"allow":["GET"]}}],"collection":[{"href":"https:\/\/www.mates.it\/fr\/wp-json\/wp\/v2\/pages"}],"about":[{"href":"https:\/\/www.mates.it\/fr\/wp-json\/wp\/v2\/types\/page"}],"author":[{"embeddable":true,"href":"https:\/\/www.mates.it\/fr\/wp-json\/wp\/v2\/users\/2"}],"replies":[{"embeddable":true,"href":"https:\/\/www.mates.it\/fr\/wp-json\/wp\/v2\/comments?post=9379"}],"version-history":[{"count":0,"href":"https:\/\/www.mates.it\/fr\/wp-json\/wp\/v2\/pages\/9379\/revisions"}],"up":[{"embeddable":true,"href":"https:\/\/www.mates.it\/fr\/wp-json\/wp\/v2\/pages\/9222"}],"wp:attachment":[{"href":"https:\/\/www.mates.it\/fr\/wp-json\/wp\/v2\/media?parent=9379"}],"curies":[{"name":"wp","href":"https:\/\/api.w.org\/{rel}","templated":true}]}}